{"id":17712,"date":"2024-11-10T14:49:48","date_gmt":"2024-11-10T10:49:48","guid":{"rendered":"https:\/\/grandmoto.az\/?post_type=product&#038;p=17712"},"modified":"2024-11-15T11:45:15","modified_gmt":"2024-11-15T07:45:15","slug":"ls2-bradford-jeans","status":"publish","type":"product","link":"https:\/\/grandmoto.az\/en\/product\/ls2-bradford-jeans\/","title":{"rendered":"LS2 Bradford Jeans"},"content":{"rendered":"<p>1. Dizayn v\u0259 Stil<br \/>\nLS2 Bradford Jeans,\u015ealvarlar, h\u0259m t\u0259hl\u00fck\u0259sizlik, h\u0259m d\u0259 stil bax\u0131m\u0131ndan istifad\u0259\u00e7iy\u0259 rahatl\u0131q t\u0259min edir.<br \/>\nJeans material\u0131 t\u0259bii olaraq, h\u0259m d\u0259bli, h\u0259m d\u0259 davaml\u0131d\u0131r.<br \/>\n2. T\u0259hl\u00fck\u0259sizlik X\u00fcsusiyy\u0259tl\u0259ri<br \/>\nLS2 Bradford Jeans \u015falvarlar\u0131, istifad\u0259\u00e7inin t\u0259hl\u00fck\u0259sizliyini art\u0131rmaq \u00fc\u00e7\u00fcn x\u00fcsusi qoruyucu elementl\u0259r\u0259 malikdir. Diz v\u0259 \u00e7anaq b\u00f6lg\u0259l\u0259rind\u0259 yerl\u0259\u015f\u0259n qoruyucu yast\u0131qlar, t\u0259cili v\u0259ziyy\u0259tl\u0259rd\u0259 yaralanmalar\u0131n qar\u015f\u0131s\u0131n\u0131 alma\u011fa k\u00f6m\u0259k edir.<\/p>\n<p>3. Dayan\u0131ql\u0131 v\u0259 M\u00f6hk\u0259m Materiallar<br \/>\nBu \u015falvarlar, klassik jeans material\u0131na \u0259lav\u0259 olaraq, y\u00fcks\u0259k m\u00f6hk\u0259mliy\u0259 sahib x\u00fcsusi par\u00e7alardan haz\u0131rlan\u0131r. T\u0259s\u0259vv\u00fcr edin ki, yaln\u0131z g\u00f6r\u00fcn\u00fc\u015fc\u0259 c\u0259sm\u0259 \u015falvar\u0131 kimi olsa da, o, normal c\u0259sm\u0259d\u0259n daha y\u00fcks\u0259k davaml\u0131l\u0131\u011fa malikdir.<br \/>\nLS2 Bradford Jeans \u015falvarlar\u0131nda material, s\u00fcr\u00fcc\u00fcn\u00fcn t\u0259hl\u00fck\u0259sizliyini art\u0131rmaq \u00fc\u00e7\u00fcn s\u0259rt \u015f\u0259rait\u0259 v\u0259 a\u015f\u0131nmaya qar\u015f\u0131 davaml\u0131d\u0131r.<br \/>\n4. N\u0259f\u0259s Alan v\u0259 Rahat \u0130stifad\u0259<br \/>\nLS2 Bradford Jeans \u015falvarlar\u0131, h\u0259m\u00e7inin n\u0259f\u0259s ala bil\u0259n v\u0259 rahat materiallardan haz\u0131rlan\u0131r ki, s\u00fcr\u00fcc\u00fc uzun m\u00fcdd\u0259t s\u00fcr\u00fc\u015f zaman\u0131 bel\u0259 komfortlu hiss etsin. Bu, x\u00fcsusil\u0259 isti havalarda v\u0259 uzun m\u0259saf\u0259li s\u0259yah\u0259tl\u0259rd\u0259 vacibdir.<br \/>\nB\u0259zi modell\u0259r, hava d\u00f6vran\u0131n\u0131 yax\u015f\u0131la\u015fd\u0131ran ventilasiya sisteml\u0259rin\u0259 sahib ola bil\u0259r.<br \/>\n5. T\u0259kmill\u0259\u015fdirilmi\u015f Comfort v\u0259 Funksionall\u0131q<br \/>\nLS2 Dakota Jeans \u015falvarlar\u0131 h\u0259m rahat, h\u0259m d\u0259 funksionald\u0131r. Onlar\u0131n dizayn\u0131 s\u00fcr\u00fcc\u00fcl\u0259r\u0259 s\u0259rb\u0259st h\u0259r\u0259k\u0259t etm\u0259y\u0259 imkan verir, x\u00fcsus\u0259n s\u00fcr\u00fc\u015f zaman\u0131 rahatl\u0131q t\u0259min edir.<br \/>\n\u00c7ox zaman \u015falvarlarda \u0259lav\u0259 cib v\u0259 t\u0259nziml\u0259m\u0259 imkan\u0131 da m\u00f6vcuddur ki, bunlar s\u00fcr\u00fcc\u00fcn\u00fcn ehtiyaclar\u0131na uy\u011fun \u0259lav\u0259 funksionall\u0131q t\u0259min edir.<br \/>\n6. Rahat v\u0259 Y\u00fcng\u00fcl<br \/>\nLS2 Bradford Jeans \u015falvarlar\u0131n\u0131n y\u00fcng\u00fcl v\u0259 rahat olmas\u0131, onlar\u0131 h\u0259m g\u00fcnd\u0259lik istifad\u0259, h\u0259m d\u0259 uzun m\u00fcdd\u0259tli s\u00fcr\u00fc\u015fl\u0259r \u00fc\u00e7\u00fcn ideal edir. Bu x\u00fcsusiyy\u0259tl\u0259r \u015falvarlar\u0131n h\u0259m \u015f\u0259h\u0259r i\u00e7i, h\u0259m d\u0259 off-road s\u00fcr\u00fc\u015fl\u0259rind\u0259 istifad\u0259 edilm\u0259sini m\u00fcmk\u00fcn edir.<\/p>\n","protected":false},"excerpt":{"rendered":"<p>LS2 Bradford Jeans, a\u00e7\u0131q hava f\u0259aliyy\u0259tl\u0259ri il\u0259 m\u0259\u015f\u011ful olanlar \u00fc\u00e7\u00fcn n\u0259z\u0259rd\u0259 tutulmu\u015f, h\u0259m funksional, h\u0259m d\u0259 d\u0259b dizayna sahib olan m\u0259hsuldur. LS2 markas\u0131, t\u0259hl\u00fck\u0259sizlik v\u0259 komfortu \u0259sas g\u00f6t\u00fcr\u0259r\u0259k istifad\u0259\u00e7il\u0259r \u00fc\u00e7\u00fcn \u00e7ox y\u00f6nl\u00fc v\u0259 praktiki m\u0259hsullar istehsal edir, Bradford Jeans d\u0259 bu yana\u015fman\u0131n bir hiss\u0259sidir.<\/p>\n","protected":false},"featured_media":17715,"template":"","meta":{"_acf_changed":false},"product_cat":[92,126],"product_tag":[],"class_list":{"0":"post-17712","1":"product","2":"type-product","3":"status-publish","4":"has-post-thumbnail","6":"product_cat-apparel","7":"product_cat-pants","9":"first","10":"instock","11":"shipping-taxable","12":"purchasable","13":"product-type-simple"},"acf":[],"yoast_head":"<!-- This site is optimized with the Yoast SEO Premium plugin v23.7 (Yoast SEO v24.1) - https:\/\/yoast.com\/wordpress\/plugins\/seo\/ -->\n<title>LS2 Bradford Jeans - Grandmoto.az<\/title>\n<meta name=\"robots\" content=\"index, follow, max-snippet:-1, max-image-preview:large, max-video-preview:-1\" \/>\n<link rel=\"canonical\" href=\"https:\/\/grandmoto.az\/en\/product\/ls2-bradford-jeans\/\" \/>\n<meta property=\"og:locale\" content=\"en_US\" \/>\n<meta property=\"og:type\" content=\"article\" \/>\n<meta property=\"og:title\" content=\"LS2 Bradford Jeans\" \/>\n<meta property=\"og:description\" content=\"LS2 Bradford Jeans, a\u00e7\u0131q hava f\u0259aliyy\u0259tl\u0259ri il\u0259 m\u0259\u015f\u011ful olanlar \u00fc\u00e7\u00fcn n\u0259z\u0259rd\u0259 tutulmu\u015f, h\u0259m funksional, h\u0259m d\u0259 d\u0259b dizayna sahib olan m\u0259hsuldur. LS2 markas\u0131, t\u0259hl\u00fck\u0259sizlik v\u0259 komfortu \u0259sas g\u00f6t\u00fcr\u0259r\u0259k istifad\u0259\u00e7il\u0259r \u00fc\u00e7\u00fcn \u00e7ox y\u00f6nl\u00fc v\u0259 praktiki m\u0259hsullar istehsal edir, Bradford Jeans d\u0259 bu yana\u015fman\u0131n bir hiss\u0259sidir.\" \/>\n<meta property=\"og:url\" content=\"https:\/\/grandmoto.az\/en\/product\/ls2-bradford-jeans\/\" \/>\n<meta property=\"og:site_name\" content=\"Grandmoto.az\" \/>\n<meta property=\"article:modified_time\" content=\"2024-11-15T07:45:15+00:00\" \/>\n<meta property=\"og:image\" content=\"https:\/\/grandmoto.az\/wp-content\/uploads\/2024\/11\/65080f0112img_web800.jpg\" \/>\n\t<meta property=\"og:image:width\" content=\"800\" \/>\n\t<meta property=\"og:image:height\" content=\"800\" \/>\n\t<meta property=\"og:image:type\" content=\"image\/jpeg\" \/>\n<meta name=\"twitter:card\" content=\"summary_large_image\" \/>\n<meta name=\"twitter:label1\" content=\"Est. reading time\" \/>\n\t<meta name=\"twitter:data1\" content=\"2 minutes\" \/>\n<script type=\"application\/ld+json\" class=\"yoast-schema-graph\">{\"@context\":\"https:\/\/schema.org\",\"@graph\":[{\"@type\":\"WebPage\",\"@id\":\"https:\/\/grandmoto.az\/en\/product\/ls2-bradford-jeans\/\",\"url\":\"https:\/\/grandmoto.az\/en\/product\/ls2-bradford-jeans\/\",\"name\":\"LS2 Bradford Jeans - Grandmoto.az\",\"isPartOf\":{\"@id\":\"https:\/\/grandmoto.az\/en\/#website\"},\"primaryImageOfPage\":{\"@id\":\"https:\/\/grandmoto.az\/en\/product\/ls2-bradford-jeans\/#primaryimage\"},\"image\":{\"@id\":\"https:\/\/grandmoto.az\/en\/product\/ls2-bradford-jeans\/#primaryimage\"},\"thumbnailUrl\":\"https:\/\/grandmoto.az\/wp-content\/uploads\/2024\/11\/65080f0112img_web800.jpg\",\"datePublished\":\"2024-11-10T10:49:48+00:00\",\"dateModified\":\"2024-11-15T07:45:15+00:00\",\"breadcrumb\":{\"@id\":\"https:\/\/grandmoto.az\/en\/product\/ls2-bradford-jeans\/#breadcrumb\"},\"inLanguage\":\"en-US\",\"potentialAction\":[{\"@type\":\"ReadAction\",\"target\":[\"https:\/\/grandmoto.az\/en\/product\/ls2-bradford-jeans\/\"]}]},{\"@type\":\"ImageObject\",\"inLanguage\":\"en-US\",\"@id\":\"https:\/\/grandmoto.az\/en\/product\/ls2-bradford-jeans\/#primaryimage\",\"url\":\"https:\/\/grandmoto.az\/wp-content\/uploads\/2024\/11\/65080f0112img_web800.jpg\",\"contentUrl\":\"https:\/\/grandmoto.az\/wp-content\/uploads\/2024\/11\/65080f0112img_web800.jpg\",\"width\":800,\"height\":800},{\"@type\":\"BreadcrumbList\",\"@id\":\"https:\/\/grandmoto.az\/en\/product\/ls2-bradford-jeans\/#breadcrumb\",\"itemListElement\":[{\"@type\":\"ListItem\",\"position\":1,\"name\":\"Ana s\u0259hif\u0259\",\"item\":\"https:\/\/grandmoto.az\/en\/\"},{\"@type\":\"ListItem\",\"position\":2,\"name\":\"Shop\",\"item\":\"https:\/\/grandmoto.az\/shop\/\"},{\"@type\":\"ListItem\",\"position\":3,\"name\":\"LS2 Bradford Jeans\"}]},{\"@type\":\"WebSite\",\"@id\":\"https:\/\/grandmoto.az\/en\/#website\",\"url\":\"https:\/\/grandmoto.az\/en\/\",\"name\":\"Grandmoto.az\",\"description\":\"Grandmoto.az\",\"publisher\":{\"@id\":\"https:\/\/grandmoto.az\/en\/#organization\"},\"potentialAction\":[{\"@type\":\"SearchAction\",\"target\":{\"@type\":\"EntryPoint\",\"urlTemplate\":\"https:\/\/grandmoto.az\/en\/?s={search_term_string}\"},\"query-input\":{\"@type\":\"PropertyValueSpecification\",\"valueRequired\":true,\"valueName\":\"search_term_string\"}}],\"inLanguage\":\"en-US\"},{\"@type\":\"Organization\",\"@id\":\"https:\/\/grandmoto.az\/en\/#organization\",\"name\":\"Grandmoto\",\"url\":\"https:\/\/grandmoto.az\/en\/\",\"logo\":{\"@type\":\"ImageObject\",\"inLanguage\":\"en-US\",\"@id\":\"https:\/\/grandmoto.az\/en\/#\/schema\/logo\/image\/\",\"url\":\"https:\/\/grandmoto.az\/wp-content\/uploads\/2024\/09\/Grandmoto-Service-Logo.png\",\"contentUrl\":\"https:\/\/grandmoto.az\/wp-content\/uploads\/2024\/09\/Grandmoto-Service-Logo.png\",\"width\":1418,\"height\":495,\"caption\":\"Grandmoto\"},\"image\":{\"@id\":\"https:\/\/grandmoto.az\/en\/#\/schema\/logo\/image\/\"}}]}<\/script>\n<!-- \/ Yoast SEO Premium plugin. -->","yoast_head_json":{"title":"LS2 Bradford Jeans - Grandmoto.az","robots":{"index":"index","follow":"follow","max-snippet":"max-snippet:-1","max-image-preview":"max-image-preview:large","max-video-preview":"max-video-preview:-1"},"canonical":"https:\/\/grandmoto.az\/en\/product\/ls2-bradford-jeans\/","og_locale":"en_US","og_type":"article","og_title":"LS2 Bradford Jeans","og_description":"LS2 Bradford Jeans, a\u00e7\u0131q hava f\u0259aliyy\u0259tl\u0259ri il\u0259 m\u0259\u015f\u011ful olanlar \u00fc\u00e7\u00fcn n\u0259z\u0259rd\u0259 tutulmu\u015f, h\u0259m funksional, h\u0259m d\u0259 d\u0259b dizayna sahib olan m\u0259hsuldur. LS2 markas\u0131, t\u0259hl\u00fck\u0259sizlik v\u0259 komfortu \u0259sas g\u00f6t\u00fcr\u0259r\u0259k istifad\u0259\u00e7il\u0259r \u00fc\u00e7\u00fcn \u00e7ox y\u00f6nl\u00fc v\u0259 praktiki m\u0259hsullar istehsal edir, Bradford Jeans d\u0259 bu yana\u015fman\u0131n bir hiss\u0259sidir.","og_url":"https:\/\/grandmoto.az\/en\/product\/ls2-bradford-jeans\/","og_site_name":"Grandmoto.az","article_modified_time":"2024-11-15T07:45:15+00:00","og_image":[{"width":800,"height":800,"url":"https:\/\/grandmoto.az\/wp-content\/uploads\/2024\/11\/65080f0112img_web800.jpg","type":"image\/jpeg"}],"twitter_card":"summary_large_image","twitter_misc":{"Est. reading time":"2 minutes"},"schema":{"@context":"https:\/\/schema.org","@graph":[{"@type":"WebPage","@id":"https:\/\/grandmoto.az\/en\/product\/ls2-bradford-jeans\/","url":"https:\/\/grandmoto.az\/en\/product\/ls2-bradford-jeans\/","name":"LS2 Bradford Jeans - Grandmoto.az","isPartOf":{"@id":"https:\/\/grandmoto.az\/en\/#website"},"primaryImageOfPage":{"@id":"https:\/\/grandmoto.az\/en\/product\/ls2-bradford-jeans\/#primaryimage"},"image":{"@id":"https:\/\/grandmoto.az\/en\/product\/ls2-bradford-jeans\/#primaryimage"},"thumbnailUrl":"https:\/\/grandmoto.az\/wp-content\/uploads\/2024\/11\/65080f0112img_web800.jpg","datePublished":"2024-11-10T10:49:48+00:00","dateModified":"2024-11-15T07:45:15+00:00","breadcrumb":{"@id":"https:\/\/grandmoto.az\/en\/product\/ls2-bradford-jeans\/#breadcrumb"},"inLanguage":"en-US","potentialAction":[{"@type":"ReadAction","target":["https:\/\/grandmoto.az\/en\/product\/ls2-bradford-jeans\/"]}]},{"@type":"ImageObject","inLanguage":"en-US","@id":"https:\/\/grandmoto.az\/en\/product\/ls2-bradford-jeans\/#primaryimage","url":"https:\/\/grandmoto.az\/wp-content\/uploads\/2024\/11\/65080f0112img_web800.jpg","contentUrl":"https:\/\/grandmoto.az\/wp-content\/uploads\/2024\/11\/65080f0112img_web800.jpg","width":800,"height":800},{"@type":"BreadcrumbList","@id":"https:\/\/grandmoto.az\/en\/product\/ls2-bradford-jeans\/#breadcrumb","itemListElement":[{"@type":"ListItem","position":1,"name":"Ana s\u0259hif\u0259","item":"https:\/\/grandmoto.az\/en\/"},{"@type":"ListItem","position":2,"name":"Shop","item":"https:\/\/grandmoto.az\/shop\/"},{"@type":"ListItem","position":3,"name":"LS2 Bradford Jeans"}]},{"@type":"WebSite","@id":"https:\/\/grandmoto.az\/en\/#website","url":"https:\/\/grandmoto.az\/en\/","name":"Grandmoto.az","description":"Grandmoto.az","publisher":{"@id":"https:\/\/grandmoto.az\/en\/#organization"},"potentialAction":[{"@type":"SearchAction","target":{"@type":"EntryPoint","urlTemplate":"https:\/\/grandmoto.az\/en\/?s={search_term_string}"},"query-input":{"@type":"PropertyValueSpecification","valueRequired":true,"valueName":"search_term_string"}}],"inLanguage":"en-US"},{"@type":"Organization","@id":"https:\/\/grandmoto.az\/en\/#organization","name":"Grandmoto","url":"https:\/\/grandmoto.az\/en\/","logo":{"@type":"ImageObject","inLanguage":"en-US","@id":"https:\/\/grandmoto.az\/en\/#\/schema\/logo\/image\/","url":"https:\/\/grandmoto.az\/wp-content\/uploads\/2024\/09\/Grandmoto-Service-Logo.png","contentUrl":"https:\/\/grandmoto.az\/wp-content\/uploads\/2024\/09\/Grandmoto-Service-Logo.png","width":1418,"height":495,"caption":"Grandmoto"},"image":{"@id":"https:\/\/grandmoto.az\/en\/#\/schema\/logo\/image\/"}}]}},"_links":{"self":[{"href":"https:\/\/grandmoto.az\/en\/wp-json\/wp\/v2\/product\/17712","targetHints":{"allow":["GET"]}}],"collection":[{"href":"https:\/\/grandmoto.az\/en\/wp-json\/wp\/v2\/product"}],"about":[{"href":"https:\/\/grandmoto.az\/en\/wp-json\/wp\/v2\/types\/product"}],"version-history":[{"count":1,"href":"https:\/\/grandmoto.az\/en\/wp-json\/wp\/v2\/product\/17712\/revisions"}],"predecessor-version":[{"id":17723,"href":"https:\/\/grandmoto.az\/en\/wp-json\/wp\/v2\/product\/17712\/revisions\/17723"}],"wp:featuredmedia":[{"embeddable":true,"href":"https:\/\/grandmoto.az\/en\/wp-json\/wp\/v2\/media\/17715"}],"wp:attachment":[{"href":"https:\/\/grandmoto.az\/en\/wp-json\/wp\/v2\/media?parent=17712"}],"wp:term":[{"taxonomy":"product_cat","embeddable":true,"href":"https:\/\/grandmoto.az\/en\/wp-json\/wp\/v2\/product_cat?post=17712"},{"taxonomy":"product_tag","embeddable":true,"href":"https:\/\/grandmoto.az\/en\/wp-json\/wp\/v2\/product_tag?post=17712"}],"curies":[{"name":"wp","href":"https:\/\/api.w.org\/{rel}","templated":true}]}}