{"id":17780,"date":"2024-11-15T12:06:51","date_gmt":"2024-11-15T08:06:51","guid":{"rendered":"https:\/\/grandmoto.az\/?post_type=product&#038;p=17780"},"modified":"2024-11-15T12:06:51","modified_gmt":"2024-11-15T08:06:51","slug":"ls2-snow","status":"publish","type":"product","link":"https:\/\/grandmoto.az\/en\/product\/ls2-snow\/","title":{"rendered":"LS2 Snow"},"content":{"rendered":"<p>\u0130stilik \u0130zolyasiyas\u0131: LS2 Snow Man \u0259lc\u0259kl\u0259ri, soyuq hava \u015f\u0259raitind\u0259 \u0259ll\u0259rinizi qorumaq \u00fc\u00e7\u00fcn y\u00fcks\u0259k izolyasiya x\u00fcsusiyy\u0259tin\u0259 malikdir. Bu, buzlu v\u0259 qarla \u00f6rt\u00fclm\u00fc\u015f m\u00fchitl\u0259rd\u0259 bel\u0259 \u0259ll\u0259rinizi isti saxlama\u011fa k\u00f6m\u0259k edir.<\/p>\n<p>Su ke\u00e7irm\u0259y\u0259n material: Qar v\u0259 suya qar\u015f\u0131 d\u00f6z\u00fcml\u00fc materiallardan haz\u0131rlanm\u0131\u015fd\u0131r. Bu, qar\u0131n v\u0259 ya ya\u011f\u0131\u015f\u0131n \u0259lc\u0259yin i\u00e7\u0259risin\u0259 ke\u00e7m\u0259sinin qar\u015f\u0131s\u0131n\u0131 al\u0131r, \u0259ll\u0259rinizi quru saxlay\u0131r.<\/p>\n<p>Erqonomik dizayn: \u018flc\u0259kl\u0259rin rahat istifad\u0259si \u00fc\u00e7\u00fcn x\u00fcsusi bir dizayna sahibdir. \u018flc\u0259kl\u0259r, \u0259l formalar\u0131na uy\u011fun olaraq haz\u0131rlan\u0131r h\u0259m rahat, h\u0259m d\u0259 funksional olur.<\/p>\n<p>M\u00fcdafi\u0259 v\u0259 t\u0259hl\u00fck\u0259sizlik: LS2 Snow Man \u0259lc\u0259kl\u0259ri, m\u00fcvafiq qoruma t\u0259b\u0259q\u0259l\u0259ri il\u0259 \u0259ll\u0259rinizi z\u0259d\u0259l\u0259nm\u0259l\u0259rd\u0259n qoruyur.<\/p>\n<p>Qurulu\u015f v\u0259 materiallar: Y\u00fcks\u0259k keyfiyy\u0259tli tekstil, sintetik materiallar v\u0259 elastik birl\u0259\u015fdiril\u0259r\u0259k \u0259lc\u0259kl\u0259rin h\u0259m dayan\u0131ql\u0131, h\u0259m d\u0259 elastik olmas\u0131 t\u0259min edilir.<\/p>\n<p>Rahatl\u0131q: \u018flc\u0259kl\u0259r, x\u00fcsus\u0259n soyuq hava \u015f\u0259raitind\u0259 uzun m\u00fcdd\u0259t istifad\u0259y\u0259 uy\u011fun rahat v\u0259 istifad\u0259si asan olur. \u0130\u00e7 hiss\u0259si yum\u015faq v\u0259 isti t\u0259b\u0259q\u0259l\u0259rl\u0259 \u00f6rt\u00fcl\u00fcd\u00fcr.<\/p>\n","protected":false},"excerpt":{"rendered":"<p>LS2 Snow, x\u00fcsusil\u0259 soyuq hava \u015f\u0259raitind\u0259 istifad\u0259 \u00fc\u00e7\u00fcn n\u0259z\u0259rd\u0259 tutulmu\u015f tekstil \u0259lc\u0259kdir.<\/p>\n","protected":false},"featured_media":17783,"template":"","meta":{"_acf_changed":false},"product_cat":[92,89],"product_tag":[],"class_list":{"0":"post-17780","1":"product","2":"type-product","3":"status-publish","4":"has-post-thumbnail","6":"product_cat-apparel","7":"product_cat-gloves","9":"first","10":"instock","11":"shipping-taxable","12":"purchasable","13":"product-type-simple"},"acf":[],"yoast_head":"<!-- This site is optimized with the Yoast SEO Premium plugin v23.7 (Yoast SEO v24.1) - https:\/\/yoast.com\/wordpress\/plugins\/seo\/ -->\n<title>LS2 Snow - Grandmoto.az<\/title>\n<meta name=\"robots\" content=\"index, follow, max-snippet:-1, max-image-preview:large, max-video-preview:-1\" \/>\n<link rel=\"canonical\" href=\"https:\/\/grandmoto.az\/en\/product\/ls2-snow\/\" \/>\n<meta property=\"og:locale\" content=\"en_US\" \/>\n<meta property=\"og:type\" content=\"article\" \/>\n<meta property=\"og:title\" content=\"LS2 Snow\" \/>\n<meta property=\"og:description\" content=\"LS2 Snow, x\u00fcsusil\u0259 soyuq hava \u015f\u0259raitind\u0259 istifad\u0259 \u00fc\u00e7\u00fcn n\u0259z\u0259rd\u0259 tutulmu\u015f tekstil \u0259lc\u0259kdir.\" \/>\n<meta property=\"og:url\" content=\"https:\/\/grandmoto.az\/en\/product\/ls2-snow\/\" \/>\n<meta property=\"og:site_name\" content=\"Grandmoto.az\" \/>\n<meta property=\"og:image\" content=\"https:\/\/grandmoto.az\/wp-content\/uploads\/2024\/11\/70100w0112img_web800.jpg\" \/>\n\t<meta property=\"og:image:width\" content=\"800\" \/>\n\t<meta property=\"og:image:height\" content=\"800\" \/>\n\t<meta property=\"og:image:type\" content=\"image\/jpeg\" \/>\n<meta name=\"twitter:card\" content=\"summary_large_image\" \/>\n<meta name=\"twitter:label1\" content=\"Est. reading time\" \/>\n\t<meta name=\"twitter:data1\" content=\"1 minute\" \/>\n<script type=\"application\/ld+json\" class=\"yoast-schema-graph\">{\"@context\":\"https:\/\/schema.org\",\"@graph\":[{\"@type\":\"WebPage\",\"@id\":\"https:\/\/grandmoto.az\/en\/product\/ls2-snow\/\",\"url\":\"https:\/\/grandmoto.az\/en\/product\/ls2-snow\/\",\"name\":\"LS2 Snow - Grandmoto.az\",\"isPartOf\":{\"@id\":\"https:\/\/grandmoto.az\/en\/#website\"},\"primaryImageOfPage\":{\"@id\":\"https:\/\/grandmoto.az\/en\/product\/ls2-snow\/#primaryimage\"},\"image\":{\"@id\":\"https:\/\/grandmoto.az\/en\/product\/ls2-snow\/#primaryimage\"},\"thumbnailUrl\":\"https:\/\/grandmoto.az\/wp-content\/uploads\/2024\/11\/70100w0112img_web800.jpg\",\"datePublished\":\"2024-11-15T08:06:51+00:00\",\"dateModified\":\"2024-11-15T08:06:51+00:00\",\"breadcrumb\":{\"@id\":\"https:\/\/grandmoto.az\/en\/product\/ls2-snow\/#breadcrumb\"},\"inLanguage\":\"en-US\",\"potentialAction\":[{\"@type\":\"ReadAction\",\"target\":[\"https:\/\/grandmoto.az\/en\/product\/ls2-snow\/\"]}]},{\"@type\":\"ImageObject\",\"inLanguage\":\"en-US\",\"@id\":\"https:\/\/grandmoto.az\/en\/product\/ls2-snow\/#primaryimage\",\"url\":\"https:\/\/grandmoto.az\/wp-content\/uploads\/2024\/11\/70100w0112img_web800.jpg\",\"contentUrl\":\"https:\/\/grandmoto.az\/wp-content\/uploads\/2024\/11\/70100w0112img_web800.jpg\",\"width\":800,\"height\":800},{\"@type\":\"BreadcrumbList\",\"@id\":\"https:\/\/grandmoto.az\/en\/product\/ls2-snow\/#breadcrumb\",\"itemListElement\":[{\"@type\":\"ListItem\",\"position\":1,\"name\":\"Ana s\u0259hif\u0259\",\"item\":\"https:\/\/grandmoto.az\/en\/\"},{\"@type\":\"ListItem\",\"position\":2,\"name\":\"Shop\",\"item\":\"https:\/\/grandmoto.az\/shop\/\"},{\"@type\":\"ListItem\",\"position\":3,\"name\":\"LS2 Snow\"}]},{\"@type\":\"WebSite\",\"@id\":\"https:\/\/grandmoto.az\/en\/#website\",\"url\":\"https:\/\/grandmoto.az\/en\/\",\"name\":\"Grandmoto.az\",\"description\":\"Grandmoto.az\",\"publisher\":{\"@id\":\"https:\/\/grandmoto.az\/en\/#organization\"},\"potentialAction\":[{\"@type\":\"SearchAction\",\"target\":{\"@type\":\"EntryPoint\",\"urlTemplate\":\"https:\/\/grandmoto.az\/en\/?s={search_term_string}\"},\"query-input\":{\"@type\":\"PropertyValueSpecification\",\"valueRequired\":true,\"valueName\":\"search_term_string\"}}],\"inLanguage\":\"en-US\"},{\"@type\":\"Organization\",\"@id\":\"https:\/\/grandmoto.az\/en\/#organization\",\"name\":\"Grandmoto\",\"url\":\"https:\/\/grandmoto.az\/en\/\",\"logo\":{\"@type\":\"ImageObject\",\"inLanguage\":\"en-US\",\"@id\":\"https:\/\/grandmoto.az\/en\/#\/schema\/logo\/image\/\",\"url\":\"https:\/\/grandmoto.az\/wp-content\/uploads\/2024\/09\/Grandmoto-Service-Logo.png\",\"contentUrl\":\"https:\/\/grandmoto.az\/wp-content\/uploads\/2024\/09\/Grandmoto-Service-Logo.png\",\"width\":1418,\"height\":495,\"caption\":\"Grandmoto\"},\"image\":{\"@id\":\"https:\/\/grandmoto.az\/en\/#\/schema\/logo\/image\/\"}}]}<\/script>\n<!-- \/ Yoast SEO Premium plugin. -->","yoast_head_json":{"title":"LS2 Snow - Grandmoto.az","robots":{"index":"index","follow":"follow","max-snippet":"max-snippet:-1","max-image-preview":"max-image-preview:large","max-video-preview":"max-video-preview:-1"},"canonical":"https:\/\/grandmoto.az\/en\/product\/ls2-snow\/","og_locale":"en_US","og_type":"article","og_title":"LS2 Snow","og_description":"LS2 Snow, x\u00fcsusil\u0259 soyuq hava \u015f\u0259raitind\u0259 istifad\u0259 \u00fc\u00e7\u00fcn n\u0259z\u0259rd\u0259 tutulmu\u015f tekstil \u0259lc\u0259kdir.","og_url":"https:\/\/grandmoto.az\/en\/product\/ls2-snow\/","og_site_name":"Grandmoto.az","og_image":[{"width":800,"height":800,"url":"https:\/\/grandmoto.az\/wp-content\/uploads\/2024\/11\/70100w0112img_web800.jpg","type":"image\/jpeg"}],"twitter_card":"summary_large_image","twitter_misc":{"Est. reading time":"1 minute"},"schema":{"@context":"https:\/\/schema.org","@graph":[{"@type":"WebPage","@id":"https:\/\/grandmoto.az\/en\/product\/ls2-snow\/","url":"https:\/\/grandmoto.az\/en\/product\/ls2-snow\/","name":"LS2 Snow - Grandmoto.az","isPartOf":{"@id":"https:\/\/grandmoto.az\/en\/#website"},"primaryImageOfPage":{"@id":"https:\/\/grandmoto.az\/en\/product\/ls2-snow\/#primaryimage"},"image":{"@id":"https:\/\/grandmoto.az\/en\/product\/ls2-snow\/#primaryimage"},"thumbnailUrl":"https:\/\/grandmoto.az\/wp-content\/uploads\/2024\/11\/70100w0112img_web800.jpg","datePublished":"2024-11-15T08:06:51+00:00","dateModified":"2024-11-15T08:06:51+00:00","breadcrumb":{"@id":"https:\/\/grandmoto.az\/en\/product\/ls2-snow\/#breadcrumb"},"inLanguage":"en-US","potentialAction":[{"@type":"ReadAction","target":["https:\/\/grandmoto.az\/en\/product\/ls2-snow\/"]}]},{"@type":"ImageObject","inLanguage":"en-US","@id":"https:\/\/grandmoto.az\/en\/product\/ls2-snow\/#primaryimage","url":"https:\/\/grandmoto.az\/wp-content\/uploads\/2024\/11\/70100w0112img_web800.jpg","contentUrl":"https:\/\/grandmoto.az\/wp-content\/uploads\/2024\/11\/70100w0112img_web800.jpg","width":800,"height":800},{"@type":"BreadcrumbList","@id":"https:\/\/grandmoto.az\/en\/product\/ls2-snow\/#breadcrumb","itemListElement":[{"@type":"ListItem","position":1,"name":"Ana s\u0259hif\u0259","item":"https:\/\/grandmoto.az\/en\/"},{"@type":"ListItem","position":2,"name":"Shop","item":"https:\/\/grandmoto.az\/shop\/"},{"@type":"ListItem","position":3,"name":"LS2 Snow"}]},{"@type":"WebSite","@id":"https:\/\/grandmoto.az\/en\/#website","url":"https:\/\/grandmoto.az\/en\/","name":"Grandmoto.az","description":"Grandmoto.az","publisher":{"@id":"https:\/\/grandmoto.az\/en\/#organization"},"potentialAction":[{"@type":"SearchAction","target":{"@type":"EntryPoint","urlTemplate":"https:\/\/grandmoto.az\/en\/?s={search_term_string}"},"query-input":{"@type":"PropertyValueSpecification","valueRequired":true,"valueName":"search_term_string"}}],"inLanguage":"en-US"},{"@type":"Organization","@id":"https:\/\/grandmoto.az\/en\/#organization","name":"Grandmoto","url":"https:\/\/grandmoto.az\/en\/","logo":{"@type":"ImageObject","inLanguage":"en-US","@id":"https:\/\/grandmoto.az\/en\/#\/schema\/logo\/image\/","url":"https:\/\/grandmoto.az\/wp-content\/uploads\/2024\/09\/Grandmoto-Service-Logo.png","contentUrl":"https:\/\/grandmoto.az\/wp-content\/uploads\/2024\/09\/Grandmoto-Service-Logo.png","width":1418,"height":495,"caption":"Grandmoto"},"image":{"@id":"https:\/\/grandmoto.az\/en\/#\/schema\/logo\/image\/"}}]}},"_links":{"self":[{"href":"https:\/\/grandmoto.az\/en\/wp-json\/wp\/v2\/product\/17780","targetHints":{"allow":["GET"]}}],"collection":[{"href":"https:\/\/grandmoto.az\/en\/wp-json\/wp\/v2\/product"}],"about":[{"href":"https:\/\/grandmoto.az\/en\/wp-json\/wp\/v2\/types\/product"}],"version-history":[{"count":1,"href":"https:\/\/grandmoto.az\/en\/wp-json\/wp\/v2\/product\/17780\/revisions"}],"predecessor-version":[{"id":17787,"href":"https:\/\/grandmoto.az\/en\/wp-json\/wp\/v2\/product\/17780\/revisions\/17787"}],"wp:featuredmedia":[{"embeddable":true,"href":"https:\/\/grandmoto.az\/en\/wp-json\/wp\/v2\/media\/17783"}],"wp:attachment":[{"href":"https:\/\/grandmoto.az\/en\/wp-json\/wp\/v2\/media?parent=17780"}],"wp:term":[{"taxonomy":"product_cat","embeddable":true,"href":"https:\/\/grandmoto.az\/en\/wp-json\/wp\/v2\/product_cat?post=17780"},{"taxonomy":"product_tag","embeddable":true,"href":"https:\/\/grandmoto.az\/en\/wp-json\/wp\/v2\/product_tag?post=17780"}],"curies":[{"name":"wp","href":"https:\/\/api.w.org\/{rel}","templated":true}]}}