{"id":17795,"date":"2024-11-15T12:47:16","date_gmt":"2024-11-15T08:47:16","guid":{"rendered":"https:\/\/grandmoto.az\/?post_type=product&#038;p=17795"},"modified":"2024-11-15T12:47:17","modified_gmt":"2024-11-15T08:47:17","slug":"ls2-spark-2","status":"publish","type":"product","link":"https:\/\/grandmoto.az\/en\/product\/ls2-spark-2\/","title":{"rendered":"LS2 Spark 2"},"content":{"rendered":"<p>Dizayn v\u0259 Materiallar<\/p>\n<p>Y\u00fcks\u0259k Keyfiyy\u0259tli D\u0259ri v\u0259 Sintetik Materiallar: LS2 Spark 2 \u0259lc\u0259yi, h\u0259m t\u0259bii d\u0259ri, h\u0259m d\u0259 sintetik materiallar\u0131n birl\u0259\u015fm\u0259sind\u0259n haz\u0131rlan\u0131r. Bu materiallar, h\u0259m d\u0259 davaml\u0131l\u0131\u011f\u0131 t\u0259min edir, h\u0259m d\u0259 daha y\u00fcng\u00fcl v\u0259 rahat olur.<\/p>\n<p>Hava Ke\u00e7ir\u0259n Materiallar: \u018flc\u0259yin barmaq v\u0259 palma hiss\u0259l\u0259rind\u0259, s\u00fcr\u00fc\u015f zaman\u0131 \u0259ll\u0259rin daha yax\u015f\u0131 n\u0259f\u0259s almas\u0131 \u00fc\u00e7\u00fcn hava ke\u00e7irm\u0259 x\u00fcsusiyy\u0259tl\u0259rin\u0259 sahib materiallardan istifad\u0259 olunmu\u015fdur. Bu, x\u00fcsusil\u0259 isti hava \u015f\u0259raitind\u0259 uzun m\u00fcdd\u0259t istifad\u0259 zaman\u0131 \u0259ll\u0259rin quru qalmas\u0131n\u0131 t\u0259min edir.<\/p>\n<p>T\u0259hl\u00fck\u0259sizlik v\u0259 Qoruma<\/p>\n<p>Daxili Qoruma T\u0259b\u0259q\u0259l\u0259ri: LS2 Spark 2 \u0259lc\u0259yi, x\u00fcsusil\u0259 knukl (barmaq \u00fcst\u00fc) v\u0259 palma sah\u0259l\u0259rind\u0259 \u0259lav\u0259 qoruyucu karbon t\u0259b\u0259q\u0259l\u0259rl\u0259 t\u0259chiz edilmi\u015fdir. Bu, z\u0259rb\u0259l\u0259rd\u0259n qorunma v\u0259 q\u0259zalar zaman\u0131 \u0259ll\u0259ri maksimum d\u0259r\u0259c\u0259d\u0259 qoruma\u011fa k\u00f6m\u0259k edir.<\/p>\n<p>G\u00fccl\u0259ndirilmi\u015f Palma v\u0259 Barmaq Uclar\u0131: Palma hiss\u0259sind\u0259 v\u0259 barmaq uclar\u0131nda m\u00fcvafiq g\u00fccl\u0259ndirm\u0259l\u0259r m\u00f6vcuddur. Bu hiss\u0259l\u0259r, h\u0259m a\u015f\u0131nmaya qar\u015f\u0131 d\u00f6z\u00fcml\u00fcd\u00fcr, h\u0259m d\u0259 s\u00fcr\u00fc\u015fl\u0259r zaman\u0131 \u0259lav\u0259 qoruma t\u0259klif edir.<\/p>\n<p>Knukl Qorumas\u0131: \u018flc\u0259yin \u00fcst hiss\u0259sind\u0259 x\u00fcsusi knukl qorumas\u0131 var. Bu, \u0259ll\u0259rinizi z\u0259d\u0259l\u0259nm\u0259d\u0259n qoruma\u011fa k\u00f6m\u0259k edir, x\u00fcsusil\u0259 motosiklet s\u00fcr\u00fcc\u00fcl\u0259ri \u00fc\u00e7\u00fcn vacibdir.<\/p>\n<p>Rahatl\u0131q v\u0259 Uy\u011funluq<\/p>\n<p>Erqonomik Dizayn: LS2 Spark 2 \u0259lc\u0259yi, m\u00fcxt\u0259lif \u0259ll\u0259r\u0259 uy\u011fun bir dizayna sahibdir. \u018flc\u0259yin formas\u0131, \u0259l h\u0259r\u0259k\u0259tl\u0259ri il\u0259 tam uy\u011funla\u015facaq \u015f\u0259kild\u0259 haz\u0131rlan\u0131b, bu da s\u00fcr\u00fc\u015f zaman\u0131 \u0259lc\u0259yin rahat v\u0259 t\u0259bii hiss olunmas\u0131n\u0131 t\u0259min edir.<\/p>\n<p>Yum\u015faq \u0130\u00e7 Astar: \u018flc\u0259yin i\u00e7 hiss\u0259si, uzun m\u00fcdd\u0259t s\u00fcr\u00fc\u015fl\u0259r zaman\u0131 da \u0259ll\u0259ri rahat v\u0259 yumu\u015faq saxlayan astarla \u00f6rt\u00fcl\u00fcd\u00fcr. Bu, x\u00fcsusil\u0259 soyuq v\u0259 uzun yol s\u0259yah\u0259tl\u0259ri zaman\u0131 \u0259ll\u0259rin yorulmamas\u0131 \u00fc\u00e7\u00fcn vacibdir.<\/p>\n<p>Qapama Sistemi: LS2 Spark 2, \u0259lc\u0259yin uy\u011fun \u015f\u0259kild\u0259 ba\u011flanmas\u0131 \u00fc\u00e7\u00fcn rahat bir qapama sistemin\u0259 sahibdir. Bu, \u0259lc\u0259yin \u0259liniz\u0259 yax\u015f\u0131 oturmas\u0131n\u0131 t\u0259min edir v\u0259 s\u00fcr\u00fc\u015f zaman\u0131 yerind\u0259n \u00e7\u0131xma\u011f\u0131n\u0131n qar\u015f\u0131s\u0131n\u0131 al\u0131r.<\/p>\n","protected":false},"excerpt":{"rendered":"<p>LS2 Spark 2, x\u00fcsusil\u0259 \u00e7ox y\u00f6nl\u00fc v\u0259 g\u00fcnd\u0259lik s\u00fcr\u00fc\u015fl\u0259r \u00fc\u00e7\u00fcn ideal olan \u0259lc\u0259kDir. \u0130stifad\u0259\u00e7il\u0259r\u0259 m\u00fck\u0259mm\u0259l qoruma, rahatl\u0131q v\u0259 performans t\u0259min edir.<\/p>\n","protected":false},"featured_media":17798,"template":"","meta":{"_acf_changed":false},"product_cat":[92,89],"product_tag":[],"class_list":{"0":"post-17795","1":"product","2":"type-product","3":"status-publish","4":"has-post-thumbnail","6":"product_cat-apparel","7":"product_cat-gloves","9":"first","10":"instock","11":"shipping-taxable","12":"purchasable","13":"product-type-simple"},"acf":[],"yoast_head":"<!-- This site is optimized with the Yoast SEO Premium plugin v23.7 (Yoast SEO v24.1) - https:\/\/yoast.com\/wordpress\/plugins\/seo\/ -->\n<title>LS2 Spark 2 - Grandmoto.az<\/title>\n<meta name=\"robots\" content=\"index, follow, max-snippet:-1, max-image-preview:large, max-video-preview:-1\" \/>\n<link rel=\"canonical\" href=\"https:\/\/grandmoto.az\/en\/product\/ls2-spark-2\/\" \/>\n<meta property=\"og:locale\" content=\"en_US\" \/>\n<meta property=\"og:type\" content=\"article\" \/>\n<meta property=\"og:title\" content=\"LS2 Spark 2\" \/>\n<meta property=\"og:description\" content=\"LS2 Spark 2, x\u00fcsusil\u0259 \u00e7ox y\u00f6nl\u00fc v\u0259 g\u00fcnd\u0259lik s\u00fcr\u00fc\u015fl\u0259r \u00fc\u00e7\u00fcn ideal olan \u0259lc\u0259kDir. \u0130stifad\u0259\u00e7il\u0259r\u0259 m\u00fck\u0259mm\u0259l qoruma, rahatl\u0131q v\u0259 performans t\u0259min edir.\" \/>\n<meta property=\"og:url\" content=\"https:\/\/grandmoto.az\/en\/product\/ls2-spark-2\/\" \/>\n<meta property=\"og:site_name\" content=\"Grandmoto.az\" \/>\n<meta property=\"article:modified_time\" content=\"2024-11-15T08:47:17+00:00\" \/>\n<meta property=\"og:image\" content=\"https:\/\/grandmoto.az\/wp-content\/uploads\/2024\/11\/70061f0132img_web800.jpg\" \/>\n\t<meta property=\"og:image:width\" content=\"800\" \/>\n\t<meta property=\"og:image:height\" content=\"800\" \/>\n\t<meta property=\"og:image:type\" content=\"image\/jpeg\" \/>\n<meta name=\"twitter:card\" content=\"summary_large_image\" \/>\n<meta name=\"twitter:label1\" content=\"Est. reading time\" \/>\n\t<meta name=\"twitter:data1\" content=\"1 minute\" \/>\n<script type=\"application\/ld+json\" class=\"yoast-schema-graph\">{\"@context\":\"https:\/\/schema.org\",\"@graph\":[{\"@type\":\"WebPage\",\"@id\":\"https:\/\/grandmoto.az\/en\/product\/ls2-spark-2\/\",\"url\":\"https:\/\/grandmoto.az\/en\/product\/ls2-spark-2\/\",\"name\":\"LS2 Spark 2 - Grandmoto.az\",\"isPartOf\":{\"@id\":\"https:\/\/grandmoto.az\/en\/#website\"},\"primaryImageOfPage\":{\"@id\":\"https:\/\/grandmoto.az\/en\/product\/ls2-spark-2\/#primaryimage\"},\"image\":{\"@id\":\"https:\/\/grandmoto.az\/en\/product\/ls2-spark-2\/#primaryimage\"},\"thumbnailUrl\":\"https:\/\/grandmoto.az\/wp-content\/uploads\/2024\/11\/70061f0132img_web800.jpg\",\"datePublished\":\"2024-11-15T08:47:16+00:00\",\"dateModified\":\"2024-11-15T08:47:17+00:00\",\"breadcrumb\":{\"@id\":\"https:\/\/grandmoto.az\/en\/product\/ls2-spark-2\/#breadcrumb\"},\"inLanguage\":\"en-US\",\"potentialAction\":[{\"@type\":\"ReadAction\",\"target\":[\"https:\/\/grandmoto.az\/en\/product\/ls2-spark-2\/\"]}]},{\"@type\":\"ImageObject\",\"inLanguage\":\"en-US\",\"@id\":\"https:\/\/grandmoto.az\/en\/product\/ls2-spark-2\/#primaryimage\",\"url\":\"https:\/\/grandmoto.az\/wp-content\/uploads\/2024\/11\/70061f0132img_web800.jpg\",\"contentUrl\":\"https:\/\/grandmoto.az\/wp-content\/uploads\/2024\/11\/70061f0132img_web800.jpg\",\"width\":800,\"height\":800},{\"@type\":\"BreadcrumbList\",\"@id\":\"https:\/\/grandmoto.az\/en\/product\/ls2-spark-2\/#breadcrumb\",\"itemListElement\":[{\"@type\":\"ListItem\",\"position\":1,\"name\":\"Ana s\u0259hif\u0259\",\"item\":\"https:\/\/grandmoto.az\/en\/\"},{\"@type\":\"ListItem\",\"position\":2,\"name\":\"Shop\",\"item\":\"https:\/\/grandmoto.az\/shop\/\"},{\"@type\":\"ListItem\",\"position\":3,\"name\":\"LS2 Spark 2\"}]},{\"@type\":\"WebSite\",\"@id\":\"https:\/\/grandmoto.az\/en\/#website\",\"url\":\"https:\/\/grandmoto.az\/en\/\",\"name\":\"Grandmoto.az\",\"description\":\"Grandmoto.az\",\"publisher\":{\"@id\":\"https:\/\/grandmoto.az\/en\/#organization\"},\"potentialAction\":[{\"@type\":\"SearchAction\",\"target\":{\"@type\":\"EntryPoint\",\"urlTemplate\":\"https:\/\/grandmoto.az\/en\/?s={search_term_string}\"},\"query-input\":{\"@type\":\"PropertyValueSpecification\",\"valueRequired\":true,\"valueName\":\"search_term_string\"}}],\"inLanguage\":\"en-US\"},{\"@type\":\"Organization\",\"@id\":\"https:\/\/grandmoto.az\/en\/#organization\",\"name\":\"Grandmoto\",\"url\":\"https:\/\/grandmoto.az\/en\/\",\"logo\":{\"@type\":\"ImageObject\",\"inLanguage\":\"en-US\",\"@id\":\"https:\/\/grandmoto.az\/en\/#\/schema\/logo\/image\/\",\"url\":\"https:\/\/grandmoto.az\/wp-content\/uploads\/2024\/09\/Grandmoto-Service-Logo.png\",\"contentUrl\":\"https:\/\/grandmoto.az\/wp-content\/uploads\/2024\/09\/Grandmoto-Service-Logo.png\",\"width\":1418,\"height\":495,\"caption\":\"Grandmoto\"},\"image\":{\"@id\":\"https:\/\/grandmoto.az\/en\/#\/schema\/logo\/image\/\"}}]}<\/script>\n<!-- \/ Yoast SEO Premium plugin. -->","yoast_head_json":{"title":"LS2 Spark 2 - Grandmoto.az","robots":{"index":"index","follow":"follow","max-snippet":"max-snippet:-1","max-image-preview":"max-image-preview:large","max-video-preview":"max-video-preview:-1"},"canonical":"https:\/\/grandmoto.az\/en\/product\/ls2-spark-2\/","og_locale":"en_US","og_type":"article","og_title":"LS2 Spark 2","og_description":"LS2 Spark 2, x\u00fcsusil\u0259 \u00e7ox y\u00f6nl\u00fc v\u0259 g\u00fcnd\u0259lik s\u00fcr\u00fc\u015fl\u0259r \u00fc\u00e7\u00fcn ideal olan \u0259lc\u0259kDir. \u0130stifad\u0259\u00e7il\u0259r\u0259 m\u00fck\u0259mm\u0259l qoruma, rahatl\u0131q v\u0259 performans t\u0259min edir.","og_url":"https:\/\/grandmoto.az\/en\/product\/ls2-spark-2\/","og_site_name":"Grandmoto.az","article_modified_time":"2024-11-15T08:47:17+00:00","og_image":[{"width":800,"height":800,"url":"https:\/\/grandmoto.az\/wp-content\/uploads\/2024\/11\/70061f0132img_web800.jpg","type":"image\/jpeg"}],"twitter_card":"summary_large_image","twitter_misc":{"Est. reading time":"1 minute"},"schema":{"@context":"https:\/\/schema.org","@graph":[{"@type":"WebPage","@id":"https:\/\/grandmoto.az\/en\/product\/ls2-spark-2\/","url":"https:\/\/grandmoto.az\/en\/product\/ls2-spark-2\/","name":"LS2 Spark 2 - Grandmoto.az","isPartOf":{"@id":"https:\/\/grandmoto.az\/en\/#website"},"primaryImageOfPage":{"@id":"https:\/\/grandmoto.az\/en\/product\/ls2-spark-2\/#primaryimage"},"image":{"@id":"https:\/\/grandmoto.az\/en\/product\/ls2-spark-2\/#primaryimage"},"thumbnailUrl":"https:\/\/grandmoto.az\/wp-content\/uploads\/2024\/11\/70061f0132img_web800.jpg","datePublished":"2024-11-15T08:47:16+00:00","dateModified":"2024-11-15T08:47:17+00:00","breadcrumb":{"@id":"https:\/\/grandmoto.az\/en\/product\/ls2-spark-2\/#breadcrumb"},"inLanguage":"en-US","potentialAction":[{"@type":"ReadAction","target":["https:\/\/grandmoto.az\/en\/product\/ls2-spark-2\/"]}]},{"@type":"ImageObject","inLanguage":"en-US","@id":"https:\/\/grandmoto.az\/en\/product\/ls2-spark-2\/#primaryimage","url":"https:\/\/grandmoto.az\/wp-content\/uploads\/2024\/11\/70061f0132img_web800.jpg","contentUrl":"https:\/\/grandmoto.az\/wp-content\/uploads\/2024\/11\/70061f0132img_web800.jpg","width":800,"height":800},{"@type":"BreadcrumbList","@id":"https:\/\/grandmoto.az\/en\/product\/ls2-spark-2\/#breadcrumb","itemListElement":[{"@type":"ListItem","position":1,"name":"Ana s\u0259hif\u0259","item":"https:\/\/grandmoto.az\/en\/"},{"@type":"ListItem","position":2,"name":"Shop","item":"https:\/\/grandmoto.az\/shop\/"},{"@type":"ListItem","position":3,"name":"LS2 Spark 2"}]},{"@type":"WebSite","@id":"https:\/\/grandmoto.az\/en\/#website","url":"https:\/\/grandmoto.az\/en\/","name":"Grandmoto.az","description":"Grandmoto.az","publisher":{"@id":"https:\/\/grandmoto.az\/en\/#organization"},"potentialAction":[{"@type":"SearchAction","target":{"@type":"EntryPoint","urlTemplate":"https:\/\/grandmoto.az\/en\/?s={search_term_string}"},"query-input":{"@type":"PropertyValueSpecification","valueRequired":true,"valueName":"search_term_string"}}],"inLanguage":"en-US"},{"@type":"Organization","@id":"https:\/\/grandmoto.az\/en\/#organization","name":"Grandmoto","url":"https:\/\/grandmoto.az\/en\/","logo":{"@type":"ImageObject","inLanguage":"en-US","@id":"https:\/\/grandmoto.az\/en\/#\/schema\/logo\/image\/","url":"https:\/\/grandmoto.az\/wp-content\/uploads\/2024\/09\/Grandmoto-Service-Logo.png","contentUrl":"https:\/\/grandmoto.az\/wp-content\/uploads\/2024\/09\/Grandmoto-Service-Logo.png","width":1418,"height":495,"caption":"Grandmoto"},"image":{"@id":"https:\/\/grandmoto.az\/en\/#\/schema\/logo\/image\/"}}]}},"_links":{"self":[{"href":"https:\/\/grandmoto.az\/en\/wp-json\/wp\/v2\/product\/17795","targetHints":{"allow":["GET"]}}],"collection":[{"href":"https:\/\/grandmoto.az\/en\/wp-json\/wp\/v2\/product"}],"about":[{"href":"https:\/\/grandmoto.az\/en\/wp-json\/wp\/v2\/types\/product"}],"version-history":[{"count":1,"href":"https:\/\/grandmoto.az\/en\/wp-json\/wp\/v2\/product\/17795\/revisions"}],"predecessor-version":[{"id":17802,"href":"https:\/\/grandmoto.az\/en\/wp-json\/wp\/v2\/product\/17795\/revisions\/17802"}],"wp:featuredmedia":[{"embeddable":true,"href":"https:\/\/grandmoto.az\/en\/wp-json\/wp\/v2\/media\/17798"}],"wp:attachment":[{"href":"https:\/\/grandmoto.az\/en\/wp-json\/wp\/v2\/media?parent=17795"}],"wp:term":[{"taxonomy":"product_cat","embeddable":true,"href":"https:\/\/grandmoto.az\/en\/wp-json\/wp\/v2\/product_cat?post=17795"},{"taxonomy":"product_tag","embeddable":true,"href":"https:\/\/grandmoto.az\/en\/wp-json\/wp\/v2\/product_tag?post=17795"}],"curies":[{"name":"wp","href":"https:\/\/api.w.org\/{rel}","templated":true}]}}