{"id":17889,"date":"2024-11-15T14:06:42","date_gmt":"2024-11-15T10:06:42","guid":{"rendered":"https:\/\/grandmoto.az\/?post_type=product&#038;p=17889"},"modified":"2024-11-15T14:06:43","modified_gmt":"2024-11-15T10:06:43","slug":"forte-gt-duratech-roma","status":"publish","type":"product","link":"https:\/\/grandmoto.az\/en\/product\/forte-gt-duratech-roma\/","title":{"rendered":"Forte GT Duratech Roma"},"content":{"rendered":"<p>Forte GT Duratech Roma ayaqqab\u0131s\u0131, sportiv v\u0259 dinamik bir dizayna malikdir. Motosiklet s\u00fcr\u00fcc\u00fcl\u0259rinin t\u0259rzin\u0259 uy\u011fun olaraq dizayn edilmi\u015f bu ayaqqab\u0131 h\u0259m \u015f\u0131k, h\u0259m d\u0259 funksionald\u0131r. G\u00fcnd\u0259lik istifad\u0259 \u00fc\u00e7\u00fcn d\u0259 uy\u011fun olan bu model, h\u0259m motosiklet s\u00fcr\u00fcc\u00fcl\u0259ri, h\u0259m d\u0259 aktiv h\u0259yat t\u0259rzi s\u00fcr\u0259n \u015f\u0259xsl\u0259r \u00fc\u00e7\u00fcn ideald\u0131r.<\/p>\n<p>Ayaqqab\u0131n\u0131n \u00fcst hiss\u0259si, dayan\u0131ql\u0131 v\u0259 rahat materiallardan haz\u0131rlanm\u0131\u015fd\u0131r. D\u0259ri v\u0259 tekstil par\u00e7alardan istifad\u0259 edilm\u0259si, ayaqqab\u0131ya h\u0259m estetik, h\u0259m d\u0259 funksional x\u00fcsusiyy\u0259tl\u0259r qat\u0131r. D\u0259ri, uzun m\u00fcdd\u0259t istifad\u0259 edil\u0259nd\u0259 bel\u0259 forman\u0131n qorunmas\u0131na k\u00f6m\u0259k edir, tekstil hiss\u0259l\u0259r is\u0259 aya\u011f\u0131n t\u0259bii h\u0259r\u0259k\u0259tini t\u0259min edir.<\/p>\n","protected":false},"excerpt":{"rendered":"<p>Forte GT Duratech Roma Ayaqqab\u0131s\u0131 motosiklet s\u00fcr\u00fcc\u00fcl\u0259ri \u00fc\u00e7\u00fcn x\u00fcsusi olaraq dizayn edilmi\u015f y\u00fcks\u0259k keyfiyy\u0259tli, rahat v\u0259 davaml\u0131 bir ayaqqab\u0131 modelidir. Bu model, h\u0259m motosiklet s\u00fcr\u00fc\u015fl\u0259ri, h\u0259m d\u0259 g\u00fcnd\u0259lik istifad\u0259 \u00fc\u00e7\u00fcn n\u0259z\u0259rd\u0259 tutulmu\u015fdur v\u0259 \u00f6z\u00fcnd\u0259 y\u00fcks\u0259k performans, t\u0259hl\u00fck\u0259sizlik v\u0259 komfortu birl\u0259\u015fdirir. <\/p>\n","protected":false},"featured_media":17890,"template":"","meta":{"_acf_changed":false},"product_cat":[92,88],"product_tag":[],"class_list":{"0":"post-17889","1":"product","2":"type-product","3":"status-publish","4":"has-post-thumbnail","6":"product_cat-apparel","7":"product_cat-boots","9":"first","10":"instock","11":"shipping-taxable","12":"purchasable","13":"product-type-simple"},"acf":[],"yoast_head":"<!-- This site is optimized with the Yoast SEO Premium plugin v23.7 (Yoast SEO v24.1) - https:\/\/yoast.com\/wordpress\/plugins\/seo\/ -->\n<title>Forte GT Duratech Roma - Grandmoto.az<\/title>\n<meta name=\"robots\" content=\"index, follow, max-snippet:-1, max-image-preview:large, max-video-preview:-1\" \/>\n<link rel=\"canonical\" href=\"https:\/\/grandmoto.az\/en\/product\/forte-gt-duratech-roma\/\" \/>\n<meta property=\"og:locale\" content=\"en_US\" \/>\n<meta property=\"og:type\" content=\"article\" \/>\n<meta property=\"og:title\" content=\"Forte GT Duratech Roma\" \/>\n<meta property=\"og:description\" content=\"Forte GT Duratech Roma Ayaqqab\u0131s\u0131 motosiklet s\u00fcr\u00fcc\u00fcl\u0259ri \u00fc\u00e7\u00fcn x\u00fcsusi olaraq dizayn edilmi\u015f y\u00fcks\u0259k keyfiyy\u0259tli, rahat v\u0259 davaml\u0131 bir ayaqqab\u0131 modelidir. Bu model, h\u0259m motosiklet s\u00fcr\u00fc\u015fl\u0259ri, h\u0259m d\u0259 g\u00fcnd\u0259lik istifad\u0259 \u00fc\u00e7\u00fcn n\u0259z\u0259rd\u0259 tutulmu\u015fdur v\u0259 \u00f6z\u00fcnd\u0259 y\u00fcks\u0259k performans, t\u0259hl\u00fck\u0259sizlik v\u0259 komfortu birl\u0259\u015fdirir.\" \/>\n<meta property=\"og:url\" content=\"https:\/\/grandmoto.az\/en\/product\/forte-gt-duratech-roma\/\" \/>\n<meta property=\"og:site_name\" content=\"Grandmoto.az\" \/>\n<meta property=\"article:modified_time\" content=\"2024-11-15T10:06:43+00:00\" \/>\n<meta property=\"og:image\" content=\"https:\/\/grandmoto.az\/wp-content\/uploads\/2024\/11\/forte-gt-duratech-26-roma-layd-4-mevsim-korumali-kadin-motosiklet-botu-37-numara-siyah-kcm32880130-1-15b7da97b665475fa26b1611cb1a9d14.jpg\" \/>\n\t<meta property=\"og:image:width\" content=\"582\" \/>\n\t<meta property=\"og:image:height\" content=\"640\" \/>\n\t<meta property=\"og:image:type\" content=\"image\/jpeg\" \/>\n<meta name=\"twitter:card\" content=\"summary_large_image\" \/>\n<meta name=\"twitter:label1\" content=\"Est. reading time\" \/>\n\t<meta name=\"twitter:data1\" content=\"1 minute\" \/>\n<script type=\"application\/ld+json\" class=\"yoast-schema-graph\">{\"@context\":\"https:\/\/schema.org\",\"@graph\":[{\"@type\":\"WebPage\",\"@id\":\"https:\/\/grandmoto.az\/en\/product\/forte-gt-duratech-roma\/\",\"url\":\"https:\/\/grandmoto.az\/en\/product\/forte-gt-duratech-roma\/\",\"name\":\"Forte GT Duratech Roma - Grandmoto.az\",\"isPartOf\":{\"@id\":\"https:\/\/grandmoto.az\/en\/#website\"},\"primaryImageOfPage\":{\"@id\":\"https:\/\/grandmoto.az\/en\/product\/forte-gt-duratech-roma\/#primaryimage\"},\"image\":{\"@id\":\"https:\/\/grandmoto.az\/en\/product\/forte-gt-duratech-roma\/#primaryimage\"},\"thumbnailUrl\":\"https:\/\/grandmoto.az\/wp-content\/uploads\/2024\/11\/forte-gt-duratech-26-roma-layd-4-mevsim-korumali-kadin-motosiklet-botu-37-numara-siyah-kcm32880130-1-15b7da97b665475fa26b1611cb1a9d14.jpg\",\"datePublished\":\"2024-11-15T10:06:42+00:00\",\"dateModified\":\"2024-11-15T10:06:43+00:00\",\"breadcrumb\":{\"@id\":\"https:\/\/grandmoto.az\/en\/product\/forte-gt-duratech-roma\/#breadcrumb\"},\"inLanguage\":\"en-US\",\"potentialAction\":[{\"@type\":\"ReadAction\",\"target\":[\"https:\/\/grandmoto.az\/en\/product\/forte-gt-duratech-roma\/\"]}]},{\"@type\":\"ImageObject\",\"inLanguage\":\"en-US\",\"@id\":\"https:\/\/grandmoto.az\/en\/product\/forte-gt-duratech-roma\/#primaryimage\",\"url\":\"https:\/\/grandmoto.az\/wp-content\/uploads\/2024\/11\/forte-gt-duratech-26-roma-layd-4-mevsim-korumali-kadin-motosiklet-botu-37-numara-siyah-kcm32880130-1-15b7da97b665475fa26b1611cb1a9d14.jpg\",\"contentUrl\":\"https:\/\/grandmoto.az\/wp-content\/uploads\/2024\/11\/forte-gt-duratech-26-roma-layd-4-mevsim-korumali-kadin-motosiklet-botu-37-numara-siyah-kcm32880130-1-15b7da97b665475fa26b1611cb1a9d14.jpg\",\"width\":582,\"height\":640},{\"@type\":\"BreadcrumbList\",\"@id\":\"https:\/\/grandmoto.az\/en\/product\/forte-gt-duratech-roma\/#breadcrumb\",\"itemListElement\":[{\"@type\":\"ListItem\",\"position\":1,\"name\":\"Ana s\u0259hif\u0259\",\"item\":\"https:\/\/grandmoto.az\/en\/\"},{\"@type\":\"ListItem\",\"position\":2,\"name\":\"Shop\",\"item\":\"https:\/\/grandmoto.az\/shop\/\"},{\"@type\":\"ListItem\",\"position\":3,\"name\":\"Forte GT Duratech Roma\"}]},{\"@type\":\"WebSite\",\"@id\":\"https:\/\/grandmoto.az\/en\/#website\",\"url\":\"https:\/\/grandmoto.az\/en\/\",\"name\":\"Grandmoto.az\",\"description\":\"Grandmoto.az\",\"publisher\":{\"@id\":\"https:\/\/grandmoto.az\/en\/#organization\"},\"potentialAction\":[{\"@type\":\"SearchAction\",\"target\":{\"@type\":\"EntryPoint\",\"urlTemplate\":\"https:\/\/grandmoto.az\/en\/?s={search_term_string}\"},\"query-input\":{\"@type\":\"PropertyValueSpecification\",\"valueRequired\":true,\"valueName\":\"search_term_string\"}}],\"inLanguage\":\"en-US\"},{\"@type\":\"Organization\",\"@id\":\"https:\/\/grandmoto.az\/en\/#organization\",\"name\":\"Grandmoto\",\"url\":\"https:\/\/grandmoto.az\/en\/\",\"logo\":{\"@type\":\"ImageObject\",\"inLanguage\":\"en-US\",\"@id\":\"https:\/\/grandmoto.az\/en\/#\/schema\/logo\/image\/\",\"url\":\"https:\/\/grandmoto.az\/wp-content\/uploads\/2024\/09\/Grandmoto-Service-Logo.png\",\"contentUrl\":\"https:\/\/grandmoto.az\/wp-content\/uploads\/2024\/09\/Grandmoto-Service-Logo.png\",\"width\":1418,\"height\":495,\"caption\":\"Grandmoto\"},\"image\":{\"@id\":\"https:\/\/grandmoto.az\/en\/#\/schema\/logo\/image\/\"}}]}<\/script>\n<!-- \/ Yoast SEO Premium plugin. -->","yoast_head_json":{"title":"Forte GT Duratech Roma - Grandmoto.az","robots":{"index":"index","follow":"follow","max-snippet":"max-snippet:-1","max-image-preview":"max-image-preview:large","max-video-preview":"max-video-preview:-1"},"canonical":"https:\/\/grandmoto.az\/en\/product\/forte-gt-duratech-roma\/","og_locale":"en_US","og_type":"article","og_title":"Forte GT Duratech Roma","og_description":"Forte GT Duratech Roma Ayaqqab\u0131s\u0131 motosiklet s\u00fcr\u00fcc\u00fcl\u0259ri \u00fc\u00e7\u00fcn x\u00fcsusi olaraq dizayn edilmi\u015f y\u00fcks\u0259k keyfiyy\u0259tli, rahat v\u0259 davaml\u0131 bir ayaqqab\u0131 modelidir. Bu model, h\u0259m motosiklet s\u00fcr\u00fc\u015fl\u0259ri, h\u0259m d\u0259 g\u00fcnd\u0259lik istifad\u0259 \u00fc\u00e7\u00fcn n\u0259z\u0259rd\u0259 tutulmu\u015fdur v\u0259 \u00f6z\u00fcnd\u0259 y\u00fcks\u0259k performans, t\u0259hl\u00fck\u0259sizlik v\u0259 komfortu birl\u0259\u015fdirir.","og_url":"https:\/\/grandmoto.az\/en\/product\/forte-gt-duratech-roma\/","og_site_name":"Grandmoto.az","article_modified_time":"2024-11-15T10:06:43+00:00","og_image":[{"width":582,"height":640,"url":"https:\/\/grandmoto.az\/wp-content\/uploads\/2024\/11\/forte-gt-duratech-26-roma-layd-4-mevsim-korumali-kadin-motosiklet-botu-37-numara-siyah-kcm32880130-1-15b7da97b665475fa26b1611cb1a9d14.jpg","type":"image\/jpeg"}],"twitter_card":"summary_large_image","twitter_misc":{"Est. reading time":"1 minute"},"schema":{"@context":"https:\/\/schema.org","@graph":[{"@type":"WebPage","@id":"https:\/\/grandmoto.az\/en\/product\/forte-gt-duratech-roma\/","url":"https:\/\/grandmoto.az\/en\/product\/forte-gt-duratech-roma\/","name":"Forte GT Duratech Roma - Grandmoto.az","isPartOf":{"@id":"https:\/\/grandmoto.az\/en\/#website"},"primaryImageOfPage":{"@id":"https:\/\/grandmoto.az\/en\/product\/forte-gt-duratech-roma\/#primaryimage"},"image":{"@id":"https:\/\/grandmoto.az\/en\/product\/forte-gt-duratech-roma\/#primaryimage"},"thumbnailUrl":"https:\/\/grandmoto.az\/wp-content\/uploads\/2024\/11\/forte-gt-duratech-26-roma-layd-4-mevsim-korumali-kadin-motosiklet-botu-37-numara-siyah-kcm32880130-1-15b7da97b665475fa26b1611cb1a9d14.jpg","datePublished":"2024-11-15T10:06:42+00:00","dateModified":"2024-11-15T10:06:43+00:00","breadcrumb":{"@id":"https:\/\/grandmoto.az\/en\/product\/forte-gt-duratech-roma\/#breadcrumb"},"inLanguage":"en-US","potentialAction":[{"@type":"ReadAction","target":["https:\/\/grandmoto.az\/en\/product\/forte-gt-duratech-roma\/"]}]},{"@type":"ImageObject","inLanguage":"en-US","@id":"https:\/\/grandmoto.az\/en\/product\/forte-gt-duratech-roma\/#primaryimage","url":"https:\/\/grandmoto.az\/wp-content\/uploads\/2024\/11\/forte-gt-duratech-26-roma-layd-4-mevsim-korumali-kadin-motosiklet-botu-37-numara-siyah-kcm32880130-1-15b7da97b665475fa26b1611cb1a9d14.jpg","contentUrl":"https:\/\/grandmoto.az\/wp-content\/uploads\/2024\/11\/forte-gt-duratech-26-roma-layd-4-mevsim-korumali-kadin-motosiklet-botu-37-numara-siyah-kcm32880130-1-15b7da97b665475fa26b1611cb1a9d14.jpg","width":582,"height":640},{"@type":"BreadcrumbList","@id":"https:\/\/grandmoto.az\/en\/product\/forte-gt-duratech-roma\/#breadcrumb","itemListElement":[{"@type":"ListItem","position":1,"name":"Ana s\u0259hif\u0259","item":"https:\/\/grandmoto.az\/en\/"},{"@type":"ListItem","position":2,"name":"Shop","item":"https:\/\/grandmoto.az\/shop\/"},{"@type":"ListItem","position":3,"name":"Forte GT Duratech Roma"}]},{"@type":"WebSite","@id":"https:\/\/grandmoto.az\/en\/#website","url":"https:\/\/grandmoto.az\/en\/","name":"Grandmoto.az","description":"Grandmoto.az","publisher":{"@id":"https:\/\/grandmoto.az\/en\/#organization"},"potentialAction":[{"@type":"SearchAction","target":{"@type":"EntryPoint","urlTemplate":"https:\/\/grandmoto.az\/en\/?s={search_term_string}"},"query-input":{"@type":"PropertyValueSpecification","valueRequired":true,"valueName":"search_term_string"}}],"inLanguage":"en-US"},{"@type":"Organization","@id":"https:\/\/grandmoto.az\/en\/#organization","name":"Grandmoto","url":"https:\/\/grandmoto.az\/en\/","logo":{"@type":"ImageObject","inLanguage":"en-US","@id":"https:\/\/grandmoto.az\/en\/#\/schema\/logo\/image\/","url":"https:\/\/grandmoto.az\/wp-content\/uploads\/2024\/09\/Grandmoto-Service-Logo.png","contentUrl":"https:\/\/grandmoto.az\/wp-content\/uploads\/2024\/09\/Grandmoto-Service-Logo.png","width":1418,"height":495,"caption":"Grandmoto"},"image":{"@id":"https:\/\/grandmoto.az\/en\/#\/schema\/logo\/image\/"}}]}},"_links":{"self":[{"href":"https:\/\/grandmoto.az\/en\/wp-json\/wp\/v2\/product\/17889","targetHints":{"allow":["GET"]}}],"collection":[{"href":"https:\/\/grandmoto.az\/en\/wp-json\/wp\/v2\/product"}],"about":[{"href":"https:\/\/grandmoto.az\/en\/wp-json\/wp\/v2\/types\/product"}],"version-history":[{"count":1,"href":"https:\/\/grandmoto.az\/en\/wp-json\/wp\/v2\/product\/17889\/revisions"}],"predecessor-version":[{"id":17896,"href":"https:\/\/grandmoto.az\/en\/wp-json\/wp\/v2\/product\/17889\/revisions\/17896"}],"wp:featuredmedia":[{"embeddable":true,"href":"https:\/\/grandmoto.az\/en\/wp-json\/wp\/v2\/media\/17890"}],"wp:attachment":[{"href":"https:\/\/grandmoto.az\/en\/wp-json\/wp\/v2\/media?parent=17889"}],"wp:term":[{"taxonomy":"product_cat","embeddable":true,"href":"https:\/\/grandmoto.az\/en\/wp-json\/wp\/v2\/product_cat?post=17889"},{"taxonomy":"product_tag","embeddable":true,"href":"https:\/\/grandmoto.az\/en\/wp-json\/wp\/v2\/product_tag?post=17889"}],"curies":[{"name":"wp","href":"https:\/\/api.w.org\/{rel}","templated":true}]}}