{"id":17941,"date":"2024-11-15T14:58:00","date_gmt":"2024-11-15T10:58:00","guid":{"rendered":"https:\/\/grandmoto.az\/?post_type=product&#038;p=17941"},"modified":"2024-11-15T14:58:01","modified_gmt":"2024-11-15T10:58:01","slug":"ls2-storm-2","status":"publish","type":"product","link":"https:\/\/grandmoto.az\/en\/product\/ls2-storm-2\/","title":{"rendered":"LS2 Storm 2"},"content":{"rendered":"<p>LS2 Storm 2, LS2 brendinin \u0259n populyar v\u0259 t\u0259cr\u00fcb\u0259li d\u0259bilq\u0259 modell\u0259rind\u0259n biridir. Bu model, s\u00fcr\u00fcc\u00fcl\u0259rin m\u00fcxt\u0259lif hava \u015f\u0259raitl\u0259rind\u0259 v\u0259 s\u00fcr\u00fc\u015f \u015f\u0259raitl\u0259rind\u0259 maksimum t\u0259hl\u00fck\u0259sizlik v\u0259 komfort \u0259ld\u0259 etm\u0259l\u0259rini t\u0259min etm\u0259k \u00fc\u00e7\u00fcn inki\u015faf etdirilmi\u015fdir. LS2 Storm 2, x\u00fcsusil\u0259 \u015f\u0259h\u0259r i\u00e7i v\u0259 touring (uzun m\u0259saf\u0259li) s\u00fcr\u00fc\u015fl\u0259r \u00fc\u00e7\u00fcn m\u00fck\u0259mm\u0259l uy\u011fun olan d\u0259bilq\u0259 olaraq, aerodinamik dizayn\u0131, y\u00fcks\u0259k qoruma s\u0259viyy\u0259si, rahatl\u0131q v\u0259 inki\u015faf etmi\u015f ventilyasiya x\u00fcsusiyy\u0259tl\u0259ri il\u0259 diqq\u0259t \u00e7\u0259kir.<\/p>\n<p>Aerodinamik v\u0259 Y\u00fcng\u00fcl Dizayn<\/p>\n<p>Aerodinamik Struktur: LS2 Storm 2, uzun m\u0259saf\u0259li s\u00fcr\u00fc\u015fl\u0259r v\u0259 y\u00fcks\u0259k s\u00fcr\u0259tl\u0259r \u00fc\u00e7\u00fcn n\u0259z\u0259rd\u0259 tutulmu\u015f aerodinamik bir dizayna sahibdir. Bu dizayn, hava m\u00fcqavim\u0259tini minimuma endir\u0259r\u0259k s\u00fcr\u00fcc\u00fcn\u00fcn daha rahat v\u0259 az yorulmas\u0131na k\u00f6m\u0259k edir. Y\u00fcks\u0259k s\u00fcr\u0259tl\u0259 s\u00fcr\u0259rk\u0259n bel\u0259, \u015flem hava ax\u0131n\u0131na qar\u015f\u0131 sabit qal\u0131r v\u0259 ba\u015f\u0131n daha az t\u0259zyiq almas\u0131na imkan verir.<\/p>\n<p>Y\u00fcng\u00fcl Materiallar: D\u0259bilq\u0259, y\u00fcks\u0259k performansl\u0131 HPC (High-Performance Composite) materiallardan haz\u0131rlanm\u0131\u015fd\u0131r. Bu materiallar d\u0259bilq\u0259nin \u00fcmumi \u00e7\u0259kisini azald\u0131r, amma t\u0259hl\u00fck\u0259sizlik v\u0259 davaml\u0131l\u0131qdan da g\u00fcz\u0259\u015ft\u0259 getm\u0259z. Y\u00fcng\u00fcl d\u0259bilq\u0259, uzun m\u00fcdd\u0259t istifad\u0259 edildikd\u0259 bel\u0259 ba\u015f\u0131n yorulmas\u0131n\u0131 azald\u0131r.<\/p>\n<p>T\u0259hl\u00fck\u0259sizlik v\u0259 Qoruma<\/p>\n<p>ECE 22.06 Sertifikat\u0131: LS2 Storm 2, ECE 22.06 beyn\u0259lxalq t\u0259hl\u00fck\u0259sizlik sertifikat\u0131 il\u0259 t\u0259sdiq edilmi\u015fdir. Bu sertifikat, d\u0259bilq\u0259nin beyn\u0259lxalq t\u0259hl\u00fck\u0259sizlik standartlar\u0131na uy\u011fun oldu\u011funu v\u0259 s\u00fcr\u00fcc\u00fcy\u00fc m\u00fcxt\u0259lif n\u00f6v t\u0259sirl\u0259rd\u0259n qorudu\u011funu g\u00f6st\u0259rir.<\/p>\n<p>EPS (Expanded Polystyrene) T\u0259b\u0259q\u0259si: D\u0259bilq\u0259, daxilind\u0259 \u00e7oxqatl\u0131 \u015fok udma sistemi olan EPS material\u0131ndan istifad\u0259 edir. Bu t\u0259b\u0259q\u0259l\u0259r, ba\u015fa g\u0259l\u0259n z\u0259rb\u0259l\u0259rin da\u011f\u0131d\u0131lmas\u0131n\u0131 t\u0259min edir v\u0259 \u00e7arp\u0131\u015fma an\u0131nda ba\u015f\u0131n z\u0259d\u0259l\u0259nm\u0259 riskini minimuma endirir.<\/p>\n<p>S\u0259rt \u00c7\u00f6l Qab\u0131q v\u0259 \u0130nki\u015faf etmi\u015f Strukturlar: D\u0259bilq\u0259nin xarici qapa\u011f\u0131, y\u00fcks\u0259k d\u0259r\u0259c\u0259li polycarbonate materiallardan haz\u0131rlanm\u0131\u015fd\u0131r. Bu material h\u0259m davaml\u0131d\u0131r, h\u0259m d\u0259 t\u0259hl\u00fck\u0259sizlik \u00fc\u00e7\u00fcn optimald\u0131r. D\u0259bilq\u0259 qapa\u011f\u0131n\u0131n formas\u0131, \u00e7arp\u0131\u015fmalara qar\u015f\u0131 ba\u015f\u0131 yax\u015f\u0131 qoruyur.<\/p>\n<p>Effektiv Ventilyasiya v\u0259 Hava Ke\u00e7iricil\u0259ri<\/p>\n<p>Dinamik Ventilyasiya Sistemi: LS2 Storm 2, rahat v\u0259 t\u0259miz hava ax\u0131n\u0131 t\u0259min etm\u0259k \u00fc\u00e7\u00fcn qabaqc\u0131l ventilyasiya sistemin\u0259 malikdir. \u00d6n v\u0259 arxa hiss\u0259d\u0259 yerl\u0259\u015f\u0259n hava ke\u00e7irm\u0259 kanallar\u0131, d\u0259bilq\u0259 i\u00e7ind\u0259ki havan\u0131n d\u00f6vran\u0131n\u0131 yax\u015f\u0131la\u015fd\u0131r\u0131r v\u0259 s\u00fcr\u00fcc\u00fcy\u00fc istilikd\u0259n qoruyur. Bu, x\u00fcsusil\u0259 isti hava \u015f\u0259raitind\u0259 v\u0259 uzun s\u00fcr\u00fc\u015fl\u0259rd\u0259 komfortu art\u0131r\u0131r.<\/p>\n<p>T\u0259kmill\u0259\u015fdirilmi\u015f Havaland\u0131rma: D\u0259bilq\u0259, h\u0259m\u00e7inin ba\u015f\u0131n \u00fcst hiss\u0259sind\u0259n havaland\u0131rma t\u0259min ed\u0259n x\u00fcsusi kanallara sahibdir. Bu, uzun m\u00fcdd\u0259t s\u00fcr\u00fc\u015f ed\u0259n s\u00fcr\u00fcc\u00fcl\u0259r \u00fc\u00e7\u00fcn \u00e7ox faydal\u0131d\u0131r, \u00e7\u00fcnki ba\u015f\u0131n t\u0259bii olaraq n\u0259f\u0259s almas\u0131n\u0131 v\u0259 t\u0259rt\u0259miz qalmas\u0131n\u0131 t\u0259min edir.<\/p>\n<p>Daxili Komfort v\u0259 Yuyulabil\u0259n Astar<\/p>\n<p>Rahat Daxili Astar: LS2 Storm 2 i\u00e7i, y\u00fcks\u0259k keyfiyy\u0259tli, yum\u015faq v\u0259 n\u0259f\u0259s alabil\u0259n materiallardan haz\u0131rlanm\u0131\u015f astarla \u00f6rt\u00fcl\u00fcd\u00fcr. Astar, s\u00fcr\u00fcc\u00fcn\u00fcn ba\u015f\u0131n\u0131 rahat \u015f\u0259kild\u0259 sar\u0131r v\u0259 uzun s\u00fcr\u00fc\u015fl\u0259rd\u0259 \u0259lav\u0259 rahatl\u0131q t\u0259min edir. Ayr\u0131ca, daxili astar yuyulabil\u0259ndir, bu da gigiyena v\u0259 t\u0259mizlik bax\u0131m\u0131ndan b\u00f6y\u00fck \u00fcst\u00fcnl\u00fckd\u00fcr.<\/p>\n<p>Erqonomik Daxili Qurulu\u015f: Astar\u0131n dizayn\u0131, ba\u015f\u0131n t\u0259bii strukturu il\u0259 uy\u011fun \u015f\u0259kild\u0259 formala\u015fd\u0131r\u0131lm\u0131\u015fd\u0131r. Bu, ba\u015fa optimal uy\u011funlu\u011fu t\u0259min edir v\u0259 t\u0259zyiqin d\u00fczg\u00fcn paylanmas\u0131na k\u00f6m\u0259k edir. Bu, uzun s\u00fcr\u00fc\u015fl\u0259rd\u0259 ba\u015f\u0131n rahat qalmas\u0131n\u0131 v\u0259 yor\u011funlu\u011fun azald\u0131lmas\u0131n\u0131 t\u0259min edir.<\/p>\n<p>S\u0259s \u0130zolyasiyas\u0131 v\u0259 Komfort<\/p>\n<p>Effektiv S\u0259s \u0130zolyasiyas\u0131: LS2 Storm 2 d\u0259bilq\u0259si, xarici s\u0259sl\u0259ri minimuma endir\u0259n x\u00fcsusi izolyasiya t\u0259b\u0259q\u0259l\u0259rin\u0259 sahibdir. Bu x\u00fcsusiyy\u0259t, y\u00fcks\u0259k s\u00fcr\u0259tl\u0259 s\u00fcr\u0259rk\u0259n yaranan k\u00fcl\u0259k s\u0259sini v\u0259 dig\u0259r xarici s\u0259sl\u0259ri azald\u0131r. Bu da s\u00fcr\u00fcc\u00fcn\u00fcn daha rahat v\u0259 fokuslanm\u0131\u015f bir s\u00fcr\u00fc\u015f t\u0259cr\u00fcb\u0259si ya\u015famas\u0131na imkan verir.<\/p>\n<p>\u015e\u0131k v\u0259 Modern Dizayn<\/p>\n<p>Sad\u0259 v\u0259 Z\u0259rif G\u00f6r\u00fcn\u00fc\u015f: D\u0259bilq\u0259, modern v\u0259 z\u0259rif bir dizayna malikdir. \u015e\u0131k v\u0259 minimalistik g\u00f6r\u00fcn\u00fc\u015f\u00fc il\u0259 motosiklet\u00e7il\u0259r aras\u0131nda b\u00f6y\u00fck maraq do\u011furur. Ayr\u0131ca, m\u00fcxt\u0259lif r\u0259ng se\u00e7iml\u0259ri il\u0259 istifad\u0259\u00e7il\u0259r \u00f6z z\u00f6vq\u00fcn\u0259 uy\u011fun \u015flem se\u00e7\u0259 bil\u0259rl\u0259r.<\/p>\n<p>Reflektiv Detallar: LS2 Storm 2, gec\u0259 s\u00fcr\u00fc\u015fl\u0259ri \u00fc\u00e7\u00fcn \u0259lav\u0259 reflektiv elementl\u0259r\u0259 malikdir. Bu da s\u00fcr\u00fcc\u00fcn\u00fcn daha g\u00f6r\u00fcn\u00fcr olmas\u0131na v\u0259 gec\u0259 t\u0259hl\u00fck\u0259sizlik s\u0259viyy\u0259sinin artmas\u0131na k\u00f6m\u0259k edir.<\/p>\n","protected":false},"excerpt":{"rendered":"<p>LS2 Storm 2, Y\u00fcks\u0259k T\u0259hl\u00fck\u0259sizlik, Komfort v\u0259 Performans &#8211; \u0130deal Aerodinamik Dizayn, Geni\u015f G\u00f6r\u00fc\u015f Sah\u0259si, Effektiv Ventilyasiya v\u0259 S\u0259s \u0130zolyasiyas\u0131 il\u0259 M\u00fck\u0259mm\u0259l S\u00fcr\u00fc\u015f T\u0259cr\u00fcb\u0259si.<\/p>\n","protected":false},"featured_media":17946,"template":"","meta":{"_acf_changed":false},"product_cat":[127,90],"product_tag":[],"class_list":{"0":"post-17941","1":"product","2":"type-product","3":"status-publish","4":"has-post-thumbnail","6":"product_cat-full-face","7":"product_cat-helmets","9":"first","10":"instock","11":"shipping-taxable","12":"purchasable","13":"product-type-simple"},"acf":[],"yoast_head":"<!-- This site is optimized with the Yoast SEO Premium plugin v23.7 (Yoast SEO v24.1) - https:\/\/yoast.com\/wordpress\/plugins\/seo\/ -->\n<title>LS2 Storm 2 - Grandmoto.az<\/title>\n<meta name=\"robots\" content=\"index, follow, max-snippet:-1, max-image-preview:large, max-video-preview:-1\" \/>\n<link rel=\"canonical\" href=\"https:\/\/grandmoto.az\/en\/product\/ls2-storm-2\/\" \/>\n<meta property=\"og:locale\" content=\"en_US\" \/>\n<meta property=\"og:type\" content=\"article\" \/>\n<meta property=\"og:title\" content=\"LS2 Storm 2\" \/>\n<meta property=\"og:description\" content=\"LS2 Storm 2, Y\u00fcks\u0259k T\u0259hl\u00fck\u0259sizlik, Komfort v\u0259 Performans - \u0130deal Aerodinamik Dizayn, Geni\u015f G\u00f6r\u00fc\u015f Sah\u0259si, Effektiv Ventilyasiya v\u0259 S\u0259s \u0130zolyasiyas\u0131 il\u0259 M\u00fck\u0259mm\u0259l S\u00fcr\u00fc\u015f T\u0259cr\u00fcb\u0259si.\" \/>\n<meta property=\"og:url\" content=\"https:\/\/grandmoto.az\/en\/product\/ls2-storm-2\/\" \/>\n<meta property=\"og:site_name\" content=\"Grandmoto.az\" \/>\n<meta property=\"article:modified_time\" content=\"2024-11-15T10:58:01+00:00\" \/>\n<meta property=\"og:image\" content=\"https:\/\/grandmoto.az\/wp-content\/uploads\/2024\/11\/168001011img_web800.jpg\" \/>\n\t<meta property=\"og:image:width\" content=\"800\" \/>\n\t<meta property=\"og:image:height\" content=\"800\" \/>\n\t<meta property=\"og:image:type\" content=\"image\/jpeg\" \/>\n<meta name=\"twitter:card\" content=\"summary_large_image\" \/>\n<meta name=\"twitter:label1\" content=\"Est. reading time\" \/>\n\t<meta name=\"twitter:data1\" content=\"1 minute\" \/>\n<script type=\"application\/ld+json\" class=\"yoast-schema-graph\">{\"@context\":\"https:\/\/schema.org\",\"@graph\":[{\"@type\":\"WebPage\",\"@id\":\"https:\/\/grandmoto.az\/en\/product\/ls2-storm-2\/\",\"url\":\"https:\/\/grandmoto.az\/en\/product\/ls2-storm-2\/\",\"name\":\"LS2 Storm 2 - Grandmoto.az\",\"isPartOf\":{\"@id\":\"https:\/\/grandmoto.az\/en\/#website\"},\"primaryImageOfPage\":{\"@id\":\"https:\/\/grandmoto.az\/en\/product\/ls2-storm-2\/#primaryimage\"},\"image\":{\"@id\":\"https:\/\/grandmoto.az\/en\/product\/ls2-storm-2\/#primaryimage\"},\"thumbnailUrl\":\"https:\/\/grandmoto.az\/wp-content\/uploads\/2024\/11\/168001011img_web800.jpg\",\"datePublished\":\"2024-11-15T10:58:00+00:00\",\"dateModified\":\"2024-11-15T10:58:01+00:00\",\"breadcrumb\":{\"@id\":\"https:\/\/grandmoto.az\/en\/product\/ls2-storm-2\/#breadcrumb\"},\"inLanguage\":\"en-US\",\"potentialAction\":[{\"@type\":\"ReadAction\",\"target\":[\"https:\/\/grandmoto.az\/en\/product\/ls2-storm-2\/\"]}]},{\"@type\":\"ImageObject\",\"inLanguage\":\"en-US\",\"@id\":\"https:\/\/grandmoto.az\/en\/product\/ls2-storm-2\/#primaryimage\",\"url\":\"https:\/\/grandmoto.az\/wp-content\/uploads\/2024\/11\/168001011img_web800.jpg\",\"contentUrl\":\"https:\/\/grandmoto.az\/wp-content\/uploads\/2024\/11\/168001011img_web800.jpg\",\"width\":800,\"height\":800},{\"@type\":\"BreadcrumbList\",\"@id\":\"https:\/\/grandmoto.az\/en\/product\/ls2-storm-2\/#breadcrumb\",\"itemListElement\":[{\"@type\":\"ListItem\",\"position\":1,\"name\":\"Ana s\u0259hif\u0259\",\"item\":\"https:\/\/grandmoto.az\/en\/\"},{\"@type\":\"ListItem\",\"position\":2,\"name\":\"Shop\",\"item\":\"https:\/\/grandmoto.az\/shop\/\"},{\"@type\":\"ListItem\",\"position\":3,\"name\":\"LS2 Storm 2\"}]},{\"@type\":\"WebSite\",\"@id\":\"https:\/\/grandmoto.az\/en\/#website\",\"url\":\"https:\/\/grandmoto.az\/en\/\",\"name\":\"Grandmoto.az\",\"description\":\"Grandmoto.az\",\"publisher\":{\"@id\":\"https:\/\/grandmoto.az\/en\/#organization\"},\"potentialAction\":[{\"@type\":\"SearchAction\",\"target\":{\"@type\":\"EntryPoint\",\"urlTemplate\":\"https:\/\/grandmoto.az\/en\/?s={search_term_string}\"},\"query-input\":{\"@type\":\"PropertyValueSpecification\",\"valueRequired\":true,\"valueName\":\"search_term_string\"}}],\"inLanguage\":\"en-US\"},{\"@type\":\"Organization\",\"@id\":\"https:\/\/grandmoto.az\/en\/#organization\",\"name\":\"Grandmoto\",\"url\":\"https:\/\/grandmoto.az\/en\/\",\"logo\":{\"@type\":\"ImageObject\",\"inLanguage\":\"en-US\",\"@id\":\"https:\/\/grandmoto.az\/en\/#\/schema\/logo\/image\/\",\"url\":\"https:\/\/grandmoto.az\/wp-content\/uploads\/2024\/09\/Grandmoto-Service-Logo.png\",\"contentUrl\":\"https:\/\/grandmoto.az\/wp-content\/uploads\/2024\/09\/Grandmoto-Service-Logo.png\",\"width\":1418,\"height\":495,\"caption\":\"Grandmoto\"},\"image\":{\"@id\":\"https:\/\/grandmoto.az\/en\/#\/schema\/logo\/image\/\"}}]}<\/script>\n<!-- \/ Yoast SEO Premium plugin. -->","yoast_head_json":{"title":"LS2 Storm 2 - Grandmoto.az","robots":{"index":"index","follow":"follow","max-snippet":"max-snippet:-1","max-image-preview":"max-image-preview:large","max-video-preview":"max-video-preview:-1"},"canonical":"https:\/\/grandmoto.az\/en\/product\/ls2-storm-2\/","og_locale":"en_US","og_type":"article","og_title":"LS2 Storm 2","og_description":"LS2 Storm 2, Y\u00fcks\u0259k T\u0259hl\u00fck\u0259sizlik, Komfort v\u0259 Performans - \u0130deal Aerodinamik Dizayn, Geni\u015f G\u00f6r\u00fc\u015f Sah\u0259si, Effektiv Ventilyasiya v\u0259 S\u0259s \u0130zolyasiyas\u0131 il\u0259 M\u00fck\u0259mm\u0259l S\u00fcr\u00fc\u015f T\u0259cr\u00fcb\u0259si.","og_url":"https:\/\/grandmoto.az\/en\/product\/ls2-storm-2\/","og_site_name":"Grandmoto.az","article_modified_time":"2024-11-15T10:58:01+00:00","og_image":[{"width":800,"height":800,"url":"https:\/\/grandmoto.az\/wp-content\/uploads\/2024\/11\/168001011img_web800.jpg","type":"image\/jpeg"}],"twitter_card":"summary_large_image","twitter_misc":{"Est. reading time":"1 minute"},"schema":{"@context":"https:\/\/schema.org","@graph":[{"@type":"WebPage","@id":"https:\/\/grandmoto.az\/en\/product\/ls2-storm-2\/","url":"https:\/\/grandmoto.az\/en\/product\/ls2-storm-2\/","name":"LS2 Storm 2 - Grandmoto.az","isPartOf":{"@id":"https:\/\/grandmoto.az\/en\/#website"},"primaryImageOfPage":{"@id":"https:\/\/grandmoto.az\/en\/product\/ls2-storm-2\/#primaryimage"},"image":{"@id":"https:\/\/grandmoto.az\/en\/product\/ls2-storm-2\/#primaryimage"},"thumbnailUrl":"https:\/\/grandmoto.az\/wp-content\/uploads\/2024\/11\/168001011img_web800.jpg","datePublished":"2024-11-15T10:58:00+00:00","dateModified":"2024-11-15T10:58:01+00:00","breadcrumb":{"@id":"https:\/\/grandmoto.az\/en\/product\/ls2-storm-2\/#breadcrumb"},"inLanguage":"en-US","potentialAction":[{"@type":"ReadAction","target":["https:\/\/grandmoto.az\/en\/product\/ls2-storm-2\/"]}]},{"@type":"ImageObject","inLanguage":"en-US","@id":"https:\/\/grandmoto.az\/en\/product\/ls2-storm-2\/#primaryimage","url":"https:\/\/grandmoto.az\/wp-content\/uploads\/2024\/11\/168001011img_web800.jpg","contentUrl":"https:\/\/grandmoto.az\/wp-content\/uploads\/2024\/11\/168001011img_web800.jpg","width":800,"height":800},{"@type":"BreadcrumbList","@id":"https:\/\/grandmoto.az\/en\/product\/ls2-storm-2\/#breadcrumb","itemListElement":[{"@type":"ListItem","position":1,"name":"Ana s\u0259hif\u0259","item":"https:\/\/grandmoto.az\/en\/"},{"@type":"ListItem","position":2,"name":"Shop","item":"https:\/\/grandmoto.az\/shop\/"},{"@type":"ListItem","position":3,"name":"LS2 Storm 2"}]},{"@type":"WebSite","@id":"https:\/\/grandmoto.az\/en\/#website","url":"https:\/\/grandmoto.az\/en\/","name":"Grandmoto.az","description":"Grandmoto.az","publisher":{"@id":"https:\/\/grandmoto.az\/en\/#organization"},"potentialAction":[{"@type":"SearchAction","target":{"@type":"EntryPoint","urlTemplate":"https:\/\/grandmoto.az\/en\/?s={search_term_string}"},"query-input":{"@type":"PropertyValueSpecification","valueRequired":true,"valueName":"search_term_string"}}],"inLanguage":"en-US"},{"@type":"Organization","@id":"https:\/\/grandmoto.az\/en\/#organization","name":"Grandmoto","url":"https:\/\/grandmoto.az\/en\/","logo":{"@type":"ImageObject","inLanguage":"en-US","@id":"https:\/\/grandmoto.az\/en\/#\/schema\/logo\/image\/","url":"https:\/\/grandmoto.az\/wp-content\/uploads\/2024\/09\/Grandmoto-Service-Logo.png","contentUrl":"https:\/\/grandmoto.az\/wp-content\/uploads\/2024\/09\/Grandmoto-Service-Logo.png","width":1418,"height":495,"caption":"Grandmoto"},"image":{"@id":"https:\/\/grandmoto.az\/en\/#\/schema\/logo\/image\/"}}]}},"_links":{"self":[{"href":"https:\/\/grandmoto.az\/en\/wp-json\/wp\/v2\/product\/17941","targetHints":{"allow":["GET"]}}],"collection":[{"href":"https:\/\/grandmoto.az\/en\/wp-json\/wp\/v2\/product"}],"about":[{"href":"https:\/\/grandmoto.az\/en\/wp-json\/wp\/v2\/types\/product"}],"version-history":[{"count":1,"href":"https:\/\/grandmoto.az\/en\/wp-json\/wp\/v2\/product\/17941\/revisions"}],"predecessor-version":[{"id":17952,"href":"https:\/\/grandmoto.az\/en\/wp-json\/wp\/v2\/product\/17941\/revisions\/17952"}],"wp:featuredmedia":[{"embeddable":true,"href":"https:\/\/grandmoto.az\/en\/wp-json\/wp\/v2\/media\/17946"}],"wp:attachment":[{"href":"https:\/\/grandmoto.az\/en\/wp-json\/wp\/v2\/media?parent=17941"}],"wp:term":[{"taxonomy":"product_cat","embeddable":true,"href":"https:\/\/grandmoto.az\/en\/wp-json\/wp\/v2\/product_cat?post=17941"},{"taxonomy":"product_tag","embeddable":true,"href":"https:\/\/grandmoto.az\/en\/wp-json\/wp\/v2\/product_tag?post=17941"}],"curies":[{"name":"wp","href":"https:\/\/api.w.org\/{rel}","templated":true}]}}