{"id":18030,"date":"2024-11-16T10:57:24","date_gmt":"2024-11-16T06:57:24","guid":{"rendered":"https:\/\/grandmoto.az\/?post_type=product&#038;p=18030"},"modified":"2024-11-16T10:57:25","modified_gmt":"2024-11-16T06:57:25","slug":"ls2-stream-2","status":"publish","type":"product","link":"https:\/\/grandmoto.az\/en\/product\/ls2-stream-2\/","title":{"rendered":"LS2 Stream 2"},"content":{"rendered":"<p>Dizayn v\u0259 Material<\/p>\n<p>Xarici Qapaq (Shell): LS2 Stream 2 d\u0259bilq\u0259si y\u00fcks\u0259k keyfiyy\u0259tli, kompozit materiallardan (polycarbonate) haz\u0131rlanm\u0131\u015f xarici qapa\u011fa malikdir. Bu material d\u0259bilq\u0259nin y\u00fcng\u00fcl olmas\u0131n\u0131 t\u0259min edir, amma eyni zamanda davaml\u0131 v\u0259 t\u0259hl\u00fck\u0259sizdir.<\/p>\n<p>Aerodinamik Dizayn: D\u0259bilq\u0259 aerodinamik bax\u0131mdan optimalla\u015fd\u0131r\u0131lm\u0131\u015fd\u0131r. Bu, s\u00fcr\u0259t\u0259 qar\u015f\u0131 m\u00fcqavim\u0259tin azalmas\u0131na, h\u0259m\u00e7inin s\u00fcr\u00fcc\u00fcn\u00fcn daha az yorulmas\u0131na k\u00f6m\u0259k edir.<\/p>\n<p>Ventilyasiya Sistemi<\/p>\n<p>Aktiv Ventilyasiya: LS2 Stream 2-d\u0259 t\u0259kmill\u0259\u015fdirilmi\u015f ventilyasiya sistemi var. D\u0259bilq\u0259nin qabaq v\u0259 arxa hiss\u0259sind\u0259 \u00e7oxlu hava a\u00e7\u0131q yerl\u0259r m\u00f6vcuddur ki, bu da hava d\u00f6vran\u0131n\u0131 yax\u015f\u0131la\u015fd\u0131r\u0131r v\u0259 s\u00fcr\u00fcc\u00fcn\u00fcn rahatl\u0131\u011f\u0131n\u0131 art\u0131r\u0131r.<\/p>\n<p>Ventilyasiya Kanal\u0131: \u0130\u00e7\u0259rid\u0259ki hava kanallar\u0131, istilik v\u0259 r\u00fctub\u0259t art\u0131m\u0131n\u0131n qar\u015f\u0131s\u0131n\u0131 al\u0131r, s\u00fcr\u00fcc\u00fcn\u00fcn daha rahat v\u0259 soyuq qalmas\u0131n\u0131 t\u0259min edir.<\/p>\n<p>\u0130\u00e7lik<\/p>\n<p>Rahat v\u0259 Yuyula Bil\u0259n \u0130\u00e7lik: D\u0259bilq\u0259nin i\u00e7 hiss\u0259sind\u0259 yumu\u015faq, rahat v\u0259 n\u0259f\u0259s ala bil\u0259n materialdan istifad\u0259 olunmu\u015fdur. \u0130\u00e7likl\u0259r asanl\u0131qla \u00e7\u0131xar\u0131la v\u0259 yuyula bil\u0259r, bu da gigiyena bax\u0131m\u0131ndan b\u00f6y\u00fck \u00fcst\u00fcnl\u00fckd\u00fcr.<\/p>\n<p>Antibakterial Texnologiya: \u0130\u00e7likd\u0259 antibakterial v\u0259 qoxuya qar\u015f\u0131 m\u00fcbariz\u0259 ed\u0259n x\u00fcsusiyy\u0259tl\u0259r m\u00f6vcuddur, bu da istifad\u0259\u00e7inin uzun m\u00fcdd\u0259t rahat olmas\u0131n\u0131 t\u0259min edir.<\/p>\n<p>Qoruma v\u0259 T\u0259hl\u00fck\u0259sizlik<\/p>\n<p>CE Sertifikat\u0131: LS2 Stream 2 d\u0259bilq\u0259si, avropada q\u0259bul edilmi\u015f t\u0259hl\u00fck\u0259sizlik standartlar\u0131na uy\u011fun olaraq CE sertifikat\u0131na malikdir. Bu, onun t\u0259hl\u00fck\u0259sizlik v\u0259 qoruma s\u0259viyy\u0259sinin y\u00fcks\u0259k oldu\u011funu g\u00f6st\u0259rir.<\/p>\n<p>Qoruyucu \u00c7\u0131xarma Sistemi: D\u0259bilq\u0259, z\u0259rb\u0259y\u0259 qar\u015f\u0131 yax\u015f\u0131 qorunma t\u0259min etm\u0259k \u00fc\u00e7\u00fcn x\u00fcsusi texnologiyadan istifad\u0259 edir. Ayr\u0131ca, ba\u015f\u0131 qoruyan \u0259lav\u0259 \u015fok udma materiallar\u0131 m\u00f6vcuddur.<\/p>\n<p>Erqonomika v\u0259 Komfort<\/p>\n<p>Erqonomik D\u0259st\u0259k: D\u0259bilq\u0259nin daxili strukturu ba\u015f\u0131n formas\u0131 il\u0259 uy\u011funla\u015fd\u0131r\u0131lm\u0131\u015fd\u0131r, bu da onu daha rahat v\u0259 uzun m\u00fcdd\u0259tli istifad\u0259 \u00fc\u00e7\u00fcn uy\u011fun edir.<\/p>\n<p>S\u0259s \u0130zolyasiyas\u0131: LS2 Stream 2, aerodinamik dizayn\u0131 il\u0259 h\u0259ddind\u0259n art\u0131q s\u0259sin qar\u015f\u0131s\u0131n\u0131 al\u0131r. Bu, uzun s\u0259f\u0259rl\u0259rd\u0259 v\u0259 y\u00fcks\u0259k s\u00fcr\u0259tl\u0259rd\u0259 s\u00fcr\u00fcc\u00fcn\u00fcn daha rahat olmas\u0131na k\u00f6m\u0259k edir.<\/p>\n","protected":false},"excerpt":{"rendered":"<p>LS2 Stream 2 modeli, LS2 brendinin \u0259n populyar v\u0259 geni\u015f istifad\u0259 edil\u0259n modell\u0259rind\u0259n biridir. Stream 2 modeli, \u0259vv\u0259lki versiya (Stream Evo) modelin\u0259 nisb\u0259t\u0259n bir ne\u00e7\u0259 yeni x\u00fcsusiyy\u0259t v\u0259 t\u0259kmill\u0259\u015fdirm\u0259 il\u0259 t\u0259qdim olunmu\u015fdur.<\/p>\n","protected":false},"featured_media":18037,"template":"","meta":{"_acf_changed":false},"product_cat":[127,90],"product_tag":[],"class_list":{"0":"post-18030","1":"product","2":"type-product","3":"status-publish","4":"has-post-thumbnail","6":"product_cat-full-face","7":"product_cat-helmets","9":"first","10":"instock","11":"shipping-taxable","12":"purchasable","13":"product-type-simple"},"acf":[],"yoast_head":"<!-- This site is optimized with the Yoast SEO Premium plugin v23.7 (Yoast SEO v24.1) - https:\/\/yoast.com\/wordpress\/plugins\/seo\/ -->\n<title>LS2 Stream 2 - Grandmoto.az<\/title>\n<meta name=\"robots\" content=\"index, follow, max-snippet:-1, max-image-preview:large, max-video-preview:-1\" \/>\n<link rel=\"canonical\" href=\"https:\/\/grandmoto.az\/en\/product\/ls2-stream-2\/\" \/>\n<meta property=\"og:locale\" content=\"en_US\" \/>\n<meta property=\"og:type\" content=\"article\" \/>\n<meta property=\"og:title\" content=\"LS2 Stream 2\" \/>\n<meta property=\"og:description\" content=\"LS2 Stream 2 modeli, LS2 brendinin \u0259n populyar v\u0259 geni\u015f istifad\u0259 edil\u0259n modell\u0259rind\u0259n biridir. Stream 2 modeli, \u0259vv\u0259lki versiya (Stream Evo) modelin\u0259 nisb\u0259t\u0259n bir ne\u00e7\u0259 yeni x\u00fcsusiyy\u0259t v\u0259 t\u0259kmill\u0259\u015fdirm\u0259 il\u0259 t\u0259qdim olunmu\u015fdur.\" \/>\n<meta property=\"og:url\" content=\"https:\/\/grandmoto.az\/en\/product\/ls2-stream-2\/\" \/>\n<meta property=\"og:site_name\" content=\"Grandmoto.az\" \/>\n<meta property=\"article:modified_time\" content=\"2024-11-16T06:57:25+00:00\" \/>\n<meta property=\"og:image\" content=\"https:\/\/grandmoto.az\/wp-content\/uploads\/2024\/11\/168081011img_web800.jpg\" \/>\n\t<meta property=\"og:image:width\" content=\"800\" \/>\n\t<meta property=\"og:image:height\" content=\"800\" \/>\n\t<meta property=\"og:image:type\" content=\"image\/jpeg\" \/>\n<meta name=\"twitter:card\" content=\"summary_large_image\" \/>\n<meta name=\"twitter:label1\" content=\"Est. reading time\" \/>\n\t<meta name=\"twitter:data1\" content=\"1 minute\" \/>\n<script type=\"application\/ld+json\" class=\"yoast-schema-graph\">{\"@context\":\"https:\/\/schema.org\",\"@graph\":[{\"@type\":\"WebPage\",\"@id\":\"https:\/\/grandmoto.az\/en\/product\/ls2-stream-2\/\",\"url\":\"https:\/\/grandmoto.az\/en\/product\/ls2-stream-2\/\",\"name\":\"LS2 Stream 2 - Grandmoto.az\",\"isPartOf\":{\"@id\":\"https:\/\/grandmoto.az\/en\/#website\"},\"primaryImageOfPage\":{\"@id\":\"https:\/\/grandmoto.az\/en\/product\/ls2-stream-2\/#primaryimage\"},\"image\":{\"@id\":\"https:\/\/grandmoto.az\/en\/product\/ls2-stream-2\/#primaryimage\"},\"thumbnailUrl\":\"https:\/\/grandmoto.az\/wp-content\/uploads\/2024\/11\/168081011img_web800.jpg\",\"datePublished\":\"2024-11-16T06:57:24+00:00\",\"dateModified\":\"2024-11-16T06:57:25+00:00\",\"breadcrumb\":{\"@id\":\"https:\/\/grandmoto.az\/en\/product\/ls2-stream-2\/#breadcrumb\"},\"inLanguage\":\"en-US\",\"potentialAction\":[{\"@type\":\"ReadAction\",\"target\":[\"https:\/\/grandmoto.az\/en\/product\/ls2-stream-2\/\"]}]},{\"@type\":\"ImageObject\",\"inLanguage\":\"en-US\",\"@id\":\"https:\/\/grandmoto.az\/en\/product\/ls2-stream-2\/#primaryimage\",\"url\":\"https:\/\/grandmoto.az\/wp-content\/uploads\/2024\/11\/168081011img_web800.jpg\",\"contentUrl\":\"https:\/\/grandmoto.az\/wp-content\/uploads\/2024\/11\/168081011img_web800.jpg\",\"width\":800,\"height\":800},{\"@type\":\"BreadcrumbList\",\"@id\":\"https:\/\/grandmoto.az\/en\/product\/ls2-stream-2\/#breadcrumb\",\"itemListElement\":[{\"@type\":\"ListItem\",\"position\":1,\"name\":\"Ana s\u0259hif\u0259\",\"item\":\"https:\/\/grandmoto.az\/en\/\"},{\"@type\":\"ListItem\",\"position\":2,\"name\":\"Shop\",\"item\":\"https:\/\/grandmoto.az\/shop\/\"},{\"@type\":\"ListItem\",\"position\":3,\"name\":\"LS2 Stream 2\"}]},{\"@type\":\"WebSite\",\"@id\":\"https:\/\/grandmoto.az\/en\/#website\",\"url\":\"https:\/\/grandmoto.az\/en\/\",\"name\":\"Grandmoto.az\",\"description\":\"Grandmoto.az\",\"publisher\":{\"@id\":\"https:\/\/grandmoto.az\/en\/#organization\"},\"potentialAction\":[{\"@type\":\"SearchAction\",\"target\":{\"@type\":\"EntryPoint\",\"urlTemplate\":\"https:\/\/grandmoto.az\/en\/?s={search_term_string}\"},\"query-input\":{\"@type\":\"PropertyValueSpecification\",\"valueRequired\":true,\"valueName\":\"search_term_string\"}}],\"inLanguage\":\"en-US\"},{\"@type\":\"Organization\",\"@id\":\"https:\/\/grandmoto.az\/en\/#organization\",\"name\":\"Grandmoto\",\"url\":\"https:\/\/grandmoto.az\/en\/\",\"logo\":{\"@type\":\"ImageObject\",\"inLanguage\":\"en-US\",\"@id\":\"https:\/\/grandmoto.az\/en\/#\/schema\/logo\/image\/\",\"url\":\"https:\/\/grandmoto.az\/wp-content\/uploads\/2024\/09\/Grandmoto-Service-Logo.png\",\"contentUrl\":\"https:\/\/grandmoto.az\/wp-content\/uploads\/2024\/09\/Grandmoto-Service-Logo.png\",\"width\":1418,\"height\":495,\"caption\":\"Grandmoto\"},\"image\":{\"@id\":\"https:\/\/grandmoto.az\/en\/#\/schema\/logo\/image\/\"}}]}<\/script>\n<!-- \/ Yoast SEO Premium plugin. -->","yoast_head_json":{"title":"LS2 Stream 2 - Grandmoto.az","robots":{"index":"index","follow":"follow","max-snippet":"max-snippet:-1","max-image-preview":"max-image-preview:large","max-video-preview":"max-video-preview:-1"},"canonical":"https:\/\/grandmoto.az\/en\/product\/ls2-stream-2\/","og_locale":"en_US","og_type":"article","og_title":"LS2 Stream 2","og_description":"LS2 Stream 2 modeli, LS2 brendinin \u0259n populyar v\u0259 geni\u015f istifad\u0259 edil\u0259n modell\u0259rind\u0259n biridir. Stream 2 modeli, \u0259vv\u0259lki versiya (Stream Evo) modelin\u0259 nisb\u0259t\u0259n bir ne\u00e7\u0259 yeni x\u00fcsusiyy\u0259t v\u0259 t\u0259kmill\u0259\u015fdirm\u0259 il\u0259 t\u0259qdim olunmu\u015fdur.","og_url":"https:\/\/grandmoto.az\/en\/product\/ls2-stream-2\/","og_site_name":"Grandmoto.az","article_modified_time":"2024-11-16T06:57:25+00:00","og_image":[{"width":800,"height":800,"url":"https:\/\/grandmoto.az\/wp-content\/uploads\/2024\/11\/168081011img_web800.jpg","type":"image\/jpeg"}],"twitter_card":"summary_large_image","twitter_misc":{"Est. reading time":"1 minute"},"schema":{"@context":"https:\/\/schema.org","@graph":[{"@type":"WebPage","@id":"https:\/\/grandmoto.az\/en\/product\/ls2-stream-2\/","url":"https:\/\/grandmoto.az\/en\/product\/ls2-stream-2\/","name":"LS2 Stream 2 - Grandmoto.az","isPartOf":{"@id":"https:\/\/grandmoto.az\/en\/#website"},"primaryImageOfPage":{"@id":"https:\/\/grandmoto.az\/en\/product\/ls2-stream-2\/#primaryimage"},"image":{"@id":"https:\/\/grandmoto.az\/en\/product\/ls2-stream-2\/#primaryimage"},"thumbnailUrl":"https:\/\/grandmoto.az\/wp-content\/uploads\/2024\/11\/168081011img_web800.jpg","datePublished":"2024-11-16T06:57:24+00:00","dateModified":"2024-11-16T06:57:25+00:00","breadcrumb":{"@id":"https:\/\/grandmoto.az\/en\/product\/ls2-stream-2\/#breadcrumb"},"inLanguage":"en-US","potentialAction":[{"@type":"ReadAction","target":["https:\/\/grandmoto.az\/en\/product\/ls2-stream-2\/"]}]},{"@type":"ImageObject","inLanguage":"en-US","@id":"https:\/\/grandmoto.az\/en\/product\/ls2-stream-2\/#primaryimage","url":"https:\/\/grandmoto.az\/wp-content\/uploads\/2024\/11\/168081011img_web800.jpg","contentUrl":"https:\/\/grandmoto.az\/wp-content\/uploads\/2024\/11\/168081011img_web800.jpg","width":800,"height":800},{"@type":"BreadcrumbList","@id":"https:\/\/grandmoto.az\/en\/product\/ls2-stream-2\/#breadcrumb","itemListElement":[{"@type":"ListItem","position":1,"name":"Ana s\u0259hif\u0259","item":"https:\/\/grandmoto.az\/en\/"},{"@type":"ListItem","position":2,"name":"Shop","item":"https:\/\/grandmoto.az\/shop\/"},{"@type":"ListItem","position":3,"name":"LS2 Stream 2"}]},{"@type":"WebSite","@id":"https:\/\/grandmoto.az\/en\/#website","url":"https:\/\/grandmoto.az\/en\/","name":"Grandmoto.az","description":"Grandmoto.az","publisher":{"@id":"https:\/\/grandmoto.az\/en\/#organization"},"potentialAction":[{"@type":"SearchAction","target":{"@type":"EntryPoint","urlTemplate":"https:\/\/grandmoto.az\/en\/?s={search_term_string}"},"query-input":{"@type":"PropertyValueSpecification","valueRequired":true,"valueName":"search_term_string"}}],"inLanguage":"en-US"},{"@type":"Organization","@id":"https:\/\/grandmoto.az\/en\/#organization","name":"Grandmoto","url":"https:\/\/grandmoto.az\/en\/","logo":{"@type":"ImageObject","inLanguage":"en-US","@id":"https:\/\/grandmoto.az\/en\/#\/schema\/logo\/image\/","url":"https:\/\/grandmoto.az\/wp-content\/uploads\/2024\/09\/Grandmoto-Service-Logo.png","contentUrl":"https:\/\/grandmoto.az\/wp-content\/uploads\/2024\/09\/Grandmoto-Service-Logo.png","width":1418,"height":495,"caption":"Grandmoto"},"image":{"@id":"https:\/\/grandmoto.az\/en\/#\/schema\/logo\/image\/"}}]}},"_links":{"self":[{"href":"https:\/\/grandmoto.az\/en\/wp-json\/wp\/v2\/product\/18030","targetHints":{"allow":["GET"]}}],"collection":[{"href":"https:\/\/grandmoto.az\/en\/wp-json\/wp\/v2\/product"}],"about":[{"href":"https:\/\/grandmoto.az\/en\/wp-json\/wp\/v2\/types\/product"}],"version-history":[{"count":1,"href":"https:\/\/grandmoto.az\/en\/wp-json\/wp\/v2\/product\/18030\/revisions"}],"predecessor-version":[{"id":18039,"href":"https:\/\/grandmoto.az\/en\/wp-json\/wp\/v2\/product\/18030\/revisions\/18039"}],"wp:featuredmedia":[{"embeddable":true,"href":"https:\/\/grandmoto.az\/en\/wp-json\/wp\/v2\/media\/18037"}],"wp:attachment":[{"href":"https:\/\/grandmoto.az\/en\/wp-json\/wp\/v2\/media?parent=18030"}],"wp:term":[{"taxonomy":"product_cat","embeddable":true,"href":"https:\/\/grandmoto.az\/en\/wp-json\/wp\/v2\/product_cat?post=18030"},{"taxonomy":"product_tag","embeddable":true,"href":"https:\/\/grandmoto.az\/en\/wp-json\/wp\/v2\/product_tag?post=18030"}],"curies":[{"name":"wp","href":"https:\/\/api.w.org\/{rel}","templated":true}]}}