{"id":18080,"date":"2024-11-16T11:54:33","date_gmt":"2024-11-16T07:54:33","guid":{"rendered":"https:\/\/grandmoto.az\/?post_type=product&#038;p=18080"},"modified":"2026-03-16T11:41:20","modified_gmt":"2026-03-16T07:41:20","slug":"ls2-rapid-2","status":"publish","type":"product","link":"https:\/\/grandmoto.az\/en\/product\/ls2-rapid-2\/","title":{"rendered":"LS2 Rapid 2"},"content":{"rendered":"<p>Dizayn v\u0259 Material<\/p>\n<p>Xarici Qapaq (Shell): LS2 Rapid 2, HPTT (High Pressure Thermoplastic Technology) material\u0131ndan haz\u0131rlanm\u0131\u015f xarici qapa\u011fa sahibdir. Bu material h\u0259m y\u00fcng\u00fcl, h\u0259m d\u0259 z\u0259rb\u0259y\u0259 qar\u015f\u0131 y\u00fcks\u0259k davaml\u0131l\u0131q t\u0259min edir. D\u0259bilq\u0259nin xarici qapa\u011f\u0131 \u015fok udma x\u00fcsusiyy\u0259tin\u0259 malikdir v\u0259 s\u00fcr\u00fcc\u00fcy\u00fc qoruyur.<\/p>\n<p>Aerodinamik Dizayn: LS2 Rapid 2-nin aerodinamik strukturu, x\u00fcsusil\u0259 \u015f\u0259h\u0259r s\u00fcr\u00fc\u015fl\u0259ri v\u0259 g\u00fcnd\u0259lik istifad\u0259 \u00fc\u00e7\u00fcn uy\u011funla\u015fd\u0131r\u0131lm\u0131\u015fd\u0131r. Dizayn, s\u00fcr\u0259t\u0259 qar\u015f\u0131 m\u00fcqavim\u0259ti azaltma\u011fa k\u00f6m\u0259k edir v\u0259 s\u0259yah\u0259t zaman\u0131 daha az s\u0259s-k\u00fcy v\u0259 rahatl\u0131q t\u0259min edir.<\/p>\n<p>Ventilyasiya Sistemi<\/p>\n<p>Optimalla\u015fd\u0131r\u0131lm\u0131\u015f Ventilyasiya: LS2 Rapid 2-d\u0259 s\u0259rin hava d\u00f6vran\u0131 t\u0259min ed\u0259n qabaq v\u0259 arxa ventilyasiya d\u0259likl\u0259ri m\u00f6vcuddur. Hava kanallar\u0131 i\u00e7\u0259rid\u0259ki r\u00fctub\u0259t v\u0259 istiliyi t\u0259nziml\u0259y\u0259r\u0259k s\u00fcr\u00fcc\u00fcn\u00fcn ba\u015f\u0131n\u0131n daha soyuq v\u0259 rahat qalmas\u0131n\u0131 t\u0259min edir.<\/p>\n<p>Hava Kanallar\u0131: D\u0259bilq\u0259nin \u00f6n t\u0259r\u0259fd\u0259ki ventilyasiya d\u0259likl\u0259ri havan\u0131n daha yax\u015f\u0131 daxil olmas\u0131n\u0131 t\u0259min edir, arxa t\u0259r\u0259fd\u0259ki kanallar is\u0259 istinin effektiv \u015f\u0259kild\u0259 \u00e7\u0131xar\u0131lmas\u0131na k\u00f6m\u0259k edir. Bu sistem, x\u00fcsusil\u0259 isti havalarda rahatl\u0131q t\u0259min edir.<\/p>\n<p>\u0130\u00e7lik v\u0259 Komfort<\/p>\n<p>Yumu\u015faq v\u0259 N\u0259f\u0259s ala bil\u0259n \u0130\u00e7lik: LS2 Rapid 2-nin daxili hiss\u0259si, istifad\u0259\u00e7iy\u0259 rahatl\u0131q v\u0259 uy\u011funluq t\u0259klif ed\u0259n, n\u0259f\u0259s ala bil\u0259n materiallardan haz\u0131rlanm\u0131\u015fd\u0131r. \u0130\u00e7lik h\u0259m d\u0259 yumu\u015faqd\u0131r v\u0259 uzun m\u00fcdd\u0259t istifad\u0259d\u0259 bel\u0259 s\u00fcr\u00fcc\u00fcn\u00fcn rahatl\u0131\u011f\u0131n\u0131 art\u0131r\u0131r.<\/p>\n<p>Yuyula Bil\u0259n \u0130\u00e7lik: \u0130\u00e7likl\u0259r asanl\u0131qla \u00e7\u0131xar\u0131la v\u0259 yuyula bil\u0259r, bu da gigiyenik bax\u0131mdan \u00e7ox \u0259lveri\u015flidir v\u0259 uzun m\u00fcdd\u0259t t\u0259miz istifad\u0259ni t\u0259min edir.<\/p>\n<p>Antibakterial v\u0259 Antialerjenik: D\u0259bilq\u0259nin i\u00e7liyi h\u0259m\u00e7inin antibakterial materiallar il\u0259 i\u015fl\u0259nmi\u015fdir, bu da qoxular\u0131n qar\u015f\u0131s\u0131n\u0131 al\u0131r v\u0259 allergiyaya meylli \u015f\u0259xsl\u0259r \u00fc\u00e7\u00fcn daha uy\u011fun olmas\u0131n\u0131 t\u0259min edir.<\/p>\n<p>T\u0259hl\u00fck\u0259sizlik v\u0259 Qoruma<\/p>\n<p>CE Sertifikat\u0131: LS2 Rapid 2, CE (Conformit\u00e9 Europ\u00e9enne) sertifikat\u0131 il\u0259 t\u0259chiz olunub, bu da onu Avropadak\u0131 t\u0259hl\u00fck\u0259sizlik standartlar\u0131na uy\u011fun edir. Bu sertifikat, z\u0259rb\u0259y\u0259 qar\u015f\u0131 effektiv qoruma t\u0259min edir.<\/p>\n<p>Z\u0259rb\u0259 Udma Texnologiyas\u0131: D\u0259bilq\u0259nin xarici qapa\u011f\u0131, \u015fok v\u0259 z\u0259rb\u0259l\u0259ri udmaq \u00fc\u00e7\u00fcn x\u00fcsusi texnologiyaya malikdir. Bu x\u00fcsusiyy\u0259t t\u0259hl\u00fck\u0259sizlik bax\u0131m\u0131ndan \u00e7ox \u0259h\u0259miyy\u0259tlidir v\u0259 ba\u015f\u0131n qorunmas\u0131n\u0131 t\u0259min edir.<\/p>\n<p>B\u0259rk Qoruyucu Qab\u0131q: D\u0259bilq\u0259nin strukturunda ba\u015f\u0131 qoruyan \u0259lav\u0259 b\u0259rk materiallardan istifad\u0259 olunub. Bu, y\u00fcks\u0259k t\u0259hl\u00fck\u0259sizlik v\u0259 m\u00fck\u0259mm\u0259l qoruma t\u0259klif edir.<\/p>\n<p>Erqonomika v\u0259 Komfort<\/p>\n<p>Ba\u015f\u0131n Formas\u0131na Uy\u011fun Daxili Struktur: LS2 Rapid 2, s\u00fcr\u00fcc\u00fcn\u00fcn ba\u015f\u0131n\u0131n t\u0259bii formas\u0131na uy\u011fun olaraq dizayn edilmi\u015fdir, bu da daha yax\u015f\u0131 uy\u011funluq v\u0259 rahatl\u0131q t\u0259min edir.<\/p>\n<p>S\u0259s \u0130zolyasiyas\u0131: D\u0259bilq\u0259 aerodinamik dizayn\u0131 v\u0259 \u0259lav\u0259 s\u0259s izolyasiya qatlar\u0131 il\u0259 t\u0259chiz olunub, bel\u0259likl\u0259, s\u00fcr\u00fcc\u00fc y\u00fcks\u0259k s\u00fcr\u0259tl\u0259rd\u0259 bel\u0259, xarici s\u0259s-k\u00fcyl\u0259rd\u0259n daha az t\u0259sirl\u0259nir.<\/p>\n<p>Geni\u015f G\u00f6rm\u0259 Sah\u0259si: LS2 Rapid 2-nin geni\u015f vizoru s\u00fcr\u00fcc\u00fcy\u0259 daha yax\u015f\u0131 periferik g\u00f6rm\u0259 qabiliyy\u0259ti t\u0259qdim edir v\u0259 yol \u015f\u0259raitini daha ayd\u0131n g\u00f6rm\u0259k imkan\u0131 yarad\u0131r.<\/p>\n","protected":false},"excerpt":{"rendered":"<p>LS2 Rapid 2, LS2 brendinin populyar, praktik v\u0259 y\u00fcks\u0259k performansl\u0131 g\u00fcnd\u0259lik s\u00fcr\u00fc\u015fl\u0259r \u00fc\u00e7\u00fcn n\u0259z\u0259rd\u0259 tutdu\u011fu orta s\u0259viyy\u0259li d\u0259bilq\u0259 modelidir. LS2 Rapid 2, bundan \u0259vv\u0259l ki, Rapid modelinin t\u0259kmill\u0259\u015fdirilmi\u015f versiyas\u0131d\u0131r.<\/p>\n","protected":false},"featured_media":18087,"template":"","meta":{"_acf_changed":false},"product_cat":[127,90],"product_tag":[],"class_list":{"0":"post-18080","1":"product","2":"type-product","3":"status-publish","4":"has-post-thumbnail","6":"product_cat-full-face","7":"product_cat-helmets","9":"first","10":"instock","11":"shipping-taxable","12":"purchasable","13":"product-type-simple"},"acf":[],"yoast_head":"<!-- This site is optimized with the Yoast SEO Premium plugin v23.7 (Yoast SEO v24.1) - https:\/\/yoast.com\/wordpress\/plugins\/seo\/ -->\n<title>LS2 Rapid 2 - Grandmoto.az<\/title>\n<meta name=\"robots\" content=\"index, follow, max-snippet:-1, max-image-preview:large, max-video-preview:-1\" \/>\n<link rel=\"canonical\" href=\"https:\/\/grandmoto.az\/en\/product\/ls2-rapid-2\/\" \/>\n<meta property=\"og:locale\" content=\"en_US\" \/>\n<meta property=\"og:type\" content=\"article\" \/>\n<meta property=\"og:title\" content=\"LS2 Rapid 2\" \/>\n<meta property=\"og:description\" content=\"LS2 Rapid 2, LS2 brendinin populyar, praktik v\u0259 y\u00fcks\u0259k performansl\u0131 g\u00fcnd\u0259lik s\u00fcr\u00fc\u015fl\u0259r \u00fc\u00e7\u00fcn n\u0259z\u0259rd\u0259 tutdu\u011fu orta s\u0259viyy\u0259li d\u0259bilq\u0259 modelidir. LS2 Rapid 2, bundan \u0259vv\u0259l ki, Rapid modelinin t\u0259kmill\u0259\u015fdirilmi\u015f versiyas\u0131d\u0131r.\" \/>\n<meta property=\"og:url\" content=\"https:\/\/grandmoto.az\/en\/product\/ls2-rapid-2\/\" \/>\n<meta property=\"og:site_name\" content=\"Grandmoto.az\" \/>\n<meta property=\"article:modified_time\" content=\"2026-03-16T07:41:20+00:00\" \/>\n<meta property=\"og:image\" content=\"https:\/\/grandmoto.az\/wp-content\/uploads\/2024\/11\/163531011img_web800.jpg\" \/>\n\t<meta property=\"og:image:width\" content=\"800\" \/>\n\t<meta property=\"og:image:height\" content=\"800\" \/>\n\t<meta property=\"og:image:type\" content=\"image\/jpeg\" \/>\n<meta name=\"twitter:card\" content=\"summary_large_image\" \/>\n<meta name=\"twitter:label1\" content=\"Est. reading time\" \/>\n\t<meta name=\"twitter:data1\" content=\"3 minutes\" \/>\n<script type=\"application\/ld+json\" class=\"yoast-schema-graph\">{\"@context\":\"https:\/\/schema.org\",\"@graph\":[{\"@type\":\"WebPage\",\"@id\":\"https:\/\/grandmoto.az\/en\/product\/ls2-rapid-2\/\",\"url\":\"https:\/\/grandmoto.az\/en\/product\/ls2-rapid-2\/\",\"name\":\"LS2 Rapid 2 - Grandmoto.az\",\"isPartOf\":{\"@id\":\"https:\/\/grandmoto.az\/en\/#website\"},\"primaryImageOfPage\":{\"@id\":\"https:\/\/grandmoto.az\/en\/product\/ls2-rapid-2\/#primaryimage\"},\"image\":{\"@id\":\"https:\/\/grandmoto.az\/en\/product\/ls2-rapid-2\/#primaryimage\"},\"thumbnailUrl\":\"https:\/\/grandmoto.az\/wp-content\/uploads\/2024\/11\/163531011img_web800.jpg\",\"datePublished\":\"2024-11-16T07:54:33+00:00\",\"dateModified\":\"2026-03-16T07:41:20+00:00\",\"breadcrumb\":{\"@id\":\"https:\/\/grandmoto.az\/en\/product\/ls2-rapid-2\/#breadcrumb\"},\"inLanguage\":\"en-US\",\"potentialAction\":[{\"@type\":\"ReadAction\",\"target\":[\"https:\/\/grandmoto.az\/en\/product\/ls2-rapid-2\/\"]}]},{\"@type\":\"ImageObject\",\"inLanguage\":\"en-US\",\"@id\":\"https:\/\/grandmoto.az\/en\/product\/ls2-rapid-2\/#primaryimage\",\"url\":\"https:\/\/grandmoto.az\/wp-content\/uploads\/2024\/11\/163531011img_web800.jpg\",\"contentUrl\":\"https:\/\/grandmoto.az\/wp-content\/uploads\/2024\/11\/163531011img_web800.jpg\",\"width\":800,\"height\":800},{\"@type\":\"BreadcrumbList\",\"@id\":\"https:\/\/grandmoto.az\/en\/product\/ls2-rapid-2\/#breadcrumb\",\"itemListElement\":[{\"@type\":\"ListItem\",\"position\":1,\"name\":\"Ana s\u0259hif\u0259\",\"item\":\"https:\/\/grandmoto.az\/en\/\"},{\"@type\":\"ListItem\",\"position\":2,\"name\":\"Shop\",\"item\":\"https:\/\/grandmoto.az\/shop\/\"},{\"@type\":\"ListItem\",\"position\":3,\"name\":\"LS2 Rapid 2\"}]},{\"@type\":\"WebSite\",\"@id\":\"https:\/\/grandmoto.az\/en\/#website\",\"url\":\"https:\/\/grandmoto.az\/en\/\",\"name\":\"Grandmoto.az\",\"description\":\"Grandmoto.az\",\"publisher\":{\"@id\":\"https:\/\/grandmoto.az\/en\/#organization\"},\"potentialAction\":[{\"@type\":\"SearchAction\",\"target\":{\"@type\":\"EntryPoint\",\"urlTemplate\":\"https:\/\/grandmoto.az\/en\/?s={search_term_string}\"},\"query-input\":{\"@type\":\"PropertyValueSpecification\",\"valueRequired\":true,\"valueName\":\"search_term_string\"}}],\"inLanguage\":\"en-US\"},{\"@type\":\"Organization\",\"@id\":\"https:\/\/grandmoto.az\/en\/#organization\",\"name\":\"Grandmoto\",\"url\":\"https:\/\/grandmoto.az\/en\/\",\"logo\":{\"@type\":\"ImageObject\",\"inLanguage\":\"en-US\",\"@id\":\"https:\/\/grandmoto.az\/en\/#\/schema\/logo\/image\/\",\"url\":\"https:\/\/grandmoto.az\/wp-content\/uploads\/2024\/09\/Grandmoto-Service-Logo.png\",\"contentUrl\":\"https:\/\/grandmoto.az\/wp-content\/uploads\/2024\/09\/Grandmoto-Service-Logo.png\",\"width\":1418,\"height\":495,\"caption\":\"Grandmoto\"},\"image\":{\"@id\":\"https:\/\/grandmoto.az\/en\/#\/schema\/logo\/image\/\"}}]}<\/script>\n<!-- \/ Yoast SEO Premium plugin. -->","yoast_head_json":{"title":"LS2 Rapid 2 - Grandmoto.az","robots":{"index":"index","follow":"follow","max-snippet":"max-snippet:-1","max-image-preview":"max-image-preview:large","max-video-preview":"max-video-preview:-1"},"canonical":"https:\/\/grandmoto.az\/en\/product\/ls2-rapid-2\/","og_locale":"en_US","og_type":"article","og_title":"LS2 Rapid 2","og_description":"LS2 Rapid 2, LS2 brendinin populyar, praktik v\u0259 y\u00fcks\u0259k performansl\u0131 g\u00fcnd\u0259lik s\u00fcr\u00fc\u015fl\u0259r \u00fc\u00e7\u00fcn n\u0259z\u0259rd\u0259 tutdu\u011fu orta s\u0259viyy\u0259li d\u0259bilq\u0259 modelidir. LS2 Rapid 2, bundan \u0259vv\u0259l ki, Rapid modelinin t\u0259kmill\u0259\u015fdirilmi\u015f versiyas\u0131d\u0131r.","og_url":"https:\/\/grandmoto.az\/en\/product\/ls2-rapid-2\/","og_site_name":"Grandmoto.az","article_modified_time":"2026-03-16T07:41:20+00:00","og_image":[{"width":800,"height":800,"url":"https:\/\/grandmoto.az\/wp-content\/uploads\/2024\/11\/163531011img_web800.jpg","type":"image\/jpeg"}],"twitter_card":"summary_large_image","twitter_misc":{"Est. reading time":"3 minutes"},"schema":{"@context":"https:\/\/schema.org","@graph":[{"@type":"WebPage","@id":"https:\/\/grandmoto.az\/en\/product\/ls2-rapid-2\/","url":"https:\/\/grandmoto.az\/en\/product\/ls2-rapid-2\/","name":"LS2 Rapid 2 - Grandmoto.az","isPartOf":{"@id":"https:\/\/grandmoto.az\/en\/#website"},"primaryImageOfPage":{"@id":"https:\/\/grandmoto.az\/en\/product\/ls2-rapid-2\/#primaryimage"},"image":{"@id":"https:\/\/grandmoto.az\/en\/product\/ls2-rapid-2\/#primaryimage"},"thumbnailUrl":"https:\/\/grandmoto.az\/wp-content\/uploads\/2024\/11\/163531011img_web800.jpg","datePublished":"2024-11-16T07:54:33+00:00","dateModified":"2026-03-16T07:41:20+00:00","breadcrumb":{"@id":"https:\/\/grandmoto.az\/en\/product\/ls2-rapid-2\/#breadcrumb"},"inLanguage":"en-US","potentialAction":[{"@type":"ReadAction","target":["https:\/\/grandmoto.az\/en\/product\/ls2-rapid-2\/"]}]},{"@type":"ImageObject","inLanguage":"en-US","@id":"https:\/\/grandmoto.az\/en\/product\/ls2-rapid-2\/#primaryimage","url":"https:\/\/grandmoto.az\/wp-content\/uploads\/2024\/11\/163531011img_web800.jpg","contentUrl":"https:\/\/grandmoto.az\/wp-content\/uploads\/2024\/11\/163531011img_web800.jpg","width":800,"height":800},{"@type":"BreadcrumbList","@id":"https:\/\/grandmoto.az\/en\/product\/ls2-rapid-2\/#breadcrumb","itemListElement":[{"@type":"ListItem","position":1,"name":"Ana s\u0259hif\u0259","item":"https:\/\/grandmoto.az\/en\/"},{"@type":"ListItem","position":2,"name":"Shop","item":"https:\/\/grandmoto.az\/shop\/"},{"@type":"ListItem","position":3,"name":"LS2 Rapid 2"}]},{"@type":"WebSite","@id":"https:\/\/grandmoto.az\/en\/#website","url":"https:\/\/grandmoto.az\/en\/","name":"Grandmoto.az","description":"Grandmoto.az","publisher":{"@id":"https:\/\/grandmoto.az\/en\/#organization"},"potentialAction":[{"@type":"SearchAction","target":{"@type":"EntryPoint","urlTemplate":"https:\/\/grandmoto.az\/en\/?s={search_term_string}"},"query-input":{"@type":"PropertyValueSpecification","valueRequired":true,"valueName":"search_term_string"}}],"inLanguage":"en-US"},{"@type":"Organization","@id":"https:\/\/grandmoto.az\/en\/#organization","name":"Grandmoto","url":"https:\/\/grandmoto.az\/en\/","logo":{"@type":"ImageObject","inLanguage":"en-US","@id":"https:\/\/grandmoto.az\/en\/#\/schema\/logo\/image\/","url":"https:\/\/grandmoto.az\/wp-content\/uploads\/2024\/09\/Grandmoto-Service-Logo.png","contentUrl":"https:\/\/grandmoto.az\/wp-content\/uploads\/2024\/09\/Grandmoto-Service-Logo.png","width":1418,"height":495,"caption":"Grandmoto"},"image":{"@id":"https:\/\/grandmoto.az\/en\/#\/schema\/logo\/image\/"}}]}},"_links":{"self":[{"href":"https:\/\/grandmoto.az\/en\/wp-json\/wp\/v2\/product\/18080","targetHints":{"allow":["GET"]}}],"collection":[{"href":"https:\/\/grandmoto.az\/en\/wp-json\/wp\/v2\/product"}],"about":[{"href":"https:\/\/grandmoto.az\/en\/wp-json\/wp\/v2\/types\/product"}],"version-history":[{"count":1,"href":"https:\/\/grandmoto.az\/en\/wp-json\/wp\/v2\/product\/18080\/revisions"}],"predecessor-version":[{"id":18089,"href":"https:\/\/grandmoto.az\/en\/wp-json\/wp\/v2\/product\/18080\/revisions\/18089"}],"wp:featuredmedia":[{"embeddable":true,"href":"https:\/\/grandmoto.az\/en\/wp-json\/wp\/v2\/media\/18087"}],"wp:attachment":[{"href":"https:\/\/grandmoto.az\/en\/wp-json\/wp\/v2\/media?parent=18080"}],"wp:term":[{"taxonomy":"product_cat","embeddable":true,"href":"https:\/\/grandmoto.az\/en\/wp-json\/wp\/v2\/product_cat?post=18080"},{"taxonomy":"product_tag","embeddable":true,"href":"https:\/\/grandmoto.az\/en\/wp-json\/wp\/v2\/product_tag?post=18080"}],"curies":[{"name":"wp","href":"https:\/\/api.w.org\/{rel}","templated":true}]}}