{"id":18124,"date":"2024-11-16T13:06:55","date_gmt":"2024-11-16T09:06:55","guid":{"rendered":"https:\/\/grandmoto.az\/?post_type=product&#038;p=18124"},"modified":"2024-11-16T13:06:56","modified_gmt":"2024-11-16T09:06:56","slug":"ls2-advant","status":"publish","type":"product","link":"https:\/\/grandmoto.az\/en\/product\/ls2-advant\/","title":{"rendered":"LS2 Advant"},"content":{"rendered":"<p>Dizayn v\u0259 Material<\/p>\n<p>Xarici Qapaq (Shell): LS2 Advant modelinin xarici qapa\u011f\u0131 HPTT (High Pressure Thermoplastic Technology) material\u0131ndan haz\u0131rlan\u0131r. Bu material h\u0259m y\u00fcng\u00fcl, h\u0259m d\u0259 y\u00fcks\u0259k dayan\u0131ql\u0131d\u0131r, buna g\u00f6r\u0259 d\u0259 d\u0259bilq\u0259 \u015fok v\u0259 z\u0259rb\u0259l\u0259r\u0259 qar\u015f\u0131 y\u00fcks\u0259k m\u00fcqavim\u0259t g\u00f6st\u0259rir. D\u0259bilq\u0259nin y\u00fcks\u0259k t\u0259hl\u00fck\u0259sizlik s\u0259viyy\u0259si onun g\u00fccl\u00fc v\u0259 davaml\u0131 strukturunu t\u0259min edir.<\/p>\n<p>D\u0259yi\u015f\u0259n Dizayn: LS2 Advant-d\u0259 \u00e7oxfunksiyal\u0131 bir dizayn m\u00f6vcuddur. Bu model, h\u0259m a\u00e7\u0131q, h\u0259m d\u0259 tam qapal\u0131 versiyada istifad\u0259 oluna bil\u0259r. \u0130stifad\u0259\u00e7i, daha s\u0259rb\u0259st hava ax\u0131n\u0131 t\u0259min etm\u0259k \u00fc\u00e7\u00fcn d\u0259bilq\u0259nin \u00e7\u0259n\u0259 qoruyucu hiss\u0259sini \u00e7\u0131xara bil\u0259r (modulyar dizayn). Bu x\u00fcsusiyy\u0259t, h\u0259m \u015f\u0259h\u0259r i\u00e7i s\u00fcr\u00fc\u015fl\u0259rd\u0259, h\u0259m d\u0259 uzun yol s\u0259yah\u0259tl\u0259rind\u0259 rahatl\u0131q t\u0259qdim edir.<\/p>\n<p>Ventilyasiya Sistemi<\/p>\n<p>Effektiv Hava D\u00f6vran\u0131: LS2 Advant, s\u0259yah\u0259t v\u0259 turlar zaman\u0131 istinin v\u0259 r\u00fctub\u0259tin artmamas\u0131 \u00fc\u00e7\u00fcn \u00e7oxsayl\u0131 ventilyasiya kanallar\u0131 il\u0259 t\u0259chiz olunub. D\u0259bilq\u0259nin qabaq, \u00fcst v\u0259 arxa hiss\u0259sind\u0259ki ventilyasiya d\u0259likl\u0259ri s\u0259rin havan\u0131n ba\u015fa daxil olmas\u0131n\u0131 t\u0259min edir, isti havan\u0131n is\u0259 \u00e7\u0131xar\u0131lmas\u0131na k\u00f6m\u0259k edir. Bu x\u00fcsusiyy\u0259t uzun s\u0259yah\u0259tl\u0259rd\u0259 s\u00fcr\u00fcc\u00fcn\u00fcn rahatl\u0131\u011f\u0131n\u0131 art\u0131r\u0131r.<\/p>\n<p>Dinamik Hava Sistemi: D\u0259bilq\u0259 h\u0259m \u015f\u0259h\u0259r, h\u0259m d\u0259 off-road s\u00fcr\u00fc\u015fl\u0259ri \u00fc\u00e7\u00fcn ideal olan dinamik hava d\u00f6vran\u0131 t\u0259min edir, bel\u0259likl\u0259, istifad\u0259\u00e7i h\u0259tta isti v\u0259 r\u00fctub\u0259tli hava \u015f\u0259raitind\u0259 bel\u0259 t\u0259r v\u0259 narahatl\u0131q hiss etm\u0259z.<\/p>\n<p>\u0130\u00e7lik v\u0259 Komfort<\/p>\n<p>Yumu\u015faq v\u0259 N\u0259f\u0259s ala bil\u0259n \u0130\u00e7lik: LS2 Advant-in daxili hiss\u0259si, yumu\u015faq, rahat v\u0259 n\u0259f\u0259s ala bil\u0259n materiallardan haz\u0131rlanm\u0131\u015fd\u0131r. Bu i\u00e7lik, uzun m\u00fcdd\u0259t s\u00fcr\u00fc\u015fl\u0259rd\u0259 rahatl\u0131q t\u0259min etm\u0259k \u00fc\u00e7\u00fcn n\u0259z\u0259rd\u0259 tutulmu\u015fdur. \u0130\u00e7lik h\u0259m d\u0259 asanl\u0131qla \u00e7\u0131xar\u0131la v\u0259 yuyula bil\u0259r, bu da gigiyenik bax\u0131mdan \u00e7ox \u0259lveri\u015flidir.<\/p>\n<p>Antibakterial v\u0259 Antialerjenik: \u0130\u00e7likl\u0259rd\u0259 antibakterial x\u00fcsusiyy\u0259tl\u0259r m\u00f6vcuddur, bu da qoxular\u0131n qar\u015f\u0131s\u0131n\u0131 al\u0131r v\u0259 uzun m\u00fcdd\u0259t t\u0259miz qalmas\u0131n\u0131 t\u0259min edir. Bu x\u00fcsusiyy\u0259t h\u0259m\u00e7inin allergiyaya meylli olan s\u00fcr\u00fcc\u00fcl\u0259r \u00fc\u00e7\u00fcn \u0259lveri\u015flidir.<\/p>\n<p>Ba\u015f\u0131n Formas\u0131na Uy\u011fun: D\u0259bilq\u0259 i\u00e7\u0259risind\u0259ki daxili struktur, ba\u015f\u0131n t\u0259bii formas\u0131na uy\u011funla\u015fd\u0131r\u0131lm\u0131\u015fd\u0131r. Bu, daha yax\u015f\u0131 uy\u011funluq v\u0259 uzun m\u00fcdd\u0259t istifad\u0259 \u00fc\u00e7\u00fcn daha \u00e7ox komfort t\u0259min edir.<\/p>\n<p>Erqonomika v\u0259 S\u0259s \u0130zolyasiyas\u0131<\/p>\n<p>S\u0259s \u0130zolyasiyas\u0131: LS2 Advant, y\u00fcks\u0259k s\u00fcr\u0259tl\u0259rd\u0259 bel\u0259 xarici s\u0259s-k\u00fcyl\u0259ri minimuma endirm\u0259k \u00fc\u00e7\u00fcn optimalla\u015fd\u0131r\u0131lm\u0131\u015f aerodinamik dizayna malikdir. Bu x\u00fcsusiyy\u0259t uzun s\u00fcr\u00fc\u015fl\u0259rd\u0259 s\u0259s-k\u00fcyd\u0259n dolay\u0131 yor\u011funlu\u011fu azald\u0131r.<\/p>\n<p>Hava Ax\u0131n\u0131 v\u0259 Komfort: D\u0259bilq\u0259, hava d\u00f6vran\u0131n\u0131n d\u00fczg\u00fcn \u015f\u0259kild\u0259 t\u0259nziml\u0259nm\u0259sini t\u0259min ed\u0259r\u0259k s\u00fcr\u00fcc\u00fcn\u00fcn komfortunu art\u0131r\u0131r. Bu x\u00fcsusiyy\u0259t isti v\u0259 r\u00fctub\u0259tli \u015f\u0259raitd\u0259 daha az narahatl\u0131q yarad\u0131r.<\/p>\n","protected":false},"excerpt":{"rendered":"<p>LS2 Advant modeli, LS2 brendinin turizm motocross (adventure) d\u0259bilq\u0259l\u0259ri seriyas\u0131na daxil olan, \u00e7ox y\u00f6nl\u00fc v\u0259 y\u00fcks\u0259k performansl\u0131 modeldir. Bu model x\u00fcsusil\u0259 uzun m\u0259saf\u0259li s\u0259yah\u0259tl\u0259r v\u0259 m\u00fcxt\u0259lif hava \u015f\u0259raitind\u0259 s\u00fcr\u00fc\u015f \u00fc\u00e7\u00fcn n\u0259z\u0259rd\u0259 tutulmu\u015fdur. LS2 Advant, h\u0259m \u015f\u0259h\u0259r i\u00e7i, h\u0259m d\u0259 uzun m\u0259saf\u0259li s\u00fcr\u00fc\u015fl\u0259rd\u0259 istifad\u0259 \u00fc\u00e7\u00fcn ideal olan x\u00fcsusiyy\u0259tl\u0259r\u0259 malikdir v\u0259 s\u00fcr\u00fcc\u00fcn\u00fcn h\u0259r iki \u015f\u0259raitd\u0259 d\u0259 rahat v\u0259 t\u0259hl\u00fck\u0259siz s\u00fcr\u00fc\u015f\u00fcn\u00fc t\u0259min edir.<\/p>\n","protected":false},"featured_media":18129,"template":"","meta":{"_acf_changed":false},"product_cat":[90,128],"product_tag":[],"class_list":{"0":"post-18124","1":"product","2":"type-product","3":"status-publish","4":"has-post-thumbnail","6":"product_cat-helmets","7":"product_cat-modular","9":"first","10":"instock","11":"shipping-taxable","12":"purchasable","13":"product-type-simple"},"acf":[],"yoast_head":"<!-- This site is optimized with the Yoast SEO Premium plugin v23.7 (Yoast SEO v24.1) - https:\/\/yoast.com\/wordpress\/plugins\/seo\/ -->\n<title>LS2 Advant - Grandmoto.az<\/title>\n<meta name=\"robots\" content=\"index, follow, max-snippet:-1, max-image-preview:large, max-video-preview:-1\" \/>\n<link rel=\"canonical\" href=\"https:\/\/grandmoto.az\/en\/product\/ls2-advant\/\" \/>\n<meta property=\"og:locale\" content=\"en_US\" \/>\n<meta property=\"og:type\" content=\"article\" \/>\n<meta property=\"og:title\" content=\"LS2 Advant\" \/>\n<meta property=\"og:description\" content=\"LS2 Advant modeli, LS2 brendinin turizm motocross (adventure) d\u0259bilq\u0259l\u0259ri seriyas\u0131na daxil olan, \u00e7ox y\u00f6nl\u00fc v\u0259 y\u00fcks\u0259k performansl\u0131 modeldir. Bu model x\u00fcsusil\u0259 uzun m\u0259saf\u0259li s\u0259yah\u0259tl\u0259r v\u0259 m\u00fcxt\u0259lif hava \u015f\u0259raitind\u0259 s\u00fcr\u00fc\u015f \u00fc\u00e7\u00fcn n\u0259z\u0259rd\u0259 tutulmu\u015fdur. LS2 Advant, h\u0259m \u015f\u0259h\u0259r i\u00e7i, h\u0259m d\u0259 uzun m\u0259saf\u0259li s\u00fcr\u00fc\u015fl\u0259rd\u0259 istifad\u0259 \u00fc\u00e7\u00fcn ideal olan x\u00fcsusiyy\u0259tl\u0259r\u0259 malikdir v\u0259 s\u00fcr\u00fcc\u00fcn\u00fcn h\u0259r iki \u015f\u0259raitd\u0259 d\u0259 rahat v\u0259 t\u0259hl\u00fck\u0259siz s\u00fcr\u00fc\u015f\u00fcn\u00fc t\u0259min edir.\" \/>\n<meta property=\"og:url\" content=\"https:\/\/grandmoto.az\/en\/product\/ls2-advant\/\" \/>\n<meta property=\"og:site_name\" content=\"Grandmoto.az\" \/>\n<meta property=\"article:modified_time\" content=\"2024-11-16T09:06:56+00:00\" \/>\n<meta property=\"og:image\" content=\"https:\/\/grandmoto.az\/wp-content\/uploads\/2024\/11\/569061011img_web800.jpg\" \/>\n\t<meta property=\"og:image:width\" content=\"800\" \/>\n\t<meta property=\"og:image:height\" content=\"800\" \/>\n\t<meta property=\"og:image:type\" content=\"image\/jpeg\" \/>\n<meta name=\"twitter:card\" content=\"summary_large_image\" \/>\n<meta name=\"twitter:label1\" content=\"Est. reading time\" \/>\n\t<meta name=\"twitter:data1\" content=\"1 minute\" \/>\n<script type=\"application\/ld+json\" class=\"yoast-schema-graph\">{\"@context\":\"https:\/\/schema.org\",\"@graph\":[{\"@type\":\"WebPage\",\"@id\":\"https:\/\/grandmoto.az\/en\/product\/ls2-advant\/\",\"url\":\"https:\/\/grandmoto.az\/en\/product\/ls2-advant\/\",\"name\":\"LS2 Advant - Grandmoto.az\",\"isPartOf\":{\"@id\":\"https:\/\/grandmoto.az\/en\/#website\"},\"primaryImageOfPage\":{\"@id\":\"https:\/\/grandmoto.az\/en\/product\/ls2-advant\/#primaryimage\"},\"image\":{\"@id\":\"https:\/\/grandmoto.az\/en\/product\/ls2-advant\/#primaryimage\"},\"thumbnailUrl\":\"https:\/\/grandmoto.az\/wp-content\/uploads\/2024\/11\/569061011img_web800.jpg\",\"datePublished\":\"2024-11-16T09:06:55+00:00\",\"dateModified\":\"2024-11-16T09:06:56+00:00\",\"breadcrumb\":{\"@id\":\"https:\/\/grandmoto.az\/en\/product\/ls2-advant\/#breadcrumb\"},\"inLanguage\":\"en-US\",\"potentialAction\":[{\"@type\":\"ReadAction\",\"target\":[\"https:\/\/grandmoto.az\/en\/product\/ls2-advant\/\"]}]},{\"@type\":\"ImageObject\",\"inLanguage\":\"en-US\",\"@id\":\"https:\/\/grandmoto.az\/en\/product\/ls2-advant\/#primaryimage\",\"url\":\"https:\/\/grandmoto.az\/wp-content\/uploads\/2024\/11\/569061011img_web800.jpg\",\"contentUrl\":\"https:\/\/grandmoto.az\/wp-content\/uploads\/2024\/11\/569061011img_web800.jpg\",\"width\":800,\"height\":800},{\"@type\":\"BreadcrumbList\",\"@id\":\"https:\/\/grandmoto.az\/en\/product\/ls2-advant\/#breadcrumb\",\"itemListElement\":[{\"@type\":\"ListItem\",\"position\":1,\"name\":\"Ana s\u0259hif\u0259\",\"item\":\"https:\/\/grandmoto.az\/en\/\"},{\"@type\":\"ListItem\",\"position\":2,\"name\":\"Shop\",\"item\":\"https:\/\/grandmoto.az\/shop\/\"},{\"@type\":\"ListItem\",\"position\":3,\"name\":\"LS2 Advant\"}]},{\"@type\":\"WebSite\",\"@id\":\"https:\/\/grandmoto.az\/en\/#website\",\"url\":\"https:\/\/grandmoto.az\/en\/\",\"name\":\"Grandmoto.az\",\"description\":\"Grandmoto.az\",\"publisher\":{\"@id\":\"https:\/\/grandmoto.az\/en\/#organization\"},\"potentialAction\":[{\"@type\":\"SearchAction\",\"target\":{\"@type\":\"EntryPoint\",\"urlTemplate\":\"https:\/\/grandmoto.az\/en\/?s={search_term_string}\"},\"query-input\":{\"@type\":\"PropertyValueSpecification\",\"valueRequired\":true,\"valueName\":\"search_term_string\"}}],\"inLanguage\":\"en-US\"},{\"@type\":\"Organization\",\"@id\":\"https:\/\/grandmoto.az\/en\/#organization\",\"name\":\"Grandmoto\",\"url\":\"https:\/\/grandmoto.az\/en\/\",\"logo\":{\"@type\":\"ImageObject\",\"inLanguage\":\"en-US\",\"@id\":\"https:\/\/grandmoto.az\/en\/#\/schema\/logo\/image\/\",\"url\":\"https:\/\/grandmoto.az\/wp-content\/uploads\/2024\/09\/Grandmoto-Service-Logo.png\",\"contentUrl\":\"https:\/\/grandmoto.az\/wp-content\/uploads\/2024\/09\/Grandmoto-Service-Logo.png\",\"width\":1418,\"height\":495,\"caption\":\"Grandmoto\"},\"image\":{\"@id\":\"https:\/\/grandmoto.az\/en\/#\/schema\/logo\/image\/\"}}]}<\/script>\n<!-- \/ Yoast SEO Premium plugin. -->","yoast_head_json":{"title":"LS2 Advant - Grandmoto.az","robots":{"index":"index","follow":"follow","max-snippet":"max-snippet:-1","max-image-preview":"max-image-preview:large","max-video-preview":"max-video-preview:-1"},"canonical":"https:\/\/grandmoto.az\/en\/product\/ls2-advant\/","og_locale":"en_US","og_type":"article","og_title":"LS2 Advant","og_description":"LS2 Advant modeli, LS2 brendinin turizm motocross (adventure) d\u0259bilq\u0259l\u0259ri seriyas\u0131na daxil olan, \u00e7ox y\u00f6nl\u00fc v\u0259 y\u00fcks\u0259k performansl\u0131 modeldir. Bu model x\u00fcsusil\u0259 uzun m\u0259saf\u0259li s\u0259yah\u0259tl\u0259r v\u0259 m\u00fcxt\u0259lif hava \u015f\u0259raitind\u0259 s\u00fcr\u00fc\u015f \u00fc\u00e7\u00fcn n\u0259z\u0259rd\u0259 tutulmu\u015fdur. LS2 Advant, h\u0259m \u015f\u0259h\u0259r i\u00e7i, h\u0259m d\u0259 uzun m\u0259saf\u0259li s\u00fcr\u00fc\u015fl\u0259rd\u0259 istifad\u0259 \u00fc\u00e7\u00fcn ideal olan x\u00fcsusiyy\u0259tl\u0259r\u0259 malikdir v\u0259 s\u00fcr\u00fcc\u00fcn\u00fcn h\u0259r iki \u015f\u0259raitd\u0259 d\u0259 rahat v\u0259 t\u0259hl\u00fck\u0259siz s\u00fcr\u00fc\u015f\u00fcn\u00fc t\u0259min edir.","og_url":"https:\/\/grandmoto.az\/en\/product\/ls2-advant\/","og_site_name":"Grandmoto.az","article_modified_time":"2024-11-16T09:06:56+00:00","og_image":[{"width":800,"height":800,"url":"https:\/\/grandmoto.az\/wp-content\/uploads\/2024\/11\/569061011img_web800.jpg","type":"image\/jpeg"}],"twitter_card":"summary_large_image","twitter_misc":{"Est. reading time":"1 minute"},"schema":{"@context":"https:\/\/schema.org","@graph":[{"@type":"WebPage","@id":"https:\/\/grandmoto.az\/en\/product\/ls2-advant\/","url":"https:\/\/grandmoto.az\/en\/product\/ls2-advant\/","name":"LS2 Advant - Grandmoto.az","isPartOf":{"@id":"https:\/\/grandmoto.az\/en\/#website"},"primaryImageOfPage":{"@id":"https:\/\/grandmoto.az\/en\/product\/ls2-advant\/#primaryimage"},"image":{"@id":"https:\/\/grandmoto.az\/en\/product\/ls2-advant\/#primaryimage"},"thumbnailUrl":"https:\/\/grandmoto.az\/wp-content\/uploads\/2024\/11\/569061011img_web800.jpg","datePublished":"2024-11-16T09:06:55+00:00","dateModified":"2024-11-16T09:06:56+00:00","breadcrumb":{"@id":"https:\/\/grandmoto.az\/en\/product\/ls2-advant\/#breadcrumb"},"inLanguage":"en-US","potentialAction":[{"@type":"ReadAction","target":["https:\/\/grandmoto.az\/en\/product\/ls2-advant\/"]}]},{"@type":"ImageObject","inLanguage":"en-US","@id":"https:\/\/grandmoto.az\/en\/product\/ls2-advant\/#primaryimage","url":"https:\/\/grandmoto.az\/wp-content\/uploads\/2024\/11\/569061011img_web800.jpg","contentUrl":"https:\/\/grandmoto.az\/wp-content\/uploads\/2024\/11\/569061011img_web800.jpg","width":800,"height":800},{"@type":"BreadcrumbList","@id":"https:\/\/grandmoto.az\/en\/product\/ls2-advant\/#breadcrumb","itemListElement":[{"@type":"ListItem","position":1,"name":"Ana s\u0259hif\u0259","item":"https:\/\/grandmoto.az\/en\/"},{"@type":"ListItem","position":2,"name":"Shop","item":"https:\/\/grandmoto.az\/shop\/"},{"@type":"ListItem","position":3,"name":"LS2 Advant"}]},{"@type":"WebSite","@id":"https:\/\/grandmoto.az\/en\/#website","url":"https:\/\/grandmoto.az\/en\/","name":"Grandmoto.az","description":"Grandmoto.az","publisher":{"@id":"https:\/\/grandmoto.az\/en\/#organization"},"potentialAction":[{"@type":"SearchAction","target":{"@type":"EntryPoint","urlTemplate":"https:\/\/grandmoto.az\/en\/?s={search_term_string}"},"query-input":{"@type":"PropertyValueSpecification","valueRequired":true,"valueName":"search_term_string"}}],"inLanguage":"en-US"},{"@type":"Organization","@id":"https:\/\/grandmoto.az\/en\/#organization","name":"Grandmoto","url":"https:\/\/grandmoto.az\/en\/","logo":{"@type":"ImageObject","inLanguage":"en-US","@id":"https:\/\/grandmoto.az\/en\/#\/schema\/logo\/image\/","url":"https:\/\/grandmoto.az\/wp-content\/uploads\/2024\/09\/Grandmoto-Service-Logo.png","contentUrl":"https:\/\/grandmoto.az\/wp-content\/uploads\/2024\/09\/Grandmoto-Service-Logo.png","width":1418,"height":495,"caption":"Grandmoto"},"image":{"@id":"https:\/\/grandmoto.az\/en\/#\/schema\/logo\/image\/"}}]}},"_links":{"self":[{"href":"https:\/\/grandmoto.az\/en\/wp-json\/wp\/v2\/product\/18124","targetHints":{"allow":["GET"]}}],"collection":[{"href":"https:\/\/grandmoto.az\/en\/wp-json\/wp\/v2\/product"}],"about":[{"href":"https:\/\/grandmoto.az\/en\/wp-json\/wp\/v2\/types\/product"}],"version-history":[{"count":1,"href":"https:\/\/grandmoto.az\/en\/wp-json\/wp\/v2\/product\/18124\/revisions"}],"predecessor-version":[{"id":18131,"href":"https:\/\/grandmoto.az\/en\/wp-json\/wp\/v2\/product\/18124\/revisions\/18131"}],"wp:featuredmedia":[{"embeddable":true,"href":"https:\/\/grandmoto.az\/en\/wp-json\/wp\/v2\/media\/18129"}],"wp:attachment":[{"href":"https:\/\/grandmoto.az\/en\/wp-json\/wp\/v2\/media?parent=18124"}],"wp:term":[{"taxonomy":"product_cat","embeddable":true,"href":"https:\/\/grandmoto.az\/en\/wp-json\/wp\/v2\/product_cat?post=18124"},{"taxonomy":"product_tag","embeddable":true,"href":"https:\/\/grandmoto.az\/en\/wp-json\/wp\/v2\/product_tag?post=18124"}],"curies":[{"name":"wp","href":"https:\/\/api.w.org\/{rel}","templated":true}]}}