{"id":18294,"date":"2024-11-18T14:34:24","date_gmt":"2024-11-18T10:34:24","guid":{"rendered":"https:\/\/grandmoto.az\/?post_type=product&#038;p=18294"},"modified":"2024-11-18T14:34:27","modified_gmt":"2024-11-18T10:34:27","slug":"ls2-pionner-evo-2","status":"publish","type":"product","link":"https:\/\/grandmoto.az\/en\/product\/ls2-pionner-evo-2\/","title":{"rendered":"LS2 Pionner Evo"},"content":{"rendered":"<p>Qab\u0131q Material\u0131: LS2 Pioneer Evo, y\u00fcks\u0259k dayan\u0131ql\u0131 v\u0259 y\u00fcng\u00fcl Karbona v\u0259 ya Lexan (polikarbonat) material\u0131ndan istehsal edilir. Karbonun istifad\u0259si, d\u0259bilq\u0259ni \u00e7ox y\u00fcng\u00fcl v\u0259 y\u00fcks\u0259k z\u0259rb\u0259y\u0259 davaml\u0131 edir. Polikarbonat is\u0259 d\u0259bilq\u0259nin daha s\u0259rt v\u0259 m\u00f6hk\u0259m olmas\u0131na k\u00f6m\u0259k edir.<\/p>\n<p>\u00c7oxqatl\u0131 EPS: D\u0259bilq\u0259 i\u00e7\u0259risind\u0259 z\u0259rb\u0259l\u0259rin daha yax\u015f\u0131 yay\u0131lmas\u0131na v\u0259 ba\u015f\u0131n qorunmas\u0131na k\u00f6m\u0259k ed\u0259n \u00e7oxqatl\u0131 EPS (Expanded Polystyrene) material\u0131 m\u00f6vcuddur. Bu texnologiya, z\u0259rb\u0259l\u0259ri daha effektiv \u015f\u0259kild\u0259 udma\u011fa k\u00f6m\u0259k edir.<\/p>\n<p>Aero-dinamik Dizayn: D\u0259bilq\u0259nin xarici formas\u0131 aerodinamik x\u00fcsusiyy\u0259tl\u0259r\u0259 malikdir, bu da y\u00fcks\u0259k s\u00fcr\u0259tl\u0259 h\u0259r\u0259k\u0259t ed\u0259rk\u0259n ba\u015f\u0131n rahatl\u0131qla qorunmas\u0131n\u0131 v\u0259 s\u0259s-k\u00fcy\u00fcn minimuma endirilm\u0259sini t\u0259min edir.<\/p>\n<p>Z\u0259rb\u0259 Udma Texnologiyas\u0131: D\u0259bilq\u0259, \u00e7\u0259tin \u015f\u0259raitl\u0259rd\u0259 ba\u015f\u0131n qorunmas\u0131n\u0131 t\u0259min etm\u0259k \u00fc\u00e7\u00fcn y\u00fcks\u0259k performansl\u0131 z\u0259rb\u0259 udma texnologiyas\u0131 il\u0259 t\u0259chiz olunub. EPS material\u0131n\u0131n \u00e7oxqatl\u0131 qurulu\u015fu, z\u0259rb\u0259l\u0259ri effektiv \u015f\u0259kild\u0259 udaraq ba\u015f\u0131n qorunmas\u0131n\u0131 t\u0259min edir.<\/p>\n<p>\u00c7\u0131xar\u0131la Bil\u0259n Daxili Yast\u0131qlar: LS2 Pioneer Evo-nun daxili hiss\u0259sind\u0259ki yast\u0131qlar, h\u0259m rahatl\u0131\u011f\u0131 t\u0259min edir, h\u0259m d\u0259 \u00e7\u0131xar\u0131la v\u0259 yuyula bil\u0259r. Bu x\u00fcsusiyy\u0259t, d\u0259bilq\u0259nin uzun m\u00fcdd\u0259t istifad\u0259 edildikd\u0259n sonra bel\u0259 t\u0259miz v\u0259 gigiyenik qalmas\u0131n\u0131 t\u0259min edir.<\/p>\n<p>Qoruyucu \u00c7\u0259n\u0259 Qay\u0131\u015f\u0131: \u00c7\u0259n\u0259 qay\u0131\u015f\u0131, t\u0259hl\u00fck\u0259sizliyin art\u0131r\u0131lmas\u0131 \u00fc\u00e7\u00fcn x\u00fcsusi olaraq dizayn edilmi\u015fdir. Bu qay\u0131\u015f, s\u00fcr\u00fcc\u00fcn\u00fcn ba\u015f\u0131n\u0131 qoruyark\u0259n asanl\u0131qla uy\u011funla\u015fmas\u0131n\u0131 t\u0259min edir.<\/p>\n<p>Vizor v\u0259 UV Qorumas\u0131: LS2 Pioneer Evo, vizorunun \u00fcz\u0259rin\u0259 UV qoruma x\u00fcsusiyy\u0259ti \u0259lav\u0259 edil\u0259r\u0259k, g\u00fcn\u0259\u015fin z\u0259r\u0259rli \u015f\u00fcalar\u0131ndan qorunma t\u0259min olunur. Eyni zamanda, geni\u015f vizor dizayn\u0131 s\u00fcr\u00fcc\u00fcn\u00fcn daha yax\u015f\u0131 g\u00f6rm\u0259 qabiliyy\u0259ti \u0259ld\u0259 etm\u0259sin\u0259 k\u00f6m\u0259k edir.<\/p>\n<p>N\u0259f\u0259s ala bil\u0259n Daxili Astar: LS2 Pioneer Evo-da istifad\u0259y\u0259 veril\u0259n i\u00e7 astar, n\u0259f\u0259s ala bil\u0259n v\u0259 antialerjik materiallardan haz\u0131rlan\u0131b. Bu, s\u00fcr\u00fcc\u00fcn\u00fcn d\u0259risinin q\u0131c\u0131qlanmas\u0131n\u0131n qar\u015f\u0131s\u0131n\u0131 al\u0131r v\u0259 uzun s\u00fcr\u00fc\u015fl\u0259rd\u0259 ba\u015f\u0131n rahat qalmas\u0131n\u0131 t\u0259min edir.<\/p>\n<p>Hava D\u00f6vran\u0131 Sistemi: D\u0259bilq\u0259nin havaland\u0131rma sistemi \u00e7ox yax\u015f\u0131 optimalla\u015fd\u0131r\u0131l\u0131b. Bir \u00e7ox hava d\u0259likl\u0259ri, x\u00fcsusil\u0259 isti hava \u015f\u0259raitind\u0259 s\u00fcr\u00fc\u015f\u0259rk\u0259n ba\u015f\u0131n s\u0259rin qalmas\u0131na k\u00f6m\u0259k edir. Bu d\u0259likl\u0259r h\u0259m\u00e7inin uzun s\u00fcr\u00fc\u015fl\u0259rd\u0259 t\u0259rl\u0259m\u0259nin qar\u015f\u0131s\u0131n\u0131 al\u0131r v\u0259 s\u0259rin qalma\u011fa imkan verir.<\/p>\n<p>\u00c7oxfunksiyal\u0131 Vizor Dizayn\u0131: Vizor, g\u00fcn\u0259\u015fin i\u015f\u0131\u011f\u0131ndan qorunmaq \u00fc\u00e7\u00fcn geni\u015f bir \u00f6rt\u00fck sah\u0259sin\u0259 malikdir. H\u0259m\u00e7inin, vizorun \u00e7\u0131xar\u0131lmas\u0131 v\u0259 d\u0259yi\u015fdirilm\u0259si \u00e7ox asanl\u0131qla h\u0259yata ke\u00e7iril\u0259 bil\u0259r. Bu, s\u00fcr\u00fcc\u00fcn\u00fcn m\u00fcxt\u0259lif \u015f\u0259raitl\u0259r\u0259 uy\u011fun olaraq vizoru d\u0259yi\u015fdirm\u0259sin\u0259 imkan verir.<\/p>\n<p>G\u00fcn\u0259\u015f Vizoru: LS2 Pioneer Evo modelind\u0259 \u00e7\u0131xar\u0131la bil\u0259n g\u00fcn\u0259\u015f vizoru m\u00f6vcuddur ki, bu da s\u00fcr\u00fcc\u00fcl\u0259r\u0259 m\u00fcxt\u0259lif hava \u015f\u0259raitl\u0259rin\u0259 uy\u011funla\u015fma\u011fa k\u00f6m\u0259k edir.<\/p>\n","protected":false},"excerpt":{"rendered":"<p>LS2 Pioneer Evo d\u0259bilq\u0259si, x\u00fcsusil\u0259 adventure (ADV) v\u0259 touring s\u00fcr\u00fcc\u00fcl\u0259ri \u00fc\u00e7\u00fcn haz\u0131rlanm\u0131\u015f y\u00fcks\u0259k performansl\u0131 v\u0259 \u00e7ox y\u00f6nl\u00fc d\u0259bilq\u0259dir. LS2 brendi, bu modeld\u0259 s\u00fcr\u00fcc\u00fcl\u0259rin t\u0259hl\u00fck\u0259sizliyini v\u0259 rahatl\u0131\u011f\u0131n\u0131 maksimum s\u0259viyy\u0259y\u0259 \u00e7atd\u0131rma\u011fa \u00e7al\u0131\u015fm\u0131\u015fd\u0131r. Pioneer Evo, off-road v\u0259 uzun yol \u015f\u0259raitind\u0259 istifad\u0259 edil\u0259 bil\u0259n, h\u0259r c\u00fcr \u015f\u0259rait\u0259 uy\u011funla\u015fan dizayna v\u0259 y\u00fcks\u0259k keyfiyy\u0259tli materiallara malikdir. Bu model, h\u0259m\u00e7inin uzun m\u0259saf\u0259li s\u00fcr\u00fc\u015fl\u0259r \u00fc\u00e7\u00fcn \u00e7ox ideal se\u00e7imdir.<\/p>\n","protected":false},"featured_media":18303,"template":"","meta":{"_acf_changed":false},"product_cat":[131,90],"product_tag":[],"class_list":{"0":"post-18294","1":"product","2":"type-product","3":"status-publish","4":"has-post-thumbnail","6":"product_cat-adventure","7":"product_cat-helmets","9":"first","10":"instock","11":"shipping-taxable","12":"purchasable","13":"product-type-simple"},"acf":[],"yoast_head":"<!-- This site is optimized with the Yoast SEO Premium plugin v23.7 (Yoast SEO v24.1) - https:\/\/yoast.com\/wordpress\/plugins\/seo\/ -->\n<title>LS2 Pionner Evo - Grandmoto.az<\/title>\n<meta name=\"robots\" content=\"index, follow, max-snippet:-1, max-image-preview:large, max-video-preview:-1\" \/>\n<link rel=\"canonical\" href=\"https:\/\/grandmoto.az\/en\/product\/ls2-pionner-evo-2\/\" \/>\n<meta property=\"og:locale\" content=\"en_US\" \/>\n<meta property=\"og:type\" content=\"article\" \/>\n<meta property=\"og:title\" content=\"LS2 Pionner Evo\" \/>\n<meta property=\"og:description\" content=\"LS2 Pioneer Evo d\u0259bilq\u0259si, x\u00fcsusil\u0259 adventure (ADV) v\u0259 touring s\u00fcr\u00fcc\u00fcl\u0259ri \u00fc\u00e7\u00fcn haz\u0131rlanm\u0131\u015f y\u00fcks\u0259k performansl\u0131 v\u0259 \u00e7ox y\u00f6nl\u00fc d\u0259bilq\u0259dir. LS2 brendi, bu modeld\u0259 s\u00fcr\u00fcc\u00fcl\u0259rin t\u0259hl\u00fck\u0259sizliyini v\u0259 rahatl\u0131\u011f\u0131n\u0131 maksimum s\u0259viyy\u0259y\u0259 \u00e7atd\u0131rma\u011fa \u00e7al\u0131\u015fm\u0131\u015fd\u0131r. Pioneer Evo, off-road v\u0259 uzun yol \u015f\u0259raitind\u0259 istifad\u0259 edil\u0259 bil\u0259n, h\u0259r c\u00fcr \u015f\u0259rait\u0259 uy\u011funla\u015fan dizayna v\u0259 y\u00fcks\u0259k keyfiyy\u0259tli materiallara malikdir. Bu model, h\u0259m\u00e7inin uzun m\u0259saf\u0259li s\u00fcr\u00fc\u015fl\u0259r \u00fc\u00e7\u00fcn \u00e7ox ideal se\u00e7imdir.\" \/>\n<meta property=\"og:url\" content=\"https:\/\/grandmoto.az\/en\/product\/ls2-pionner-evo-2\/\" \/>\n<meta property=\"og:site_name\" content=\"Grandmoto.az\" \/>\n<meta property=\"article:modified_time\" content=\"2024-11-18T10:34:27+00:00\" \/>\n<meta property=\"og:image\" content=\"https:\/\/grandmoto.az\/wp-content\/uploads\/2024\/11\/mx436-evolve-white.jpg\" \/>\n\t<meta property=\"og:image:width\" content=\"928\" \/>\n\t<meta property=\"og:image:height\" content=\"798\" \/>\n\t<meta property=\"og:image:type\" content=\"image\/jpeg\" \/>\n<meta name=\"twitter:card\" content=\"summary_large_image\" \/>\n<meta name=\"twitter:label1\" content=\"Est. reading time\" \/>\n\t<meta name=\"twitter:data1\" content=\"1 minute\" \/>\n<script type=\"application\/ld+json\" class=\"yoast-schema-graph\">{\"@context\":\"https:\/\/schema.org\",\"@graph\":[{\"@type\":\"WebPage\",\"@id\":\"https:\/\/grandmoto.az\/en\/product\/ls2-pionner-evo-2\/\",\"url\":\"https:\/\/grandmoto.az\/en\/product\/ls2-pionner-evo-2\/\",\"name\":\"LS2 Pionner Evo - Grandmoto.az\",\"isPartOf\":{\"@id\":\"https:\/\/grandmoto.az\/en\/#website\"},\"primaryImageOfPage\":{\"@id\":\"https:\/\/grandmoto.az\/en\/product\/ls2-pionner-evo-2\/#primaryimage\"},\"image\":{\"@id\":\"https:\/\/grandmoto.az\/en\/product\/ls2-pionner-evo-2\/#primaryimage\"},\"thumbnailUrl\":\"https:\/\/grandmoto.az\/wp-content\/uploads\/2024\/11\/mx436-evolve-white.jpg\",\"datePublished\":\"2024-11-18T10:34:24+00:00\",\"dateModified\":\"2024-11-18T10:34:27+00:00\",\"breadcrumb\":{\"@id\":\"https:\/\/grandmoto.az\/en\/product\/ls2-pionner-evo-2\/#breadcrumb\"},\"inLanguage\":\"en-US\",\"potentialAction\":[{\"@type\":\"ReadAction\",\"target\":[\"https:\/\/grandmoto.az\/en\/product\/ls2-pionner-evo-2\/\"]}]},{\"@type\":\"ImageObject\",\"inLanguage\":\"en-US\",\"@id\":\"https:\/\/grandmoto.az\/en\/product\/ls2-pionner-evo-2\/#primaryimage\",\"url\":\"https:\/\/grandmoto.az\/wp-content\/uploads\/2024\/11\/mx436-evolve-white.jpg\",\"contentUrl\":\"https:\/\/grandmoto.az\/wp-content\/uploads\/2024\/11\/mx436-evolve-white.jpg\",\"width\":928,\"height\":798},{\"@type\":\"BreadcrumbList\",\"@id\":\"https:\/\/grandmoto.az\/en\/product\/ls2-pionner-evo-2\/#breadcrumb\",\"itemListElement\":[{\"@type\":\"ListItem\",\"position\":1,\"name\":\"Ana s\u0259hif\u0259\",\"item\":\"https:\/\/grandmoto.az\/en\/\"},{\"@type\":\"ListItem\",\"position\":2,\"name\":\"Shop\",\"item\":\"https:\/\/grandmoto.az\/shop\/\"},{\"@type\":\"ListItem\",\"position\":3,\"name\":\"LS2 Pionner Evo\"}]},{\"@type\":\"WebSite\",\"@id\":\"https:\/\/grandmoto.az\/en\/#website\",\"url\":\"https:\/\/grandmoto.az\/en\/\",\"name\":\"Grandmoto.az\",\"description\":\"Grandmoto.az\",\"publisher\":{\"@id\":\"https:\/\/grandmoto.az\/en\/#organization\"},\"potentialAction\":[{\"@type\":\"SearchAction\",\"target\":{\"@type\":\"EntryPoint\",\"urlTemplate\":\"https:\/\/grandmoto.az\/en\/?s={search_term_string}\"},\"query-input\":{\"@type\":\"PropertyValueSpecification\",\"valueRequired\":true,\"valueName\":\"search_term_string\"}}],\"inLanguage\":\"en-US\"},{\"@type\":\"Organization\",\"@id\":\"https:\/\/grandmoto.az\/en\/#organization\",\"name\":\"Grandmoto\",\"url\":\"https:\/\/grandmoto.az\/en\/\",\"logo\":{\"@type\":\"ImageObject\",\"inLanguage\":\"en-US\",\"@id\":\"https:\/\/grandmoto.az\/en\/#\/schema\/logo\/image\/\",\"url\":\"https:\/\/grandmoto.az\/wp-content\/uploads\/2024\/09\/Grandmoto-Service-Logo.png\",\"contentUrl\":\"https:\/\/grandmoto.az\/wp-content\/uploads\/2024\/09\/Grandmoto-Service-Logo.png\",\"width\":1418,\"height\":495,\"caption\":\"Grandmoto\"},\"image\":{\"@id\":\"https:\/\/grandmoto.az\/en\/#\/schema\/logo\/image\/\"}}]}<\/script>\n<!-- \/ Yoast SEO Premium plugin. -->","yoast_head_json":{"title":"LS2 Pionner Evo - Grandmoto.az","robots":{"index":"index","follow":"follow","max-snippet":"max-snippet:-1","max-image-preview":"max-image-preview:large","max-video-preview":"max-video-preview:-1"},"canonical":"https:\/\/grandmoto.az\/en\/product\/ls2-pionner-evo-2\/","og_locale":"en_US","og_type":"article","og_title":"LS2 Pionner Evo","og_description":"LS2 Pioneer Evo d\u0259bilq\u0259si, x\u00fcsusil\u0259 adventure (ADV) v\u0259 touring s\u00fcr\u00fcc\u00fcl\u0259ri \u00fc\u00e7\u00fcn haz\u0131rlanm\u0131\u015f y\u00fcks\u0259k performansl\u0131 v\u0259 \u00e7ox y\u00f6nl\u00fc d\u0259bilq\u0259dir. LS2 brendi, bu modeld\u0259 s\u00fcr\u00fcc\u00fcl\u0259rin t\u0259hl\u00fck\u0259sizliyini v\u0259 rahatl\u0131\u011f\u0131n\u0131 maksimum s\u0259viyy\u0259y\u0259 \u00e7atd\u0131rma\u011fa \u00e7al\u0131\u015fm\u0131\u015fd\u0131r. Pioneer Evo, off-road v\u0259 uzun yol \u015f\u0259raitind\u0259 istifad\u0259 edil\u0259 bil\u0259n, h\u0259r c\u00fcr \u015f\u0259rait\u0259 uy\u011funla\u015fan dizayna v\u0259 y\u00fcks\u0259k keyfiyy\u0259tli materiallara malikdir. Bu model, h\u0259m\u00e7inin uzun m\u0259saf\u0259li s\u00fcr\u00fc\u015fl\u0259r \u00fc\u00e7\u00fcn \u00e7ox ideal se\u00e7imdir.","og_url":"https:\/\/grandmoto.az\/en\/product\/ls2-pionner-evo-2\/","og_site_name":"Grandmoto.az","article_modified_time":"2024-11-18T10:34:27+00:00","og_image":[{"width":928,"height":798,"url":"https:\/\/grandmoto.az\/wp-content\/uploads\/2024\/11\/mx436-evolve-white.jpg","type":"image\/jpeg"}],"twitter_card":"summary_large_image","twitter_misc":{"Est. reading time":"1 minute"},"schema":{"@context":"https:\/\/schema.org","@graph":[{"@type":"WebPage","@id":"https:\/\/grandmoto.az\/en\/product\/ls2-pionner-evo-2\/","url":"https:\/\/grandmoto.az\/en\/product\/ls2-pionner-evo-2\/","name":"LS2 Pionner Evo - Grandmoto.az","isPartOf":{"@id":"https:\/\/grandmoto.az\/en\/#website"},"primaryImageOfPage":{"@id":"https:\/\/grandmoto.az\/en\/product\/ls2-pionner-evo-2\/#primaryimage"},"image":{"@id":"https:\/\/grandmoto.az\/en\/product\/ls2-pionner-evo-2\/#primaryimage"},"thumbnailUrl":"https:\/\/grandmoto.az\/wp-content\/uploads\/2024\/11\/mx436-evolve-white.jpg","datePublished":"2024-11-18T10:34:24+00:00","dateModified":"2024-11-18T10:34:27+00:00","breadcrumb":{"@id":"https:\/\/grandmoto.az\/en\/product\/ls2-pionner-evo-2\/#breadcrumb"},"inLanguage":"en-US","potentialAction":[{"@type":"ReadAction","target":["https:\/\/grandmoto.az\/en\/product\/ls2-pionner-evo-2\/"]}]},{"@type":"ImageObject","inLanguage":"en-US","@id":"https:\/\/grandmoto.az\/en\/product\/ls2-pionner-evo-2\/#primaryimage","url":"https:\/\/grandmoto.az\/wp-content\/uploads\/2024\/11\/mx436-evolve-white.jpg","contentUrl":"https:\/\/grandmoto.az\/wp-content\/uploads\/2024\/11\/mx436-evolve-white.jpg","width":928,"height":798},{"@type":"BreadcrumbList","@id":"https:\/\/grandmoto.az\/en\/product\/ls2-pionner-evo-2\/#breadcrumb","itemListElement":[{"@type":"ListItem","position":1,"name":"Ana s\u0259hif\u0259","item":"https:\/\/grandmoto.az\/en\/"},{"@type":"ListItem","position":2,"name":"Shop","item":"https:\/\/grandmoto.az\/shop\/"},{"@type":"ListItem","position":3,"name":"LS2 Pionner Evo"}]},{"@type":"WebSite","@id":"https:\/\/grandmoto.az\/en\/#website","url":"https:\/\/grandmoto.az\/en\/","name":"Grandmoto.az","description":"Grandmoto.az","publisher":{"@id":"https:\/\/grandmoto.az\/en\/#organization"},"potentialAction":[{"@type":"SearchAction","target":{"@type":"EntryPoint","urlTemplate":"https:\/\/grandmoto.az\/en\/?s={search_term_string}"},"query-input":{"@type":"PropertyValueSpecification","valueRequired":true,"valueName":"search_term_string"}}],"inLanguage":"en-US"},{"@type":"Organization","@id":"https:\/\/grandmoto.az\/en\/#organization","name":"Grandmoto","url":"https:\/\/grandmoto.az\/en\/","logo":{"@type":"ImageObject","inLanguage":"en-US","@id":"https:\/\/grandmoto.az\/en\/#\/schema\/logo\/image\/","url":"https:\/\/grandmoto.az\/wp-content\/uploads\/2024\/09\/Grandmoto-Service-Logo.png","contentUrl":"https:\/\/grandmoto.az\/wp-content\/uploads\/2024\/09\/Grandmoto-Service-Logo.png","width":1418,"height":495,"caption":"Grandmoto"},"image":{"@id":"https:\/\/grandmoto.az\/en\/#\/schema\/logo\/image\/"}}]}},"_links":{"self":[{"href":"https:\/\/grandmoto.az\/en\/wp-json\/wp\/v2\/product\/18294","targetHints":{"allow":["GET"]}}],"collection":[{"href":"https:\/\/grandmoto.az\/en\/wp-json\/wp\/v2\/product"}],"about":[{"href":"https:\/\/grandmoto.az\/en\/wp-json\/wp\/v2\/types\/product"}],"version-history":[{"count":1,"href":"https:\/\/grandmoto.az\/en\/wp-json\/wp\/v2\/product\/18294\/revisions"}],"predecessor-version":[{"id":18309,"href":"https:\/\/grandmoto.az\/en\/wp-json\/wp\/v2\/product\/18294\/revisions\/18309"}],"wp:featuredmedia":[{"embeddable":true,"href":"https:\/\/grandmoto.az\/en\/wp-json\/wp\/v2\/media\/18303"}],"wp:attachment":[{"href":"https:\/\/grandmoto.az\/en\/wp-json\/wp\/v2\/media?parent=18294"}],"wp:term":[{"taxonomy":"product_cat","embeddable":true,"href":"https:\/\/grandmoto.az\/en\/wp-json\/wp\/v2\/product_cat?post=18294"},{"taxonomy":"product_tag","embeddable":true,"href":"https:\/\/grandmoto.az\/en\/wp-json\/wp\/v2\/product_tag?post=18294"}],"curies":[{"name":"wp","href":"https:\/\/api.w.org\/{rel}","templated":true}]}}