{"id":18361,"date":"2024-11-22T12:47:37","date_gmt":"2024-11-22T08:47:37","guid":{"rendered":"https:\/\/grandmoto.az\/?post_type=product&#038;p=18361"},"modified":"2026-04-02T15:29:04","modified_gmt":"2026-04-02T11:29:04","slug":"ls2-drifter-triality-2","status":"publish","type":"product","link":"https:\/\/grandmoto.az\/en\/product\/ls2-drifter-triality-2\/","title":{"rendered":"LS2 Drifter Triality"},"content":{"rendered":"<p>Dizayn v\u0259 Material<\/p>\n<p>LS2 OF606 Drifter Triality d\u0259bilq\u0259si, a\u00e7\u0131q \u00fczl\u00fc dizayn\u0131 il\u0259 x\u00fcsusil\u0259 \u015f\u0259h\u0259r s\u00fcr\u00fc\u015fl\u0259ri v\u0259 y\u00fcng\u00fcl mac\u0259ralar \u00fc\u00e7\u00fcn uy\u011fun g\u0259lir. Bu model, qabaqc\u0131l qorunma v\u0259 aerodinamik performans\u0131 t\u0259min ed\u0259n, m\u00fcasir dizayn v\u0259 y\u00fcks\u0259k keyfiyy\u0259tli materiallarla haz\u0131rlanm\u0131\u015fd\u0131r. D\u0259bilq\u0259nin g\u00f6vd\u0259si, y\u00fcks\u0259k \u015f\u00fcalanmaya davaml\u0131, y\u00fcng\u00fcl v\u0259 davaml\u0131 polikarbonat material\u0131ndan istehsal olunur.<\/p>\n<p>Rahatl\u0131q v\u0259 Ventilyasiya<\/p>\n<p>LS2 OF606 Drifter Triality modelind\u0259 s\u00fcr\u00fcc\u00fcn\u00fcn rahatl\u0131\u011f\u0131n\u0131 t\u0259min ed\u0259n bir \u00e7ox x\u00fcsusiyy\u0259t m\u00f6vcuddur. X\u00fcsusil\u0259, inki\u015faf etmi\u015f ventilyasiya sistemi say\u0259sind\u0259, h\u0259m \u015f\u0259h\u0259r, h\u0259m d\u0259 uzun m\u0259saf\u0259 s\u00fcr\u00fc\u015fl\u0259rind\u0259 s\u00fcr\u00fcc\u00fcn\u00fcn ba\u015f\u0131 h\u0259ddind\u0259n art\u0131q istil\u0259\u015fmir. Hava ax\u0131n\u0131n\u0131n optimal istiqam\u0259tini t\u0259min etm\u0259k \u00fc\u00e7\u00fcn d\u0259bilq\u0259d\u0259 bir ne\u00e7\u0259 hava \u00e7\u0131x\u0131\u015f\u0131 v\u0259 \u00e7\u0131x\u0131\u015f\u0131 var, bu da havan\u0131n yax\u015f\u0131 d\u00f6vran\u0131n\u0131 t\u0259min edir.<\/p>\n<p>Qorunma v\u0259 T\u0259hl\u00fck\u0259sizlik<\/p>\n<p>LS2 Drifter Triality, y\u00fcks\u0259k t\u0259hl\u00fck\u0259sizlik standartlar\u0131na uy\u011fun olaraq, \u0259lav\u0259 qorunma t\u0259min ed\u0259n m\u00fcxt\u0259lif t\u0259b\u0259q\u0259l\u0259rd\u0259n istifad\u0259 edir. D\u0259bilq\u0259, ba\u015f\u0131n m\u00fcxt\u0259lif n\u00f6qt\u0259l\u0259rind\u0259 m\u00fchafiz\u0259 t\u0259min ed\u0259n ECE 22.06 sertifikat\u0131 alm\u0131\u015fd\u0131r. Y\u00fcks\u0259k d\u0259r\u0259c\u0259li qoruma v\u0259 \u00e7arp\u0131\u015fmaya qar\u015f\u0131 daha yax\u015f\u0131 t\u0259sir emal\u0131 t\u0259min ed\u0259n qabaqc\u0131l polimer materiallar\u0131 istifad\u0259 olunur.<\/p>\n<p>G\u00f6rm\u0259 v\u0259 \u018flav\u0259 Aksesuarlar<\/p>\n<p>D\u0259bilq\u0259nin vizorlar\u0131 geni\u015f g\u00f6r\u00fcn\u00fc\u015f sah\u0259si t\u0259klif edir, s\u00fcr\u00fcc\u00fcn\u00fcn yolun v\u0259ziyy\u0259tini daha yax\u015f\u0131 g\u00f6rm\u0259sini t\u0259min edir. Vizor, UV \u015f\u00fcalar\u0131na qar\u015f\u0131 qorunma t\u0259klif edir v\u0259 c\u0131z\u0131qlara qar\u015f\u0131 davaml\u0131d\u0131r. Eyni zamanda, vizor a\u00e7\u0131l\u0131b ba\u011flanabil\u0259n x\u00fcsusiyy\u0259t\u0259 malikdir v\u0259 bununla da s\u00fcr\u00fcc\u00fcl\u0259r a\u00e7\u0131q hava il\u0259 rahatl\u0131qla n\u0259f\u0259s ala bil\u0259rl\u0259r.<\/p>\n<p>Q\u0131\u015f v\u0259 Yay M\u00f6vs\u00fcm\u00fc \u00dc\u00e7\u00fcn Uy\u011funluq<\/p>\n<p>LS2 OF606 Drifter Triality d\u0259bilq\u0259si h\u0259m q\u0131\u015f, h\u0259m d\u0259 yay m\u00f6vs\u00fcm\u00fcnd\u0259 istifad\u0259 \u00fc\u00e7\u00fcn ideald\u0131r. Yayda ventilyasiya v\u0259 hava ax\u0131n\u0131na g\u00f6r\u0259 s\u0259rinlik t\u0259min edir, q\u0131\u015fda is\u0259 d\u00fczg\u00fcn yal\u0131t\u0131m t\u0259klif ed\u0259r\u0259k, soyuq havan\u0131n daxil olmas\u0131n\u0131n qar\u015f\u0131s\u0131n\u0131 al\u0131r. Ayr\u0131ca, d\u0259bilq\u0259nin i\u00e7 hiss\u0259si \u00e7\u0131xar\u0131la bil\u0259n v\u0259 yuyula bil\u0259n bir \u00f6rt\u00fcy\u0259 malikdir.<\/p>\n","protected":false},"excerpt":{"rendered":"<p>LS2 OF606 Drifter Triality d\u0259bilq\u0259si, LS2 brendinin m\u0259h\u015fur v\u0259 \u00e7ox funksiyal\u0131 motosiklet d\u0259bilq\u0259sidir. Bu model, motosiklet s\u00fcr\u00fcc\u00fcl\u0259ri \u00fc\u00e7\u00fcn rahatl\u0131q, t\u0259hl\u00fck\u0259sizlik v\u0259 funksionall\u0131q t\u0259klif edir.<\/p>\n","protected":false},"featured_media":18366,"template":"","meta":{"_acf_changed":false},"product_cat":[131,90],"product_tag":[],"class_list":{"0":"post-18361","1":"product","2":"type-product","3":"status-publish","4":"has-post-thumbnail","6":"product_cat-adventure","7":"product_cat-helmets","9":"first","10":"instock","11":"shipping-taxable","12":"purchasable","13":"product-type-simple"},"acf":[],"yoast_head":"<!-- This site is optimized with the Yoast SEO Premium plugin v23.7 (Yoast SEO v24.1) - https:\/\/yoast.com\/wordpress\/plugins\/seo\/ -->\n<title>LS2 Drifter Triality - Grandmoto.az<\/title>\n<meta name=\"robots\" content=\"index, follow, max-snippet:-1, max-image-preview:large, max-video-preview:-1\" \/>\n<link rel=\"canonical\" href=\"https:\/\/grandmoto.az\/en\/product\/ls2-drifter-triality-2\/\" \/>\n<meta property=\"og:locale\" content=\"en_US\" \/>\n<meta property=\"og:type\" content=\"article\" \/>\n<meta property=\"og:title\" content=\"LS2 Drifter Triality\" \/>\n<meta property=\"og:description\" content=\"LS2 OF606 Drifter Triality d\u0259bilq\u0259si, LS2 brendinin m\u0259h\u015fur v\u0259 \u00e7ox funksiyal\u0131 motosiklet d\u0259bilq\u0259sidir. Bu model, motosiklet s\u00fcr\u00fcc\u00fcl\u0259ri \u00fc\u00e7\u00fcn rahatl\u0131q, t\u0259hl\u00fck\u0259sizlik v\u0259 funksionall\u0131q t\u0259klif edir.\" \/>\n<meta property=\"og:url\" content=\"https:\/\/grandmoto.az\/en\/product\/ls2-drifter-triality-2\/\" \/>\n<meta property=\"og:site_name\" content=\"Grandmoto.az\" \/>\n<meta property=\"article:modified_time\" content=\"2026-04-02T11:29:04+00:00\" \/>\n<meta property=\"og:image\" content=\"https:\/\/grandmoto.az\/wp-content\/uploads\/2024\/11\/1971451809_ls2_of606_drifter_triality_gloss_black_red.png\" \/>\n\t<meta property=\"og:image:width\" content=\"465\" \/>\n\t<meta property=\"og:image:height\" content=\"465\" \/>\n\t<meta property=\"og:image:type\" content=\"image\/png\" \/>\n<meta name=\"twitter:card\" content=\"summary_large_image\" \/>\n<meta name=\"twitter:label1\" content=\"Est. reading time\" \/>\n\t<meta name=\"twitter:data1\" content=\"1 minute\" \/>\n<script type=\"application\/ld+json\" class=\"yoast-schema-graph\">{\"@context\":\"https:\/\/schema.org\",\"@graph\":[{\"@type\":\"WebPage\",\"@id\":\"https:\/\/grandmoto.az\/en\/product\/ls2-drifter-triality-2\/\",\"url\":\"https:\/\/grandmoto.az\/en\/product\/ls2-drifter-triality-2\/\",\"name\":\"LS2 Drifter Triality - Grandmoto.az\",\"isPartOf\":{\"@id\":\"https:\/\/grandmoto.az\/en\/#website\"},\"primaryImageOfPage\":{\"@id\":\"https:\/\/grandmoto.az\/en\/product\/ls2-drifter-triality-2\/#primaryimage\"},\"image\":{\"@id\":\"https:\/\/grandmoto.az\/en\/product\/ls2-drifter-triality-2\/#primaryimage\"},\"thumbnailUrl\":\"https:\/\/grandmoto.az\/wp-content\/uploads\/2024\/11\/1971451809_ls2_of606_drifter_triality_gloss_black_red.png\",\"datePublished\":\"2024-11-22T08:47:37+00:00\",\"dateModified\":\"2026-04-02T11:29:04+00:00\",\"breadcrumb\":{\"@id\":\"https:\/\/grandmoto.az\/en\/product\/ls2-drifter-triality-2\/#breadcrumb\"},\"inLanguage\":\"en-US\",\"potentialAction\":[{\"@type\":\"ReadAction\",\"target\":[\"https:\/\/grandmoto.az\/en\/product\/ls2-drifter-triality-2\/\"]}]},{\"@type\":\"ImageObject\",\"inLanguage\":\"en-US\",\"@id\":\"https:\/\/grandmoto.az\/en\/product\/ls2-drifter-triality-2\/#primaryimage\",\"url\":\"https:\/\/grandmoto.az\/wp-content\/uploads\/2024\/11\/1971451809_ls2_of606_drifter_triality_gloss_black_red.png\",\"contentUrl\":\"https:\/\/grandmoto.az\/wp-content\/uploads\/2024\/11\/1971451809_ls2_of606_drifter_triality_gloss_black_red.png\",\"width\":465,\"height\":465},{\"@type\":\"BreadcrumbList\",\"@id\":\"https:\/\/grandmoto.az\/en\/product\/ls2-drifter-triality-2\/#breadcrumb\",\"itemListElement\":[{\"@type\":\"ListItem\",\"position\":1,\"name\":\"Ana s\u0259hif\u0259\",\"item\":\"https:\/\/grandmoto.az\/en\/\"},{\"@type\":\"ListItem\",\"position\":2,\"name\":\"Shop\",\"item\":\"https:\/\/grandmoto.az\/shop\/\"},{\"@type\":\"ListItem\",\"position\":3,\"name\":\"LS2 Drifter Triality\"}]},{\"@type\":\"WebSite\",\"@id\":\"https:\/\/grandmoto.az\/en\/#website\",\"url\":\"https:\/\/grandmoto.az\/en\/\",\"name\":\"Grandmoto.az\",\"description\":\"Grandmoto.az\",\"publisher\":{\"@id\":\"https:\/\/grandmoto.az\/en\/#organization\"},\"potentialAction\":[{\"@type\":\"SearchAction\",\"target\":{\"@type\":\"EntryPoint\",\"urlTemplate\":\"https:\/\/grandmoto.az\/en\/?s={search_term_string}\"},\"query-input\":{\"@type\":\"PropertyValueSpecification\",\"valueRequired\":true,\"valueName\":\"search_term_string\"}}],\"inLanguage\":\"en-US\"},{\"@type\":\"Organization\",\"@id\":\"https:\/\/grandmoto.az\/en\/#organization\",\"name\":\"Grandmoto\",\"url\":\"https:\/\/grandmoto.az\/en\/\",\"logo\":{\"@type\":\"ImageObject\",\"inLanguage\":\"en-US\",\"@id\":\"https:\/\/grandmoto.az\/en\/#\/schema\/logo\/image\/\",\"url\":\"https:\/\/grandmoto.az\/wp-content\/uploads\/2024\/09\/Grandmoto-Service-Logo.png\",\"contentUrl\":\"https:\/\/grandmoto.az\/wp-content\/uploads\/2024\/09\/Grandmoto-Service-Logo.png\",\"width\":1418,\"height\":495,\"caption\":\"Grandmoto\"},\"image\":{\"@id\":\"https:\/\/grandmoto.az\/en\/#\/schema\/logo\/image\/\"}}]}<\/script>\n<!-- \/ Yoast SEO Premium plugin. -->","yoast_head_json":{"title":"LS2 Drifter Triality - Grandmoto.az","robots":{"index":"index","follow":"follow","max-snippet":"max-snippet:-1","max-image-preview":"max-image-preview:large","max-video-preview":"max-video-preview:-1"},"canonical":"https:\/\/grandmoto.az\/en\/product\/ls2-drifter-triality-2\/","og_locale":"en_US","og_type":"article","og_title":"LS2 Drifter Triality","og_description":"LS2 OF606 Drifter Triality d\u0259bilq\u0259si, LS2 brendinin m\u0259h\u015fur v\u0259 \u00e7ox funksiyal\u0131 motosiklet d\u0259bilq\u0259sidir. Bu model, motosiklet s\u00fcr\u00fcc\u00fcl\u0259ri \u00fc\u00e7\u00fcn rahatl\u0131q, t\u0259hl\u00fck\u0259sizlik v\u0259 funksionall\u0131q t\u0259klif edir.","og_url":"https:\/\/grandmoto.az\/en\/product\/ls2-drifter-triality-2\/","og_site_name":"Grandmoto.az","article_modified_time":"2026-04-02T11:29:04+00:00","og_image":[{"width":465,"height":465,"url":"https:\/\/grandmoto.az\/wp-content\/uploads\/2024\/11\/1971451809_ls2_of606_drifter_triality_gloss_black_red.png","type":"image\/png"}],"twitter_card":"summary_large_image","twitter_misc":{"Est. reading time":"1 minute"},"schema":{"@context":"https:\/\/schema.org","@graph":[{"@type":"WebPage","@id":"https:\/\/grandmoto.az\/en\/product\/ls2-drifter-triality-2\/","url":"https:\/\/grandmoto.az\/en\/product\/ls2-drifter-triality-2\/","name":"LS2 Drifter Triality - Grandmoto.az","isPartOf":{"@id":"https:\/\/grandmoto.az\/en\/#website"},"primaryImageOfPage":{"@id":"https:\/\/grandmoto.az\/en\/product\/ls2-drifter-triality-2\/#primaryimage"},"image":{"@id":"https:\/\/grandmoto.az\/en\/product\/ls2-drifter-triality-2\/#primaryimage"},"thumbnailUrl":"https:\/\/grandmoto.az\/wp-content\/uploads\/2024\/11\/1971451809_ls2_of606_drifter_triality_gloss_black_red.png","datePublished":"2024-11-22T08:47:37+00:00","dateModified":"2026-04-02T11:29:04+00:00","breadcrumb":{"@id":"https:\/\/grandmoto.az\/en\/product\/ls2-drifter-triality-2\/#breadcrumb"},"inLanguage":"en-US","potentialAction":[{"@type":"ReadAction","target":["https:\/\/grandmoto.az\/en\/product\/ls2-drifter-triality-2\/"]}]},{"@type":"ImageObject","inLanguage":"en-US","@id":"https:\/\/grandmoto.az\/en\/product\/ls2-drifter-triality-2\/#primaryimage","url":"https:\/\/grandmoto.az\/wp-content\/uploads\/2024\/11\/1971451809_ls2_of606_drifter_triality_gloss_black_red.png","contentUrl":"https:\/\/grandmoto.az\/wp-content\/uploads\/2024\/11\/1971451809_ls2_of606_drifter_triality_gloss_black_red.png","width":465,"height":465},{"@type":"BreadcrumbList","@id":"https:\/\/grandmoto.az\/en\/product\/ls2-drifter-triality-2\/#breadcrumb","itemListElement":[{"@type":"ListItem","position":1,"name":"Ana s\u0259hif\u0259","item":"https:\/\/grandmoto.az\/en\/"},{"@type":"ListItem","position":2,"name":"Shop","item":"https:\/\/grandmoto.az\/shop\/"},{"@type":"ListItem","position":3,"name":"LS2 Drifter Triality"}]},{"@type":"WebSite","@id":"https:\/\/grandmoto.az\/en\/#website","url":"https:\/\/grandmoto.az\/en\/","name":"Grandmoto.az","description":"Grandmoto.az","publisher":{"@id":"https:\/\/grandmoto.az\/en\/#organization"},"potentialAction":[{"@type":"SearchAction","target":{"@type":"EntryPoint","urlTemplate":"https:\/\/grandmoto.az\/en\/?s={search_term_string}"},"query-input":{"@type":"PropertyValueSpecification","valueRequired":true,"valueName":"search_term_string"}}],"inLanguage":"en-US"},{"@type":"Organization","@id":"https:\/\/grandmoto.az\/en\/#organization","name":"Grandmoto","url":"https:\/\/grandmoto.az\/en\/","logo":{"@type":"ImageObject","inLanguage":"en-US","@id":"https:\/\/grandmoto.az\/en\/#\/schema\/logo\/image\/","url":"https:\/\/grandmoto.az\/wp-content\/uploads\/2024\/09\/Grandmoto-Service-Logo.png","contentUrl":"https:\/\/grandmoto.az\/wp-content\/uploads\/2024\/09\/Grandmoto-Service-Logo.png","width":1418,"height":495,"caption":"Grandmoto"},"image":{"@id":"https:\/\/grandmoto.az\/en\/#\/schema\/logo\/image\/"}}]}},"_links":{"self":[{"href":"https:\/\/grandmoto.az\/en\/wp-json\/wp\/v2\/product\/18361","targetHints":{"allow":["GET"]}}],"collection":[{"href":"https:\/\/grandmoto.az\/en\/wp-json\/wp\/v2\/product"}],"about":[{"href":"https:\/\/grandmoto.az\/en\/wp-json\/wp\/v2\/types\/product"}],"version-history":[{"count":1,"href":"https:\/\/grandmoto.az\/en\/wp-json\/wp\/v2\/product\/18361\/revisions"}],"predecessor-version":[{"id":18368,"href":"https:\/\/grandmoto.az\/en\/wp-json\/wp\/v2\/product\/18361\/revisions\/18368"}],"wp:featuredmedia":[{"embeddable":true,"href":"https:\/\/grandmoto.az\/en\/wp-json\/wp\/v2\/media\/18366"}],"wp:attachment":[{"href":"https:\/\/grandmoto.az\/en\/wp-json\/wp\/v2\/media?parent=18361"}],"wp:term":[{"taxonomy":"product_cat","embeddable":true,"href":"https:\/\/grandmoto.az\/en\/wp-json\/wp\/v2\/product_cat?post=18361"},{"taxonomy":"product_tag","embeddable":true,"href":"https:\/\/grandmoto.az\/en\/wp-json\/wp\/v2\/product_tag?post=18361"}],"curies":[{"name":"wp","href":"https:\/\/api.w.org\/{rel}","templated":true}]}}