{"id":18444,"date":"2024-12-02T15:34:37","date_gmt":"2024-12-02T11:34:37","guid":{"rendered":"https:\/\/grandmoto.az\/?post_type=product&#038;p=18444"},"modified":"2024-12-02T15:34:38","modified_gmt":"2024-12-02T11:34:38","slug":"axor-forged-carbon","status":"publish","type":"product","link":"https:\/\/grandmoto.az\/en\/product\/axor-forged-carbon\/","title":{"rendered":"Axor Forged Carbon"},"content":{"rendered":"<p>Material v\u0259 Dayan\u0131ql\u0131l\u0131q:<\/p>\n<p>Karbon lifli konstruksiya: D\u0259bilq\u0259nin \u0259sas konstruksiyas\u0131 y\u00fcks\u0259k g\u00fccl\u00fc karbon lifind\u0259n haz\u0131rlan\u0131r. Karbon lifinin \u00fcst\u00fcn x\u00fcsusiyy\u0259tl\u0259ri, onun h\u0259m y\u00fcng\u00fcl, h\u0259m d\u0259 \u00e7ox m\u00f6hk\u0259m olmas\u0131n\u0131 t\u0259min edir. Bu, d\u0259bilq\u0259nin \u00e7\u0259kisini azald\u0131r v\u0259 istifad\u0259\u00e7i \u00fc\u00e7\u00fcn daha rahat t\u0259cr\u00fcb\u0259 t\u0259qdim edir.<\/p>\n<p>Y\u00fcng\u00fcll\u00fck: Karbon lifind\u0259n istifad\u0259, bu d\u0259bilq\u0259ni \u0259n y\u00fcng\u00fcl modell\u0259rd\u0259n birin\u0259 \u00e7evirir, bu da uzun m\u00fcdd\u0259t s\u00fcr\u00fc\u015f\u0259rk\u0259n boyun v\u0259 ba\u015f\u0131n yorulmas\u0131n\u0131 azald\u0131r.<\/p>\n<p>Qoruma: Karbon lifinin y\u00fcks\u0259k z\u0259rb\u0259 udma qabiliyy\u0259ti, h\u0259r hans\u0131 bir q\u0259za v\u0259ziyy\u0259tind\u0259 ba\u015f\u0131n m\u00fck\u0259mm\u0259l \u015f\u0259kild\u0259 qorunmas\u0131n\u0131 t\u0259min edir.<\/p>\n<p>Aerodinamika:<\/p>\n<p>Axor Carbon Fiber d\u0259bilq\u0259si aerodinamik dizayna sahibdir. Bu, s\u00fcr\u00fc\u015f zaman\u0131 hava m\u00fcqavim\u0259tini minimuma endirir v\u0259 s\u00fcr\u00fcc\u00fcy\u0259 daha yax\u015f\u0131 manevr etm\u0259y\u0259 k\u00f6m\u0259k edir. Hava ax\u0131n\u0131na uy\u011fun formalar v\u0259 ventilasiya kanallar\u0131 il\u0259 t\u0259chiz edilmi\u015fdir ki, bu da havaland\u0131rman\u0131 yax\u015f\u0131la\u015fd\u0131r\u0131r v\u0259 s\u00fcr\u00fcc\u00fcn\u00fcn daha rahat olmas\u0131n\u0131 t\u0259min edir.<\/p>\n<p>Rahatl\u0131q v\u0259 Ventilyasiya:<\/p>\n<p>\u0130ntensiv havaland\u0131rma: D\u0259bilq\u0259, havan\u0131n ba\u015f hiss\u0259sin\u0259 s\u0259rb\u0259st axmas\u0131na imkan ver\u0259n \u00e7oxsayl\u0131 ventilyasiya d\u0259likl\u0259ri il\u0259 t\u0259chiz edilib. Bu, s\u00fcr\u00fcc\u00fcn\u00fcn ba\u015f\u0131n\u0131 soyutma\u011fa v\u0259 isti havalarda daha komfortlu s\u00fcr\u00fc\u015f etm\u0259y\u0259 k\u00f6m\u0259k edir.<\/p>\n<p>T\u0259mizl\u0259n\u0259n astar: D\u0259bilq\u0259nin astar\u0131 yum\u015faq v\u0259 rahatd\u0131r, eyni zamanda yuyulabilir v\u0259 t\u0259krarlanm\u0131\u015f istifad\u0259y\u0259 davaml\u0131d\u0131r.<\/p>\n<p>\u0130\u00e7 T\u0259chizat v\u0259 S\u0131\u011forta:<\/p>\n<p>B\u00f6y\u00fck qoruma v\u0259 d\u0259st\u0259k: \u0130\u00e7 hiss\u0259 m\u00fcxt\u0259lif qatmanlardan ibar\u0259tdir ki, bunlar ba\u015f\u0131n v\u0259 boynun daha yax\u015f\u0131 qorunmas\u0131na k\u00f6m\u0259k edir. Bu qatmanlar d\u0259bilq\u0259nin i\u00e7 hiss\u0259sinin z\u0259rb\u0259l\u0259r\u0259 qar\u015f\u0131 m\u00fcqavim\u0259tini art\u0131r\u0131r.<\/p>\n<p>S\u0259hvli t\u0259zyiqin azald\u0131lmas\u0131: Axor, rahatl\u0131q v\u0259 qoruma aras\u0131nda m\u00fck\u0259mm\u0259l balans yaradaraq, s\u00fcr\u00fcc\u00fcn\u00fcn ba\u015f\u0131n\u0131 qoruyur, eyni zamanda t\u0259zyiqin daha b\u0259rab\u0259r paylanmas\u0131n\u0131 t\u0259min edir.<br \/>\nDizayn v\u0259 Estetik:<\/p>\n<p>M\u00fcasir v\u0259 cazib\u0259dar g\u00f6r\u00fcn\u00fc\u015f: Karbon lifinin t\u0259bii par\u0131lt\u0131s\u0131, d\u0259bilq\u0259y\u0259 m\u00fcasir v\u0259 premium bir g\u00f6r\u00fcn\u00fc\u015f verir. Axor Carbon Fiber d\u0259bilq\u0259si h\u0259m d\u0259 m\u00fcxt\u0259lif r\u0259ng v\u0259 dizayn se\u00e7iml\u0259ri il\u0259 t\u0259klif edilir ki, s\u00fcr\u00fcc\u00fcn\u00fcn \u015f\u0259xsi t\u0259rzini \u0259ks etdir\u0259 bilsin.<\/p>\n","protected":false},"excerpt":{"rendered":"<p>Axor Carbon Fiber d\u0259bilq\u0259si, y\u00fcks\u0259k performansl\u0131 v\u0259 t\u0259hl\u00fck\u0259sizlik \u00fc\u00e7\u00fcn n\u0259z\u0259rd\u0259 tutulmu\u015f premium keyfiyy\u0259tli d\u0259bilq\u0259dir. Bu d\u0259bilq\u0259, x\u00fcsus\u0259n a\u011f\u0131r z\u0259rb\u0259l\u0259rd\u0259n qorunma, aerodinamik effektivlik, v\u0259 rahatl\u0131q bax\u0131m\u0131ndan qabaqc\u0131l texnologiyalardan istifad\u0259 edir. Axor brendi, motosiklet\u00e7i d\u00fcnyas\u0131nda y\u00fcks\u0259k keyfiyy\u0259t v\u0259 innovasiya il\u0259 tan\u0131n\u0131r.<\/p>\n","protected":false},"featured_media":18453,"template":"","meta":{"_acf_changed":false},"product_cat":[127,90],"product_tag":[],"class_list":{"0":"post-18444","1":"product","2":"type-product","3":"status-publish","4":"has-post-thumbnail","6":"product_cat-full-face","7":"product_cat-helmets","9":"first","10":"instock","11":"shipping-taxable","12":"purchasable","13":"product-type-simple"},"acf":[],"yoast_head":"<!-- This site is optimized with the Yoast SEO Premium plugin v23.7 (Yoast SEO v24.1) - https:\/\/yoast.com\/wordpress\/plugins\/seo\/ -->\n<title>Axor Forged Carbon - Grandmoto.az<\/title>\n<meta name=\"robots\" content=\"index, follow, max-snippet:-1, max-image-preview:large, max-video-preview:-1\" \/>\n<link rel=\"canonical\" href=\"https:\/\/grandmoto.az\/en\/product\/axor-forged-carbon\/\" \/>\n<meta property=\"og:locale\" content=\"en_US\" \/>\n<meta property=\"og:type\" content=\"article\" \/>\n<meta property=\"og:title\" content=\"Axor Forged Carbon\" \/>\n<meta property=\"og:description\" content=\"Axor Carbon Fiber d\u0259bilq\u0259si, y\u00fcks\u0259k performansl\u0131 v\u0259 t\u0259hl\u00fck\u0259sizlik \u00fc\u00e7\u00fcn n\u0259z\u0259rd\u0259 tutulmu\u015f premium keyfiyy\u0259tli d\u0259bilq\u0259dir. Bu d\u0259bilq\u0259, x\u00fcsus\u0259n a\u011f\u0131r z\u0259rb\u0259l\u0259rd\u0259n qorunma, aerodinamik effektivlik, v\u0259 rahatl\u0131q bax\u0131m\u0131ndan qabaqc\u0131l texnologiyalardan istifad\u0259 edir. Axor brendi, motosiklet\u00e7i d\u00fcnyas\u0131nda y\u00fcks\u0259k keyfiyy\u0259t v\u0259 innovasiya il\u0259 tan\u0131n\u0131r.\" \/>\n<meta property=\"og:url\" content=\"https:\/\/grandmoto.az\/en\/product\/axor-forged-carbon\/\" \/>\n<meta property=\"og:site_name\" content=\"Grandmoto.az\" \/>\n<meta property=\"article:modified_time\" content=\"2024-12-02T11:34:38+00:00\" \/>\n<meta property=\"og:image\" content=\"https:\/\/grandmoto.az\/wp-content\/uploads\/2024\/12\/forgedcarbon_2_1000x.webp\" \/>\n\t<meta property=\"og:image:width\" content=\"1000\" \/>\n\t<meta property=\"og:image:height\" content=\"1000\" \/>\n\t<meta property=\"og:image:type\" content=\"image\/webp\" \/>\n<meta name=\"twitter:card\" content=\"summary_large_image\" \/>\n<meta name=\"twitter:label1\" content=\"Est. reading time\" \/>\n\t<meta name=\"twitter:data1\" content=\"1 minute\" \/>\n<script type=\"application\/ld+json\" class=\"yoast-schema-graph\">{\"@context\":\"https:\/\/schema.org\",\"@graph\":[{\"@type\":\"WebPage\",\"@id\":\"https:\/\/grandmoto.az\/en\/product\/axor-forged-carbon\/\",\"url\":\"https:\/\/grandmoto.az\/en\/product\/axor-forged-carbon\/\",\"name\":\"Axor Forged Carbon - Grandmoto.az\",\"isPartOf\":{\"@id\":\"https:\/\/grandmoto.az\/en\/#website\"},\"primaryImageOfPage\":{\"@id\":\"https:\/\/grandmoto.az\/en\/product\/axor-forged-carbon\/#primaryimage\"},\"image\":{\"@id\":\"https:\/\/grandmoto.az\/en\/product\/axor-forged-carbon\/#primaryimage\"},\"thumbnailUrl\":\"https:\/\/grandmoto.az\/wp-content\/uploads\/2024\/12\/forgedcarbon_2_1000x.webp\",\"datePublished\":\"2024-12-02T11:34:37+00:00\",\"dateModified\":\"2024-12-02T11:34:38+00:00\",\"breadcrumb\":{\"@id\":\"https:\/\/grandmoto.az\/en\/product\/axor-forged-carbon\/#breadcrumb\"},\"inLanguage\":\"en-US\",\"potentialAction\":[{\"@type\":\"ReadAction\",\"target\":[\"https:\/\/grandmoto.az\/en\/product\/axor-forged-carbon\/\"]}]},{\"@type\":\"ImageObject\",\"inLanguage\":\"en-US\",\"@id\":\"https:\/\/grandmoto.az\/en\/product\/axor-forged-carbon\/#primaryimage\",\"url\":\"https:\/\/grandmoto.az\/wp-content\/uploads\/2024\/12\/forgedcarbon_2_1000x.webp\",\"contentUrl\":\"https:\/\/grandmoto.az\/wp-content\/uploads\/2024\/12\/forgedcarbon_2_1000x.webp\",\"width\":1000,\"height\":1000},{\"@type\":\"BreadcrumbList\",\"@id\":\"https:\/\/grandmoto.az\/en\/product\/axor-forged-carbon\/#breadcrumb\",\"itemListElement\":[{\"@type\":\"ListItem\",\"position\":1,\"name\":\"Ana s\u0259hif\u0259\",\"item\":\"https:\/\/grandmoto.az\/en\/\"},{\"@type\":\"ListItem\",\"position\":2,\"name\":\"Shop\",\"item\":\"https:\/\/grandmoto.az\/shop\/\"},{\"@type\":\"ListItem\",\"position\":3,\"name\":\"Axor Forged Carbon\"}]},{\"@type\":\"WebSite\",\"@id\":\"https:\/\/grandmoto.az\/en\/#website\",\"url\":\"https:\/\/grandmoto.az\/en\/\",\"name\":\"Grandmoto.az\",\"description\":\"Grandmoto.az\",\"publisher\":{\"@id\":\"https:\/\/grandmoto.az\/en\/#organization\"},\"potentialAction\":[{\"@type\":\"SearchAction\",\"target\":{\"@type\":\"EntryPoint\",\"urlTemplate\":\"https:\/\/grandmoto.az\/en\/?s={search_term_string}\"},\"query-input\":{\"@type\":\"PropertyValueSpecification\",\"valueRequired\":true,\"valueName\":\"search_term_string\"}}],\"inLanguage\":\"en-US\"},{\"@type\":\"Organization\",\"@id\":\"https:\/\/grandmoto.az\/en\/#organization\",\"name\":\"Grandmoto\",\"url\":\"https:\/\/grandmoto.az\/en\/\",\"logo\":{\"@type\":\"ImageObject\",\"inLanguage\":\"en-US\",\"@id\":\"https:\/\/grandmoto.az\/en\/#\/schema\/logo\/image\/\",\"url\":\"https:\/\/grandmoto.az\/wp-content\/uploads\/2024\/09\/Grandmoto-Service-Logo.png\",\"contentUrl\":\"https:\/\/grandmoto.az\/wp-content\/uploads\/2024\/09\/Grandmoto-Service-Logo.png\",\"width\":1418,\"height\":495,\"caption\":\"Grandmoto\"},\"image\":{\"@id\":\"https:\/\/grandmoto.az\/en\/#\/schema\/logo\/image\/\"}}]}<\/script>\n<!-- \/ Yoast SEO Premium plugin. -->","yoast_head_json":{"title":"Axor Forged Carbon - Grandmoto.az","robots":{"index":"index","follow":"follow","max-snippet":"max-snippet:-1","max-image-preview":"max-image-preview:large","max-video-preview":"max-video-preview:-1"},"canonical":"https:\/\/grandmoto.az\/en\/product\/axor-forged-carbon\/","og_locale":"en_US","og_type":"article","og_title":"Axor Forged Carbon","og_description":"Axor Carbon Fiber d\u0259bilq\u0259si, y\u00fcks\u0259k performansl\u0131 v\u0259 t\u0259hl\u00fck\u0259sizlik \u00fc\u00e7\u00fcn n\u0259z\u0259rd\u0259 tutulmu\u015f premium keyfiyy\u0259tli d\u0259bilq\u0259dir. Bu d\u0259bilq\u0259, x\u00fcsus\u0259n a\u011f\u0131r z\u0259rb\u0259l\u0259rd\u0259n qorunma, aerodinamik effektivlik, v\u0259 rahatl\u0131q bax\u0131m\u0131ndan qabaqc\u0131l texnologiyalardan istifad\u0259 edir. Axor brendi, motosiklet\u00e7i d\u00fcnyas\u0131nda y\u00fcks\u0259k keyfiyy\u0259t v\u0259 innovasiya il\u0259 tan\u0131n\u0131r.","og_url":"https:\/\/grandmoto.az\/en\/product\/axor-forged-carbon\/","og_site_name":"Grandmoto.az","article_modified_time":"2024-12-02T11:34:38+00:00","og_image":[{"width":1000,"height":1000,"url":"https:\/\/grandmoto.az\/wp-content\/uploads\/2024\/12\/forgedcarbon_2_1000x.webp","type":"image\/webp"}],"twitter_card":"summary_large_image","twitter_misc":{"Est. reading time":"1 minute"},"schema":{"@context":"https:\/\/schema.org","@graph":[{"@type":"WebPage","@id":"https:\/\/grandmoto.az\/en\/product\/axor-forged-carbon\/","url":"https:\/\/grandmoto.az\/en\/product\/axor-forged-carbon\/","name":"Axor Forged Carbon - Grandmoto.az","isPartOf":{"@id":"https:\/\/grandmoto.az\/en\/#website"},"primaryImageOfPage":{"@id":"https:\/\/grandmoto.az\/en\/product\/axor-forged-carbon\/#primaryimage"},"image":{"@id":"https:\/\/grandmoto.az\/en\/product\/axor-forged-carbon\/#primaryimage"},"thumbnailUrl":"https:\/\/grandmoto.az\/wp-content\/uploads\/2024\/12\/forgedcarbon_2_1000x.webp","datePublished":"2024-12-02T11:34:37+00:00","dateModified":"2024-12-02T11:34:38+00:00","breadcrumb":{"@id":"https:\/\/grandmoto.az\/en\/product\/axor-forged-carbon\/#breadcrumb"},"inLanguage":"en-US","potentialAction":[{"@type":"ReadAction","target":["https:\/\/grandmoto.az\/en\/product\/axor-forged-carbon\/"]}]},{"@type":"ImageObject","inLanguage":"en-US","@id":"https:\/\/grandmoto.az\/en\/product\/axor-forged-carbon\/#primaryimage","url":"https:\/\/grandmoto.az\/wp-content\/uploads\/2024\/12\/forgedcarbon_2_1000x.webp","contentUrl":"https:\/\/grandmoto.az\/wp-content\/uploads\/2024\/12\/forgedcarbon_2_1000x.webp","width":1000,"height":1000},{"@type":"BreadcrumbList","@id":"https:\/\/grandmoto.az\/en\/product\/axor-forged-carbon\/#breadcrumb","itemListElement":[{"@type":"ListItem","position":1,"name":"Ana s\u0259hif\u0259","item":"https:\/\/grandmoto.az\/en\/"},{"@type":"ListItem","position":2,"name":"Shop","item":"https:\/\/grandmoto.az\/shop\/"},{"@type":"ListItem","position":3,"name":"Axor Forged Carbon"}]},{"@type":"WebSite","@id":"https:\/\/grandmoto.az\/en\/#website","url":"https:\/\/grandmoto.az\/en\/","name":"Grandmoto.az","description":"Grandmoto.az","publisher":{"@id":"https:\/\/grandmoto.az\/en\/#organization"},"potentialAction":[{"@type":"SearchAction","target":{"@type":"EntryPoint","urlTemplate":"https:\/\/grandmoto.az\/en\/?s={search_term_string}"},"query-input":{"@type":"PropertyValueSpecification","valueRequired":true,"valueName":"search_term_string"}}],"inLanguage":"en-US"},{"@type":"Organization","@id":"https:\/\/grandmoto.az\/en\/#organization","name":"Grandmoto","url":"https:\/\/grandmoto.az\/en\/","logo":{"@type":"ImageObject","inLanguage":"en-US","@id":"https:\/\/grandmoto.az\/en\/#\/schema\/logo\/image\/","url":"https:\/\/grandmoto.az\/wp-content\/uploads\/2024\/09\/Grandmoto-Service-Logo.png","contentUrl":"https:\/\/grandmoto.az\/wp-content\/uploads\/2024\/09\/Grandmoto-Service-Logo.png","width":1418,"height":495,"caption":"Grandmoto"},"image":{"@id":"https:\/\/grandmoto.az\/en\/#\/schema\/logo\/image\/"}}]}},"_links":{"self":[{"href":"https:\/\/grandmoto.az\/en\/wp-json\/wp\/v2\/product\/18444","targetHints":{"allow":["GET"]}}],"collection":[{"href":"https:\/\/grandmoto.az\/en\/wp-json\/wp\/v2\/product"}],"about":[{"href":"https:\/\/grandmoto.az\/en\/wp-json\/wp\/v2\/types\/product"}],"version-history":[{"count":1,"href":"https:\/\/grandmoto.az\/en\/wp-json\/wp\/v2\/product\/18444\/revisions"}],"predecessor-version":[{"id":18455,"href":"https:\/\/grandmoto.az\/en\/wp-json\/wp\/v2\/product\/18444\/revisions\/18455"}],"wp:featuredmedia":[{"embeddable":true,"href":"https:\/\/grandmoto.az\/en\/wp-json\/wp\/v2\/media\/18453"}],"wp:attachment":[{"href":"https:\/\/grandmoto.az\/en\/wp-json\/wp\/v2\/media?parent=18444"}],"wp:term":[{"taxonomy":"product_cat","embeddable":true,"href":"https:\/\/grandmoto.az\/en\/wp-json\/wp\/v2\/product_cat?post=18444"},{"taxonomy":"product_tag","embeddable":true,"href":"https:\/\/grandmoto.az\/en\/wp-json\/wp\/v2\/product_tag?post=18444"}],"curies":[{"name":"wp","href":"https:\/\/api.w.org\/{rel}","templated":true}]}}