{"id":18604,"date":"2024-12-02T17:45:27","date_gmt":"2024-12-02T13:45:27","guid":{"rendered":"https:\/\/grandmoto.az\/?post_type=product&#038;p=18604"},"modified":"2024-12-02T17:45:28","modified_gmt":"2024-12-02T13:45:28","slug":"axor-apex-seadevil","status":"publish","type":"product","link":"https:\/\/grandmoto.az\/en\/product\/axor-apex-seadevil\/","title":{"rendered":"Axor Apex Seadevil"},"content":{"rendered":"<p>1. Y\u00fcks\u0259k T\u0259hl\u00fck\u0259sizlik:<\/p>\n<p>Multikompakt strukturu: Axor Apex d\u0259bilq\u0259si, \u00e7oxqatl\u0131 qoruma t\u0259min ed\u0259n x\u00fcsusi bir in\u015faya sahibdir. Bu, t\u0259hl\u00fck\u0259sizlik sah\u0259sind\u0259 \u0259n y\u00fcks\u0259k standartlara cavab verir v\u0259 s\u00fcr\u00fcc\u00fcy\u00fc h\u0259r hans\u0131 bir q\u0259za v\u0259 ya z\u0259rb\u0259d\u0259n qoruma\u011fa y\u00f6n\u0259lmi\u015fdir.<\/p>\n<p>Z\u0259rb\u0259 udma texnologiyas\u0131: D\u0259bilq\u0259 y\u00fcks\u0259k t\u0259sirli z\u0259rb\u0259l\u0259ri udmaq \u00fc\u00e7\u00fcn n\u0259z\u0259rd\u0259 tutulmu\u015f materiallardan istifad\u0259 edir. Bununla da ba\u015f\u0131n qorunmas\u0131 maksimum s\u0259viyy\u0259d\u0259 t\u0259min edilir.<\/p>\n<p>2. Material v\u0259 Dizayn:<\/p>\n<p>Y\u00fcng\u00fcl v\u0259 m\u00f6hk\u0259m materiallar: Axor Apex, y\u00fcks\u0259k m\u00f6hk\u0259mliy\u0259 v\u0259 a\u015fa\u011f\u0131 \u00e7\u0259kiliy\u0259 malik olan x\u00fcsusi materiallardan haz\u0131rlan\u0131r. Bu materiallar h\u0259m t\u0259hl\u00fck\u0259sizlik, h\u0259m d\u0259 s\u00fcr\u00fcc\u00fcn\u00fcn rahatl\u0131\u011f\u0131 \u00fc\u00e7\u00fcn \u0259n ideal balans\u0131 t\u0259min edir.<\/p>\n<p>Aerodinamik dizayn: D\u0259bilq\u0259, hava ax\u0131n\u0131na uy\u011fun haz\u0131rlanm\u0131\u015f aerodinamik formaya sahibdir. Bu, s\u00fcr\u00fcc\u00fcn\u00fcn s\u00fcr\u0259tini art\u0131rd\u0131qca m\u00fcqavim\u0259tin azald\u0131lmas\u0131 v\u0259 stabil hava ax\u0131n\u0131 t\u0259min edilm\u0259si m\u0259qs\u0259dil\u0259 n\u0259z\u0259rd\u0259 tutulub.<\/p>\n<p>3. Rahatl\u0131q v\u0259 Ventilyasiya:<\/p>\n<p>\u0130ntensiv havaland\u0131rma sistemi: D\u0259bilq\u0259nin \u00e7oxlu ventilyasiya kanallar\u0131 ba\u015f\u0131n d\u00fczg\u00fcn havaland\u0131r\u0131lmas\u0131na k\u00f6m\u0259k edir. Bu, isti hava \u015f\u0259raitind\u0259 v\u0259 uzun s\u00fcr\u00fc\u015fl\u0259rd\u0259 s\u00fcr\u00fcc\u00fcn\u00fcn komfortunu art\u0131r\u0131r v\u0259 ba\u015f\u0131n \u00e7ox islanmas\u0131n\u0131n qar\u015f\u0131s\u0131n\u0131 al\u0131r.<\/p>\n<p>Rahat i\u00e7 astar: Axor Apex d\u0259bilq\u0259si, yum\u015faq v\u0259 rahat i\u00e7 astara malikdir. Astar\u0131n material\u0131 h\u0259m n\u0259f\u0259s ala bil\u0259ndir, h\u0259m d\u0259 yuyula bilir, bu da onun uzun m\u00fcdd\u0259t istifad\u0259 olunmas\u0131na imkan verir.<\/p>\n<p>4. D\u0259yi\u015fdiril\u0259 bil\u0259n v\u0259 T\u0259nziml\u0259n\u0259n X\u00fcsusiyy\u0259tl\u0259r:<\/p>\n<p>T\u0259nziml\u0259n\u0259n \u00e7\u0259n\u0259 koruyucu: Axor Apex-d\u0259 \u00e7\u0259n\u0259 qoruyucu hiss\u0259 t\u0259nziml\u0259n\u0259 bil\u0259ndir, bu da s\u00fcr\u00fcc\u00fcn\u00fcn f\u0259rdi ehtiyaclar\u0131na uy\u011fun olaraq daha yax\u015f\u0131 uy\u011funla\u015fma imkan\u0131 verir. Bu, daha yax\u015f\u0131 aerodinamika v\u0259 rahatl\u0131q t\u0259min edir.<\/p>\n<p>\u0130\u00e7 hiss\u0259nin t\u0259nziml\u0259nm\u0259si: D\u0259bilq\u0259nin i\u00e7 hiss\u0259si f\u0259rdi \u00f6l\u00e7\u00fcy\u0259 uy\u011fun olaraq asanl\u0131qla t\u0259nziml\u0259n\u0259 bil\u0259r, bu da istifad\u0259\u00e7i \u00fc\u00e7\u00fcn \u0259n rahat t\u0259cr\u00fcb\u0259ni t\u0259min edir.<\/p>\n<p>5. Estetik Dizayn:<\/p>\n<p>M\u00fcasir v\u0259 cazib\u0259dar g\u00f6r\u00fcn\u00fc\u015f: Axor Apex d\u0259bilq\u0259si, z\u0259rif v\u0259 dinamik dizayn\u0131 il\u0259 diqq\u0259t \u00e7\u0259kir. F\u0259rqli r\u0259ng se\u00e7iml\u0259ri v\u0259 grafika detallar\u0131 il\u0259 t\u0259qdim olunan bu model, estetik olaraq da g\u00f6z ox\u015fay\u0131r.<\/p>\n<p>Karbon lifli elementl\u0259r: Apex modelinin b\u0259zi hiss\u0259l\u0259ri karbon lifind\u0259n haz\u0131rlanm\u0131\u015fd\u0131r ki, bu da h\u0259m m\u00f6hk\u0259mliyi art\u0131r\u0131r, h\u0259m d\u0259 ona premium bir g\u00f6r\u00fcn\u00fc\u015f verir.<\/p>\n<p>6. T\u0259hl\u00fck\u0259sizlik Sertifikasiyas\u0131:<\/p>\n<p>ECE v\u0259 DOT Sertifikas\u0131: Axor Apex d\u0259bilq\u0259si, d\u00fcnya \u00fczr\u0259 t\u0259hl\u00fck\u0259sizlik standartlar\u0131na uy\u011fun olaraq ECE (Avropa) v\u0259 DOT (AB\u015e) sertifikasiyalar\u0131na malikdir. Bu, onun y\u00fcks\u0259k t\u0259hl\u00fck\u0259sizlik s\u0259viyy\u0259sinin t\u0259min olundu\u011funu g\u00f6st\u0259rir.<\/p>\n","protected":false},"excerpt":{"rendered":"<p>Axor Apex D\u0259bilq\u0259si, motosiklet s\u00fcr\u00fcc\u00fcl\u0259ri \u00fc\u00e7\u00fcn y\u00fcks\u0259k keyfiyy\u0259t v\u0259 t\u0259hl\u00fck\u0259sizlik t\u0259min ed\u0259n, h\u0259m\u00e7inin komfortlu t\u0259cr\u00fcb\u0259 t\u0259qdim ed\u0259n qabaqc\u0131l d\u0259bilq\u0259 modelidir. Axor brendi, motosiklet d\u00fcnyas\u0131nda y\u00fcks\u0259k texnologiya v\u0259 inovasiyalar\u0131 il\u0259 tan\u0131n\u0131r v\u0259 Apex modeli d\u0259 bu \u0259n\u0259n\u0259ni davam etdirir.<\/p>\n","protected":false},"featured_media":18605,"template":"","meta":{"_acf_changed":false},"product_cat":[127,90],"product_tag":[],"class_list":{"0":"post-18604","1":"product","2":"type-product","3":"status-publish","4":"has-post-thumbnail","6":"product_cat-full-face","7":"product_cat-helmets","9":"first","10":"instock","11":"shipping-taxable","12":"purchasable","13":"product-type-simple"},"acf":[],"yoast_head":"<!-- This site is optimized with the Yoast SEO Premium plugin v23.7 (Yoast SEO v24.1) - https:\/\/yoast.com\/wordpress\/plugins\/seo\/ -->\n<title>Axor Apex Seadevil - Grandmoto.az<\/title>\n<meta name=\"robots\" content=\"index, follow, max-snippet:-1, max-image-preview:large, max-video-preview:-1\" \/>\n<link rel=\"canonical\" href=\"https:\/\/grandmoto.az\/en\/product\/axor-apex-seadevil\/\" \/>\n<meta property=\"og:locale\" content=\"en_US\" \/>\n<meta property=\"og:type\" content=\"article\" \/>\n<meta property=\"og:title\" content=\"Axor Apex Seadevil\" \/>\n<meta property=\"og:description\" content=\"Axor Apex D\u0259bilq\u0259si, motosiklet s\u00fcr\u00fcc\u00fcl\u0259ri \u00fc\u00e7\u00fcn y\u00fcks\u0259k keyfiyy\u0259t v\u0259 t\u0259hl\u00fck\u0259sizlik t\u0259min ed\u0259n, h\u0259m\u00e7inin komfortlu t\u0259cr\u00fcb\u0259 t\u0259qdim ed\u0259n qabaqc\u0131l d\u0259bilq\u0259 modelidir. Axor brendi, motosiklet d\u00fcnyas\u0131nda y\u00fcks\u0259k texnologiya v\u0259 inovasiyalar\u0131 il\u0259 tan\u0131n\u0131r v\u0259 Apex modeli d\u0259 bu \u0259n\u0259n\u0259ni davam etdirir.\" \/>\n<meta property=\"og:url\" content=\"https:\/\/grandmoto.az\/en\/product\/axor-apex-seadevil\/\" \/>\n<meta property=\"og:site_name\" content=\"Grandmoto.az\" \/>\n<meta property=\"article:modified_time\" content=\"2024-12-02T13:45:28+00:00\" \/>\n<meta property=\"og:image\" content=\"https:\/\/grandmoto.az\/wp-content\/uploads\/2024\/12\/seadevilblackred_2_1000x.webp\" \/>\n\t<meta property=\"og:image:width\" content=\"1000\" \/>\n\t<meta property=\"og:image:height\" content=\"1000\" \/>\n\t<meta property=\"og:image:type\" content=\"image\/webp\" \/>\n<meta name=\"twitter:card\" content=\"summary_large_image\" \/>\n<meta name=\"twitter:label1\" content=\"Est. reading time\" \/>\n\t<meta name=\"twitter:data1\" content=\"1 minute\" \/>\n<script type=\"application\/ld+json\" class=\"yoast-schema-graph\">{\"@context\":\"https:\/\/schema.org\",\"@graph\":[{\"@type\":\"WebPage\",\"@id\":\"https:\/\/grandmoto.az\/en\/product\/axor-apex-seadevil\/\",\"url\":\"https:\/\/grandmoto.az\/en\/product\/axor-apex-seadevil\/\",\"name\":\"Axor Apex Seadevil - Grandmoto.az\",\"isPartOf\":{\"@id\":\"https:\/\/grandmoto.az\/en\/#website\"},\"primaryImageOfPage\":{\"@id\":\"https:\/\/grandmoto.az\/en\/product\/axor-apex-seadevil\/#primaryimage\"},\"image\":{\"@id\":\"https:\/\/grandmoto.az\/en\/product\/axor-apex-seadevil\/#primaryimage\"},\"thumbnailUrl\":\"https:\/\/grandmoto.az\/wp-content\/uploads\/2024\/12\/seadevilblackred_2_1000x.webp\",\"datePublished\":\"2024-12-02T13:45:27+00:00\",\"dateModified\":\"2024-12-02T13:45:28+00:00\",\"breadcrumb\":{\"@id\":\"https:\/\/grandmoto.az\/en\/product\/axor-apex-seadevil\/#breadcrumb\"},\"inLanguage\":\"en-US\",\"potentialAction\":[{\"@type\":\"ReadAction\",\"target\":[\"https:\/\/grandmoto.az\/en\/product\/axor-apex-seadevil\/\"]}]},{\"@type\":\"ImageObject\",\"inLanguage\":\"en-US\",\"@id\":\"https:\/\/grandmoto.az\/en\/product\/axor-apex-seadevil\/#primaryimage\",\"url\":\"https:\/\/grandmoto.az\/wp-content\/uploads\/2024\/12\/seadevilblackred_2_1000x.webp\",\"contentUrl\":\"https:\/\/grandmoto.az\/wp-content\/uploads\/2024\/12\/seadevilblackred_2_1000x.webp\",\"width\":1000,\"height\":1000},{\"@type\":\"BreadcrumbList\",\"@id\":\"https:\/\/grandmoto.az\/en\/product\/axor-apex-seadevil\/#breadcrumb\",\"itemListElement\":[{\"@type\":\"ListItem\",\"position\":1,\"name\":\"Ana s\u0259hif\u0259\",\"item\":\"https:\/\/grandmoto.az\/en\/\"},{\"@type\":\"ListItem\",\"position\":2,\"name\":\"Shop\",\"item\":\"https:\/\/grandmoto.az\/shop\/\"},{\"@type\":\"ListItem\",\"position\":3,\"name\":\"Axor Apex Seadevil\"}]},{\"@type\":\"WebSite\",\"@id\":\"https:\/\/grandmoto.az\/en\/#website\",\"url\":\"https:\/\/grandmoto.az\/en\/\",\"name\":\"Grandmoto.az\",\"description\":\"Grandmoto.az\",\"publisher\":{\"@id\":\"https:\/\/grandmoto.az\/en\/#organization\"},\"potentialAction\":[{\"@type\":\"SearchAction\",\"target\":{\"@type\":\"EntryPoint\",\"urlTemplate\":\"https:\/\/grandmoto.az\/en\/?s={search_term_string}\"},\"query-input\":{\"@type\":\"PropertyValueSpecification\",\"valueRequired\":true,\"valueName\":\"search_term_string\"}}],\"inLanguage\":\"en-US\"},{\"@type\":\"Organization\",\"@id\":\"https:\/\/grandmoto.az\/en\/#organization\",\"name\":\"Grandmoto\",\"url\":\"https:\/\/grandmoto.az\/en\/\",\"logo\":{\"@type\":\"ImageObject\",\"inLanguage\":\"en-US\",\"@id\":\"https:\/\/grandmoto.az\/en\/#\/schema\/logo\/image\/\",\"url\":\"https:\/\/grandmoto.az\/wp-content\/uploads\/2024\/09\/Grandmoto-Service-Logo.png\",\"contentUrl\":\"https:\/\/grandmoto.az\/wp-content\/uploads\/2024\/09\/Grandmoto-Service-Logo.png\",\"width\":1418,\"height\":495,\"caption\":\"Grandmoto\"},\"image\":{\"@id\":\"https:\/\/grandmoto.az\/en\/#\/schema\/logo\/image\/\"}}]}<\/script>\n<!-- \/ Yoast SEO Premium plugin. -->","yoast_head_json":{"title":"Axor Apex Seadevil - Grandmoto.az","robots":{"index":"index","follow":"follow","max-snippet":"max-snippet:-1","max-image-preview":"max-image-preview:large","max-video-preview":"max-video-preview:-1"},"canonical":"https:\/\/grandmoto.az\/en\/product\/axor-apex-seadevil\/","og_locale":"en_US","og_type":"article","og_title":"Axor Apex Seadevil","og_description":"Axor Apex D\u0259bilq\u0259si, motosiklet s\u00fcr\u00fcc\u00fcl\u0259ri \u00fc\u00e7\u00fcn y\u00fcks\u0259k keyfiyy\u0259t v\u0259 t\u0259hl\u00fck\u0259sizlik t\u0259min ed\u0259n, h\u0259m\u00e7inin komfortlu t\u0259cr\u00fcb\u0259 t\u0259qdim ed\u0259n qabaqc\u0131l d\u0259bilq\u0259 modelidir. Axor brendi, motosiklet d\u00fcnyas\u0131nda y\u00fcks\u0259k texnologiya v\u0259 inovasiyalar\u0131 il\u0259 tan\u0131n\u0131r v\u0259 Apex modeli d\u0259 bu \u0259n\u0259n\u0259ni davam etdirir.","og_url":"https:\/\/grandmoto.az\/en\/product\/axor-apex-seadevil\/","og_site_name":"Grandmoto.az","article_modified_time":"2024-12-02T13:45:28+00:00","og_image":[{"width":1000,"height":1000,"url":"https:\/\/grandmoto.az\/wp-content\/uploads\/2024\/12\/seadevilblackred_2_1000x.webp","type":"image\/webp"}],"twitter_card":"summary_large_image","twitter_misc":{"Est. reading time":"1 minute"},"schema":{"@context":"https:\/\/schema.org","@graph":[{"@type":"WebPage","@id":"https:\/\/grandmoto.az\/en\/product\/axor-apex-seadevil\/","url":"https:\/\/grandmoto.az\/en\/product\/axor-apex-seadevil\/","name":"Axor Apex Seadevil - Grandmoto.az","isPartOf":{"@id":"https:\/\/grandmoto.az\/en\/#website"},"primaryImageOfPage":{"@id":"https:\/\/grandmoto.az\/en\/product\/axor-apex-seadevil\/#primaryimage"},"image":{"@id":"https:\/\/grandmoto.az\/en\/product\/axor-apex-seadevil\/#primaryimage"},"thumbnailUrl":"https:\/\/grandmoto.az\/wp-content\/uploads\/2024\/12\/seadevilblackred_2_1000x.webp","datePublished":"2024-12-02T13:45:27+00:00","dateModified":"2024-12-02T13:45:28+00:00","breadcrumb":{"@id":"https:\/\/grandmoto.az\/en\/product\/axor-apex-seadevil\/#breadcrumb"},"inLanguage":"en-US","potentialAction":[{"@type":"ReadAction","target":["https:\/\/grandmoto.az\/en\/product\/axor-apex-seadevil\/"]}]},{"@type":"ImageObject","inLanguage":"en-US","@id":"https:\/\/grandmoto.az\/en\/product\/axor-apex-seadevil\/#primaryimage","url":"https:\/\/grandmoto.az\/wp-content\/uploads\/2024\/12\/seadevilblackred_2_1000x.webp","contentUrl":"https:\/\/grandmoto.az\/wp-content\/uploads\/2024\/12\/seadevilblackred_2_1000x.webp","width":1000,"height":1000},{"@type":"BreadcrumbList","@id":"https:\/\/grandmoto.az\/en\/product\/axor-apex-seadevil\/#breadcrumb","itemListElement":[{"@type":"ListItem","position":1,"name":"Ana s\u0259hif\u0259","item":"https:\/\/grandmoto.az\/en\/"},{"@type":"ListItem","position":2,"name":"Shop","item":"https:\/\/grandmoto.az\/shop\/"},{"@type":"ListItem","position":3,"name":"Axor Apex Seadevil"}]},{"@type":"WebSite","@id":"https:\/\/grandmoto.az\/en\/#website","url":"https:\/\/grandmoto.az\/en\/","name":"Grandmoto.az","description":"Grandmoto.az","publisher":{"@id":"https:\/\/grandmoto.az\/en\/#organization"},"potentialAction":[{"@type":"SearchAction","target":{"@type":"EntryPoint","urlTemplate":"https:\/\/grandmoto.az\/en\/?s={search_term_string}"},"query-input":{"@type":"PropertyValueSpecification","valueRequired":true,"valueName":"search_term_string"}}],"inLanguage":"en-US"},{"@type":"Organization","@id":"https:\/\/grandmoto.az\/en\/#organization","name":"Grandmoto","url":"https:\/\/grandmoto.az\/en\/","logo":{"@type":"ImageObject","inLanguage":"en-US","@id":"https:\/\/grandmoto.az\/en\/#\/schema\/logo\/image\/","url":"https:\/\/grandmoto.az\/wp-content\/uploads\/2024\/09\/Grandmoto-Service-Logo.png","contentUrl":"https:\/\/grandmoto.az\/wp-content\/uploads\/2024\/09\/Grandmoto-Service-Logo.png","width":1418,"height":495,"caption":"Grandmoto"},"image":{"@id":"https:\/\/grandmoto.az\/en\/#\/schema\/logo\/image\/"}}]}},"_links":{"self":[{"href":"https:\/\/grandmoto.az\/en\/wp-json\/wp\/v2\/product\/18604","targetHints":{"allow":["GET"]}}],"collection":[{"href":"https:\/\/grandmoto.az\/en\/wp-json\/wp\/v2\/product"}],"about":[{"href":"https:\/\/grandmoto.az\/en\/wp-json\/wp\/v2\/types\/product"}],"version-history":[{"count":1,"href":"https:\/\/grandmoto.az\/en\/wp-json\/wp\/v2\/product\/18604\/revisions"}],"predecessor-version":[{"id":18615,"href":"https:\/\/grandmoto.az\/en\/wp-json\/wp\/v2\/product\/18604\/revisions\/18615"}],"wp:featuredmedia":[{"embeddable":true,"href":"https:\/\/grandmoto.az\/en\/wp-json\/wp\/v2\/media\/18605"}],"wp:attachment":[{"href":"https:\/\/grandmoto.az\/en\/wp-json\/wp\/v2\/media?parent=18604"}],"wp:term":[{"taxonomy":"product_cat","embeddable":true,"href":"https:\/\/grandmoto.az\/en\/wp-json\/wp\/v2\/product_cat?post=18604"},{"taxonomy":"product_tag","embeddable":true,"href":"https:\/\/grandmoto.az\/en\/wp-json\/wp\/v2\/product_tag?post=18604"}],"curies":[{"name":"wp","href":"https:\/\/api.w.org\/{rel}","templated":true}]}}