{"id":18775,"date":"2025-01-30T13:32:10","date_gmt":"2025-01-30T09:32:10","guid":{"rendered":"https:\/\/grandmoto.az\/?post_type=product&#038;p=18775"},"modified":"2025-01-30T13:32:11","modified_gmt":"2025-01-30T09:32:11","slug":"vega-bunny-2","status":"publish","type":"product","link":"https:\/\/grandmoto.az\/en\/product\/vega-bunny-2\/","title":{"rendered":"Vega Bunny"},"content":{"rendered":"<p>T\u0259hl\u00fck\u0259sizlik: Vega d\u0259bilq\u0259l\u0259ri, Hindistan\u0131n FICCI (Federation of Indian Chambers of Commerce and Industry) v\u0259 beyn\u0259lxalq t\u0259hl\u00fck\u0259sizlik standartlar\u0131na uy\u011fun \u015f\u0259kild\u0259 istehsal edilir. D\u0259bilq\u0259l\u0259r, ba\u015f\u0131n qorunmas\u0131n\u0131 t\u0259min ed\u0259n y\u00fcks\u0259k keyfiyy\u0259tli materiallardan haz\u0131rlan\u0131r, bu da s\u00fcr\u00fcc\u00fcl\u0259rin q\u0259zalar zaman\u0131 z\u0259d\u0259l\u0259nm\u0259 riskini azald\u0131r. D\u0259bilq\u0259nin xarici hiss\u0259si, kompozit ABS v\u0259 polikarbonat kimi davaml\u0131 materiallardan haz\u0131rlan\u0131r.<\/p>\n<p>Y\u00fcng\u00fcll\u00fck v\u0259 Komfort: Vega d\u0259bilq\u0259l\u0259ri y\u00fcng\u00fcl v\u0259 rahatd\u0131r, bu da s\u00fcr\u00fcc\u00fcl\u0259rin uzun m\u00fcdd\u0259t motosiklet s\u00fcr\u0259rk\u0259n komfort hissini art\u0131r\u0131r. \u0130\u00e7 hiss\u0259, yumu\u015faq v\u0259 n\u0259f\u0259s alan astarla t\u0259chiz edilir, bu da daha yax\u015f\u0131 hava d\u00f6vran\u0131 t\u0259min edir v\u0259 ba\u015f\u0131n s\u0259rin qalmas\u0131n\u0131 t\u0259min edir.<\/p>\n<p>Ventilyasiya Sistemi: Vega d\u0259bilq\u0259l\u0259rind\u0259 t\u0259nziml\u0259n\u0259n hava ventilyasiya sisteml\u0259ri m\u00f6vcuddur. Bu x\u00fcsusiyy\u0259t, x\u00fcsusil\u0259 isti hava \u015f\u0259raitind\u0259 s\u00fcr\u00fc\u015f ed\u0259nl\u0259r \u00fc\u00e7\u00fcn \u00e7ox faydal\u0131d\u0131r, \u00e7\u00fcnki hava d\u00f6vran\u0131 ba\u015f\u0131n h\u0259ddind\u0259n art\u0131q isinm\u0259sinin qar\u015f\u0131s\u0131n\u0131 al\u0131r.<\/p>\n<p>T\u0259hl\u00fck\u0259sizlik Vizoru: Vega d\u0259bilq\u0259l\u0259rind\u0259 t\u0259hl\u00fck\u0259sizlik vizoru m\u00f6vcuddur. Vizor, \u0259traf m\u00fchitd\u0259n g\u0259l\u0259n k\u00fcl\u0259k, toz v\u0259 ya su damc\u0131lar\u0131n\u0131n g\u00f6z\u0259 t\u0259sirini azald\u0131r v\u0259 daha t\u0259hl\u00fck\u0259siz s\u00fcr\u00fc\u015f t\u0259cr\u00fcb\u0259si t\u0259min edir. Vizorlar c\u0131z\u0131qlara qar\u015f\u0131 davaml\u0131 olur.<\/p>\n<p>Dizayn v\u0259 Estetika: Vega, m\u00fcxt\u0259lif dizayn v\u0259 r\u0259ng variantlar\u0131 t\u0259klif edir ki, bu da s\u00fcr\u00fcc\u00fcl\u0259rin \u015f\u0259xsi z\u00f6vq\u00fcn\u0259 uy\u011fun se\u00e7im etm\u0259sin\u0259 imkan verir. Bu ba\u015f geyiml\u0259ri sad\u0259 v\u0259 \u015f\u0131k dizaynlardan tutmu\u015f daha dinamik v\u0259 iddial\u0131 modell\u0259r\u0259 q\u0259d\u0259r geni\u015f \u00e7e\u015fidd\u0259 m\u00f6vcuddur.<\/p>\n","protected":false},"excerpt":{"rendered":"<p>Vega, b\u00fcdc\u0259 dostu qiym\u0259tl\u0259ri il\u0259 m\u0259h\u015fur olan Hindistan istehsal\u0131 d\u0259bilq\u0259 brendidir. Vega brendinin m\u0259hsullar\u0131, y\u00fcks\u0259k t\u0259hl\u00fck\u0259sizlik standartlar\u0131na cavab verm\u0259kl\u0259 yana\u015f\u0131, h\u0259m d\u0259 qiym\u0259tin\u0259 g\u00f6r\u0259 \u00e7ox \u0259lveri\u015flidir. Vega, motosiklet s\u00fcr\u00fcc\u00fcl\u0259rinin t\u0259hl\u00fck\u0259sizliyini t\u0259min etm\u0259kl\u0259 yana\u015f\u0131, onlara rahat v\u0259 estetik se\u00e7iml\u0259r d\u0259 t\u0259klif edir.<\/p>\n","protected":false},"featured_media":18778,"template":"","meta":{"_acf_changed":false},"product_cat":[127,90],"product_tag":[],"class_list":{"0":"post-18775","1":"product","2":"type-product","3":"status-publish","4":"has-post-thumbnail","6":"product_cat-full-face","7":"product_cat-helmets","9":"first","10":"instock","11":"shipping-taxable","12":"purchasable","13":"product-type-simple"},"acf":[],"yoast_head":"<!-- This site is optimized with the Yoast SEO Premium plugin v23.7 (Yoast SEO v24.1) - https:\/\/yoast.com\/wordpress\/plugins\/seo\/ -->\n<title>Vega Bunny - Grandmoto.az<\/title>\n<meta name=\"robots\" content=\"index, follow, max-snippet:-1, max-image-preview:large, max-video-preview:-1\" \/>\n<link rel=\"canonical\" href=\"https:\/\/grandmoto.az\/en\/product\/vega-bunny-2\/\" \/>\n<meta property=\"og:locale\" content=\"en_US\" \/>\n<meta property=\"og:type\" content=\"article\" \/>\n<meta property=\"og:title\" content=\"Vega Bunny\" \/>\n<meta property=\"og:description\" content=\"Vega, b\u00fcdc\u0259 dostu qiym\u0259tl\u0259ri il\u0259 m\u0259h\u015fur olan Hindistan istehsal\u0131 d\u0259bilq\u0259 brendidir. Vega brendinin m\u0259hsullar\u0131, y\u00fcks\u0259k t\u0259hl\u00fck\u0259sizlik standartlar\u0131na cavab verm\u0259kl\u0259 yana\u015f\u0131, h\u0259m d\u0259 qiym\u0259tin\u0259 g\u00f6r\u0259 \u00e7ox \u0259lveri\u015flidir. Vega, motosiklet s\u00fcr\u00fcc\u00fcl\u0259rinin t\u0259hl\u00fck\u0259sizliyini t\u0259min etm\u0259kl\u0259 yana\u015f\u0131, onlara rahat v\u0259 estetik se\u00e7iml\u0259r d\u0259 t\u0259klif edir.\" \/>\n<meta property=\"og:url\" content=\"https:\/\/grandmoto.az\/en\/product\/vega-bunny-2\/\" \/>\n<meta property=\"og:site_name\" content=\"Grandmoto.az\" \/>\n<meta property=\"article:modified_time\" content=\"2025-01-30T09:32:11+00:00\" \/>\n<meta property=\"og:image\" content=\"https:\/\/grandmoto.az\/wp-content\/uploads\/2025\/01\/bunny-kr-2-768x800.png\" \/>\n\t<meta property=\"og:image:width\" content=\"768\" \/>\n\t<meta property=\"og:image:height\" content=\"800\" \/>\n\t<meta property=\"og:image:type\" content=\"image\/png\" \/>\n<meta name=\"twitter:card\" content=\"summary_large_image\" \/>\n<meta name=\"twitter:label1\" content=\"Est. reading time\" \/>\n\t<meta name=\"twitter:data1\" content=\"1 minute\" \/>\n<script type=\"application\/ld+json\" class=\"yoast-schema-graph\">{\"@context\":\"https:\/\/schema.org\",\"@graph\":[{\"@type\":\"WebPage\",\"@id\":\"https:\/\/grandmoto.az\/en\/product\/vega-bunny-2\/\",\"url\":\"https:\/\/grandmoto.az\/en\/product\/vega-bunny-2\/\",\"name\":\"Vega Bunny - Grandmoto.az\",\"isPartOf\":{\"@id\":\"https:\/\/grandmoto.az\/en\/#website\"},\"primaryImageOfPage\":{\"@id\":\"https:\/\/grandmoto.az\/en\/product\/vega-bunny-2\/#primaryimage\"},\"image\":{\"@id\":\"https:\/\/grandmoto.az\/en\/product\/vega-bunny-2\/#primaryimage\"},\"thumbnailUrl\":\"https:\/\/grandmoto.az\/wp-content\/uploads\/2025\/01\/bunny-kr-2.png\",\"datePublished\":\"2025-01-30T09:32:10+00:00\",\"dateModified\":\"2025-01-30T09:32:11+00:00\",\"breadcrumb\":{\"@id\":\"https:\/\/grandmoto.az\/en\/product\/vega-bunny-2\/#breadcrumb\"},\"inLanguage\":\"en-US\",\"potentialAction\":[{\"@type\":\"ReadAction\",\"target\":[\"https:\/\/grandmoto.az\/en\/product\/vega-bunny-2\/\"]}]},{\"@type\":\"ImageObject\",\"inLanguage\":\"en-US\",\"@id\":\"https:\/\/grandmoto.az\/en\/product\/vega-bunny-2\/#primaryimage\",\"url\":\"https:\/\/grandmoto.az\/wp-content\/uploads\/2025\/01\/bunny-kr-2.png\",\"contentUrl\":\"https:\/\/grandmoto.az\/wp-content\/uploads\/2025\/01\/bunny-kr-2.png\",\"width\":2692,\"height\":2803},{\"@type\":\"BreadcrumbList\",\"@id\":\"https:\/\/grandmoto.az\/en\/product\/vega-bunny-2\/#breadcrumb\",\"itemListElement\":[{\"@type\":\"ListItem\",\"position\":1,\"name\":\"Ana s\u0259hif\u0259\",\"item\":\"https:\/\/grandmoto.az\/en\/\"},{\"@type\":\"ListItem\",\"position\":2,\"name\":\"Shop\",\"item\":\"https:\/\/grandmoto.az\/shop\/\"},{\"@type\":\"ListItem\",\"position\":3,\"name\":\"Vega Bunny\"}]},{\"@type\":\"WebSite\",\"@id\":\"https:\/\/grandmoto.az\/en\/#website\",\"url\":\"https:\/\/grandmoto.az\/en\/\",\"name\":\"Grandmoto.az\",\"description\":\"Grandmoto.az\",\"publisher\":{\"@id\":\"https:\/\/grandmoto.az\/en\/#organization\"},\"potentialAction\":[{\"@type\":\"SearchAction\",\"target\":{\"@type\":\"EntryPoint\",\"urlTemplate\":\"https:\/\/grandmoto.az\/en\/?s={search_term_string}\"},\"query-input\":{\"@type\":\"PropertyValueSpecification\",\"valueRequired\":true,\"valueName\":\"search_term_string\"}}],\"inLanguage\":\"en-US\"},{\"@type\":\"Organization\",\"@id\":\"https:\/\/grandmoto.az\/en\/#organization\",\"name\":\"Grandmoto\",\"url\":\"https:\/\/grandmoto.az\/en\/\",\"logo\":{\"@type\":\"ImageObject\",\"inLanguage\":\"en-US\",\"@id\":\"https:\/\/grandmoto.az\/en\/#\/schema\/logo\/image\/\",\"url\":\"https:\/\/grandmoto.az\/wp-content\/uploads\/2024\/09\/Grandmoto-Service-Logo.png\",\"contentUrl\":\"https:\/\/grandmoto.az\/wp-content\/uploads\/2024\/09\/Grandmoto-Service-Logo.png\",\"width\":1418,\"height\":495,\"caption\":\"Grandmoto\"},\"image\":{\"@id\":\"https:\/\/grandmoto.az\/en\/#\/schema\/logo\/image\/\"}}]}<\/script>\n<!-- \/ Yoast SEO Premium plugin. -->","yoast_head_json":{"title":"Vega Bunny - Grandmoto.az","robots":{"index":"index","follow":"follow","max-snippet":"max-snippet:-1","max-image-preview":"max-image-preview:large","max-video-preview":"max-video-preview:-1"},"canonical":"https:\/\/grandmoto.az\/en\/product\/vega-bunny-2\/","og_locale":"en_US","og_type":"article","og_title":"Vega Bunny","og_description":"Vega, b\u00fcdc\u0259 dostu qiym\u0259tl\u0259ri il\u0259 m\u0259h\u015fur olan Hindistan istehsal\u0131 d\u0259bilq\u0259 brendidir. Vega brendinin m\u0259hsullar\u0131, y\u00fcks\u0259k t\u0259hl\u00fck\u0259sizlik standartlar\u0131na cavab verm\u0259kl\u0259 yana\u015f\u0131, h\u0259m d\u0259 qiym\u0259tin\u0259 g\u00f6r\u0259 \u00e7ox \u0259lveri\u015flidir. Vega, motosiklet s\u00fcr\u00fcc\u00fcl\u0259rinin t\u0259hl\u00fck\u0259sizliyini t\u0259min etm\u0259kl\u0259 yana\u015f\u0131, onlara rahat v\u0259 estetik se\u00e7iml\u0259r d\u0259 t\u0259klif edir.","og_url":"https:\/\/grandmoto.az\/en\/product\/vega-bunny-2\/","og_site_name":"Grandmoto.az","article_modified_time":"2025-01-30T09:32:11+00:00","og_image":[{"width":768,"height":800,"url":"https:\/\/grandmoto.az\/wp-content\/uploads\/2025\/01\/bunny-kr-2-768x800.png","type":"image\/png"}],"twitter_card":"summary_large_image","twitter_misc":{"Est. reading time":"1 minute"},"schema":{"@context":"https:\/\/schema.org","@graph":[{"@type":"WebPage","@id":"https:\/\/grandmoto.az\/en\/product\/vega-bunny-2\/","url":"https:\/\/grandmoto.az\/en\/product\/vega-bunny-2\/","name":"Vega Bunny - Grandmoto.az","isPartOf":{"@id":"https:\/\/grandmoto.az\/en\/#website"},"primaryImageOfPage":{"@id":"https:\/\/grandmoto.az\/en\/product\/vega-bunny-2\/#primaryimage"},"image":{"@id":"https:\/\/grandmoto.az\/en\/product\/vega-bunny-2\/#primaryimage"},"thumbnailUrl":"https:\/\/grandmoto.az\/wp-content\/uploads\/2025\/01\/bunny-kr-2.png","datePublished":"2025-01-30T09:32:10+00:00","dateModified":"2025-01-30T09:32:11+00:00","breadcrumb":{"@id":"https:\/\/grandmoto.az\/en\/product\/vega-bunny-2\/#breadcrumb"},"inLanguage":"en-US","potentialAction":[{"@type":"ReadAction","target":["https:\/\/grandmoto.az\/en\/product\/vega-bunny-2\/"]}]},{"@type":"ImageObject","inLanguage":"en-US","@id":"https:\/\/grandmoto.az\/en\/product\/vega-bunny-2\/#primaryimage","url":"https:\/\/grandmoto.az\/wp-content\/uploads\/2025\/01\/bunny-kr-2.png","contentUrl":"https:\/\/grandmoto.az\/wp-content\/uploads\/2025\/01\/bunny-kr-2.png","width":2692,"height":2803},{"@type":"BreadcrumbList","@id":"https:\/\/grandmoto.az\/en\/product\/vega-bunny-2\/#breadcrumb","itemListElement":[{"@type":"ListItem","position":1,"name":"Ana s\u0259hif\u0259","item":"https:\/\/grandmoto.az\/en\/"},{"@type":"ListItem","position":2,"name":"Shop","item":"https:\/\/grandmoto.az\/shop\/"},{"@type":"ListItem","position":3,"name":"Vega Bunny"}]},{"@type":"WebSite","@id":"https:\/\/grandmoto.az\/en\/#website","url":"https:\/\/grandmoto.az\/en\/","name":"Grandmoto.az","description":"Grandmoto.az","publisher":{"@id":"https:\/\/grandmoto.az\/en\/#organization"},"potentialAction":[{"@type":"SearchAction","target":{"@type":"EntryPoint","urlTemplate":"https:\/\/grandmoto.az\/en\/?s={search_term_string}"},"query-input":{"@type":"PropertyValueSpecification","valueRequired":true,"valueName":"search_term_string"}}],"inLanguage":"en-US"},{"@type":"Organization","@id":"https:\/\/grandmoto.az\/en\/#organization","name":"Grandmoto","url":"https:\/\/grandmoto.az\/en\/","logo":{"@type":"ImageObject","inLanguage":"en-US","@id":"https:\/\/grandmoto.az\/en\/#\/schema\/logo\/image\/","url":"https:\/\/grandmoto.az\/wp-content\/uploads\/2024\/09\/Grandmoto-Service-Logo.png","contentUrl":"https:\/\/grandmoto.az\/wp-content\/uploads\/2024\/09\/Grandmoto-Service-Logo.png","width":1418,"height":495,"caption":"Grandmoto"},"image":{"@id":"https:\/\/grandmoto.az\/en\/#\/schema\/logo\/image\/"}}]}},"_links":{"self":[{"href":"https:\/\/grandmoto.az\/en\/wp-json\/wp\/v2\/product\/18775","targetHints":{"allow":["GET"]}}],"collection":[{"href":"https:\/\/grandmoto.az\/en\/wp-json\/wp\/v2\/product"}],"about":[{"href":"https:\/\/grandmoto.az\/en\/wp-json\/wp\/v2\/types\/product"}],"version-history":[{"count":1,"href":"https:\/\/grandmoto.az\/en\/wp-json\/wp\/v2\/product\/18775\/revisions"}],"predecessor-version":[{"id":18784,"href":"https:\/\/grandmoto.az\/en\/wp-json\/wp\/v2\/product\/18775\/revisions\/18784"}],"wp:featuredmedia":[{"embeddable":true,"href":"https:\/\/grandmoto.az\/en\/wp-json\/wp\/v2\/media\/18778"}],"wp:attachment":[{"href":"https:\/\/grandmoto.az\/en\/wp-json\/wp\/v2\/media?parent=18775"}],"wp:term":[{"taxonomy":"product_cat","embeddable":true,"href":"https:\/\/grandmoto.az\/en\/wp-json\/wp\/v2\/product_cat?post=18775"},{"taxonomy":"product_tag","embeddable":true,"href":"https:\/\/grandmoto.az\/en\/wp-json\/wp\/v2\/product_tag?post=18775"}],"curies":[{"name":"wp","href":"https:\/\/api.w.org\/{rel}","templated":true}]}}