{"id":18929,"date":"2025-06-27T11:22:19","date_gmt":"2025-06-27T07:22:19","guid":{"rendered":"https:\/\/grandmoto.az\/?post_type=product&#038;p=18929"},"modified":"2025-06-27T11:22:20","modified_gmt":"2025-06-27T07:22:20","slug":"arai-tour-x5-black","status":"publish","type":"product","link":"https:\/\/grandmoto.az\/en\/product\/arai-tour-x5-black\/","title":{"rendered":"Arai Tour-X5 Black"},"content":{"rendered":"<p>X\u00fcsusiyy\u0259tl\u0259r<\/p>\n<p>Qoruyucu qab\u0131q: Super Fibre (PB\u2011CLC2) \u2014 normal fiberglasdan t\u0259xmin\u0259n 30\u202f%-\u0259 q\u0259d\u0259r g\u00fccl\u00fc v\u0259 y\u00fcng\u00fcl<\/p>\n<p>VAS\u2011A vizor sistemi: Glancing\u2011Off (y\u0131x\u0131lma zaman\u0131 s\u0131yr\u0131lma) performans\u0131n\u0131 art\u0131ran, al\u0259tl\u0259rl\u0259 vizoru asanl\u0131qla d\u0259yi\u015fdirm\u0259y\u0259 imkan ver\u0259n Max\u2011Vision vizor (Pinlock\u201112O XLT daxil)<\/p>\n<p>Havaland\u0131rma sistemi: 3D loqo ventili, AR\u2011spoiler, Delta Duct\u20116, \u00e7\u0259n\u0259 ventili v\u0259 \u00fc\u00e7 Venturi \u00e7\u0131x\u0131\u015f\u0131 il\u0259 effektiv hava ax\u0131n\u0131 t\u0259min olunur<\/p>\n<p>Aerodinamika: Qaba\u011fda v\u0259 \u00e7\u0259n\u0259d\u0259 spoiler, arxada aerodinamik dizayn .<\/p>\n<p>Daxili t\u0259nziml\u0259m\u0259 v\u0259 komfort: Antibakterial, yuyula bil\u0259n interyer; d\u0259yi\u015fdiril\u0259 bil\u0259n yanaq yast\u0131qlar\u0131, boyun d\u0259st\u0259yi, \u00e7\u0259n\u0259 yast\u0131\u011f\u0131; FCS yanaq sistemi v\u0259 dan\u0131\u015fma sisteml\u0259ri \u00fc\u00e7\u00fcn cibl\u0259r .<\/p>\n<p>T\u0259hl\u00fck\u0259sizlik v\u0259 \u0259lav\u0259 funksiyalar: T\u0259cili interyer \u00e7\u0131xarma sistemi (ERS), c\u00fct D\u2011halqa lent sistemi (double\u2011D), t\u0259xmin\u0259n 1\u202f700\u202fg (+\/\u201150\u202fg) \u00e7\u0259kid\u0259dir<\/p>\n<p>\u00dcst\u00fcnl\u00fckl\u0259r<\/p>\n<p>M\u00f6ht\u0259\u015f\u0259m t\u0259hl\u00fck\u0259sizlik: Arai-nin xarici s\u0259rt qab\u0131\u011f\u0131 + yum\u015faq i\u00e7lik sistemi z\u0259rb\u0259l\u0259ri effektiv \u0259m\u0259l\u0259 sal\u0131r v\u0259 y\u00fcks\u0259k t\u0259hl\u00fck\u0259sizlik sertifikat\u0131na malikdir.<\/p>\n<p>Hava v\u0259 soyuq idar\u0259etm\u0259si: G\u00fccl\u00fc havaland\u0131rma sistemi say\u0259sind\u0259 x\u00fcsusil\u0259 isti v\u0259 n\u0259m iqliml\u0259rd\u0259 bel\u0259 n\u0259f\u0259salma t\u0259min olunur.<\/p>\n<p>Vizor rahatl\u0131\u011f\u0131: Vizorun al\u0259tsiz asan d\u0259yi\u015fdirilm\u0259si, Pinlock \u0259lav\u0259 imkan\u0131 v\u0259 geni\u015f g\u00f6r\u00fcn\u00fc\u015f sah\u0259si g\u00fcnl\u00fck istifad\u0259 \u00fc\u00e7\u00fcn \u0259lveri\u015flidir.<\/p>\n<p>Modulyar dizayn: H\u0259m mac\u0259ra, h\u0259m d\u0259 s\u0259rni\u015fin turlar\u0131 \u00fc\u00e7\u00fcn \u00e7\u0259n\u0259 qalxan v\u0259 qald\u0131r\u0131l\u0131b-sal\u0131nan peak dizayn\u0131na malikdir.<\/p>\n","protected":false},"excerpt":{"rendered":"<p>Tour\u2011X5, Arai-nin be\u015finci n\u0259sil adventure kask\u0131d\u0131r. On\u2011road v\u0259 off\u2011road s\u00fcr\u00fcc\u00fcl\u00fck \u00fc\u00e7\u00fcn tam optimiz\u0259 olunmu\u015f bu model, PB\u2011cLc\u00b2 (Peripherally Belted Complex Laminate Construction) xarici qab\u0131\u011f\u0131 v\u0259 multi\u2011s\u0131xl\u0131q EPS i\u00e7liyi il\u0259 maksimum z\u0259rb\u0259 udma qabiliyy\u0259tin\u0259 malikdir. ECE R22\u201106 standart\u0131na uy\u011fun olaraq t\u0259sdiql\u0259nmi\u015fdir<\/p>\n","protected":false},"featured_media":18932,"template":"","meta":{"_acf_changed":false},"product_cat":[131,90],"product_tag":[],"class_list":{"0":"post-18929","1":"product","2":"type-product","3":"status-publish","4":"has-post-thumbnail","6":"product_cat-adventure","7":"product_cat-helmets","9":"first","10":"instock","11":"shipping-taxable","12":"purchasable","13":"product-type-simple"},"acf":[],"yoast_head":"<!-- This site is optimized with the Yoast SEO Premium plugin v23.7 (Yoast SEO v24.1) - https:\/\/yoast.com\/wordpress\/plugins\/seo\/ -->\n<title>Arai Tour-X5 Black - Grandmoto.az<\/title>\n<meta name=\"robots\" content=\"index, follow, max-snippet:-1, max-image-preview:large, max-video-preview:-1\" \/>\n<link rel=\"canonical\" href=\"https:\/\/grandmoto.az\/en\/product\/arai-tour-x5-black\/\" \/>\n<meta property=\"og:locale\" content=\"en_US\" \/>\n<meta property=\"og:type\" content=\"article\" \/>\n<meta property=\"og:title\" content=\"Arai Tour-X5 Black\" \/>\n<meta property=\"og:description\" content=\"Tour\u2011X5, Arai-nin be\u015finci n\u0259sil adventure kask\u0131d\u0131r. On\u2011road v\u0259 off\u2011road s\u00fcr\u00fcc\u00fcl\u00fck \u00fc\u00e7\u00fcn tam optimiz\u0259 olunmu\u015f bu model, PB\u2011cLc\u00b2 (Peripherally Belted Complex Laminate Construction) xarici qab\u0131\u011f\u0131 v\u0259 multi\u2011s\u0131xl\u0131q EPS i\u00e7liyi il\u0259 maksimum z\u0259rb\u0259 udma qabiliyy\u0259tin\u0259 malikdir. ECE R22\u201106 standart\u0131na uy\u011fun olaraq t\u0259sdiql\u0259nmi\u015fdir\" \/>\n<meta property=\"og:url\" content=\"https:\/\/grandmoto.az\/en\/product\/arai-tour-x5-black\/\" \/>\n<meta property=\"og:site_name\" content=\"Grandmoto.az\" \/>\n<meta property=\"article:modified_time\" content=\"2025-06-27T07:22:20+00:00\" \/>\n<meta property=\"og:image\" content=\"https:\/\/grandmoto.az\/wp-content\/uploads\/2025\/06\/casque-arai-tour-x5-diamond-black-450x450-1.jpg\" \/>\n\t<meta property=\"og:image:width\" content=\"450\" \/>\n\t<meta property=\"og:image:height\" content=\"450\" \/>\n\t<meta property=\"og:image:type\" content=\"image\/jpeg\" \/>\n<meta name=\"twitter:card\" content=\"summary_large_image\" \/>\n<meta name=\"twitter:label1\" content=\"Est. reading time\" \/>\n\t<meta name=\"twitter:data1\" content=\"1 minute\" \/>\n<script type=\"application\/ld+json\" class=\"yoast-schema-graph\">{\"@context\":\"https:\/\/schema.org\",\"@graph\":[{\"@type\":\"WebPage\",\"@id\":\"https:\/\/grandmoto.az\/en\/product\/arai-tour-x5-black\/\",\"url\":\"https:\/\/grandmoto.az\/en\/product\/arai-tour-x5-black\/\",\"name\":\"Arai Tour-X5 Black - Grandmoto.az\",\"isPartOf\":{\"@id\":\"https:\/\/grandmoto.az\/en\/#website\"},\"primaryImageOfPage\":{\"@id\":\"https:\/\/grandmoto.az\/en\/product\/arai-tour-x5-black\/#primaryimage\"},\"image\":{\"@id\":\"https:\/\/grandmoto.az\/en\/product\/arai-tour-x5-black\/#primaryimage\"},\"thumbnailUrl\":\"https:\/\/grandmoto.az\/wp-content\/uploads\/2025\/06\/casque-arai-tour-x5-diamond-black-450x450-1.jpg\",\"datePublished\":\"2025-06-27T07:22:19+00:00\",\"dateModified\":\"2025-06-27T07:22:20+00:00\",\"breadcrumb\":{\"@id\":\"https:\/\/grandmoto.az\/en\/product\/arai-tour-x5-black\/#breadcrumb\"},\"inLanguage\":\"en-US\",\"potentialAction\":[{\"@type\":\"ReadAction\",\"target\":[\"https:\/\/grandmoto.az\/en\/product\/arai-tour-x5-black\/\"]}]},{\"@type\":\"ImageObject\",\"inLanguage\":\"en-US\",\"@id\":\"https:\/\/grandmoto.az\/en\/product\/arai-tour-x5-black\/#primaryimage\",\"url\":\"https:\/\/grandmoto.az\/wp-content\/uploads\/2025\/06\/casque-arai-tour-x5-diamond-black-450x450-1.jpg\",\"contentUrl\":\"https:\/\/grandmoto.az\/wp-content\/uploads\/2025\/06\/casque-arai-tour-x5-diamond-black-450x450-1.jpg\",\"width\":450,\"height\":450},{\"@type\":\"BreadcrumbList\",\"@id\":\"https:\/\/grandmoto.az\/en\/product\/arai-tour-x5-black\/#breadcrumb\",\"itemListElement\":[{\"@type\":\"ListItem\",\"position\":1,\"name\":\"Ana s\u0259hif\u0259\",\"item\":\"https:\/\/grandmoto.az\/en\/\"},{\"@type\":\"ListItem\",\"position\":2,\"name\":\"Shop\",\"item\":\"https:\/\/grandmoto.az\/shop\/\"},{\"@type\":\"ListItem\",\"position\":3,\"name\":\"Arai Tour-X5 Black\"}]},{\"@type\":\"WebSite\",\"@id\":\"https:\/\/grandmoto.az\/en\/#website\",\"url\":\"https:\/\/grandmoto.az\/en\/\",\"name\":\"Grandmoto.az\",\"description\":\"Grandmoto.az\",\"publisher\":{\"@id\":\"https:\/\/grandmoto.az\/en\/#organization\"},\"potentialAction\":[{\"@type\":\"SearchAction\",\"target\":{\"@type\":\"EntryPoint\",\"urlTemplate\":\"https:\/\/grandmoto.az\/en\/?s={search_term_string}\"},\"query-input\":{\"@type\":\"PropertyValueSpecification\",\"valueRequired\":true,\"valueName\":\"search_term_string\"}}],\"inLanguage\":\"en-US\"},{\"@type\":\"Organization\",\"@id\":\"https:\/\/grandmoto.az\/en\/#organization\",\"name\":\"Grandmoto\",\"url\":\"https:\/\/grandmoto.az\/en\/\",\"logo\":{\"@type\":\"ImageObject\",\"inLanguage\":\"en-US\",\"@id\":\"https:\/\/grandmoto.az\/en\/#\/schema\/logo\/image\/\",\"url\":\"https:\/\/grandmoto.az\/wp-content\/uploads\/2024\/09\/Grandmoto-Service-Logo.png\",\"contentUrl\":\"https:\/\/grandmoto.az\/wp-content\/uploads\/2024\/09\/Grandmoto-Service-Logo.png\",\"width\":1418,\"height\":495,\"caption\":\"Grandmoto\"},\"image\":{\"@id\":\"https:\/\/grandmoto.az\/en\/#\/schema\/logo\/image\/\"}}]}<\/script>\n<!-- \/ Yoast SEO Premium plugin. -->","yoast_head_json":{"title":"Arai Tour-X5 Black - Grandmoto.az","robots":{"index":"index","follow":"follow","max-snippet":"max-snippet:-1","max-image-preview":"max-image-preview:large","max-video-preview":"max-video-preview:-1"},"canonical":"https:\/\/grandmoto.az\/en\/product\/arai-tour-x5-black\/","og_locale":"en_US","og_type":"article","og_title":"Arai Tour-X5 Black","og_description":"Tour\u2011X5, Arai-nin be\u015finci n\u0259sil adventure kask\u0131d\u0131r. On\u2011road v\u0259 off\u2011road s\u00fcr\u00fcc\u00fcl\u00fck \u00fc\u00e7\u00fcn tam optimiz\u0259 olunmu\u015f bu model, PB\u2011cLc\u00b2 (Peripherally Belted Complex Laminate Construction) xarici qab\u0131\u011f\u0131 v\u0259 multi\u2011s\u0131xl\u0131q EPS i\u00e7liyi il\u0259 maksimum z\u0259rb\u0259 udma qabiliyy\u0259tin\u0259 malikdir. ECE R22\u201106 standart\u0131na uy\u011fun olaraq t\u0259sdiql\u0259nmi\u015fdir","og_url":"https:\/\/grandmoto.az\/en\/product\/arai-tour-x5-black\/","og_site_name":"Grandmoto.az","article_modified_time":"2025-06-27T07:22:20+00:00","og_image":[{"width":450,"height":450,"url":"https:\/\/grandmoto.az\/wp-content\/uploads\/2025\/06\/casque-arai-tour-x5-diamond-black-450x450-1.jpg","type":"image\/jpeg"}],"twitter_card":"summary_large_image","twitter_misc":{"Est. reading time":"1 minute"},"schema":{"@context":"https:\/\/schema.org","@graph":[{"@type":"WebPage","@id":"https:\/\/grandmoto.az\/en\/product\/arai-tour-x5-black\/","url":"https:\/\/grandmoto.az\/en\/product\/arai-tour-x5-black\/","name":"Arai Tour-X5 Black - Grandmoto.az","isPartOf":{"@id":"https:\/\/grandmoto.az\/en\/#website"},"primaryImageOfPage":{"@id":"https:\/\/grandmoto.az\/en\/product\/arai-tour-x5-black\/#primaryimage"},"image":{"@id":"https:\/\/grandmoto.az\/en\/product\/arai-tour-x5-black\/#primaryimage"},"thumbnailUrl":"https:\/\/grandmoto.az\/wp-content\/uploads\/2025\/06\/casque-arai-tour-x5-diamond-black-450x450-1.jpg","datePublished":"2025-06-27T07:22:19+00:00","dateModified":"2025-06-27T07:22:20+00:00","breadcrumb":{"@id":"https:\/\/grandmoto.az\/en\/product\/arai-tour-x5-black\/#breadcrumb"},"inLanguage":"en-US","potentialAction":[{"@type":"ReadAction","target":["https:\/\/grandmoto.az\/en\/product\/arai-tour-x5-black\/"]}]},{"@type":"ImageObject","inLanguage":"en-US","@id":"https:\/\/grandmoto.az\/en\/product\/arai-tour-x5-black\/#primaryimage","url":"https:\/\/grandmoto.az\/wp-content\/uploads\/2025\/06\/casque-arai-tour-x5-diamond-black-450x450-1.jpg","contentUrl":"https:\/\/grandmoto.az\/wp-content\/uploads\/2025\/06\/casque-arai-tour-x5-diamond-black-450x450-1.jpg","width":450,"height":450},{"@type":"BreadcrumbList","@id":"https:\/\/grandmoto.az\/en\/product\/arai-tour-x5-black\/#breadcrumb","itemListElement":[{"@type":"ListItem","position":1,"name":"Ana s\u0259hif\u0259","item":"https:\/\/grandmoto.az\/en\/"},{"@type":"ListItem","position":2,"name":"Shop","item":"https:\/\/grandmoto.az\/shop\/"},{"@type":"ListItem","position":3,"name":"Arai Tour-X5 Black"}]},{"@type":"WebSite","@id":"https:\/\/grandmoto.az\/en\/#website","url":"https:\/\/grandmoto.az\/en\/","name":"Grandmoto.az","description":"Grandmoto.az","publisher":{"@id":"https:\/\/grandmoto.az\/en\/#organization"},"potentialAction":[{"@type":"SearchAction","target":{"@type":"EntryPoint","urlTemplate":"https:\/\/grandmoto.az\/en\/?s={search_term_string}"},"query-input":{"@type":"PropertyValueSpecification","valueRequired":true,"valueName":"search_term_string"}}],"inLanguage":"en-US"},{"@type":"Organization","@id":"https:\/\/grandmoto.az\/en\/#organization","name":"Grandmoto","url":"https:\/\/grandmoto.az\/en\/","logo":{"@type":"ImageObject","inLanguage":"en-US","@id":"https:\/\/grandmoto.az\/en\/#\/schema\/logo\/image\/","url":"https:\/\/grandmoto.az\/wp-content\/uploads\/2024\/09\/Grandmoto-Service-Logo.png","contentUrl":"https:\/\/grandmoto.az\/wp-content\/uploads\/2024\/09\/Grandmoto-Service-Logo.png","width":1418,"height":495,"caption":"Grandmoto"},"image":{"@id":"https:\/\/grandmoto.az\/en\/#\/schema\/logo\/image\/"}}]}},"_links":{"self":[{"href":"https:\/\/grandmoto.az\/en\/wp-json\/wp\/v2\/product\/18929","targetHints":{"allow":["GET"]}}],"collection":[{"href":"https:\/\/grandmoto.az\/en\/wp-json\/wp\/v2\/product"}],"about":[{"href":"https:\/\/grandmoto.az\/en\/wp-json\/wp\/v2\/types\/product"}],"version-history":[{"count":1,"href":"https:\/\/grandmoto.az\/en\/wp-json\/wp\/v2\/product\/18929\/revisions"}],"predecessor-version":[{"id":18934,"href":"https:\/\/grandmoto.az\/en\/wp-json\/wp\/v2\/product\/18929\/revisions\/18934"}],"wp:featuredmedia":[{"embeddable":true,"href":"https:\/\/grandmoto.az\/en\/wp-json\/wp\/v2\/media\/18932"}],"wp:attachment":[{"href":"https:\/\/grandmoto.az\/en\/wp-json\/wp\/v2\/media?parent=18929"}],"wp:term":[{"taxonomy":"product_cat","embeddable":true,"href":"https:\/\/grandmoto.az\/en\/wp-json\/wp\/v2\/product_cat?post=18929"},{"taxonomy":"product_tag","embeddable":true,"href":"https:\/\/grandmoto.az\/en\/wp-json\/wp\/v2\/product_tag?post=18929"}],"curies":[{"name":"wp","href":"https:\/\/api.w.org\/{rel}","templated":true}]}}