{"id":18941,"date":"2025-06-27T12:21:39","date_gmt":"2025-06-27T08:21:39","guid":{"rendered":"https:\/\/grandmoto.az\/?post_type=product&#038;p=18941"},"modified":"2025-06-27T12:21:40","modified_gmt":"2025-06-27T08:21:40","slug":"arai-rx-7v-evo-black","status":"publish","type":"product","link":"https:\/\/grandmoto.az\/en\/product\/arai-rx-7v-evo-black\/","title":{"rendered":"Arai RX-7V Evo \u2013 Black"},"content":{"rendered":"<p>X\u00fcsusiyy\u0259t<\/p>\n<p>Xarici qab\u0131q PB\u2011SNC\u00b2 (Peripherally Belted Structural Net Composite): y\u00fcks\u0259k m\u00fcqavim\u0259t v\u0259 y\u00fcng\u00fcll\u00fck<\/p>\n<p>Vizor Sistemi VAS V\u2011Max Vision vizor + Pinlock anti-bu\u011f sistemi; al\u0259tsiz latching sistemi<\/p>\n<p>Ventilyasiya Free Flow System; inki\u015faf etmi\u015f top, \u00e7\u0259n\u0259, v\u0259 boyun ventilyasiyalar\u0131; Diffuser v\u0259 Air Channel sisteml\u0259ri<\/p>\n<p>Aerodinamika Pull-Down \u00e7\u0259n\u0259 spoyleri v\u0259 Air Wing\u00ae stabilizatoru; uzad\u0131lm\u0131\u015f diffuser aerodinamikas\u0131<\/p>\n<p>Interyer Antibakterial Eco\u2013Pure material; tam yuyula bil\u0259n, d\u0259yi\u015fdiril\u0259 bil\u0259n yanaq yast\u0131qlar\u0131, boyun rul v\u0259 s\u00fcr\u0259tli \u00e7\u0131xar\u0131\u015f ERS sistemi<\/p>\n<p>Rahatl\u0131q FCS\u2013Facial Contour System, 5\u202fmm \u0259lav\u0259 qatl\u0131 yanaq v\u0259 \u00e7\u0259n\u0259 yast\u0131qlar\u0131, dan\u0131\u015fma cihaz\u0131 \u00fc\u00e7\u00fcn cibl\u0259r<\/p>\n<p>T\u0259hl\u00fck\u0259sizlik Glancing Off qab\u0131q dizayn\u0131; be\u015f m\u0259rh\u0259l\u0259li keyfiyy\u0259t yoxlan\u0131\u015f\u0131; c\u00fct D\u2011halqa; ECE 22\u201106\u2013sertifikatl\u0131<\/p>\n<p>T\u0259hl\u00fck\u0259sizlik: Arai-nin \u201cglancing off\u201d daxili qab\u0131q sistemi z\u0259rb\u0259l\u0259ri geni\u015f s\u0259th\u0259 yayan, y\u00fcks\u0259k m\u00fcdafi\u0259 t\u0259min edir<\/p>\n<p>Rahatl\u0131q &#038; uyumluluq: Eco\u2011Pure interyer v\u0259 FCS yanaq qurulu\u015fu uzun s\u00fcr\u00fcc\u00fcl\u00fckl\u0259r \u00fc\u00e7\u00fcn ideald\u0131r \u2013 Bike Rider-nin testl\u0259rind\u0259 \u201csupremely comfortable\u201d adland\u0131r\u0131l\u0131b<\/p>\n<p>Ventilyasiya: Geni\u015f v\u0259 effektiv hava burax\u0131m\u0131 say\u0259sind\u0259 isti iqliml\u0259rd\u0259 bel\u0259 n\u0259f\u0259s alma rahatd\u0131r.<\/p>\n<p>Aerodinamika: Yak\u0131n yar\u0131\u015f t\u0259rzin\u0259 uy\u011funla\u015fd\u0131r\u0131lm\u0131\u015f dizayn; spoyler v\u0259 diffuser stabilliyi t\u0259min edir.<\/p>\n","protected":false},"excerpt":{"rendered":"<p>Model: Arai-nin yeni top seriyal\u0131 yar\u0131m \u00fczl\u00fc yar\u0131\u015f kask\u0131 \u2013 RX\u20117V EVO seriyas\u0131<\/p>\n<p>Vizual: \u201cBlade Red\u201d \u2014 q\u0131rm\u0131z\u0131-a\u011f-mavi futuristik qrafika<\/p>\n<p>Yoxlama sertifikat\u0131: ECE R22\u201106 \u2013 daha s\u0259rt v\u0259 yeni t\u0259hl\u00fck\u0259sizlik standart\u0131<\/p>\n","protected":false},"featured_media":18942,"template":"","meta":{"_acf_changed":false},"product_cat":[127,90],"product_tag":[],"class_list":{"0":"post-18941","1":"product","2":"type-product","3":"status-publish","4":"has-post-thumbnail","6":"product_cat-full-face","7":"product_cat-helmets","9":"first","10":"instock","11":"shipping-taxable","12":"purchasable","13":"product-type-simple"},"acf":[],"yoast_head":"<!-- This site is optimized with the Yoast SEO Premium plugin v23.7 (Yoast SEO v24.1) - https:\/\/yoast.com\/wordpress\/plugins\/seo\/ -->\n<title>Arai RX-7V Evo \u2013 Black - Grandmoto.az<\/title>\n<meta name=\"robots\" content=\"index, follow, max-snippet:-1, max-image-preview:large, max-video-preview:-1\" \/>\n<link rel=\"canonical\" href=\"https:\/\/grandmoto.az\/en\/product\/arai-rx-7v-evo-black\/\" \/>\n<meta property=\"og:locale\" content=\"en_US\" \/>\n<meta property=\"og:type\" content=\"article\" \/>\n<meta property=\"og:title\" content=\"Arai RX-7V Evo \u2013 Black\" \/>\n<meta property=\"og:description\" content=\"Model: Arai-nin yeni top seriyal\u0131 yar\u0131m \u00fczl\u00fc yar\u0131\u015f kask\u0131 \u2013 RX\u20117V EVO seriyas\u0131  Vizual: \u201cBlade Red\u201d \u2014 q\u0131rm\u0131z\u0131-a\u011f-mavi futuristik qrafika  Yoxlama sertifikat\u0131: ECE R22\u201106 \u2013 daha s\u0259rt v\u0259 yeni t\u0259hl\u00fck\u0259sizlik standart\u0131\" \/>\n<meta property=\"og:url\" content=\"https:\/\/grandmoto.az\/en\/product\/arai-rx-7v-evo-black\/\" \/>\n<meta property=\"og:site_name\" content=\"Grandmoto.az\" \/>\n<meta property=\"article:modified_time\" content=\"2025-06-27T08:21:40+00:00\" \/>\n<meta property=\"og:image\" content=\"https:\/\/grandmoto.az\/wp-content\/uploads\/2025\/06\/helmade-arai-motorradhelm-rx-7v-schwarz.jpg\" \/>\n\t<meta property=\"og:image:width\" content=\"620\" \/>\n\t<meta property=\"og:image:height\" content=\"620\" \/>\n\t<meta property=\"og:image:type\" content=\"image\/jpeg\" \/>\n<meta name=\"twitter:card\" content=\"summary_large_image\" \/>\n<meta name=\"twitter:label1\" content=\"Est. reading time\" \/>\n\t<meta name=\"twitter:data1\" content=\"1 minute\" \/>\n<script type=\"application\/ld+json\" class=\"yoast-schema-graph\">{\"@context\":\"https:\/\/schema.org\",\"@graph\":[{\"@type\":\"WebPage\",\"@id\":\"https:\/\/grandmoto.az\/en\/product\/arai-rx-7v-evo-black\/\",\"url\":\"https:\/\/grandmoto.az\/en\/product\/arai-rx-7v-evo-black\/\",\"name\":\"Arai RX-7V Evo \u2013 Black - Grandmoto.az\",\"isPartOf\":{\"@id\":\"https:\/\/grandmoto.az\/en\/#website\"},\"primaryImageOfPage\":{\"@id\":\"https:\/\/grandmoto.az\/en\/product\/arai-rx-7v-evo-black\/#primaryimage\"},\"image\":{\"@id\":\"https:\/\/grandmoto.az\/en\/product\/arai-rx-7v-evo-black\/#primaryimage\"},\"thumbnailUrl\":\"https:\/\/grandmoto.az\/wp-content\/uploads\/2025\/06\/helmade-arai-motorradhelm-rx-7v-schwarz.jpg\",\"datePublished\":\"2025-06-27T08:21:39+00:00\",\"dateModified\":\"2025-06-27T08:21:40+00:00\",\"breadcrumb\":{\"@id\":\"https:\/\/grandmoto.az\/en\/product\/arai-rx-7v-evo-black\/#breadcrumb\"},\"inLanguage\":\"en-US\",\"potentialAction\":[{\"@type\":\"ReadAction\",\"target\":[\"https:\/\/grandmoto.az\/en\/product\/arai-rx-7v-evo-black\/\"]}]},{\"@type\":\"ImageObject\",\"inLanguage\":\"en-US\",\"@id\":\"https:\/\/grandmoto.az\/en\/product\/arai-rx-7v-evo-black\/#primaryimage\",\"url\":\"https:\/\/grandmoto.az\/wp-content\/uploads\/2025\/06\/helmade-arai-motorradhelm-rx-7v-schwarz.jpg\",\"contentUrl\":\"https:\/\/grandmoto.az\/wp-content\/uploads\/2025\/06\/helmade-arai-motorradhelm-rx-7v-schwarz.jpg\",\"width\":620,\"height\":620},{\"@type\":\"BreadcrumbList\",\"@id\":\"https:\/\/grandmoto.az\/en\/product\/arai-rx-7v-evo-black\/#breadcrumb\",\"itemListElement\":[{\"@type\":\"ListItem\",\"position\":1,\"name\":\"Ana s\u0259hif\u0259\",\"item\":\"https:\/\/grandmoto.az\/en\/\"},{\"@type\":\"ListItem\",\"position\":2,\"name\":\"Shop\",\"item\":\"https:\/\/grandmoto.az\/shop\/\"},{\"@type\":\"ListItem\",\"position\":3,\"name\":\"Arai RX-7V Evo \u2013 Black\"}]},{\"@type\":\"WebSite\",\"@id\":\"https:\/\/grandmoto.az\/en\/#website\",\"url\":\"https:\/\/grandmoto.az\/en\/\",\"name\":\"Grandmoto.az\",\"description\":\"Grandmoto.az\",\"publisher\":{\"@id\":\"https:\/\/grandmoto.az\/en\/#organization\"},\"potentialAction\":[{\"@type\":\"SearchAction\",\"target\":{\"@type\":\"EntryPoint\",\"urlTemplate\":\"https:\/\/grandmoto.az\/en\/?s={search_term_string}\"},\"query-input\":{\"@type\":\"PropertyValueSpecification\",\"valueRequired\":true,\"valueName\":\"search_term_string\"}}],\"inLanguage\":\"en-US\"},{\"@type\":\"Organization\",\"@id\":\"https:\/\/grandmoto.az\/en\/#organization\",\"name\":\"Grandmoto\",\"url\":\"https:\/\/grandmoto.az\/en\/\",\"logo\":{\"@type\":\"ImageObject\",\"inLanguage\":\"en-US\",\"@id\":\"https:\/\/grandmoto.az\/en\/#\/schema\/logo\/image\/\",\"url\":\"https:\/\/grandmoto.az\/wp-content\/uploads\/2024\/09\/Grandmoto-Service-Logo.png\",\"contentUrl\":\"https:\/\/grandmoto.az\/wp-content\/uploads\/2024\/09\/Grandmoto-Service-Logo.png\",\"width\":1418,\"height\":495,\"caption\":\"Grandmoto\"},\"image\":{\"@id\":\"https:\/\/grandmoto.az\/en\/#\/schema\/logo\/image\/\"}}]}<\/script>\n<!-- \/ Yoast SEO Premium plugin. -->","yoast_head_json":{"title":"Arai RX-7V Evo \u2013 Black - Grandmoto.az","robots":{"index":"index","follow":"follow","max-snippet":"max-snippet:-1","max-image-preview":"max-image-preview:large","max-video-preview":"max-video-preview:-1"},"canonical":"https:\/\/grandmoto.az\/en\/product\/arai-rx-7v-evo-black\/","og_locale":"en_US","og_type":"article","og_title":"Arai RX-7V Evo \u2013 Black","og_description":"Model: Arai-nin yeni top seriyal\u0131 yar\u0131m \u00fczl\u00fc yar\u0131\u015f kask\u0131 \u2013 RX\u20117V EVO seriyas\u0131  Vizual: \u201cBlade Red\u201d \u2014 q\u0131rm\u0131z\u0131-a\u011f-mavi futuristik qrafika  Yoxlama sertifikat\u0131: ECE R22\u201106 \u2013 daha s\u0259rt v\u0259 yeni t\u0259hl\u00fck\u0259sizlik standart\u0131","og_url":"https:\/\/grandmoto.az\/en\/product\/arai-rx-7v-evo-black\/","og_site_name":"Grandmoto.az","article_modified_time":"2025-06-27T08:21:40+00:00","og_image":[{"width":620,"height":620,"url":"https:\/\/grandmoto.az\/wp-content\/uploads\/2025\/06\/helmade-arai-motorradhelm-rx-7v-schwarz.jpg","type":"image\/jpeg"}],"twitter_card":"summary_large_image","twitter_misc":{"Est. reading time":"1 minute"},"schema":{"@context":"https:\/\/schema.org","@graph":[{"@type":"WebPage","@id":"https:\/\/grandmoto.az\/en\/product\/arai-rx-7v-evo-black\/","url":"https:\/\/grandmoto.az\/en\/product\/arai-rx-7v-evo-black\/","name":"Arai RX-7V Evo \u2013 Black - Grandmoto.az","isPartOf":{"@id":"https:\/\/grandmoto.az\/en\/#website"},"primaryImageOfPage":{"@id":"https:\/\/grandmoto.az\/en\/product\/arai-rx-7v-evo-black\/#primaryimage"},"image":{"@id":"https:\/\/grandmoto.az\/en\/product\/arai-rx-7v-evo-black\/#primaryimage"},"thumbnailUrl":"https:\/\/grandmoto.az\/wp-content\/uploads\/2025\/06\/helmade-arai-motorradhelm-rx-7v-schwarz.jpg","datePublished":"2025-06-27T08:21:39+00:00","dateModified":"2025-06-27T08:21:40+00:00","breadcrumb":{"@id":"https:\/\/grandmoto.az\/en\/product\/arai-rx-7v-evo-black\/#breadcrumb"},"inLanguage":"en-US","potentialAction":[{"@type":"ReadAction","target":["https:\/\/grandmoto.az\/en\/product\/arai-rx-7v-evo-black\/"]}]},{"@type":"ImageObject","inLanguage":"en-US","@id":"https:\/\/grandmoto.az\/en\/product\/arai-rx-7v-evo-black\/#primaryimage","url":"https:\/\/grandmoto.az\/wp-content\/uploads\/2025\/06\/helmade-arai-motorradhelm-rx-7v-schwarz.jpg","contentUrl":"https:\/\/grandmoto.az\/wp-content\/uploads\/2025\/06\/helmade-arai-motorradhelm-rx-7v-schwarz.jpg","width":620,"height":620},{"@type":"BreadcrumbList","@id":"https:\/\/grandmoto.az\/en\/product\/arai-rx-7v-evo-black\/#breadcrumb","itemListElement":[{"@type":"ListItem","position":1,"name":"Ana s\u0259hif\u0259","item":"https:\/\/grandmoto.az\/en\/"},{"@type":"ListItem","position":2,"name":"Shop","item":"https:\/\/grandmoto.az\/shop\/"},{"@type":"ListItem","position":3,"name":"Arai RX-7V Evo \u2013 Black"}]},{"@type":"WebSite","@id":"https:\/\/grandmoto.az\/en\/#website","url":"https:\/\/grandmoto.az\/en\/","name":"Grandmoto.az","description":"Grandmoto.az","publisher":{"@id":"https:\/\/grandmoto.az\/en\/#organization"},"potentialAction":[{"@type":"SearchAction","target":{"@type":"EntryPoint","urlTemplate":"https:\/\/grandmoto.az\/en\/?s={search_term_string}"},"query-input":{"@type":"PropertyValueSpecification","valueRequired":true,"valueName":"search_term_string"}}],"inLanguage":"en-US"},{"@type":"Organization","@id":"https:\/\/grandmoto.az\/en\/#organization","name":"Grandmoto","url":"https:\/\/grandmoto.az\/en\/","logo":{"@type":"ImageObject","inLanguage":"en-US","@id":"https:\/\/grandmoto.az\/en\/#\/schema\/logo\/image\/","url":"https:\/\/grandmoto.az\/wp-content\/uploads\/2024\/09\/Grandmoto-Service-Logo.png","contentUrl":"https:\/\/grandmoto.az\/wp-content\/uploads\/2024\/09\/Grandmoto-Service-Logo.png","width":1418,"height":495,"caption":"Grandmoto"},"image":{"@id":"https:\/\/grandmoto.az\/en\/#\/schema\/logo\/image\/"}}]}},"_links":{"self":[{"href":"https:\/\/grandmoto.az\/en\/wp-json\/wp\/v2\/product\/18941","targetHints":{"allow":["GET"]}}],"collection":[{"href":"https:\/\/grandmoto.az\/en\/wp-json\/wp\/v2\/product"}],"about":[{"href":"https:\/\/grandmoto.az\/en\/wp-json\/wp\/v2\/types\/product"}],"version-history":[{"count":1,"href":"https:\/\/grandmoto.az\/en\/wp-json\/wp\/v2\/product\/18941\/revisions"}],"predecessor-version":[{"id":18946,"href":"https:\/\/grandmoto.az\/en\/wp-json\/wp\/v2\/product\/18941\/revisions\/18946"}],"wp:featuredmedia":[{"embeddable":true,"href":"https:\/\/grandmoto.az\/en\/wp-json\/wp\/v2\/media\/18942"}],"wp:attachment":[{"href":"https:\/\/grandmoto.az\/en\/wp-json\/wp\/v2\/media?parent=18941"}],"wp:term":[{"taxonomy":"product_cat","embeddable":true,"href":"https:\/\/grandmoto.az\/en\/wp-json\/wp\/v2\/product_cat?post=18941"},{"taxonomy":"product_tag","embeddable":true,"href":"https:\/\/grandmoto.az\/en\/wp-json\/wp\/v2\/product_tag?post=18941"}],"curies":[{"name":"wp","href":"https:\/\/api.w.org\/{rel}","templated":true}]}}