{"id":18953,"date":"2025-06-27T12:30:13","date_gmt":"2025-06-27T08:30:13","guid":{"rendered":"https:\/\/grandmoto.az\/?post_type=product&#038;p=18953"},"modified":"2025-12-15T14:51:31","modified_gmt":"2025-12-15T10:51:31","slug":"arai-concept-xe-react-blue","status":"publish","type":"product","link":"https:\/\/grandmoto.az\/en\/product\/arai-concept-xe-react-blue\/","title":{"rendered":"Arai Concept-XE React Blue"},"content":{"rendered":"<p>X\u00fcsusiyy\u0259t T\u0259svir<br \/>\nXarici qab\u0131q PB\u202fe\u2011cLc \u2013 \u0259trafl\u0131 b\u0259rkidilmi\u015f, y\u00fcng\u00fcl v\u0259 z\u0259rb\u0259l\u0259ri yaymaq \u00fc\u00e7\u00fcn optimalla\u015fd\u0131r\u0131lm\u0131\u015f<br \/>\nShell dizayn\u0131 R75 formas\u0131 \u2013 yuvarlaq, s\u0259yrl\u0259 s\u00fcr\u00fc\u015fm\u0259 v\u0259 z\u0259rb\u0259 effektini azaldan<br \/>\nSertifikat ECE R22\u201106, oblique (\u0259yilmi\u015f) testli<br \/>\nVizor sistemi VAS V\u2011Max Vision + Pinlock, F1 t\u0259rzli d\u0259yi\u015fdiril\u0259 bil\u0259n sistemi il\u0259<br \/>\nVentilyasiya Gizli \u00e7oxfazal\u0131 hava kanallar\u0131, \u00e7\u0259n\u0259 ventili, boyun v\u0259 yan \u00e7\u0131x\u0131\u015flar\u0131 + Free Flow System<br \/>\nAerodinamika Sabit \u00e7\u0259n\u0259 spoyleri \u2013 s\u0259s-k\u00fcy\u00fc azald\u0131r<br \/>\nInteryer Antimikrobial, yuyula bil\u0259n; FCS yanaq formas\u0131 + 5\u202fmm \u201cPeel\u2011Away\u201d doldurucu<br \/>\n\u018flav\u0259 x\u00fcsusiyy\u0259tl\u0259r ERS (t\u0259cili \u00e7\u0131xarma sistemi), c\u00fct D\u2011halqa ba\u011flanma, dan\u0131\u015fma cihaz\u0131 \u00fc\u00e7\u00fcn cibl\u0259r<\/p>\n","protected":false},"excerpt":{"rendered":"<p>Retro\u2013m\u00fcasir dizayn: 1980-ci ill\u0259rin \u201cnakid\u201d motosiklet estetikas\u0131 m\u00fcasir performansla birl\u0259\u015fdirilib<\/p>\n<p>Sertifikat: ECE R22\u201106 \u2014 \u0259n yeni v\u0259 s\u0259rt t\u0259hl\u00fck\u0259sizlik standart\u0131na uy\u011fundur<\/p>\n","protected":false},"featured_media":18954,"template":"","meta":{"_acf_changed":false},"product_cat":[127,90],"product_tag":[],"class_list":{"0":"post-18953","1":"product","2":"type-product","3":"status-publish","4":"has-post-thumbnail","6":"product_cat-full-face","7":"product_cat-helmets","9":"first","10":"instock","11":"shipping-taxable","12":"purchasable","13":"product-type-simple"},"acf":[],"yoast_head":"<!-- This site is optimized with the Yoast SEO Premium plugin v23.7 (Yoast SEO v24.1) - https:\/\/yoast.com\/wordpress\/plugins\/seo\/ -->\n<title>Arai Concept-XE React Blue - Grandmoto.az<\/title>\n<meta name=\"robots\" content=\"index, follow, max-snippet:-1, max-image-preview:large, max-video-preview:-1\" \/>\n<link rel=\"canonical\" href=\"https:\/\/grandmoto.az\/en\/product\/arai-concept-xe-react-blue\/\" \/>\n<meta property=\"og:locale\" content=\"en_US\" \/>\n<meta property=\"og:type\" content=\"article\" \/>\n<meta property=\"og:title\" content=\"Arai Concept-XE React Blue\" \/>\n<meta property=\"og:description\" content=\"Retro\u2013m\u00fcasir dizayn: 1980-ci ill\u0259rin \u201cnakid\u201d motosiklet estetikas\u0131 m\u00fcasir performansla birl\u0259\u015fdirilib  Sertifikat: ECE R22\u201106 \u2014 \u0259n yeni v\u0259 s\u0259rt t\u0259hl\u00fck\u0259sizlik standart\u0131na uy\u011fundur\" \/>\n<meta property=\"og:url\" content=\"https:\/\/grandmoto.az\/en\/product\/arai-concept-xe-react-blue\/\" \/>\n<meta property=\"og:site_name\" content=\"Grandmoto.az\" \/>\n<meta property=\"article:modified_time\" content=\"2025-12-15T10:51:31+00:00\" \/>\n<meta property=\"og:image\" content=\"https:\/\/grandmoto.az\/wp-content\/uploads\/2025\/06\/arai-concept-xe-react-blue.jpg\" \/>\n\t<meta property=\"og:image:width\" content=\"700\" \/>\n\t<meta property=\"og:image:height\" content=\"700\" \/>\n\t<meta property=\"og:image:type\" content=\"image\/jpeg\" \/>\n<meta name=\"twitter:card\" content=\"summary_large_image\" \/>\n<meta name=\"twitter:label1\" content=\"Est. reading time\" \/>\n\t<meta name=\"twitter:data1\" content=\"1 minute\" \/>\n<script type=\"application\/ld+json\" class=\"yoast-schema-graph\">{\"@context\":\"https:\/\/schema.org\",\"@graph\":[{\"@type\":\"WebPage\",\"@id\":\"https:\/\/grandmoto.az\/en\/product\/arai-concept-xe-react-blue\/\",\"url\":\"https:\/\/grandmoto.az\/en\/product\/arai-concept-xe-react-blue\/\",\"name\":\"Arai Concept-XE React Blue - Grandmoto.az\",\"isPartOf\":{\"@id\":\"https:\/\/grandmoto.az\/en\/#website\"},\"primaryImageOfPage\":{\"@id\":\"https:\/\/grandmoto.az\/en\/product\/arai-concept-xe-react-blue\/#primaryimage\"},\"image\":{\"@id\":\"https:\/\/grandmoto.az\/en\/product\/arai-concept-xe-react-blue\/#primaryimage\"},\"thumbnailUrl\":\"https:\/\/grandmoto.az\/wp-content\/uploads\/2025\/06\/arai-concept-xe-react-blue.jpg\",\"datePublished\":\"2025-06-27T08:30:13+00:00\",\"dateModified\":\"2025-12-15T10:51:31+00:00\",\"breadcrumb\":{\"@id\":\"https:\/\/grandmoto.az\/en\/product\/arai-concept-xe-react-blue\/#breadcrumb\"},\"inLanguage\":\"en-US\",\"potentialAction\":[{\"@type\":\"ReadAction\",\"target\":[\"https:\/\/grandmoto.az\/en\/product\/arai-concept-xe-react-blue\/\"]}]},{\"@type\":\"ImageObject\",\"inLanguage\":\"en-US\",\"@id\":\"https:\/\/grandmoto.az\/en\/product\/arai-concept-xe-react-blue\/#primaryimage\",\"url\":\"https:\/\/grandmoto.az\/wp-content\/uploads\/2025\/06\/arai-concept-xe-react-blue.jpg\",\"contentUrl\":\"https:\/\/grandmoto.az\/wp-content\/uploads\/2025\/06\/arai-concept-xe-react-blue.jpg\",\"width\":700,\"height\":700},{\"@type\":\"BreadcrumbList\",\"@id\":\"https:\/\/grandmoto.az\/en\/product\/arai-concept-xe-react-blue\/#breadcrumb\",\"itemListElement\":[{\"@type\":\"ListItem\",\"position\":1,\"name\":\"Ana s\u0259hif\u0259\",\"item\":\"https:\/\/grandmoto.az\/en\/\"},{\"@type\":\"ListItem\",\"position\":2,\"name\":\"Shop\",\"item\":\"https:\/\/grandmoto.az\/shop\/\"},{\"@type\":\"ListItem\",\"position\":3,\"name\":\"Arai Concept-XE React Blue\"}]},{\"@type\":\"WebSite\",\"@id\":\"https:\/\/grandmoto.az\/en\/#website\",\"url\":\"https:\/\/grandmoto.az\/en\/\",\"name\":\"Grandmoto.az\",\"description\":\"Grandmoto.az\",\"publisher\":{\"@id\":\"https:\/\/grandmoto.az\/en\/#organization\"},\"potentialAction\":[{\"@type\":\"SearchAction\",\"target\":{\"@type\":\"EntryPoint\",\"urlTemplate\":\"https:\/\/grandmoto.az\/en\/?s={search_term_string}\"},\"query-input\":{\"@type\":\"PropertyValueSpecification\",\"valueRequired\":true,\"valueName\":\"search_term_string\"}}],\"inLanguage\":\"en-US\"},{\"@type\":\"Organization\",\"@id\":\"https:\/\/grandmoto.az\/en\/#organization\",\"name\":\"Grandmoto\",\"url\":\"https:\/\/grandmoto.az\/en\/\",\"logo\":{\"@type\":\"ImageObject\",\"inLanguage\":\"en-US\",\"@id\":\"https:\/\/grandmoto.az\/en\/#\/schema\/logo\/image\/\",\"url\":\"https:\/\/grandmoto.az\/wp-content\/uploads\/2024\/09\/Grandmoto-Service-Logo.png\",\"contentUrl\":\"https:\/\/grandmoto.az\/wp-content\/uploads\/2024\/09\/Grandmoto-Service-Logo.png\",\"width\":1418,\"height\":495,\"caption\":\"Grandmoto\"},\"image\":{\"@id\":\"https:\/\/grandmoto.az\/en\/#\/schema\/logo\/image\/\"}}]}<\/script>\n<!-- \/ Yoast SEO Premium plugin. -->","yoast_head_json":{"title":"Arai Concept-XE React Blue - Grandmoto.az","robots":{"index":"index","follow":"follow","max-snippet":"max-snippet:-1","max-image-preview":"max-image-preview:large","max-video-preview":"max-video-preview:-1"},"canonical":"https:\/\/grandmoto.az\/en\/product\/arai-concept-xe-react-blue\/","og_locale":"en_US","og_type":"article","og_title":"Arai Concept-XE React Blue","og_description":"Retro\u2013m\u00fcasir dizayn: 1980-ci ill\u0259rin \u201cnakid\u201d motosiklet estetikas\u0131 m\u00fcasir performansla birl\u0259\u015fdirilib  Sertifikat: ECE R22\u201106 \u2014 \u0259n yeni v\u0259 s\u0259rt t\u0259hl\u00fck\u0259sizlik standart\u0131na uy\u011fundur","og_url":"https:\/\/grandmoto.az\/en\/product\/arai-concept-xe-react-blue\/","og_site_name":"Grandmoto.az","article_modified_time":"2025-12-15T10:51:31+00:00","og_image":[{"width":700,"height":700,"url":"https:\/\/grandmoto.az\/wp-content\/uploads\/2025\/06\/arai-concept-xe-react-blue.jpg","type":"image\/jpeg"}],"twitter_card":"summary_large_image","twitter_misc":{"Est. reading time":"1 minute"},"schema":{"@context":"https:\/\/schema.org","@graph":[{"@type":"WebPage","@id":"https:\/\/grandmoto.az\/en\/product\/arai-concept-xe-react-blue\/","url":"https:\/\/grandmoto.az\/en\/product\/arai-concept-xe-react-blue\/","name":"Arai Concept-XE React Blue - Grandmoto.az","isPartOf":{"@id":"https:\/\/grandmoto.az\/en\/#website"},"primaryImageOfPage":{"@id":"https:\/\/grandmoto.az\/en\/product\/arai-concept-xe-react-blue\/#primaryimage"},"image":{"@id":"https:\/\/grandmoto.az\/en\/product\/arai-concept-xe-react-blue\/#primaryimage"},"thumbnailUrl":"https:\/\/grandmoto.az\/wp-content\/uploads\/2025\/06\/arai-concept-xe-react-blue.jpg","datePublished":"2025-06-27T08:30:13+00:00","dateModified":"2025-12-15T10:51:31+00:00","breadcrumb":{"@id":"https:\/\/grandmoto.az\/en\/product\/arai-concept-xe-react-blue\/#breadcrumb"},"inLanguage":"en-US","potentialAction":[{"@type":"ReadAction","target":["https:\/\/grandmoto.az\/en\/product\/arai-concept-xe-react-blue\/"]}]},{"@type":"ImageObject","inLanguage":"en-US","@id":"https:\/\/grandmoto.az\/en\/product\/arai-concept-xe-react-blue\/#primaryimage","url":"https:\/\/grandmoto.az\/wp-content\/uploads\/2025\/06\/arai-concept-xe-react-blue.jpg","contentUrl":"https:\/\/grandmoto.az\/wp-content\/uploads\/2025\/06\/arai-concept-xe-react-blue.jpg","width":700,"height":700},{"@type":"BreadcrumbList","@id":"https:\/\/grandmoto.az\/en\/product\/arai-concept-xe-react-blue\/#breadcrumb","itemListElement":[{"@type":"ListItem","position":1,"name":"Ana s\u0259hif\u0259","item":"https:\/\/grandmoto.az\/en\/"},{"@type":"ListItem","position":2,"name":"Shop","item":"https:\/\/grandmoto.az\/shop\/"},{"@type":"ListItem","position":3,"name":"Arai Concept-XE React Blue"}]},{"@type":"WebSite","@id":"https:\/\/grandmoto.az\/en\/#website","url":"https:\/\/grandmoto.az\/en\/","name":"Grandmoto.az","description":"Grandmoto.az","publisher":{"@id":"https:\/\/grandmoto.az\/en\/#organization"},"potentialAction":[{"@type":"SearchAction","target":{"@type":"EntryPoint","urlTemplate":"https:\/\/grandmoto.az\/en\/?s={search_term_string}"},"query-input":{"@type":"PropertyValueSpecification","valueRequired":true,"valueName":"search_term_string"}}],"inLanguage":"en-US"},{"@type":"Organization","@id":"https:\/\/grandmoto.az\/en\/#organization","name":"Grandmoto","url":"https:\/\/grandmoto.az\/en\/","logo":{"@type":"ImageObject","inLanguage":"en-US","@id":"https:\/\/grandmoto.az\/en\/#\/schema\/logo\/image\/","url":"https:\/\/grandmoto.az\/wp-content\/uploads\/2024\/09\/Grandmoto-Service-Logo.png","contentUrl":"https:\/\/grandmoto.az\/wp-content\/uploads\/2024\/09\/Grandmoto-Service-Logo.png","width":1418,"height":495,"caption":"Grandmoto"},"image":{"@id":"https:\/\/grandmoto.az\/en\/#\/schema\/logo\/image\/"}}]}},"_links":{"self":[{"href":"https:\/\/grandmoto.az\/en\/wp-json\/wp\/v2\/product\/18953","targetHints":{"allow":["GET"]}}],"collection":[{"href":"https:\/\/grandmoto.az\/en\/wp-json\/wp\/v2\/product"}],"about":[{"href":"https:\/\/grandmoto.az\/en\/wp-json\/wp\/v2\/types\/product"}],"version-history":[{"count":1,"href":"https:\/\/grandmoto.az\/en\/wp-json\/wp\/v2\/product\/18953\/revisions"}],"predecessor-version":[{"id":18958,"href":"https:\/\/grandmoto.az\/en\/wp-json\/wp\/v2\/product\/18953\/revisions\/18958"}],"wp:featuredmedia":[{"embeddable":true,"href":"https:\/\/grandmoto.az\/en\/wp-json\/wp\/v2\/media\/18954"}],"wp:attachment":[{"href":"https:\/\/grandmoto.az\/en\/wp-json\/wp\/v2\/media?parent=18953"}],"wp:term":[{"taxonomy":"product_cat","embeddable":true,"href":"https:\/\/grandmoto.az\/en\/wp-json\/wp\/v2\/product_cat?post=18953"},{"taxonomy":"product_tag","embeddable":true,"href":"https:\/\/grandmoto.az\/en\/wp-json\/wp\/v2\/product_tag?post=18953"}],"curies":[{"name":"wp","href":"https:\/\/api.w.org\/{rel}","templated":true}]}}