{"id":18973,"date":"2025-08-25T13:26:10","date_gmt":"2025-08-25T09:26:10","guid":{"rendered":"https:\/\/grandmoto.az\/?post_type=product&#038;p=18973"},"modified":"2025-08-25T13:26:12","modified_gmt":"2025-08-25T09:26:12","slug":"shoei-nxr-2-basalt-grey","status":"publish","type":"product","link":"https:\/\/grandmoto.az\/en\/product\/shoei-nxr-2-basalt-grey\/","title":{"rendered":"SHOEI NXR 2 Basalt Grey"},"content":{"rendered":"<p>Kask\u0131n \u0259sas qurulu\u015fu AIM+ fiberglas material\u0131ndan ibar\u0259tdir v\u0259 \u00e7ox qatl\u0131 struktur z\u0259rb\u0259l\u0259ri effektiv \u015f\u0259kild\u0259 \u0259mm\u0259kl\u0259 yana\u015f\u0131, uzun s\u00fcr\u00fc\u015fl\u0259rd\u0259 yor\u011funlu\u011fu minimuma endirir. Kompozit EPS liner qatlar\u0131n\u0131n m\u00fcxt\u0259lif s\u0131xl\u0131qlarda haz\u0131rlanmas\u0131, z\u0259rb\u0259 enerjisinin b\u0259rab\u0259r paylanmas\u0131n\u0131 t\u0259min edir v\u0259 istifad\u0259\u00e7inin t\u0259hl\u00fck\u0259sizliyini art\u0131r\u0131r.<\/p>\n<p>Aerodinamik optimizasiyalar say\u0259sind\u0259 SHOEI NXR 2, \u0259vv\u0259lki modell\u0259r\u0259 nisb\u0259t\u0259n 6% daha az qald\u0131rma q\u00fcvv\u0259si v\u0259 4% daha az hava m\u00fcqavim\u0259ti il\u0259 s\u00fcr\u00fcc\u00fcy\u0259 y\u00fcks\u0259k sabitlik t\u0259min edir. Daxili spoiler is\u0259 y\u00fcks\u0259k s\u00fcr\u0259tl\u0259rd\u0259 kask\u0131n stabilizasiyas\u0131n\u0131 art\u0131r\u0131r, bu da s\u00fcr\u00fc\u015f t\u0259hl\u00fck\u0259sizliyi \u00fc\u00e7\u00fcn m\u00fch\u00fcm rol oynay\u0131r.<\/p>\n<p>Kask\u0131n ventilyasiya sistemi alt\u0131 hava giri\u015f v\u0259 d\u00f6rd \u00e7\u0131x\u0131\u015f kanal\u0131 il\u0259 effektiv hava d\u00f6vran\u0131n\u0131 t\u0259min edir. Bu sistem, s\u00fcr\u00fcc\u00fcy\u0259 ist\u0259nil\u0259n \u015f\u0259raitd\u0259 komfortlu v\u0259 s\u0259rin s\u00fcr\u00fc\u015f t\u0259cr\u00fcb\u0259si verir, eyni zamanda s\u0259s-k\u00fcy\u00fcn azald\u0131lmas\u0131na da k\u00f6m\u0259k edir.<\/p>\n<p>SHOEI NXR 2, CWR-F2 pinlock vizor il\u0259 t\u0259chiz olunub ki, bu da anti-bu\u011fu funksiyas\u0131 v\u0259 geni\u015f g\u00f6r\u00fcn\u00fc\u015f sah\u0259si il\u0259 t\u0259hl\u00fck\u0259sizliyi art\u0131r\u0131r. Vizorun m\u0259rk\u0259zi kilidl\u0259m\u0259 sistemi is\u0259 s\u00fcr\u00fc\u015f \u0259snas\u0131nda sabitliyi t\u0259min edir.<\/p>\n<p>\u0130\u00e7lik sistemi tamamil\u0259 yuyula bil\u0259n v\u0259 d\u0259yi\u015fdiril\u0259 bil\u0259ndir. 3D formala\u015fd\u0131r\u0131lm\u0131\u015f yanak v\u0259 m\u0259rk\u0259z padl\u0259ri say\u0259sind\u0259 kask\u0131n rahatl\u0131\u011f\u0131 f\u0259rdi olaraq t\u0259nziml\u0259n\u0259 bil\u0259r. Emergency Quick Release System (EQRS) texnologiyas\u0131 s\u00fcr\u00fcc\u00fcn\u00fcn q\u0259za an\u0131nda t\u0259hl\u00fck\u0259siz v\u0259 s\u00fcr\u0259tli \u00e7\u0131xar\u0131lmas\u0131na imkan verir.<\/p>\n<p>SHOEI NXR 2 Nardo Grey, ECE 22.06 t\u0259hl\u00fck\u0259sizlik standart\u0131na tam uy\u011fun olaraq, h\u0259m y\u00fcks\u0259k t\u0259hl\u00fck\u0259sizlik, h\u0259m d\u0259 istifad\u0259 rahatl\u0131\u011f\u0131 t\u0259min edir. 1,390 qram \u00e7\u0259kisi il\u0259 y\u00fcng\u00fcll\u00fck v\u0259 g\u00fcv\u0259n bir arada t\u0259qdim olunur.<\/p>\n","protected":false},"excerpt":{"rendered":"<p>SHOEI NXR 2 Basalt Grey, m\u00fcasir v\u0259 y\u00fcks\u0259k s\u0259viyy\u0259li full face d\u0259bilq\u0259dir. Bu model, y\u00fcks\u0259k t\u0259hl\u00fck\u0259sizlik standartlar\u0131n\u0131 qoruyaraq, istifad\u0259\u00e7iy\u0259 y\u00fcng\u00fcl v\u0259 aerodinamik dizaynla maksimum rahatl\u0131q t\u0259qdim edir.<\/p>\n","protected":false},"featured_media":18974,"template":"","meta":{"_acf_changed":false},"product_cat":[127,90],"product_tag":[],"class_list":{"0":"post-18973","1":"product","2":"type-product","3":"status-publish","4":"has-post-thumbnail","6":"product_cat-full-face","7":"product_cat-helmets","9":"first","10":"instock","11":"shipping-taxable","12":"purchasable","13":"product-type-simple"},"acf":[],"yoast_head":"<!-- This site is optimized with the Yoast SEO Premium plugin v23.7 (Yoast SEO v24.1) - https:\/\/yoast.com\/wordpress\/plugins\/seo\/ -->\n<title>SHOEI NXR 2 Basalt Grey - Grandmoto.az<\/title>\n<meta name=\"robots\" content=\"index, follow, max-snippet:-1, max-image-preview:large, max-video-preview:-1\" \/>\n<link rel=\"canonical\" href=\"https:\/\/grandmoto.az\/en\/product\/shoei-nxr-2-basalt-grey\/\" \/>\n<meta property=\"og:locale\" content=\"en_US\" \/>\n<meta property=\"og:type\" content=\"article\" \/>\n<meta property=\"og:title\" content=\"SHOEI NXR 2 Basalt Grey\" \/>\n<meta property=\"og:description\" content=\"SHOEI NXR 2 Basalt Grey, m\u00fcasir v\u0259 y\u00fcks\u0259k s\u0259viyy\u0259li full face d\u0259bilq\u0259dir. Bu model, y\u00fcks\u0259k t\u0259hl\u00fck\u0259sizlik standartlar\u0131n\u0131 qoruyaraq, istifad\u0259\u00e7iy\u0259 y\u00fcng\u00fcl v\u0259 aerodinamik dizaynla maksimum rahatl\u0131q t\u0259qdim edir.\" \/>\n<meta property=\"og:url\" content=\"https:\/\/grandmoto.az\/en\/product\/shoei-nxr-2-basalt-grey\/\" \/>\n<meta property=\"og:site_name\" content=\"Grandmoto.az\" \/>\n<meta property=\"article:modified_time\" content=\"2025-08-25T09:26:12+00:00\" \/>\n<meta property=\"og:image\" content=\"https:\/\/grandmoto.az\/wp-content\/uploads\/2025\/08\/shoei_nxr2_decore_nxr2_basaltgrey.jpg\" \/>\n\t<meta property=\"og:image:width\" content=\"2000\" \/>\n\t<meta property=\"og:image:height\" content=\"2000\" \/>\n\t<meta property=\"og:image:type\" content=\"image\/jpeg\" \/>\n<meta name=\"twitter:card\" content=\"summary_large_image\" \/>\n<meta name=\"twitter:label1\" content=\"Est. reading time\" \/>\n\t<meta name=\"twitter:data1\" content=\"1 minute\" \/>\n<script type=\"application\/ld+json\" class=\"yoast-schema-graph\">{\"@context\":\"https:\/\/schema.org\",\"@graph\":[{\"@type\":\"WebPage\",\"@id\":\"https:\/\/grandmoto.az\/en\/product\/shoei-nxr-2-basalt-grey\/\",\"url\":\"https:\/\/grandmoto.az\/en\/product\/shoei-nxr-2-basalt-grey\/\",\"name\":\"SHOEI NXR 2 Basalt Grey - Grandmoto.az\",\"isPartOf\":{\"@id\":\"https:\/\/grandmoto.az\/en\/#website\"},\"primaryImageOfPage\":{\"@id\":\"https:\/\/grandmoto.az\/en\/product\/shoei-nxr-2-basalt-grey\/#primaryimage\"},\"image\":{\"@id\":\"https:\/\/grandmoto.az\/en\/product\/shoei-nxr-2-basalt-grey\/#primaryimage\"},\"thumbnailUrl\":\"https:\/\/grandmoto.az\/wp-content\/uploads\/2025\/08\/shoei_nxr2_decore_nxr2_basaltgrey.jpg\",\"datePublished\":\"2025-08-25T09:26:10+00:00\",\"dateModified\":\"2025-08-25T09:26:12+00:00\",\"breadcrumb\":{\"@id\":\"https:\/\/grandmoto.az\/en\/product\/shoei-nxr-2-basalt-grey\/#breadcrumb\"},\"inLanguage\":\"en-US\",\"potentialAction\":[{\"@type\":\"ReadAction\",\"target\":[\"https:\/\/grandmoto.az\/en\/product\/shoei-nxr-2-basalt-grey\/\"]}]},{\"@type\":\"ImageObject\",\"inLanguage\":\"en-US\",\"@id\":\"https:\/\/grandmoto.az\/en\/product\/shoei-nxr-2-basalt-grey\/#primaryimage\",\"url\":\"https:\/\/grandmoto.az\/wp-content\/uploads\/2025\/08\/shoei_nxr2_decore_nxr2_basaltgrey.jpg\",\"contentUrl\":\"https:\/\/grandmoto.az\/wp-content\/uploads\/2025\/08\/shoei_nxr2_decore_nxr2_basaltgrey.jpg\",\"width\":2000,\"height\":2000},{\"@type\":\"BreadcrumbList\",\"@id\":\"https:\/\/grandmoto.az\/en\/product\/shoei-nxr-2-basalt-grey\/#breadcrumb\",\"itemListElement\":[{\"@type\":\"ListItem\",\"position\":1,\"name\":\"Ana s\u0259hif\u0259\",\"item\":\"https:\/\/grandmoto.az\/en\/\"},{\"@type\":\"ListItem\",\"position\":2,\"name\":\"Shop\",\"item\":\"https:\/\/grandmoto.az\/shop\/\"},{\"@type\":\"ListItem\",\"position\":3,\"name\":\"SHOEI NXR 2 Basalt Grey\"}]},{\"@type\":\"WebSite\",\"@id\":\"https:\/\/grandmoto.az\/en\/#website\",\"url\":\"https:\/\/grandmoto.az\/en\/\",\"name\":\"Grandmoto.az\",\"description\":\"Grandmoto.az\",\"publisher\":{\"@id\":\"https:\/\/grandmoto.az\/en\/#organization\"},\"potentialAction\":[{\"@type\":\"SearchAction\",\"target\":{\"@type\":\"EntryPoint\",\"urlTemplate\":\"https:\/\/grandmoto.az\/en\/?s={search_term_string}\"},\"query-input\":{\"@type\":\"PropertyValueSpecification\",\"valueRequired\":true,\"valueName\":\"search_term_string\"}}],\"inLanguage\":\"en-US\"},{\"@type\":\"Organization\",\"@id\":\"https:\/\/grandmoto.az\/en\/#organization\",\"name\":\"Grandmoto\",\"url\":\"https:\/\/grandmoto.az\/en\/\",\"logo\":{\"@type\":\"ImageObject\",\"inLanguage\":\"en-US\",\"@id\":\"https:\/\/grandmoto.az\/en\/#\/schema\/logo\/image\/\",\"url\":\"https:\/\/grandmoto.az\/wp-content\/uploads\/2024\/09\/Grandmoto-Service-Logo.png\",\"contentUrl\":\"https:\/\/grandmoto.az\/wp-content\/uploads\/2024\/09\/Grandmoto-Service-Logo.png\",\"width\":1418,\"height\":495,\"caption\":\"Grandmoto\"},\"image\":{\"@id\":\"https:\/\/grandmoto.az\/en\/#\/schema\/logo\/image\/\"}}]}<\/script>\n<!-- \/ Yoast SEO Premium plugin. -->","yoast_head_json":{"title":"SHOEI NXR 2 Basalt Grey - Grandmoto.az","robots":{"index":"index","follow":"follow","max-snippet":"max-snippet:-1","max-image-preview":"max-image-preview:large","max-video-preview":"max-video-preview:-1"},"canonical":"https:\/\/grandmoto.az\/en\/product\/shoei-nxr-2-basalt-grey\/","og_locale":"en_US","og_type":"article","og_title":"SHOEI NXR 2 Basalt Grey","og_description":"SHOEI NXR 2 Basalt Grey, m\u00fcasir v\u0259 y\u00fcks\u0259k s\u0259viyy\u0259li full face d\u0259bilq\u0259dir. Bu model, y\u00fcks\u0259k t\u0259hl\u00fck\u0259sizlik standartlar\u0131n\u0131 qoruyaraq, istifad\u0259\u00e7iy\u0259 y\u00fcng\u00fcl v\u0259 aerodinamik dizaynla maksimum rahatl\u0131q t\u0259qdim edir.","og_url":"https:\/\/grandmoto.az\/en\/product\/shoei-nxr-2-basalt-grey\/","og_site_name":"Grandmoto.az","article_modified_time":"2025-08-25T09:26:12+00:00","og_image":[{"width":2000,"height":2000,"url":"https:\/\/grandmoto.az\/wp-content\/uploads\/2025\/08\/shoei_nxr2_decore_nxr2_basaltgrey.jpg","type":"image\/jpeg"}],"twitter_card":"summary_large_image","twitter_misc":{"Est. reading time":"1 minute"},"schema":{"@context":"https:\/\/schema.org","@graph":[{"@type":"WebPage","@id":"https:\/\/grandmoto.az\/en\/product\/shoei-nxr-2-basalt-grey\/","url":"https:\/\/grandmoto.az\/en\/product\/shoei-nxr-2-basalt-grey\/","name":"SHOEI NXR 2 Basalt Grey - Grandmoto.az","isPartOf":{"@id":"https:\/\/grandmoto.az\/en\/#website"},"primaryImageOfPage":{"@id":"https:\/\/grandmoto.az\/en\/product\/shoei-nxr-2-basalt-grey\/#primaryimage"},"image":{"@id":"https:\/\/grandmoto.az\/en\/product\/shoei-nxr-2-basalt-grey\/#primaryimage"},"thumbnailUrl":"https:\/\/grandmoto.az\/wp-content\/uploads\/2025\/08\/shoei_nxr2_decore_nxr2_basaltgrey.jpg","datePublished":"2025-08-25T09:26:10+00:00","dateModified":"2025-08-25T09:26:12+00:00","breadcrumb":{"@id":"https:\/\/grandmoto.az\/en\/product\/shoei-nxr-2-basalt-grey\/#breadcrumb"},"inLanguage":"en-US","potentialAction":[{"@type":"ReadAction","target":["https:\/\/grandmoto.az\/en\/product\/shoei-nxr-2-basalt-grey\/"]}]},{"@type":"ImageObject","inLanguage":"en-US","@id":"https:\/\/grandmoto.az\/en\/product\/shoei-nxr-2-basalt-grey\/#primaryimage","url":"https:\/\/grandmoto.az\/wp-content\/uploads\/2025\/08\/shoei_nxr2_decore_nxr2_basaltgrey.jpg","contentUrl":"https:\/\/grandmoto.az\/wp-content\/uploads\/2025\/08\/shoei_nxr2_decore_nxr2_basaltgrey.jpg","width":2000,"height":2000},{"@type":"BreadcrumbList","@id":"https:\/\/grandmoto.az\/en\/product\/shoei-nxr-2-basalt-grey\/#breadcrumb","itemListElement":[{"@type":"ListItem","position":1,"name":"Ana s\u0259hif\u0259","item":"https:\/\/grandmoto.az\/en\/"},{"@type":"ListItem","position":2,"name":"Shop","item":"https:\/\/grandmoto.az\/shop\/"},{"@type":"ListItem","position":3,"name":"SHOEI NXR 2 Basalt Grey"}]},{"@type":"WebSite","@id":"https:\/\/grandmoto.az\/en\/#website","url":"https:\/\/grandmoto.az\/en\/","name":"Grandmoto.az","description":"Grandmoto.az","publisher":{"@id":"https:\/\/grandmoto.az\/en\/#organization"},"potentialAction":[{"@type":"SearchAction","target":{"@type":"EntryPoint","urlTemplate":"https:\/\/grandmoto.az\/en\/?s={search_term_string}"},"query-input":{"@type":"PropertyValueSpecification","valueRequired":true,"valueName":"search_term_string"}}],"inLanguage":"en-US"},{"@type":"Organization","@id":"https:\/\/grandmoto.az\/en\/#organization","name":"Grandmoto","url":"https:\/\/grandmoto.az\/en\/","logo":{"@type":"ImageObject","inLanguage":"en-US","@id":"https:\/\/grandmoto.az\/en\/#\/schema\/logo\/image\/","url":"https:\/\/grandmoto.az\/wp-content\/uploads\/2024\/09\/Grandmoto-Service-Logo.png","contentUrl":"https:\/\/grandmoto.az\/wp-content\/uploads\/2024\/09\/Grandmoto-Service-Logo.png","width":1418,"height":495,"caption":"Grandmoto"},"image":{"@id":"https:\/\/grandmoto.az\/en\/#\/schema\/logo\/image\/"}}]}},"_links":{"self":[{"href":"https:\/\/grandmoto.az\/en\/wp-json\/wp\/v2\/product\/18973","targetHints":{"allow":["GET"]}}],"collection":[{"href":"https:\/\/grandmoto.az\/en\/wp-json\/wp\/v2\/product"}],"about":[{"href":"https:\/\/grandmoto.az\/en\/wp-json\/wp\/v2\/types\/product"}],"version-history":[{"count":1,"href":"https:\/\/grandmoto.az\/en\/wp-json\/wp\/v2\/product\/18973\/revisions"}],"predecessor-version":[{"id":18976,"href":"https:\/\/grandmoto.az\/en\/wp-json\/wp\/v2\/product\/18973\/revisions\/18976"}],"wp:featuredmedia":[{"embeddable":true,"href":"https:\/\/grandmoto.az\/en\/wp-json\/wp\/v2\/media\/18974"}],"wp:attachment":[{"href":"https:\/\/grandmoto.az\/en\/wp-json\/wp\/v2\/media?parent=18973"}],"wp:term":[{"taxonomy":"product_cat","embeddable":true,"href":"https:\/\/grandmoto.az\/en\/wp-json\/wp\/v2\/product_cat?post=18973"},{"taxonomy":"product_tag","embeddable":true,"href":"https:\/\/grandmoto.az\/en\/wp-json\/wp\/v2\/product_tag?post=18973"}],"curies":[{"name":"wp","href":"https:\/\/api.w.org\/{rel}","templated":true}]}}