{"id":19131,"date":"2025-12-02T10:43:05","date_gmt":"2025-12-02T06:43:05","guid":{"rendered":"https:\/\/grandmoto.az\/?post_type=product&#038;p=19131"},"modified":"2025-12-02T10:45:20","modified_gmt":"2025-12-02T06:45:20","slug":"shoei-x-spr-pro-marquzez-holi","status":"publish","type":"product","link":"https:\/\/grandmoto.az\/en\/product\/shoei-x-spr-pro-marquzez-holi\/","title":{"rendered":"SHOEI X-SPR Pro Marquzez Hol\u0131"},"content":{"rendered":"<p>SHOEI X-SPR Pro Marquez Holy, Shoei-nin yar\u0131\u015f d\u00fcnyas\u0131nda ill\u0259rl\u0259 toplad\u0131\u011f\u0131 t\u0259cr\u00fcb\u0259nin \u0259n y\u00fcks\u0259k zirv\u0259sini t\u0259msil ed\u0259n x\u00fcsusi bir modeldir. Marc M\u00e1rquez-in ikonik \u201cHoly\u201d dizayn\u0131 il\u0259 haz\u0131rlanm\u0131\u015f bu d\u0259bilq\u0259, h\u0259m professional pilotlar\u0131n, h\u0259m d\u0259 y\u00fcks\u0259k performans v\u0259 m\u00fck\u0259mm\u0259l qorunma axtaran s\u00fcr\u00fcc\u00fcl\u0259rin t\u0259l\u0259bl\u0259rini maksimum s\u0259viyy\u0259d\u0259 qar\u015f\u0131lay\u0131r. Aerodinamikan\u0131 art\u0131ran yenil\u0259nmi\u015f forma, ekstremal s\u00fcr\u0259tl\u0259rd\u0259 bel\u0259 sabitlik t\u0259min edir v\u0259 s\u00fcr\u00fcc\u00fcn\u00fcn h\u0259r\u0259k\u0259tl\u0259rini daha stabil edir. Shoei m\u00fch\u0259ndisl\u0259ri bu modeli haz\u0131rlayark\u0259n y\u00fczl\u0259rl\u0259 saat tunel testl\u0259rind\u0259n istifad\u0259 ed\u0259r\u0259k hava m\u00fcqavim\u0259tini minimuma endir\u0259n, y\u00fcks\u0259k sabitlik yaradan v\u0259 s\u00fcr\u0259t artd\u0131qca bel\u0259 \u0259minlik hissi ver\u0259n bir struktur qurublar.<\/p>\n<p>D\u0259bilq\u0259nin FIM Racing Homologation sertifikat\u0131 almas\u0131 onu MotoGP s\u0259viyy\u0259sind\u0259 t\u0259hl\u00fck\u0259sizliyin r\u0259smi n\u00fcmay\u0259nd\u0259sin\u0259 \u00e7evirir. AIM+ kompozit qurulu\u015f z\u0259rb\u0259 an\u0131nda enerjini effektiv \u015f\u0259kild\u0259 udur, \u00e7ox layl\u0131 EPS daxili is\u0259 ba\u015f\u0131n m\u00fcxt\u0259lif b\u00f6lg\u0259l\u0259rini f\u0259rqli s\u0259viyy\u0259d\u0259 qoruyur. Shoei-nin E.Q.R.S sistemi q\u0259za v\u0259ziyy\u0259tind\u0259 yanaq yast\u0131qlar\u0131n\u0131n tez v\u0259 t\u0259hl\u00fck\u0259siz \u015f\u0259kild\u0259 \u00e7\u0131xar\u0131lmas\u0131na imkan verir ki, bu da xilasetm\u0259 prosesini daha t\u0259hl\u00fck\u0259siz edir. Y\u00fcks\u0259k s\u00fcr\u0259td\u0259 vizorun a\u00e7\u0131lmas\u0131n\u0131n qar\u015f\u0131s\u0131n\u0131 alan metal kilid sistemi x\u00fcsusi olaraq yar\u0131\u015f \u015f\u0259raitind\u0259 maksimum sabitlik m\u0259qs\u0259dil\u0259 haz\u0131rlan\u0131b.<\/p>\n<p>X-SPR Pro Marquez Holy yaln\u0131z t\u0259hl\u00fck\u0259sizlik deyil, h\u0259m d\u0259 komfort bax\u0131m\u0131ndan \u00f6z sinfinin liderl\u0259rind\u0259n biridir. 7 giri\u015f v\u0259 6 \u00e7\u0131x\u0131\u015f ventilyasiya kanal\u0131 il\u0259 d\u0259bilq\u0259 i\u00e7ind\u0259 hava d\u00f6vran\u0131 optimalla\u015fd\u0131r\u0131l\u0131b, bu da isti havalarda, y\u00fcks\u0259k tempo s\u00fcr\u00fc\u015fl\u0259rd\u0259 v\u0259 uzun m\u0259saf\u0259l\u0259rd\u0259 s\u00fcr\u00fcc\u00fcn\u00fcn ba\u015f\u0131n\u0131 daim s\u0259rin v\u0259 quru saxlay\u0131r. \u00c7\u0131xar\u0131lan v\u0259 yuyulan daxili materiallar antibakterial x\u00fcsusiyy\u0259t\u0259 malikdir v\u0259 uzun m\u00fcdd\u0259t istifad\u0259d\u0259 bel\u0259 rahatl\u0131q t\u0259min edir. S\u00fcr\u0259t artd\u0131qca yaranan hava ax\u0131n\u0131na qar\u015f\u0131 balansla\u015fd\u0131r\u0131lm\u0131\u015f akustik dizayn is\u0259 s\u0259sl\u0259ri minimuma endirir v\u0259 s\u00fcr\u00fcc\u00fcn\u00fcn diqq\u0259tini toplamas\u0131n\u0131 asanla\u015fd\u0131r\u0131r.<\/p>\n<p>Yeni n\u0259sil CWR-F2R vizor sistemi geni\u015f g\u00f6r\u00fc\u015f buca\u011f\u0131 il\u0259 s\u00fckan arxas\u0131nda daha t\u0259hl\u00fck\u0259siz v\u0259 d\u0259qiq idar\u0259etm\u0259 imkan\u0131 yarad\u0131r. Vizorun aerodinamik strukturu y\u00fcks\u0259k s\u00fcr\u0259td\u0259 titr\u0259m\u0259nin qar\u015f\u0131s\u0131n\u0131 al\u0131r, x\u00fcsusi kilidl\u0259m\u0259 mexanizmi is\u0259 vizorun t\u0259sad\u00fcf\u0259n a\u00e7\u0131lmas\u0131n\u0131n qar\u015f\u0131s\u0131n\u0131 al\u0131r. Pinlock d\u0259st\u0259yi sisl\u0259nm\u0259ni tamamil\u0259 aradan qald\u0131r\u0131r v\u0259 ist\u0259nil\u0259n hava \u015f\u0259raitind\u0259 ayd\u0131n g\u00f6r\u00fcnt\u00fc t\u0259min edir. B\u00fct\u00fcn bu x\u00fcsusiyy\u0259tl\u0259r yar\u0131\u015f zaman\u0131 h\u0259r milisaniy\u0259nin \u00f6n\u0259m da\u015f\u0131d\u0131\u011f\u0131 anlarda s\u00fcr\u00fcc\u00fcy\u0259 ciddi \u00fcst\u00fcnl\u00fck verir.<\/p>\n<p>Shoei X-SPR Pro Marquez Holy d\u00f6rd f\u0259rqli shell \u00f6l\u00e7\u00fcs\u00fcnd\u0259 haz\u0131rlan\u0131r, bu da ba\u015f formas\u0131na daha d\u0259qiq uy\u011funla\u015fma dem\u0259kdir. \u00c7\u0259n qay\u0131\u015f\u0131 g\u00fccl\u0259ndirilmi\u015f struktura malikdir v\u0259 y\u00fcks\u0259k s\u00fcr\u0259td\u0259n ir\u0259li g\u0259l\u0259n t\u0259zyiqi rahat \u015f\u0259kild\u0259 balansla\u015fd\u0131r\u0131r. A\u011f\u0131rl\u0131q paylanmas\u0131 m\u00fck\u0259mm\u0259l oldu\u011fundan d\u0259bilq\u0259 uzun s\u00fcr\u00fc\u015fl\u0259rd\u0259 bel\u0259 boyuna y\u00fck yaratm\u0131r. Marc M\u00e1rquez-in r\u0259smi r\u0259ngl\u0259nm\u0259si il\u0259 t\u0259qdim olunan bu model h\u0259m vizual olaraq diqq\u0259t \u00e7\u0259kir, h\u0259m d\u0259 s\u00fcr\u00fcc\u00fcy\u0259 unikal bir kimlik qazand\u0131r\u0131r.<\/p>\n<p>N\u0259tic\u0259 olaraq, SHOEI X-SPR Pro Marquez Holy yaln\u0131z bir d\u0259bilq\u0259 deyil \u2014 \u0259n y\u00fcks\u0259k yar\u0131\u015f texnologiyalar\u0131n\u0131n, t\u0259hl\u00fck\u0259sizlik standartlar\u0131n\u0131n, aerodinamik \u00fcst\u00fcnl\u00fckl\u0259rin v\u0259 Marc M\u00e1rquez-in ikonik yar\u0131\u015f ruhunun bir arada topland\u0131\u011f\u0131 premium bir \u0259s\u0259rdir. \u018fn ekstremal s\u00fcr\u00fc\u015fl\u0259rd\u0259 bel\u0259 etibar edil\u0259c\u0259k s\u0259viyy\u0259d\u0259 haz\u0131rlanan bu model, MotoGP s\u0259viyy\u0259sind\u0259 qorunma v\u0259 performans axtaran h\u0259r bir s\u00fcr\u00fcc\u00fcn\u00fcn g\u00f6zl\u0259ntil\u0259rini tam qar\u015f\u0131lay\u0131r v\u0259 onlar\u0131 bir add\u0131m ir\u0259liy\u0259 da\u015f\u0131y\u0131r.<\/p>\n","protected":false},"excerpt":{"rendered":"<p>SHOEI X-SPR Pro Marquez Holy x\u00fcsusi dizayn\u0131 il\u0259 pe\u015f\u0259kar yar\u0131\u015f d\u0259bilq\u0259l\u0259rinin zirv\u0259sini t\u0259msil edir. Marc M\u00e1rquez-in r\u0259smi r\u0259ngl\u0259nm\u0259si il\u0259 t\u0259qdim olunan bu model y\u00fcks\u0259k s\u00fcr\u0259td\u0259 maksimal sabitlik, aerodinamika v\u0259 t\u0259hl\u00fck\u0259sizlik t\u0259klif edir. MotoGP s\u0259viyy\u0259sind\u0259 homologasiya olunmu\u015f bu d\u0259bilq\u0259 h\u0259m profisionallar, h\u0259m d\u0259 y\u00fcks\u0259k standart t\u0259l\u0259b ed\u0259n s\u00fcr\u00fcc\u00fcl\u0259r \u00fc\u00e7\u00fcn m\u00fck\u0259mm\u0259l se\u00e7imdir.<\/p>\n","protected":false},"featured_media":19132,"template":"","meta":{"_acf_changed":false},"product_cat":[127,90],"product_tag":[],"class_list":{"0":"post-19131","1":"product","2":"type-product","3":"status-publish","4":"has-post-thumbnail","6":"product_cat-full-face","7":"product_cat-helmets","9":"first","10":"instock","11":"shipping-taxable","12":"purchasable","13":"product-type-simple"},"acf":[],"yoast_head":"<!-- This site is optimized with the Yoast SEO Premium plugin v23.7 (Yoast SEO v24.1) - https:\/\/yoast.com\/wordpress\/plugins\/seo\/ -->\n<title>SHOEI X-SPR Pro Marquzez Hol\u0131 - Grandmoto.az<\/title>\n<meta name=\"robots\" content=\"index, follow, max-snippet:-1, max-image-preview:large, max-video-preview:-1\" \/>\n<link rel=\"canonical\" href=\"https:\/\/grandmoto.az\/en\/product\/shoei-x-spr-pro-marquzez-holi\/\" \/>\n<meta property=\"og:locale\" content=\"en_US\" \/>\n<meta property=\"og:type\" content=\"article\" \/>\n<meta property=\"og:title\" content=\"SHOEI X-SPR Pro Marquzez Hol\u0131\" \/>\n<meta property=\"og:description\" content=\"SHOEI X-SPR Pro Marquez Holy x\u00fcsusi dizayn\u0131 il\u0259 pe\u015f\u0259kar yar\u0131\u015f d\u0259bilq\u0259l\u0259rinin zirv\u0259sini t\u0259msil edir. Marc M\u00e1rquez-in r\u0259smi r\u0259ngl\u0259nm\u0259si il\u0259 t\u0259qdim olunan bu model y\u00fcks\u0259k s\u00fcr\u0259td\u0259 maksimal sabitlik, aerodinamika v\u0259 t\u0259hl\u00fck\u0259sizlik t\u0259klif edir. MotoGP s\u0259viyy\u0259sind\u0259 homologasiya olunmu\u015f bu d\u0259bilq\u0259 h\u0259m profisionallar, h\u0259m d\u0259 y\u00fcks\u0259k standart t\u0259l\u0259b ed\u0259n s\u00fcr\u00fcc\u00fcl\u0259r \u00fc\u00e7\u00fcn m\u00fck\u0259mm\u0259l se\u00e7imdir.\" \/>\n<meta property=\"og:url\" content=\"https:\/\/grandmoto.az\/en\/product\/shoei-x-spr-pro-marquzez-holi\/\" \/>\n<meta property=\"og:site_name\" content=\"Grandmoto.az\" \/>\n<meta property=\"article:modified_time\" content=\"2025-12-02T06:45:20+00:00\" \/>\n<meta property=\"og:image\" content=\"https:\/\/grandmoto.az\/wp-content\/uploads\/2025\/12\/shoei_xspro_marquez_holi_ltd.jpg\" \/>\n\t<meta property=\"og:image:width\" content=\"800\" \/>\n\t<meta property=\"og:image:height\" content=\"800\" \/>\n\t<meta property=\"og:image:type\" content=\"image\/jpeg\" \/>\n<meta name=\"twitter:card\" content=\"summary_large_image\" \/>\n<meta name=\"twitter:label1\" content=\"Est. reading time\" \/>\n\t<meta name=\"twitter:data1\" content=\"1 minute\" \/>\n<script type=\"application\/ld+json\" class=\"yoast-schema-graph\">{\"@context\":\"https:\/\/schema.org\",\"@graph\":[{\"@type\":\"WebPage\",\"@id\":\"https:\/\/grandmoto.az\/en\/product\/shoei-x-spr-pro-marquzez-holi\/\",\"url\":\"https:\/\/grandmoto.az\/en\/product\/shoei-x-spr-pro-marquzez-holi\/\",\"name\":\"SHOEI X-SPR Pro Marquzez Hol\u0131 - Grandmoto.az\",\"isPartOf\":{\"@id\":\"https:\/\/grandmoto.az\/en\/#website\"},\"primaryImageOfPage\":{\"@id\":\"https:\/\/grandmoto.az\/en\/product\/shoei-x-spr-pro-marquzez-holi\/#primaryimage\"},\"image\":{\"@id\":\"https:\/\/grandmoto.az\/en\/product\/shoei-x-spr-pro-marquzez-holi\/#primaryimage\"},\"thumbnailUrl\":\"https:\/\/grandmoto.az\/wp-content\/uploads\/2025\/12\/shoei_xspro_marquez_holi_ltd.jpg\",\"datePublished\":\"2025-12-02T06:43:05+00:00\",\"dateModified\":\"2025-12-02T06:45:20+00:00\",\"breadcrumb\":{\"@id\":\"https:\/\/grandmoto.az\/en\/product\/shoei-x-spr-pro-marquzez-holi\/#breadcrumb\"},\"inLanguage\":\"en-US\",\"potentialAction\":[{\"@type\":\"ReadAction\",\"target\":[\"https:\/\/grandmoto.az\/en\/product\/shoei-x-spr-pro-marquzez-holi\/\"]}]},{\"@type\":\"ImageObject\",\"inLanguage\":\"en-US\",\"@id\":\"https:\/\/grandmoto.az\/en\/product\/shoei-x-spr-pro-marquzez-holi\/#primaryimage\",\"url\":\"https:\/\/grandmoto.az\/wp-content\/uploads\/2025\/12\/shoei_xspro_marquez_holi_ltd.jpg\",\"contentUrl\":\"https:\/\/grandmoto.az\/wp-content\/uploads\/2025\/12\/shoei_xspro_marquez_holi_ltd.jpg\",\"width\":800,\"height\":800},{\"@type\":\"BreadcrumbList\",\"@id\":\"https:\/\/grandmoto.az\/en\/product\/shoei-x-spr-pro-marquzez-holi\/#breadcrumb\",\"itemListElement\":[{\"@type\":\"ListItem\",\"position\":1,\"name\":\"Ana s\u0259hif\u0259\",\"item\":\"https:\/\/grandmoto.az\/en\/\"},{\"@type\":\"ListItem\",\"position\":2,\"name\":\"Shop\",\"item\":\"https:\/\/grandmoto.az\/shop\/\"},{\"@type\":\"ListItem\",\"position\":3,\"name\":\"SHOEI X-SPR Pro Marquzez Hol\u0131\"}]},{\"@type\":\"WebSite\",\"@id\":\"https:\/\/grandmoto.az\/en\/#website\",\"url\":\"https:\/\/grandmoto.az\/en\/\",\"name\":\"Grandmoto.az\",\"description\":\"Grandmoto.az\",\"publisher\":{\"@id\":\"https:\/\/grandmoto.az\/en\/#organization\"},\"potentialAction\":[{\"@type\":\"SearchAction\",\"target\":{\"@type\":\"EntryPoint\",\"urlTemplate\":\"https:\/\/grandmoto.az\/en\/?s={search_term_string}\"},\"query-input\":{\"@type\":\"PropertyValueSpecification\",\"valueRequired\":true,\"valueName\":\"search_term_string\"}}],\"inLanguage\":\"en-US\"},{\"@type\":\"Organization\",\"@id\":\"https:\/\/grandmoto.az\/en\/#organization\",\"name\":\"Grandmoto\",\"url\":\"https:\/\/grandmoto.az\/en\/\",\"logo\":{\"@type\":\"ImageObject\",\"inLanguage\":\"en-US\",\"@id\":\"https:\/\/grandmoto.az\/en\/#\/schema\/logo\/image\/\",\"url\":\"https:\/\/grandmoto.az\/wp-content\/uploads\/2024\/09\/Grandmoto-Service-Logo.png\",\"contentUrl\":\"https:\/\/grandmoto.az\/wp-content\/uploads\/2024\/09\/Grandmoto-Service-Logo.png\",\"width\":1418,\"height\":495,\"caption\":\"Grandmoto\"},\"image\":{\"@id\":\"https:\/\/grandmoto.az\/en\/#\/schema\/logo\/image\/\"}}]}<\/script>\n<!-- \/ Yoast SEO Premium plugin. -->","yoast_head_json":{"title":"SHOEI X-SPR Pro Marquzez Hol\u0131 - Grandmoto.az","robots":{"index":"index","follow":"follow","max-snippet":"max-snippet:-1","max-image-preview":"max-image-preview:large","max-video-preview":"max-video-preview:-1"},"canonical":"https:\/\/grandmoto.az\/en\/product\/shoei-x-spr-pro-marquzez-holi\/","og_locale":"en_US","og_type":"article","og_title":"SHOEI X-SPR Pro Marquzez Hol\u0131","og_description":"SHOEI X-SPR Pro Marquez Holy x\u00fcsusi dizayn\u0131 il\u0259 pe\u015f\u0259kar yar\u0131\u015f d\u0259bilq\u0259l\u0259rinin zirv\u0259sini t\u0259msil edir. Marc M\u00e1rquez-in r\u0259smi r\u0259ngl\u0259nm\u0259si il\u0259 t\u0259qdim olunan bu model y\u00fcks\u0259k s\u00fcr\u0259td\u0259 maksimal sabitlik, aerodinamika v\u0259 t\u0259hl\u00fck\u0259sizlik t\u0259klif edir. MotoGP s\u0259viyy\u0259sind\u0259 homologasiya olunmu\u015f bu d\u0259bilq\u0259 h\u0259m profisionallar, h\u0259m d\u0259 y\u00fcks\u0259k standart t\u0259l\u0259b ed\u0259n s\u00fcr\u00fcc\u00fcl\u0259r \u00fc\u00e7\u00fcn m\u00fck\u0259mm\u0259l se\u00e7imdir.","og_url":"https:\/\/grandmoto.az\/en\/product\/shoei-x-spr-pro-marquzez-holi\/","og_site_name":"Grandmoto.az","article_modified_time":"2025-12-02T06:45:20+00:00","og_image":[{"width":800,"height":800,"url":"https:\/\/grandmoto.az\/wp-content\/uploads\/2025\/12\/shoei_xspro_marquez_holi_ltd.jpg","type":"image\/jpeg"}],"twitter_card":"summary_large_image","twitter_misc":{"Est. reading time":"1 minute"},"schema":{"@context":"https:\/\/schema.org","@graph":[{"@type":"WebPage","@id":"https:\/\/grandmoto.az\/en\/product\/shoei-x-spr-pro-marquzez-holi\/","url":"https:\/\/grandmoto.az\/en\/product\/shoei-x-spr-pro-marquzez-holi\/","name":"SHOEI X-SPR Pro Marquzez Hol\u0131 - Grandmoto.az","isPartOf":{"@id":"https:\/\/grandmoto.az\/en\/#website"},"primaryImageOfPage":{"@id":"https:\/\/grandmoto.az\/en\/product\/shoei-x-spr-pro-marquzez-holi\/#primaryimage"},"image":{"@id":"https:\/\/grandmoto.az\/en\/product\/shoei-x-spr-pro-marquzez-holi\/#primaryimage"},"thumbnailUrl":"https:\/\/grandmoto.az\/wp-content\/uploads\/2025\/12\/shoei_xspro_marquez_holi_ltd.jpg","datePublished":"2025-12-02T06:43:05+00:00","dateModified":"2025-12-02T06:45:20+00:00","breadcrumb":{"@id":"https:\/\/grandmoto.az\/en\/product\/shoei-x-spr-pro-marquzez-holi\/#breadcrumb"},"inLanguage":"en-US","potentialAction":[{"@type":"ReadAction","target":["https:\/\/grandmoto.az\/en\/product\/shoei-x-spr-pro-marquzez-holi\/"]}]},{"@type":"ImageObject","inLanguage":"en-US","@id":"https:\/\/grandmoto.az\/en\/product\/shoei-x-spr-pro-marquzez-holi\/#primaryimage","url":"https:\/\/grandmoto.az\/wp-content\/uploads\/2025\/12\/shoei_xspro_marquez_holi_ltd.jpg","contentUrl":"https:\/\/grandmoto.az\/wp-content\/uploads\/2025\/12\/shoei_xspro_marquez_holi_ltd.jpg","width":800,"height":800},{"@type":"BreadcrumbList","@id":"https:\/\/grandmoto.az\/en\/product\/shoei-x-spr-pro-marquzez-holi\/#breadcrumb","itemListElement":[{"@type":"ListItem","position":1,"name":"Ana s\u0259hif\u0259","item":"https:\/\/grandmoto.az\/en\/"},{"@type":"ListItem","position":2,"name":"Shop","item":"https:\/\/grandmoto.az\/shop\/"},{"@type":"ListItem","position":3,"name":"SHOEI X-SPR Pro Marquzez Hol\u0131"}]},{"@type":"WebSite","@id":"https:\/\/grandmoto.az\/en\/#website","url":"https:\/\/grandmoto.az\/en\/","name":"Grandmoto.az","description":"Grandmoto.az","publisher":{"@id":"https:\/\/grandmoto.az\/en\/#organization"},"potentialAction":[{"@type":"SearchAction","target":{"@type":"EntryPoint","urlTemplate":"https:\/\/grandmoto.az\/en\/?s={search_term_string}"},"query-input":{"@type":"PropertyValueSpecification","valueRequired":true,"valueName":"search_term_string"}}],"inLanguage":"en-US"},{"@type":"Organization","@id":"https:\/\/grandmoto.az\/en\/#organization","name":"Grandmoto","url":"https:\/\/grandmoto.az\/en\/","logo":{"@type":"ImageObject","inLanguage":"en-US","@id":"https:\/\/grandmoto.az\/en\/#\/schema\/logo\/image\/","url":"https:\/\/grandmoto.az\/wp-content\/uploads\/2024\/09\/Grandmoto-Service-Logo.png","contentUrl":"https:\/\/grandmoto.az\/wp-content\/uploads\/2024\/09\/Grandmoto-Service-Logo.png","width":1418,"height":495,"caption":"Grandmoto"},"image":{"@id":"https:\/\/grandmoto.az\/en\/#\/schema\/logo\/image\/"}}]}},"_links":{"self":[{"href":"https:\/\/grandmoto.az\/en\/wp-json\/wp\/v2\/product\/19131","targetHints":{"allow":["GET"]}}],"collection":[{"href":"https:\/\/grandmoto.az\/en\/wp-json\/wp\/v2\/product"}],"about":[{"href":"https:\/\/grandmoto.az\/en\/wp-json\/wp\/v2\/types\/product"}],"version-history":[{"count":3,"href":"https:\/\/grandmoto.az\/en\/wp-json\/wp\/v2\/product\/19131\/revisions"}],"predecessor-version":[{"id":19142,"href":"https:\/\/grandmoto.az\/en\/wp-json\/wp\/v2\/product\/19131\/revisions\/19142"}],"wp:featuredmedia":[{"embeddable":true,"href":"https:\/\/grandmoto.az\/en\/wp-json\/wp\/v2\/media\/19132"}],"wp:attachment":[{"href":"https:\/\/grandmoto.az\/en\/wp-json\/wp\/v2\/media?parent=19131"}],"wp:term":[{"taxonomy":"product_cat","embeddable":true,"href":"https:\/\/grandmoto.az\/en\/wp-json\/wp\/v2\/product_cat?post=19131"},{"taxonomy":"product_tag","embeddable":true,"href":"https:\/\/grandmoto.az\/en\/wp-json\/wp\/v2\/product_tag?post=19131"}],"curies":[{"name":"wp","href":"https:\/\/api.w.org\/{rel}","templated":true}]}}