{"id":19177,"date":"2025-12-08T18:03:11","date_gmt":"2025-12-08T14:03:11","guid":{"rendered":"https:\/\/grandmoto.az\/?post_type=product&#038;p=19177"},"modified":"2025-12-08T18:03:12","modified_gmt":"2025-12-08T14:03:12","slug":"ls2-goby-man-boots","status":"publish","type":"product","link":"https:\/\/grandmoto.az\/en\/product\/ls2-goby-man-boots\/","title":{"rendered":"LS2 Goby Man Boots"},"content":{"rendered":"<p>Ya\u011f\u0131\u015f Ke\u00e7irm\u0259z D\u0259ri Material\u0131<\/p>\n<p>D\u0259ri v\u0259 Su Ke\u00e7irm\u0259z Texnologiya: LS2 Goby ayaqqab\u0131lar\u0131, y\u00fcks\u0259k keyfiyy\u0259tli d\u0259ri materiallar\u0131ndan haz\u0131rlan\u0131r. Bu d\u0259ril\u0259r, eyni zamanda suya davaml\u0131d\u0131r v\u0259 ya\u011f\u0131\u015fl\u0131 havalarda ayaqlar\u0131n quru qalmas\u0131n\u0131 t\u0259min edir. Ayaqqab\u0131n\u0131n \u00fcz\u0259rind\u0259 x\u00fcsusi su ke\u00e7irm\u0259y\u0259n qoruyucu \u00f6rt\u00fckl\u0259r m\u00f6vcuddur ki, bu da uzun m\u00fcdd\u0259tli ya\u011f\u0131\u015fl\u0131 v\u0259 r\u00fctub\u0259tli \u015f\u0259raitl\u0259rd\u0259 rahatl\u0131\u011f\u0131 qoruyur.<\/p>\n<p>Suya qar\u015f\u0131 dayan\u0131ql\u0131l\u0131q: D\u0259rinin \u00fcz\u0259rind\u0259 t\u0259tbiq olunan x\u00fcsusi suya davaml\u0131 \u00f6rt\u00fck, suyun ayaqqab\u0131n\u0131n i\u00e7 hiss\u0259sin\u0259 ke\u00e7m\u0259sinin qar\u015f\u0131s\u0131n\u0131 al\u0131r, bel\u0259likl\u0259 s\u00fcr\u00fcc\u00fcl\u0259r ya\u011f\u0131\u015fda bel\u0259 rahat v\u0259 quru qal\u0131rlar.<\/p>\n<p>T\u0259hl\u00fck\u0259sizlik v\u0259 Qoruma<\/p>\n<p>G\u00fccl\u0259ndirilmi\u015f Ayaq D\u0259st\u0259yi: LS2 Urano ayaqqab\u0131lar\u0131, x\u00fcsusil\u0259 motosiklet s\u00fcr\u00fcc\u00fcl\u0259ri \u00fc\u00e7\u00fcn n\u0259z\u0259rd\u0259 tutulmu\u015fdur, buna g\u00f6r\u0259 d\u0259 ayaqqab\u0131n\u0131n dizayn\u0131nda \u0259lav\u0259 qoruma x\u00fcsusiyy\u0259tl\u0259ri m\u00f6vcuddur. Ayaqqab\u0131n\u0131n barmaq uclar\u0131 v\u0259 topuq b\u00f6lg\u0259sind\u0259 z\u0259d\u0259l\u0259r\u0259 qar\u015f\u0131 m\u00fcqavim\u0259t art\u0131r\u0131l\u0131b. Bu hiss\u0259l\u0259r, \u0259ll\u0259 idar\u0259 olunan motosikletl\u0259rin z\u0259rb\u0259l\u0259rin\u0259 qar\u015f\u0131 \u0259lav\u0259 qoruma t\u0259min edir.<\/p>\n<p>Reflektiv Detallar: Ayaqqab\u0131n\u0131n dizayn\u0131nda reflektiv elementl\u0259r yer al\u0131r. Bu x\u00fcsusiyy\u0259t, gec\u0259 s\u00fcr\u00fc\u015fl\u0259ri zaman\u0131 s\u00fcr\u00fcc\u00fcn\u00fcn daha yax\u015f\u0131 g\u00f6r\u00fcnm\u0259sini t\u0259min ed\u0259r\u0259k, t\u0259hl\u00fck\u0259sizlik \u00fc\u00e7\u00fcn \u0259lav\u0259 bir qat \u0259lav\u0259 edir.<\/p>\n<p>Yum\u015faq \u0130\u00e7 Astar: Ayaqqab\u0131n\u0131n i\u00e7 hiss\u0259si, uzun m\u00fcdd\u0259t rahatl\u0131q t\u0259min ed\u0259c\u0259k yum\u015faq astarla \u00f6rt\u00fcl\u00fcd\u00fcr. Bu, x\u00fcsusil\u0259 uzun yol s\u0259yah\u0259tl\u0259rind\u0259 ayaqlar\u0131n rahatl\u0131\u011f\u0131n\u0131 t\u0259min ed\u0259r\u0259k yor\u011funlu\u011fu azald\u0131r.<\/p>\n<p>Komfort v\u0259 Performans<\/p>\n<p>Erqonomik Dizayn: LS2 Goby ayaqqab\u0131lar\u0131, s\u00fcr\u00fcc\u00fcn\u00fcn aya\u011f\u0131n\u0131 optimal \u015f\u0259kild\u0259 d\u0259st\u0259kl\u0259y\u0259n v\u0259 rahat h\u0259r\u0259k\u0259t etm\u0259sin\u0259 imkan ver\u0259n bir dizayna sahibdir. Ayaqqab\u0131n\u0131n dizayn\u0131, motosiklet s\u00fcr\u00fcc\u00fcs\u00fcn\u00fcn pedallara tam n\u0259zar\u0259t etm\u0259sin\u0259 imkan tan\u0131y\u0131r.<\/p>\n<p>Y\u00fcng\u00fcl v\u0259 Rahat: Ayaqqab\u0131, \u00e7ox a\u011f\u0131r deyil, buna g\u00f6r\u0259 d\u0259 s\u00fcr\u00fcc\u00fcn\u00fcn aya\u011f\u0131n\u0131 yoracaq v\u0259 ya h\u0259r\u0259k\u0259t etm\u0259sini m\u0259hdudla\u015fd\u0131racaq \u015f\u0259kild\u0259 dizayn edilm\u0259yib. Y\u00fcng\u00fcl olmas\u0131, uzun m\u00fcdd\u0259t s\u00fcr\u00fc\u015fl\u0259rd\u0259 komfortu art\u0131r\u0131r.<\/p>\n<p>Y\u00fcks\u0259k A\u015fa\u011f\u0131 D\u0259st\u0259k: Ayaqqab\u0131n\u0131n topuq v\u0259 daban b\u00f6lg\u0259sind\u0259 \u0259lav\u0259 d\u0259st\u0259k v\u0259 amortizasiya t\u0259min ed\u0259n qatlar m\u00f6vcuddur. Bu x\u00fcsusiyy\u0259t, x\u00fcsusil\u0259 yolda v\u0259 pedal istifad\u0259 zaman\u0131 ayaq y\u00fck\u00fcn\u00fc b\u0259rab\u0259r paylayaraq rahatl\u0131q t\u0259min edir.<\/p>\n<p>Dayan\u0131ql\u0131 v\u0259 Uzun\u00f6m\u00fcrl\u00fc Materiallar<\/p>\n<p>Qoruyucu Taban: LS2 Goby ayaqqab\u0131s\u0131n\u0131n alt hiss\u0259si, s\u00fcr\u00fc\u015f v\u0259 a\u015f\u0131nma m\u00fcqavim\u0259tini art\u0131rmaq \u00fc\u00e7\u00fcn y\u00fcks\u0259k keyfiyy\u0259tli v\u0259 dayan\u0131ql\u0131 materiallardan haz\u0131rlanm\u0131\u015fd\u0131r. Taban\u0131n dizayn\u0131, suyun \u00fcz\u0259rin\u0259 hopmamas\u0131 \u00fc\u00e7\u00fcn optimalla\u015fd\u0131r\u0131lm\u0131\u015fd\u0131r v\u0259 yer\u0259 yap\u0131\u015fan x\u00fcsusiyy\u0259t\u0259 malikdir, bel\u0259likl\u0259 s\u00fcr\u00fc\u015f zaman\u0131 ayaqlar\u0131n sabitliyi t\u0259min olunur.<\/p>\n<p>A\u015f\u0131nmaya v\u0259 Z\u0259d\u0259l\u0259nm\u0259y\u0259 Qar\u015f\u0131 Dayan\u0131ql\u0131l\u0131q: Ayaqqab\u0131n\u0131n dizayn\u0131nda istifad\u0259 edil\u0259n materiallar y\u00fcks\u0259k keyfiyy\u0259tli v\u0259 davaml\u0131d\u0131r, bu da uzun m\u00fcdd\u0259t istifad\u0259 olunduqda bel\u0259 ayaqqab\u0131n\u0131n formas\u0131 v\u0259 qoruma x\u00fcsusiyy\u0259tl\u0259rinin qorunmas\u0131n\u0131 t\u0259min edir.<\/p>\n<p>\u015e\u0131k v\u0259 Estetik Dizayn<\/p>\n<p>Sad\u0259 v\u0259 \u015e\u0131k G\u00f6r\u00fcn\u00fc\u015f: LS2 Goby ayaqqab\u0131lar\u0131, sad\u0259 v\u0259 \u015f\u0131k bir dizayna sahibdir. Motosiklet s\u00fcr\u00fcc\u00fcl\u0259ri \u00fc\u00e7\u00fcn n\u0259z\u0259rd\u0259 tutulmu\u015f bu ayaqqab\u0131lar h\u0259m estetik, h\u0259m d\u0259 funksional c\u0259h\u0259td\u0259n \u00e7ox m\u0259qs\u0259dli istifad\u0259 \u00fc\u00e7\u00fcn uygundur.<\/p>\n<p>Rahat v\u0259 Qeyri-Resmi \u0130stifad\u0259: H\u0259m motosiklet s\u00fcr\u00fc\u015fl\u0259ri, h\u0259m d\u0259 g\u00fcnd\u0259lik istifad\u0259 \u00fc\u00e7\u00fcn uy\u011fun bir dizayna malikdir. Bu ayaqqab\u0131lar, h\u0259m d\u0259 qeyri-resmi g\u00fcnd\u0259lik geyiml\u0259rl\u0259 uyumlu ola bil\u0259r.<\/p>\n","protected":false},"excerpt":{"rendered":"<p>LS2 Goby bot, motosiklet s\u00fcr\u00fcc\u00fcl\u0259ri \u00fc\u00e7\u00fcn x\u00fcsusi olaraq dizayn edilmi\u015f, h\u0259m t\u0259hl\u00fck\u0259sizlik, h\u0259m d\u0259 komfort t\u0259min ed\u0259n ayaqqab\u0131d\u0131r. Bu model, x\u00fcsusil\u0259 ya\u011f\u0131\u015fl\u0131 hava \u015f\u0259raitind\u0259 istifad\u0259\u00e7il\u0259rin rahatl\u0131\u011f\u0131n\u0131 v\u0259 t\u0259hl\u00fck\u0259sizliyini n\u0259z\u0259r\u0259 alaraq haz\u0131rlan\u0131b.<\/p>\n","protected":false},"featured_media":19178,"template":"","meta":{"_acf_changed":false},"product_cat":[92,88],"product_tag":[],"class_list":{"0":"post-19177","1":"product","2":"type-product","3":"status-publish","4":"has-post-thumbnail","6":"product_cat-apparel","7":"product_cat-boots","9":"first","10":"instock","11":"shipping-taxable","12":"purchasable","13":"product-type-simple"},"acf":[],"yoast_head":"<!-- This site is optimized with the Yoast SEO Premium plugin v23.7 (Yoast SEO v24.1) - https:\/\/yoast.com\/wordpress\/plugins\/seo\/ -->\n<title>LS2 Goby Man Boots - Grandmoto.az<\/title>\n<meta name=\"robots\" content=\"index, follow, max-snippet:-1, max-image-preview:large, max-video-preview:-1\" \/>\n<link rel=\"canonical\" href=\"https:\/\/grandmoto.az\/en\/product\/ls2-goby-man-boots\/\" \/>\n<meta property=\"og:locale\" content=\"en_US\" \/>\n<meta property=\"og:type\" content=\"article\" \/>\n<meta property=\"og:title\" content=\"LS2 Goby Man Boots\" \/>\n<meta property=\"og:description\" content=\"LS2 Goby bot, motosiklet s\u00fcr\u00fcc\u00fcl\u0259ri \u00fc\u00e7\u00fcn x\u00fcsusi olaraq dizayn edilmi\u015f, h\u0259m t\u0259hl\u00fck\u0259sizlik, h\u0259m d\u0259 komfort t\u0259min ed\u0259n ayaqqab\u0131d\u0131r. Bu model, x\u00fcsusil\u0259 ya\u011f\u0131\u015fl\u0131 hava \u015f\u0259raitind\u0259 istifad\u0259\u00e7il\u0259rin rahatl\u0131\u011f\u0131n\u0131 v\u0259 t\u0259hl\u00fck\u0259sizliyini n\u0259z\u0259r\u0259 alaraq haz\u0131rlan\u0131b.\" \/>\n<meta property=\"og:url\" content=\"https:\/\/grandmoto.az\/en\/product\/ls2-goby-man-boots\/\" \/>\n<meta property=\"og:site_name\" content=\"Grandmoto.az\" \/>\n<meta property=\"article:modified_time\" content=\"2025-12-08T14:03:12+00:00\" \/>\n<meta property=\"og:image\" content=\"https:\/\/grandmoto.az\/wp-content\/uploads\/2025\/12\/goby-man-black-h-v-yelow-71010t1154.png\" \/>\n\t<meta property=\"og:image:width\" content=\"800\" \/>\n\t<meta property=\"og:image:height\" content=\"800\" \/>\n\t<meta property=\"og:image:type\" content=\"image\/png\" \/>\n<meta name=\"twitter:card\" content=\"summary_large_image\" \/>\n<meta name=\"twitter:label1\" content=\"Est. reading time\" \/>\n\t<meta name=\"twitter:data1\" content=\"1 minute\" \/>\n<script type=\"application\/ld+json\" class=\"yoast-schema-graph\">{\"@context\":\"https:\/\/schema.org\",\"@graph\":[{\"@type\":\"WebPage\",\"@id\":\"https:\/\/grandmoto.az\/en\/product\/ls2-goby-man-boots\/\",\"url\":\"https:\/\/grandmoto.az\/en\/product\/ls2-goby-man-boots\/\",\"name\":\"LS2 Goby Man Boots - Grandmoto.az\",\"isPartOf\":{\"@id\":\"https:\/\/grandmoto.az\/en\/#website\"},\"primaryImageOfPage\":{\"@id\":\"https:\/\/grandmoto.az\/en\/product\/ls2-goby-man-boots\/#primaryimage\"},\"image\":{\"@id\":\"https:\/\/grandmoto.az\/en\/product\/ls2-goby-man-boots\/#primaryimage\"},\"thumbnailUrl\":\"https:\/\/grandmoto.az\/wp-content\/uploads\/2025\/12\/goby-man-black-h-v-yelow-71010t1154.png\",\"datePublished\":\"2025-12-08T14:03:11+00:00\",\"dateModified\":\"2025-12-08T14:03:12+00:00\",\"breadcrumb\":{\"@id\":\"https:\/\/grandmoto.az\/en\/product\/ls2-goby-man-boots\/#breadcrumb\"},\"inLanguage\":\"en-US\",\"potentialAction\":[{\"@type\":\"ReadAction\",\"target\":[\"https:\/\/grandmoto.az\/en\/product\/ls2-goby-man-boots\/\"]}]},{\"@type\":\"ImageObject\",\"inLanguage\":\"en-US\",\"@id\":\"https:\/\/grandmoto.az\/en\/product\/ls2-goby-man-boots\/#primaryimage\",\"url\":\"https:\/\/grandmoto.az\/wp-content\/uploads\/2025\/12\/goby-man-black-h-v-yelow-71010t1154.png\",\"contentUrl\":\"https:\/\/grandmoto.az\/wp-content\/uploads\/2025\/12\/goby-man-black-h-v-yelow-71010t1154.png\",\"width\":800,\"height\":800},{\"@type\":\"BreadcrumbList\",\"@id\":\"https:\/\/grandmoto.az\/en\/product\/ls2-goby-man-boots\/#breadcrumb\",\"itemListElement\":[{\"@type\":\"ListItem\",\"position\":1,\"name\":\"Ana s\u0259hif\u0259\",\"item\":\"https:\/\/grandmoto.az\/en\/\"},{\"@type\":\"ListItem\",\"position\":2,\"name\":\"Shop\",\"item\":\"https:\/\/grandmoto.az\/shop\/\"},{\"@type\":\"ListItem\",\"position\":3,\"name\":\"LS2 Goby Man Boots\"}]},{\"@type\":\"WebSite\",\"@id\":\"https:\/\/grandmoto.az\/en\/#website\",\"url\":\"https:\/\/grandmoto.az\/en\/\",\"name\":\"Grandmoto.az\",\"description\":\"Grandmoto.az\",\"publisher\":{\"@id\":\"https:\/\/grandmoto.az\/en\/#organization\"},\"potentialAction\":[{\"@type\":\"SearchAction\",\"target\":{\"@type\":\"EntryPoint\",\"urlTemplate\":\"https:\/\/grandmoto.az\/en\/?s={search_term_string}\"},\"query-input\":{\"@type\":\"PropertyValueSpecification\",\"valueRequired\":true,\"valueName\":\"search_term_string\"}}],\"inLanguage\":\"en-US\"},{\"@type\":\"Organization\",\"@id\":\"https:\/\/grandmoto.az\/en\/#organization\",\"name\":\"Grandmoto\",\"url\":\"https:\/\/grandmoto.az\/en\/\",\"logo\":{\"@type\":\"ImageObject\",\"inLanguage\":\"en-US\",\"@id\":\"https:\/\/grandmoto.az\/en\/#\/schema\/logo\/image\/\",\"url\":\"https:\/\/grandmoto.az\/wp-content\/uploads\/2024\/09\/Grandmoto-Service-Logo.png\",\"contentUrl\":\"https:\/\/grandmoto.az\/wp-content\/uploads\/2024\/09\/Grandmoto-Service-Logo.png\",\"width\":1418,\"height\":495,\"caption\":\"Grandmoto\"},\"image\":{\"@id\":\"https:\/\/grandmoto.az\/en\/#\/schema\/logo\/image\/\"}}]}<\/script>\n<!-- \/ Yoast SEO Premium plugin. -->","yoast_head_json":{"title":"LS2 Goby Man Boots - Grandmoto.az","robots":{"index":"index","follow":"follow","max-snippet":"max-snippet:-1","max-image-preview":"max-image-preview:large","max-video-preview":"max-video-preview:-1"},"canonical":"https:\/\/grandmoto.az\/en\/product\/ls2-goby-man-boots\/","og_locale":"en_US","og_type":"article","og_title":"LS2 Goby Man Boots","og_description":"LS2 Goby bot, motosiklet s\u00fcr\u00fcc\u00fcl\u0259ri \u00fc\u00e7\u00fcn x\u00fcsusi olaraq dizayn edilmi\u015f, h\u0259m t\u0259hl\u00fck\u0259sizlik, h\u0259m d\u0259 komfort t\u0259min ed\u0259n ayaqqab\u0131d\u0131r. Bu model, x\u00fcsusil\u0259 ya\u011f\u0131\u015fl\u0131 hava \u015f\u0259raitind\u0259 istifad\u0259\u00e7il\u0259rin rahatl\u0131\u011f\u0131n\u0131 v\u0259 t\u0259hl\u00fck\u0259sizliyini n\u0259z\u0259r\u0259 alaraq haz\u0131rlan\u0131b.","og_url":"https:\/\/grandmoto.az\/en\/product\/ls2-goby-man-boots\/","og_site_name":"Grandmoto.az","article_modified_time":"2025-12-08T14:03:12+00:00","og_image":[{"width":800,"height":800,"url":"https:\/\/grandmoto.az\/wp-content\/uploads\/2025\/12\/goby-man-black-h-v-yelow-71010t1154.png","type":"image\/png"}],"twitter_card":"summary_large_image","twitter_misc":{"Est. reading time":"1 minute"},"schema":{"@context":"https:\/\/schema.org","@graph":[{"@type":"WebPage","@id":"https:\/\/grandmoto.az\/en\/product\/ls2-goby-man-boots\/","url":"https:\/\/grandmoto.az\/en\/product\/ls2-goby-man-boots\/","name":"LS2 Goby Man Boots - Grandmoto.az","isPartOf":{"@id":"https:\/\/grandmoto.az\/en\/#website"},"primaryImageOfPage":{"@id":"https:\/\/grandmoto.az\/en\/product\/ls2-goby-man-boots\/#primaryimage"},"image":{"@id":"https:\/\/grandmoto.az\/en\/product\/ls2-goby-man-boots\/#primaryimage"},"thumbnailUrl":"https:\/\/grandmoto.az\/wp-content\/uploads\/2025\/12\/goby-man-black-h-v-yelow-71010t1154.png","datePublished":"2025-12-08T14:03:11+00:00","dateModified":"2025-12-08T14:03:12+00:00","breadcrumb":{"@id":"https:\/\/grandmoto.az\/en\/product\/ls2-goby-man-boots\/#breadcrumb"},"inLanguage":"en-US","potentialAction":[{"@type":"ReadAction","target":["https:\/\/grandmoto.az\/en\/product\/ls2-goby-man-boots\/"]}]},{"@type":"ImageObject","inLanguage":"en-US","@id":"https:\/\/grandmoto.az\/en\/product\/ls2-goby-man-boots\/#primaryimage","url":"https:\/\/grandmoto.az\/wp-content\/uploads\/2025\/12\/goby-man-black-h-v-yelow-71010t1154.png","contentUrl":"https:\/\/grandmoto.az\/wp-content\/uploads\/2025\/12\/goby-man-black-h-v-yelow-71010t1154.png","width":800,"height":800},{"@type":"BreadcrumbList","@id":"https:\/\/grandmoto.az\/en\/product\/ls2-goby-man-boots\/#breadcrumb","itemListElement":[{"@type":"ListItem","position":1,"name":"Ana s\u0259hif\u0259","item":"https:\/\/grandmoto.az\/en\/"},{"@type":"ListItem","position":2,"name":"Shop","item":"https:\/\/grandmoto.az\/shop\/"},{"@type":"ListItem","position":3,"name":"LS2 Goby Man Boots"}]},{"@type":"WebSite","@id":"https:\/\/grandmoto.az\/en\/#website","url":"https:\/\/grandmoto.az\/en\/","name":"Grandmoto.az","description":"Grandmoto.az","publisher":{"@id":"https:\/\/grandmoto.az\/en\/#organization"},"potentialAction":[{"@type":"SearchAction","target":{"@type":"EntryPoint","urlTemplate":"https:\/\/grandmoto.az\/en\/?s={search_term_string}"},"query-input":{"@type":"PropertyValueSpecification","valueRequired":true,"valueName":"search_term_string"}}],"inLanguage":"en-US"},{"@type":"Organization","@id":"https:\/\/grandmoto.az\/en\/#organization","name":"Grandmoto","url":"https:\/\/grandmoto.az\/en\/","logo":{"@type":"ImageObject","inLanguage":"en-US","@id":"https:\/\/grandmoto.az\/en\/#\/schema\/logo\/image\/","url":"https:\/\/grandmoto.az\/wp-content\/uploads\/2024\/09\/Grandmoto-Service-Logo.png","contentUrl":"https:\/\/grandmoto.az\/wp-content\/uploads\/2024\/09\/Grandmoto-Service-Logo.png","width":1418,"height":495,"caption":"Grandmoto"},"image":{"@id":"https:\/\/grandmoto.az\/en\/#\/schema\/logo\/image\/"}}]}},"_links":{"self":[{"href":"https:\/\/grandmoto.az\/en\/wp-json\/wp\/v2\/product\/19177","targetHints":{"allow":["GET"]}}],"collection":[{"href":"https:\/\/grandmoto.az\/en\/wp-json\/wp\/v2\/product"}],"about":[{"href":"https:\/\/grandmoto.az\/en\/wp-json\/wp\/v2\/types\/product"}],"version-history":[{"count":1,"href":"https:\/\/grandmoto.az\/en\/wp-json\/wp\/v2\/product\/19177\/revisions"}],"predecessor-version":[{"id":19180,"href":"https:\/\/grandmoto.az\/en\/wp-json\/wp\/v2\/product\/19177\/revisions\/19180"}],"wp:featuredmedia":[{"embeddable":true,"href":"https:\/\/grandmoto.az\/en\/wp-json\/wp\/v2\/media\/19178"}],"wp:attachment":[{"href":"https:\/\/grandmoto.az\/en\/wp-json\/wp\/v2\/media?parent=19177"}],"wp:term":[{"taxonomy":"product_cat","embeddable":true,"href":"https:\/\/grandmoto.az\/en\/wp-json\/wp\/v2\/product_cat?post=19177"},{"taxonomy":"product_tag","embeddable":true,"href":"https:\/\/grandmoto.az\/en\/wp-json\/wp\/v2\/product_tag?post=19177"}],"curies":[{"name":"wp","href":"https:\/\/api.w.org\/{rel}","templated":true}]}}