{"id":19181,"date":"2025-12-08T18:07:24","date_gmt":"2025-12-08T14:07:24","guid":{"rendered":"https:\/\/grandmoto.az\/?post_type=product&#038;p=19181"},"modified":"2025-12-08T18:07:25","modified_gmt":"2025-12-08T14:07:25","slug":"ls2-downtown-man-boots-wp","status":"publish","type":"product","link":"https:\/\/grandmoto.az\/en\/product\/ls2-downtown-man-boots-wp\/","title":{"rendered":"LS2 Downtown Man Boots (WP)"},"content":{"rendered":"<p>LS2 Downtown Man Boots, motosiklet s\u00fcr\u00fcc\u00fcl\u0259rinin ehtiyac duydu\u011fu t\u0259hl\u00fck\u0259sizlik, rahatl\u0131q v\u0259 y\u00fcks\u0259k performans\u0131 bir araya g\u0259tir\u0259n premium s\u0259viyy\u0259li motosiklet \u00e7\u0259km\u0259l\u0259ridir. LS2 markas\u0131n\u0131n ill\u0259rdir davam ed\u0259n innovasiya v\u0259 keyfiyy\u0259t f\u0259ls\u0259f\u0259sini \u0259ks etdir\u0259n bu modell\u0259r h\u0259m g\u00fcnd\u0259lik s\u00fcr\u00fc\u015f, h\u0259m d\u0259 pe\u015f\u0259kar yar\u0131\u015f v\u0259 uzun m\u0259saf\u0259li turlar \u00fc\u00e7\u00fcn ideal se\u00e7imdir.<\/p>\n<p>\u00c7\u0259km\u0259l\u0259r y\u00fcks\u0259k dayan\u0131ql\u0131 materiallardan haz\u0131rlanaraq aya\u011f\u0131 tam \u015f\u0259kild\u0259 qorumaq \u00fc\u00e7\u00fcn m\u00f6hk\u0259ml\u0259ndirilmi\u015f burun hiss\u0259si, daban d\u0259st\u0259yi, s\u00fcrt\u00fcnm\u0259y\u0259 davaml\u0131 xarici qat v\u0259 z\u0259rb\u0259l\u0259ri udan qoruyucu elementl\u0259rl\u0259 t\u0259chiz olunur. LS2 m\u00fch\u0259ndisl\u0259ri h\u0259m\u00e7inin aya\u011f\u0131n n\u0259f\u0259s almas\u0131na, uzun s\u00fcr\u00fc\u015fl\u0259rd\u0259 n\u0259min xaric olunmas\u0131na v\u0259 komfortun maksimum s\u0259viyy\u0259d\u0259 saxlanmas\u0131na x\u00fcsusi diqq\u0259t yetirib. Bu say\u0259d\u0259 s\u00fcr\u00fcc\u00fc h\u0259m istid\u0259, h\u0259m soyuqda, h\u0259m d\u0259 ya\u011f\u0131\u015fl\u0131 hava \u015f\u0259raitind\u0259 rahatl\u0131\u011f\u0131n\u0131 itirm\u0259d\u0259n yola davam ed\u0259 bilir.<\/p>\n<p>Erqonomik dizayn, asan ba\u011flanma sisteml\u0259ri, y\u00fcks\u0259k tutu\u015flu altl\u0131q v\u0259 s\u00fcr\u00fcc\u00fc m\u00f6vqeyin\u0259 uy\u011funla\u015fd\u0131r\u0131lm\u0131\u015f \u00e7evik konstruksiya LS2 Downtown Man Boots \u00e7\u0259km\u0259l\u0259rini t\u0259kc\u0259 t\u0259hl\u00fck\u0259siz deyil, h\u0259m d\u0259 g\u00fcnd\u0259lik istifad\u0259 \u00fc\u00e7\u00fcn olduqca praktik edir. M\u00fcxt\u0259lif s\u00fcr\u00fc\u015f \u00fcslublar\u0131na uy\u011fun \u2013 idman, turinq, \u015f\u0259h\u0259r i\u00e7i v\u0259 off-road \u2013 geni\u015f model \u00e7e\u015fidi il\u0259 LS2 Downtown Man Boots h\u0259r motosiklet\u00e7i \u00fc\u00e7\u00fcn ideal se\u00e7im t\u0259qdim edir.<\/p>\n<p>LS2 Downtown Man Boots se\u00e7\u0259r\u0259k, h\u0259m \u00fcslubu, h\u0259m texnologiyan\u0131, h\u0259m d\u0259 qoruman\u0131 bir arada \u0259ld\u0259 edirsiniz. S\u00fcr\u00fc\u015f\u00fcn\u00fcz\u00fc daha g\u00fcv\u0259nli, daha rahat v\u0259 daha pe\u015f\u0259kar s\u0259viyy\u0259y\u0259 qald\u0131rmaq \u00fc\u00e7\u00fcn LS2-nin premium keyfiyy\u0259tin\u0259 g\u00fcv\u0259n\u0259 bil\u0259rsiniz.<\/p>\n","protected":false},"excerpt":{"rendered":"<p>LS2 Downtown Man Boots \u2013 Pe\u015f\u0259kar Moto\u00e7ular \u00fc\u00e7\u00fcn Maksimum T\u0259hl\u00fck\u0259sizlik, Rahatl\u0131q v\u0259 Davaml\u0131l\u0131q T\u0259klif Ed\u0259n Y\u00fcks\u0259k Texnologiyal\u0131 Motosiklet \u00c7\u0259km\u0259l\u0259ri<\/p>\n","protected":false},"featured_media":19182,"template":"","meta":{"_acf_changed":false},"product_cat":[92,88],"product_tag":[],"class_list":{"0":"post-19181","1":"product","2":"type-product","3":"status-publish","4":"has-post-thumbnail","6":"product_cat-apparel","7":"product_cat-boots","9":"first","10":"instock","11":"shipping-taxable","12":"purchasable","13":"product-type-simple"},"acf":[],"yoast_head":"<!-- This site is optimized with the Yoast SEO Premium plugin v23.7 (Yoast SEO v24.1) - https:\/\/yoast.com\/wordpress\/plugins\/seo\/ -->\n<title>LS2 Downtown Man Boots (WP) - Grandmoto.az<\/title>\n<meta name=\"robots\" content=\"index, follow, max-snippet:-1, max-image-preview:large, max-video-preview:-1\" \/>\n<link rel=\"canonical\" href=\"https:\/\/grandmoto.az\/en\/product\/ls2-downtown-man-boots-wp\/\" \/>\n<meta property=\"og:locale\" content=\"en_US\" \/>\n<meta property=\"og:type\" content=\"article\" \/>\n<meta property=\"og:title\" content=\"LS2 Downtown Man Boots (WP)\" \/>\n<meta property=\"og:description\" content=\"LS2 Downtown Man Boots \u2013 Pe\u015f\u0259kar Moto\u00e7ular \u00fc\u00e7\u00fcn Maksimum T\u0259hl\u00fck\u0259sizlik, Rahatl\u0131q v\u0259 Davaml\u0131l\u0131q T\u0259klif Ed\u0259n Y\u00fcks\u0259k Texnologiyal\u0131 Motosiklet \u00c7\u0259km\u0259l\u0259ri\" \/>\n<meta property=\"og:url\" content=\"https:\/\/grandmoto.az\/en\/product\/ls2-downtown-man-boots-wp\/\" \/>\n<meta property=\"og:site_name\" content=\"Grandmoto.az\" \/>\n<meta property=\"article:modified_time\" content=\"2025-12-08T14:07:25+00:00\" \/>\n<meta property=\"og:image\" content=\"https:\/\/grandmoto.az\/wp-content\/uploads\/2025\/12\/0e5fac-66e5b1-1678191822.jpg\" \/>\n\t<meta property=\"og:image:width\" content=\"800\" \/>\n\t<meta property=\"og:image:height\" content=\"800\" \/>\n\t<meta property=\"og:image:type\" content=\"image\/jpeg\" \/>\n<meta name=\"twitter:card\" content=\"summary_large_image\" \/>\n<meta name=\"twitter:label1\" content=\"Est. reading time\" \/>\n\t<meta name=\"twitter:data1\" content=\"1 minute\" \/>\n<script type=\"application\/ld+json\" class=\"yoast-schema-graph\">{\"@context\":\"https:\/\/schema.org\",\"@graph\":[{\"@type\":\"WebPage\",\"@id\":\"https:\/\/grandmoto.az\/en\/product\/ls2-downtown-man-boots-wp\/\",\"url\":\"https:\/\/grandmoto.az\/en\/product\/ls2-downtown-man-boots-wp\/\",\"name\":\"LS2 Downtown Man Boots (WP) - Grandmoto.az\",\"isPartOf\":{\"@id\":\"https:\/\/grandmoto.az\/en\/#website\"},\"primaryImageOfPage\":{\"@id\":\"https:\/\/grandmoto.az\/en\/product\/ls2-downtown-man-boots-wp\/#primaryimage\"},\"image\":{\"@id\":\"https:\/\/grandmoto.az\/en\/product\/ls2-downtown-man-boots-wp\/#primaryimage\"},\"thumbnailUrl\":\"https:\/\/grandmoto.az\/wp-content\/uploads\/2025\/12\/0e5fac-66e5b1-1678191822.jpg\",\"datePublished\":\"2025-12-08T14:07:24+00:00\",\"dateModified\":\"2025-12-08T14:07:25+00:00\",\"breadcrumb\":{\"@id\":\"https:\/\/grandmoto.az\/en\/product\/ls2-downtown-man-boots-wp\/#breadcrumb\"},\"inLanguage\":\"en-US\",\"potentialAction\":[{\"@type\":\"ReadAction\",\"target\":[\"https:\/\/grandmoto.az\/en\/product\/ls2-downtown-man-boots-wp\/\"]}]},{\"@type\":\"ImageObject\",\"inLanguage\":\"en-US\",\"@id\":\"https:\/\/grandmoto.az\/en\/product\/ls2-downtown-man-boots-wp\/#primaryimage\",\"url\":\"https:\/\/grandmoto.az\/wp-content\/uploads\/2025\/12\/0e5fac-66e5b1-1678191822.jpg\",\"contentUrl\":\"https:\/\/grandmoto.az\/wp-content\/uploads\/2025\/12\/0e5fac-66e5b1-1678191822.jpg\",\"width\":800,\"height\":800},{\"@type\":\"BreadcrumbList\",\"@id\":\"https:\/\/grandmoto.az\/en\/product\/ls2-downtown-man-boots-wp\/#breadcrumb\",\"itemListElement\":[{\"@type\":\"ListItem\",\"position\":1,\"name\":\"Ana s\u0259hif\u0259\",\"item\":\"https:\/\/grandmoto.az\/en\/\"},{\"@type\":\"ListItem\",\"position\":2,\"name\":\"Shop\",\"item\":\"https:\/\/grandmoto.az\/shop\/\"},{\"@type\":\"ListItem\",\"position\":3,\"name\":\"LS2 Downtown Man Boots (WP)\"}]},{\"@type\":\"WebSite\",\"@id\":\"https:\/\/grandmoto.az\/en\/#website\",\"url\":\"https:\/\/grandmoto.az\/en\/\",\"name\":\"Grandmoto.az\",\"description\":\"Grandmoto.az\",\"publisher\":{\"@id\":\"https:\/\/grandmoto.az\/en\/#organization\"},\"potentialAction\":[{\"@type\":\"SearchAction\",\"target\":{\"@type\":\"EntryPoint\",\"urlTemplate\":\"https:\/\/grandmoto.az\/en\/?s={search_term_string}\"},\"query-input\":{\"@type\":\"PropertyValueSpecification\",\"valueRequired\":true,\"valueName\":\"search_term_string\"}}],\"inLanguage\":\"en-US\"},{\"@type\":\"Organization\",\"@id\":\"https:\/\/grandmoto.az\/en\/#organization\",\"name\":\"Grandmoto\",\"url\":\"https:\/\/grandmoto.az\/en\/\",\"logo\":{\"@type\":\"ImageObject\",\"inLanguage\":\"en-US\",\"@id\":\"https:\/\/grandmoto.az\/en\/#\/schema\/logo\/image\/\",\"url\":\"https:\/\/grandmoto.az\/wp-content\/uploads\/2024\/09\/Grandmoto-Service-Logo.png\",\"contentUrl\":\"https:\/\/grandmoto.az\/wp-content\/uploads\/2024\/09\/Grandmoto-Service-Logo.png\",\"width\":1418,\"height\":495,\"caption\":\"Grandmoto\"},\"image\":{\"@id\":\"https:\/\/grandmoto.az\/en\/#\/schema\/logo\/image\/\"}}]}<\/script>\n<!-- \/ Yoast SEO Premium plugin. -->","yoast_head_json":{"title":"LS2 Downtown Man Boots (WP) - Grandmoto.az","robots":{"index":"index","follow":"follow","max-snippet":"max-snippet:-1","max-image-preview":"max-image-preview:large","max-video-preview":"max-video-preview:-1"},"canonical":"https:\/\/grandmoto.az\/en\/product\/ls2-downtown-man-boots-wp\/","og_locale":"en_US","og_type":"article","og_title":"LS2 Downtown Man Boots (WP)","og_description":"LS2 Downtown Man Boots \u2013 Pe\u015f\u0259kar Moto\u00e7ular \u00fc\u00e7\u00fcn Maksimum T\u0259hl\u00fck\u0259sizlik, Rahatl\u0131q v\u0259 Davaml\u0131l\u0131q T\u0259klif Ed\u0259n Y\u00fcks\u0259k Texnologiyal\u0131 Motosiklet \u00c7\u0259km\u0259l\u0259ri","og_url":"https:\/\/grandmoto.az\/en\/product\/ls2-downtown-man-boots-wp\/","og_site_name":"Grandmoto.az","article_modified_time":"2025-12-08T14:07:25+00:00","og_image":[{"width":800,"height":800,"url":"https:\/\/grandmoto.az\/wp-content\/uploads\/2025\/12\/0e5fac-66e5b1-1678191822.jpg","type":"image\/jpeg"}],"twitter_card":"summary_large_image","twitter_misc":{"Est. reading time":"1 minute"},"schema":{"@context":"https:\/\/schema.org","@graph":[{"@type":"WebPage","@id":"https:\/\/grandmoto.az\/en\/product\/ls2-downtown-man-boots-wp\/","url":"https:\/\/grandmoto.az\/en\/product\/ls2-downtown-man-boots-wp\/","name":"LS2 Downtown Man Boots (WP) - Grandmoto.az","isPartOf":{"@id":"https:\/\/grandmoto.az\/en\/#website"},"primaryImageOfPage":{"@id":"https:\/\/grandmoto.az\/en\/product\/ls2-downtown-man-boots-wp\/#primaryimage"},"image":{"@id":"https:\/\/grandmoto.az\/en\/product\/ls2-downtown-man-boots-wp\/#primaryimage"},"thumbnailUrl":"https:\/\/grandmoto.az\/wp-content\/uploads\/2025\/12\/0e5fac-66e5b1-1678191822.jpg","datePublished":"2025-12-08T14:07:24+00:00","dateModified":"2025-12-08T14:07:25+00:00","breadcrumb":{"@id":"https:\/\/grandmoto.az\/en\/product\/ls2-downtown-man-boots-wp\/#breadcrumb"},"inLanguage":"en-US","potentialAction":[{"@type":"ReadAction","target":["https:\/\/grandmoto.az\/en\/product\/ls2-downtown-man-boots-wp\/"]}]},{"@type":"ImageObject","inLanguage":"en-US","@id":"https:\/\/grandmoto.az\/en\/product\/ls2-downtown-man-boots-wp\/#primaryimage","url":"https:\/\/grandmoto.az\/wp-content\/uploads\/2025\/12\/0e5fac-66e5b1-1678191822.jpg","contentUrl":"https:\/\/grandmoto.az\/wp-content\/uploads\/2025\/12\/0e5fac-66e5b1-1678191822.jpg","width":800,"height":800},{"@type":"BreadcrumbList","@id":"https:\/\/grandmoto.az\/en\/product\/ls2-downtown-man-boots-wp\/#breadcrumb","itemListElement":[{"@type":"ListItem","position":1,"name":"Ana s\u0259hif\u0259","item":"https:\/\/grandmoto.az\/en\/"},{"@type":"ListItem","position":2,"name":"Shop","item":"https:\/\/grandmoto.az\/shop\/"},{"@type":"ListItem","position":3,"name":"LS2 Downtown Man Boots (WP)"}]},{"@type":"WebSite","@id":"https:\/\/grandmoto.az\/en\/#website","url":"https:\/\/grandmoto.az\/en\/","name":"Grandmoto.az","description":"Grandmoto.az","publisher":{"@id":"https:\/\/grandmoto.az\/en\/#organization"},"potentialAction":[{"@type":"SearchAction","target":{"@type":"EntryPoint","urlTemplate":"https:\/\/grandmoto.az\/en\/?s={search_term_string}"},"query-input":{"@type":"PropertyValueSpecification","valueRequired":true,"valueName":"search_term_string"}}],"inLanguage":"en-US"},{"@type":"Organization","@id":"https:\/\/grandmoto.az\/en\/#organization","name":"Grandmoto","url":"https:\/\/grandmoto.az\/en\/","logo":{"@type":"ImageObject","inLanguage":"en-US","@id":"https:\/\/grandmoto.az\/en\/#\/schema\/logo\/image\/","url":"https:\/\/grandmoto.az\/wp-content\/uploads\/2024\/09\/Grandmoto-Service-Logo.png","contentUrl":"https:\/\/grandmoto.az\/wp-content\/uploads\/2024\/09\/Grandmoto-Service-Logo.png","width":1418,"height":495,"caption":"Grandmoto"},"image":{"@id":"https:\/\/grandmoto.az\/en\/#\/schema\/logo\/image\/"}}]}},"_links":{"self":[{"href":"https:\/\/grandmoto.az\/en\/wp-json\/wp\/v2\/product\/19181","targetHints":{"allow":["GET"]}}],"collection":[{"href":"https:\/\/grandmoto.az\/en\/wp-json\/wp\/v2\/product"}],"about":[{"href":"https:\/\/grandmoto.az\/en\/wp-json\/wp\/v2\/types\/product"}],"version-history":[{"count":1,"href":"https:\/\/grandmoto.az\/en\/wp-json\/wp\/v2\/product\/19181\/revisions"}],"predecessor-version":[{"id":19184,"href":"https:\/\/grandmoto.az\/en\/wp-json\/wp\/v2\/product\/19181\/revisions\/19184"}],"wp:featuredmedia":[{"embeddable":true,"href":"https:\/\/grandmoto.az\/en\/wp-json\/wp\/v2\/media\/19182"}],"wp:attachment":[{"href":"https:\/\/grandmoto.az\/en\/wp-json\/wp\/v2\/media?parent=19181"}],"wp:term":[{"taxonomy":"product_cat","embeddable":true,"href":"https:\/\/grandmoto.az\/en\/wp-json\/wp\/v2\/product_cat?post=19181"},{"taxonomy":"product_tag","embeddable":true,"href":"https:\/\/grandmoto.az\/en\/wp-json\/wp\/v2\/product_tag?post=19181"}],"curies":[{"name":"wp","href":"https:\/\/api.w.org\/{rel}","templated":true}]}}