{"id":19198,"date":"2025-12-08T18:27:37","date_gmt":"2025-12-08T14:27:37","guid":{"rendered":"https:\/\/grandmoto.az\/?post_type=product&#038;p=19198"},"modified":"2025-12-08T18:27:38","modified_gmt":"2025-12-08T14:27:38","slug":"ls2-jazz-man","status":"publish","type":"product","link":"https:\/\/grandmoto.az\/en\/product\/ls2-jazz-man\/","title":{"rendered":"LS2 Jazz Man"},"content":{"rendered":"<p>LS2 Jazz Man \u0259lc\u0259yi \u015f\u0259h\u0259rdaxili v\u0259 uzun m\u0259saf\u0259li motosiklet s\u00fcr\u00fc\u015fl\u0259ri \u00fc\u00e7\u00fcn x\u00fcsusi olaraq haz\u0131rlanm\u0131\u015fd\u0131r. Y\u00fcng\u00fcl, komfortlu v\u0259 n\u0259f\u0259salan materiallar\u0131 say\u0259sind\u0259 isti havalarda bel\u0259 maksimum rahatl\u0131q t\u0259min edir. G\u00fccl\u0259ndirilmi\u015f ovuc hiss\u0259si \u0259lav\u0259 t\u0259hl\u00fck\u0259sizlik v\u0259 davaml\u0131l\u0131q yaradaraq, s\u00fcr\u00fcc\u00fc il\u0259 motosiklet aras\u0131nda m\u00f6hk\u0259m tutu\u015f yarad\u0131r. Elastik \u0259razil\u0259r h\u0259r\u0259k\u0259t azadl\u0131\u011f\u0131n\u0131 art\u0131r\u0131r, Velcro ba\u011flama sistemi is\u0259 \u0259lc\u0259yin \u0259ld\u0259n \u00e7\u0131xmas\u0131n\u0131n qar\u015f\u0131s\u0131n\u0131 al\u0131r. H\u0259m funksional, h\u0259m d\u0259 estetik olaraq s\u00fcr\u00fcc\u00fcl\u0259r \u00fc\u00e7\u00fcn ideal se\u00e7imdir.<\/p>\n","protected":false},"excerpt":{"rendered":"<p>M\u00fck\u0259mm\u0259l Tutum v\u0259 Y\u00fcks\u0259k N\u0259f\u0259salma Keyfiyy\u0259ti T\u0259klif Ed\u0259n LS2 Jazz Man Moto \u018flc\u0259yi<\/p>\n","protected":false},"featured_media":19199,"template":"","meta":{"_acf_changed":false},"product_cat":[92,89],"product_tag":[],"class_list":{"0":"post-19198","1":"product","2":"type-product","3":"status-publish","4":"has-post-thumbnail","6":"product_cat-apparel","7":"product_cat-gloves","9":"first","10":"instock","11":"shipping-taxable","12":"purchasable","13":"product-type-simple"},"acf":[],"yoast_head":"<!-- This site is optimized with the Yoast SEO Premium plugin v23.7 (Yoast SEO v24.1) - https:\/\/yoast.com\/wordpress\/plugins\/seo\/ -->\n<title>LS2 Jazz Man - Grandmoto.az<\/title>\n<meta name=\"robots\" content=\"index, follow, max-snippet:-1, max-image-preview:large, max-video-preview:-1\" \/>\n<link rel=\"canonical\" href=\"https:\/\/grandmoto.az\/en\/product\/ls2-jazz-man\/\" \/>\n<meta property=\"og:locale\" content=\"en_US\" \/>\n<meta property=\"og:type\" content=\"article\" \/>\n<meta property=\"og:title\" content=\"LS2 Jazz Man\" \/>\n<meta property=\"og:description\" content=\"M\u00fck\u0259mm\u0259l Tutum v\u0259 Y\u00fcks\u0259k N\u0259f\u0259salma Keyfiyy\u0259ti T\u0259klif Ed\u0259n LS2 Jazz Man Moto \u018flc\u0259yi\" \/>\n<meta property=\"og:url\" content=\"https:\/\/grandmoto.az\/en\/product\/ls2-jazz-man\/\" \/>\n<meta property=\"og:site_name\" content=\"Grandmoto.az\" \/>\n<meta property=\"article:modified_time\" content=\"2025-12-08T14:27:38+00:00\" \/>\n<meta property=\"og:image\" content=\"https:\/\/grandmoto.az\/wp-content\/uploads\/2025\/12\/ls2-jazz-man-black-glove-1.jpg\" \/>\n\t<meta property=\"og:image:width\" content=\"800\" \/>\n\t<meta property=\"og:image:height\" content=\"800\" \/>\n\t<meta property=\"og:image:type\" content=\"image\/jpeg\" \/>\n<meta name=\"twitter:card\" content=\"summary_large_image\" \/>\n<meta name=\"twitter:label1\" content=\"Est. reading time\" \/>\n\t<meta name=\"twitter:data1\" content=\"1 minute\" \/>\n<script type=\"application\/ld+json\" class=\"yoast-schema-graph\">{\"@context\":\"https:\/\/schema.org\",\"@graph\":[{\"@type\":\"WebPage\",\"@id\":\"https:\/\/grandmoto.az\/en\/product\/ls2-jazz-man\/\",\"url\":\"https:\/\/grandmoto.az\/en\/product\/ls2-jazz-man\/\",\"name\":\"LS2 Jazz Man - Grandmoto.az\",\"isPartOf\":{\"@id\":\"https:\/\/grandmoto.az\/en\/#website\"},\"primaryImageOfPage\":{\"@id\":\"https:\/\/grandmoto.az\/en\/product\/ls2-jazz-man\/#primaryimage\"},\"image\":{\"@id\":\"https:\/\/grandmoto.az\/en\/product\/ls2-jazz-man\/#primaryimage\"},\"thumbnailUrl\":\"https:\/\/grandmoto.az\/wp-content\/uploads\/2025\/12\/ls2-jazz-man-black-glove-1.jpg\",\"datePublished\":\"2025-12-08T14:27:37+00:00\",\"dateModified\":\"2025-12-08T14:27:38+00:00\",\"breadcrumb\":{\"@id\":\"https:\/\/grandmoto.az\/en\/product\/ls2-jazz-man\/#breadcrumb\"},\"inLanguage\":\"en-US\",\"potentialAction\":[{\"@type\":\"ReadAction\",\"target\":[\"https:\/\/grandmoto.az\/en\/product\/ls2-jazz-man\/\"]}]},{\"@type\":\"ImageObject\",\"inLanguage\":\"en-US\",\"@id\":\"https:\/\/grandmoto.az\/en\/product\/ls2-jazz-man\/#primaryimage\",\"url\":\"https:\/\/grandmoto.az\/wp-content\/uploads\/2025\/12\/ls2-jazz-man-black-glove-1.jpg\",\"contentUrl\":\"https:\/\/grandmoto.az\/wp-content\/uploads\/2025\/12\/ls2-jazz-man-black-glove-1.jpg\",\"width\":800,\"height\":800},{\"@type\":\"BreadcrumbList\",\"@id\":\"https:\/\/grandmoto.az\/en\/product\/ls2-jazz-man\/#breadcrumb\",\"itemListElement\":[{\"@type\":\"ListItem\",\"position\":1,\"name\":\"Ana s\u0259hif\u0259\",\"item\":\"https:\/\/grandmoto.az\/en\/\"},{\"@type\":\"ListItem\",\"position\":2,\"name\":\"Shop\",\"item\":\"https:\/\/grandmoto.az\/shop\/\"},{\"@type\":\"ListItem\",\"position\":3,\"name\":\"LS2 Jazz Man\"}]},{\"@type\":\"WebSite\",\"@id\":\"https:\/\/grandmoto.az\/en\/#website\",\"url\":\"https:\/\/grandmoto.az\/en\/\",\"name\":\"Grandmoto.az\",\"description\":\"Grandmoto.az\",\"publisher\":{\"@id\":\"https:\/\/grandmoto.az\/en\/#organization\"},\"potentialAction\":[{\"@type\":\"SearchAction\",\"target\":{\"@type\":\"EntryPoint\",\"urlTemplate\":\"https:\/\/grandmoto.az\/en\/?s={search_term_string}\"},\"query-input\":{\"@type\":\"PropertyValueSpecification\",\"valueRequired\":true,\"valueName\":\"search_term_string\"}}],\"inLanguage\":\"en-US\"},{\"@type\":\"Organization\",\"@id\":\"https:\/\/grandmoto.az\/en\/#organization\",\"name\":\"Grandmoto\",\"url\":\"https:\/\/grandmoto.az\/en\/\",\"logo\":{\"@type\":\"ImageObject\",\"inLanguage\":\"en-US\",\"@id\":\"https:\/\/grandmoto.az\/en\/#\/schema\/logo\/image\/\",\"url\":\"https:\/\/grandmoto.az\/wp-content\/uploads\/2024\/09\/Grandmoto-Service-Logo.png\",\"contentUrl\":\"https:\/\/grandmoto.az\/wp-content\/uploads\/2024\/09\/Grandmoto-Service-Logo.png\",\"width\":1418,\"height\":495,\"caption\":\"Grandmoto\"},\"image\":{\"@id\":\"https:\/\/grandmoto.az\/en\/#\/schema\/logo\/image\/\"}}]}<\/script>\n<!-- \/ Yoast SEO Premium plugin. -->","yoast_head_json":{"title":"LS2 Jazz Man - Grandmoto.az","robots":{"index":"index","follow":"follow","max-snippet":"max-snippet:-1","max-image-preview":"max-image-preview:large","max-video-preview":"max-video-preview:-1"},"canonical":"https:\/\/grandmoto.az\/en\/product\/ls2-jazz-man\/","og_locale":"en_US","og_type":"article","og_title":"LS2 Jazz Man","og_description":"M\u00fck\u0259mm\u0259l Tutum v\u0259 Y\u00fcks\u0259k N\u0259f\u0259salma Keyfiyy\u0259ti T\u0259klif Ed\u0259n LS2 Jazz Man Moto \u018flc\u0259yi","og_url":"https:\/\/grandmoto.az\/en\/product\/ls2-jazz-man\/","og_site_name":"Grandmoto.az","article_modified_time":"2025-12-08T14:27:38+00:00","og_image":[{"width":800,"height":800,"url":"https:\/\/grandmoto.az\/wp-content\/uploads\/2025\/12\/ls2-jazz-man-black-glove-1.jpg","type":"image\/jpeg"}],"twitter_card":"summary_large_image","twitter_misc":{"Est. reading time":"1 minute"},"schema":{"@context":"https:\/\/schema.org","@graph":[{"@type":"WebPage","@id":"https:\/\/grandmoto.az\/en\/product\/ls2-jazz-man\/","url":"https:\/\/grandmoto.az\/en\/product\/ls2-jazz-man\/","name":"LS2 Jazz Man - Grandmoto.az","isPartOf":{"@id":"https:\/\/grandmoto.az\/en\/#website"},"primaryImageOfPage":{"@id":"https:\/\/grandmoto.az\/en\/product\/ls2-jazz-man\/#primaryimage"},"image":{"@id":"https:\/\/grandmoto.az\/en\/product\/ls2-jazz-man\/#primaryimage"},"thumbnailUrl":"https:\/\/grandmoto.az\/wp-content\/uploads\/2025\/12\/ls2-jazz-man-black-glove-1.jpg","datePublished":"2025-12-08T14:27:37+00:00","dateModified":"2025-12-08T14:27:38+00:00","breadcrumb":{"@id":"https:\/\/grandmoto.az\/en\/product\/ls2-jazz-man\/#breadcrumb"},"inLanguage":"en-US","potentialAction":[{"@type":"ReadAction","target":["https:\/\/grandmoto.az\/en\/product\/ls2-jazz-man\/"]}]},{"@type":"ImageObject","inLanguage":"en-US","@id":"https:\/\/grandmoto.az\/en\/product\/ls2-jazz-man\/#primaryimage","url":"https:\/\/grandmoto.az\/wp-content\/uploads\/2025\/12\/ls2-jazz-man-black-glove-1.jpg","contentUrl":"https:\/\/grandmoto.az\/wp-content\/uploads\/2025\/12\/ls2-jazz-man-black-glove-1.jpg","width":800,"height":800},{"@type":"BreadcrumbList","@id":"https:\/\/grandmoto.az\/en\/product\/ls2-jazz-man\/#breadcrumb","itemListElement":[{"@type":"ListItem","position":1,"name":"Ana s\u0259hif\u0259","item":"https:\/\/grandmoto.az\/en\/"},{"@type":"ListItem","position":2,"name":"Shop","item":"https:\/\/grandmoto.az\/shop\/"},{"@type":"ListItem","position":3,"name":"LS2 Jazz Man"}]},{"@type":"WebSite","@id":"https:\/\/grandmoto.az\/en\/#website","url":"https:\/\/grandmoto.az\/en\/","name":"Grandmoto.az","description":"Grandmoto.az","publisher":{"@id":"https:\/\/grandmoto.az\/en\/#organization"},"potentialAction":[{"@type":"SearchAction","target":{"@type":"EntryPoint","urlTemplate":"https:\/\/grandmoto.az\/en\/?s={search_term_string}"},"query-input":{"@type":"PropertyValueSpecification","valueRequired":true,"valueName":"search_term_string"}}],"inLanguage":"en-US"},{"@type":"Organization","@id":"https:\/\/grandmoto.az\/en\/#organization","name":"Grandmoto","url":"https:\/\/grandmoto.az\/en\/","logo":{"@type":"ImageObject","inLanguage":"en-US","@id":"https:\/\/grandmoto.az\/en\/#\/schema\/logo\/image\/","url":"https:\/\/grandmoto.az\/wp-content\/uploads\/2024\/09\/Grandmoto-Service-Logo.png","contentUrl":"https:\/\/grandmoto.az\/wp-content\/uploads\/2024\/09\/Grandmoto-Service-Logo.png","width":1418,"height":495,"caption":"Grandmoto"},"image":{"@id":"https:\/\/grandmoto.az\/en\/#\/schema\/logo\/image\/"}}]}},"_links":{"self":[{"href":"https:\/\/grandmoto.az\/en\/wp-json\/wp\/v2\/product\/19198","targetHints":{"allow":["GET"]}}],"collection":[{"href":"https:\/\/grandmoto.az\/en\/wp-json\/wp\/v2\/product"}],"about":[{"href":"https:\/\/grandmoto.az\/en\/wp-json\/wp\/v2\/types\/product"}],"version-history":[{"count":1,"href":"https:\/\/grandmoto.az\/en\/wp-json\/wp\/v2\/product\/19198\/revisions"}],"predecessor-version":[{"id":19201,"href":"https:\/\/grandmoto.az\/en\/wp-json\/wp\/v2\/product\/19198\/revisions\/19201"}],"wp:featuredmedia":[{"embeddable":true,"href":"https:\/\/grandmoto.az\/en\/wp-json\/wp\/v2\/media\/19199"}],"wp:attachment":[{"href":"https:\/\/grandmoto.az\/en\/wp-json\/wp\/v2\/media?parent=19198"}],"wp:term":[{"taxonomy":"product_cat","embeddable":true,"href":"https:\/\/grandmoto.az\/en\/wp-json\/wp\/v2\/product_cat?post=19198"},{"taxonomy":"product_tag","embeddable":true,"href":"https:\/\/grandmoto.az\/en\/wp-json\/wp\/v2\/product_tag?post=19198"}],"curies":[{"name":"wp","href":"https:\/\/api.w.org\/{rel}","templated":true}]}}