{"id":19202,"date":"2025-12-08T18:33:59","date_gmt":"2025-12-08T14:33:59","guid":{"rendered":"https:\/\/grandmoto.az\/?post_type=product&#038;p=19202"},"modified":"2025-12-08T18:34:00","modified_gmt":"2025-12-08T14:34:00","slug":"ls2-norway-man-jacket","status":"publish","type":"product","link":"https:\/\/grandmoto.az\/en\/product\/ls2-norway-man-jacket\/","title":{"rendered":"LS2 Norway Man Jacket"},"content":{"rendered":"<p>LS2 Norway Man Jacket motosiklet s\u00fcr\u00fcc\u00fcl\u0259ri \u00fc\u00e7\u00fcn h\u0259m t\u0259hl\u00fck\u0259sizlik, h\u0259m d\u0259 komfort bax\u0131m\u0131ndan \u00fcst\u00fcn performans t\u0259qdim edir. Suya v\u0259 k\u00fcl\u0259y\u0259 davaml\u0131 \u00fcst material, pis hava \u015f\u0259raitind\u0259 bel\u0259 sizi quru v\u0259 rahat saxlay\u0131r. G\u00f6d\u0259kc\u0259nin Black\/Grey\/Yellow r\u0259ng kombinasiyas\u0131 h\u0259m g\u00f6r\u00fcn\u00fcrl\u00fc\u011f\u00fc art\u0131r\u0131r, h\u0259m d\u0259 m\u00fcasir v\u0259 idman stilini vur\u011fulay\u0131r. \u00c7\u0131xar\u0131lan istilik qat\u0131 say\u0259sind\u0259 g\u00f6d\u0259kc\u0259 h\u0259m yay, h\u0259m d\u0259 soyuq m\u00f6vs\u00fcml\u0259rd\u0259 istifad\u0259y\u0259 tam uy\u011fundur. \u00c7iyin v\u0259 dirs\u0259kl\u0259rd\u0259 CE sertifikatl\u0131 qoruyucular, g\u00fcnd\u0259lik v\u0259 uzun m\u0259saf\u0259li s\u00fcr\u00fc\u015fl\u0259rd\u0259 y\u00fcks\u0259k t\u0259hl\u00fck\u0259sizlik t\u0259min edir.<\/p>\n","protected":false},"excerpt":{"rendered":"<p>LS2 Norway Man Jacket Black Grey Yellow \u2014 Suya v\u0259 K\u00fcl\u0259y\u0259 Davaml\u0131, Maksimum T\u0259hl\u00fck\u0259sizlik T\u0259klif Ed\u0259n Premium Moto G\u00f6d\u0259kc\u0259<\/p>\n","protected":false},"featured_media":19203,"template":"","meta":{"_acf_changed":false},"product_cat":[92,125],"product_tag":[],"class_list":{"0":"post-19202","1":"product","2":"type-product","3":"status-publish","4":"has-post-thumbnail","6":"product_cat-apparel","7":"product_cat-jackets","9":"first","10":"instock","11":"shipping-taxable","12":"purchasable","13":"product-type-simple"},"acf":[],"yoast_head":"<!-- This site is optimized with the Yoast SEO Premium plugin v23.7 (Yoast SEO v24.1) - https:\/\/yoast.com\/wordpress\/plugins\/seo\/ -->\n<title>LS2 Norway Man Jacket - Grandmoto.az<\/title>\n<meta name=\"robots\" content=\"index, follow, max-snippet:-1, max-image-preview:large, max-video-preview:-1\" \/>\n<link rel=\"canonical\" href=\"https:\/\/grandmoto.az\/en\/product\/ls2-norway-man-jacket\/\" \/>\n<meta property=\"og:locale\" content=\"en_US\" \/>\n<meta property=\"og:type\" content=\"article\" \/>\n<meta property=\"og:title\" content=\"LS2 Norway Man Jacket\" \/>\n<meta property=\"og:description\" content=\"LS2 Norway Man Jacket Black Grey Yellow \u2014 Suya v\u0259 K\u00fcl\u0259y\u0259 Davaml\u0131, Maksimum T\u0259hl\u00fck\u0259sizlik T\u0259klif Ed\u0259n Premium Moto G\u00f6d\u0259kc\u0259\" \/>\n<meta property=\"og:url\" content=\"https:\/\/grandmoto.az\/en\/product\/ls2-norway-man-jacket\/\" \/>\n<meta property=\"og:site_name\" content=\"Grandmoto.az\" \/>\n<meta property=\"article:modified_time\" content=\"2025-12-08T14:34:00+00:00\" \/>\n<meta property=\"og:image\" content=\"https:\/\/grandmoto.az\/wp-content\/uploads\/2025\/12\/norway-man-jacket-black-grey-yellow-64150f0154.png\" \/>\n\t<meta property=\"og:image:width\" content=\"800\" \/>\n\t<meta property=\"og:image:height\" content=\"800\" \/>\n\t<meta property=\"og:image:type\" content=\"image\/png\" \/>\n<meta name=\"twitter:card\" content=\"summary_large_image\" \/>\n<meta name=\"twitter:label1\" content=\"Est. reading time\" \/>\n\t<meta name=\"twitter:data1\" content=\"1 minute\" \/>\n<script type=\"application\/ld+json\" class=\"yoast-schema-graph\">{\"@context\":\"https:\/\/schema.org\",\"@graph\":[{\"@type\":\"WebPage\",\"@id\":\"https:\/\/grandmoto.az\/en\/product\/ls2-norway-man-jacket\/\",\"url\":\"https:\/\/grandmoto.az\/en\/product\/ls2-norway-man-jacket\/\",\"name\":\"LS2 Norway Man Jacket - Grandmoto.az\",\"isPartOf\":{\"@id\":\"https:\/\/grandmoto.az\/en\/#website\"},\"primaryImageOfPage\":{\"@id\":\"https:\/\/grandmoto.az\/en\/product\/ls2-norway-man-jacket\/#primaryimage\"},\"image\":{\"@id\":\"https:\/\/grandmoto.az\/en\/product\/ls2-norway-man-jacket\/#primaryimage\"},\"thumbnailUrl\":\"https:\/\/grandmoto.az\/wp-content\/uploads\/2025\/12\/norway-man-jacket-black-grey-yellow-64150f0154.png\",\"datePublished\":\"2025-12-08T14:33:59+00:00\",\"dateModified\":\"2025-12-08T14:34:00+00:00\",\"breadcrumb\":{\"@id\":\"https:\/\/grandmoto.az\/en\/product\/ls2-norway-man-jacket\/#breadcrumb\"},\"inLanguage\":\"en-US\",\"potentialAction\":[{\"@type\":\"ReadAction\",\"target\":[\"https:\/\/grandmoto.az\/en\/product\/ls2-norway-man-jacket\/\"]}]},{\"@type\":\"ImageObject\",\"inLanguage\":\"en-US\",\"@id\":\"https:\/\/grandmoto.az\/en\/product\/ls2-norway-man-jacket\/#primaryimage\",\"url\":\"https:\/\/grandmoto.az\/wp-content\/uploads\/2025\/12\/norway-man-jacket-black-grey-yellow-64150f0154.png\",\"contentUrl\":\"https:\/\/grandmoto.az\/wp-content\/uploads\/2025\/12\/norway-man-jacket-black-grey-yellow-64150f0154.png\",\"width\":800,\"height\":800},{\"@type\":\"BreadcrumbList\",\"@id\":\"https:\/\/grandmoto.az\/en\/product\/ls2-norway-man-jacket\/#breadcrumb\",\"itemListElement\":[{\"@type\":\"ListItem\",\"position\":1,\"name\":\"Ana s\u0259hif\u0259\",\"item\":\"https:\/\/grandmoto.az\/en\/\"},{\"@type\":\"ListItem\",\"position\":2,\"name\":\"Shop\",\"item\":\"https:\/\/grandmoto.az\/shop\/\"},{\"@type\":\"ListItem\",\"position\":3,\"name\":\"LS2 Norway Man Jacket\"}]},{\"@type\":\"WebSite\",\"@id\":\"https:\/\/grandmoto.az\/en\/#website\",\"url\":\"https:\/\/grandmoto.az\/en\/\",\"name\":\"Grandmoto.az\",\"description\":\"Grandmoto.az\",\"publisher\":{\"@id\":\"https:\/\/grandmoto.az\/en\/#organization\"},\"potentialAction\":[{\"@type\":\"SearchAction\",\"target\":{\"@type\":\"EntryPoint\",\"urlTemplate\":\"https:\/\/grandmoto.az\/en\/?s={search_term_string}\"},\"query-input\":{\"@type\":\"PropertyValueSpecification\",\"valueRequired\":true,\"valueName\":\"search_term_string\"}}],\"inLanguage\":\"en-US\"},{\"@type\":\"Organization\",\"@id\":\"https:\/\/grandmoto.az\/en\/#organization\",\"name\":\"Grandmoto\",\"url\":\"https:\/\/grandmoto.az\/en\/\",\"logo\":{\"@type\":\"ImageObject\",\"inLanguage\":\"en-US\",\"@id\":\"https:\/\/grandmoto.az\/en\/#\/schema\/logo\/image\/\",\"url\":\"https:\/\/grandmoto.az\/wp-content\/uploads\/2024\/09\/Grandmoto-Service-Logo.png\",\"contentUrl\":\"https:\/\/grandmoto.az\/wp-content\/uploads\/2024\/09\/Grandmoto-Service-Logo.png\",\"width\":1418,\"height\":495,\"caption\":\"Grandmoto\"},\"image\":{\"@id\":\"https:\/\/grandmoto.az\/en\/#\/schema\/logo\/image\/\"}}]}<\/script>\n<!-- \/ Yoast SEO Premium plugin. -->","yoast_head_json":{"title":"LS2 Norway Man Jacket - Grandmoto.az","robots":{"index":"index","follow":"follow","max-snippet":"max-snippet:-1","max-image-preview":"max-image-preview:large","max-video-preview":"max-video-preview:-1"},"canonical":"https:\/\/grandmoto.az\/en\/product\/ls2-norway-man-jacket\/","og_locale":"en_US","og_type":"article","og_title":"LS2 Norway Man Jacket","og_description":"LS2 Norway Man Jacket Black Grey Yellow \u2014 Suya v\u0259 K\u00fcl\u0259y\u0259 Davaml\u0131, Maksimum T\u0259hl\u00fck\u0259sizlik T\u0259klif Ed\u0259n Premium Moto G\u00f6d\u0259kc\u0259","og_url":"https:\/\/grandmoto.az\/en\/product\/ls2-norway-man-jacket\/","og_site_name":"Grandmoto.az","article_modified_time":"2025-12-08T14:34:00+00:00","og_image":[{"width":800,"height":800,"url":"https:\/\/grandmoto.az\/wp-content\/uploads\/2025\/12\/norway-man-jacket-black-grey-yellow-64150f0154.png","type":"image\/png"}],"twitter_card":"summary_large_image","twitter_misc":{"Est. reading time":"1 minute"},"schema":{"@context":"https:\/\/schema.org","@graph":[{"@type":"WebPage","@id":"https:\/\/grandmoto.az\/en\/product\/ls2-norway-man-jacket\/","url":"https:\/\/grandmoto.az\/en\/product\/ls2-norway-man-jacket\/","name":"LS2 Norway Man Jacket - Grandmoto.az","isPartOf":{"@id":"https:\/\/grandmoto.az\/en\/#website"},"primaryImageOfPage":{"@id":"https:\/\/grandmoto.az\/en\/product\/ls2-norway-man-jacket\/#primaryimage"},"image":{"@id":"https:\/\/grandmoto.az\/en\/product\/ls2-norway-man-jacket\/#primaryimage"},"thumbnailUrl":"https:\/\/grandmoto.az\/wp-content\/uploads\/2025\/12\/norway-man-jacket-black-grey-yellow-64150f0154.png","datePublished":"2025-12-08T14:33:59+00:00","dateModified":"2025-12-08T14:34:00+00:00","breadcrumb":{"@id":"https:\/\/grandmoto.az\/en\/product\/ls2-norway-man-jacket\/#breadcrumb"},"inLanguage":"en-US","potentialAction":[{"@type":"ReadAction","target":["https:\/\/grandmoto.az\/en\/product\/ls2-norway-man-jacket\/"]}]},{"@type":"ImageObject","inLanguage":"en-US","@id":"https:\/\/grandmoto.az\/en\/product\/ls2-norway-man-jacket\/#primaryimage","url":"https:\/\/grandmoto.az\/wp-content\/uploads\/2025\/12\/norway-man-jacket-black-grey-yellow-64150f0154.png","contentUrl":"https:\/\/grandmoto.az\/wp-content\/uploads\/2025\/12\/norway-man-jacket-black-grey-yellow-64150f0154.png","width":800,"height":800},{"@type":"BreadcrumbList","@id":"https:\/\/grandmoto.az\/en\/product\/ls2-norway-man-jacket\/#breadcrumb","itemListElement":[{"@type":"ListItem","position":1,"name":"Ana s\u0259hif\u0259","item":"https:\/\/grandmoto.az\/en\/"},{"@type":"ListItem","position":2,"name":"Shop","item":"https:\/\/grandmoto.az\/shop\/"},{"@type":"ListItem","position":3,"name":"LS2 Norway Man Jacket"}]},{"@type":"WebSite","@id":"https:\/\/grandmoto.az\/en\/#website","url":"https:\/\/grandmoto.az\/en\/","name":"Grandmoto.az","description":"Grandmoto.az","publisher":{"@id":"https:\/\/grandmoto.az\/en\/#organization"},"potentialAction":[{"@type":"SearchAction","target":{"@type":"EntryPoint","urlTemplate":"https:\/\/grandmoto.az\/en\/?s={search_term_string}"},"query-input":{"@type":"PropertyValueSpecification","valueRequired":true,"valueName":"search_term_string"}}],"inLanguage":"en-US"},{"@type":"Organization","@id":"https:\/\/grandmoto.az\/en\/#organization","name":"Grandmoto","url":"https:\/\/grandmoto.az\/en\/","logo":{"@type":"ImageObject","inLanguage":"en-US","@id":"https:\/\/grandmoto.az\/en\/#\/schema\/logo\/image\/","url":"https:\/\/grandmoto.az\/wp-content\/uploads\/2024\/09\/Grandmoto-Service-Logo.png","contentUrl":"https:\/\/grandmoto.az\/wp-content\/uploads\/2024\/09\/Grandmoto-Service-Logo.png","width":1418,"height":495,"caption":"Grandmoto"},"image":{"@id":"https:\/\/grandmoto.az\/en\/#\/schema\/logo\/image\/"}}]}},"_links":{"self":[{"href":"https:\/\/grandmoto.az\/en\/wp-json\/wp\/v2\/product\/19202","targetHints":{"allow":["GET"]}}],"collection":[{"href":"https:\/\/grandmoto.az\/en\/wp-json\/wp\/v2\/product"}],"about":[{"href":"https:\/\/grandmoto.az\/en\/wp-json\/wp\/v2\/types\/product"}],"version-history":[{"count":1,"href":"https:\/\/grandmoto.az\/en\/wp-json\/wp\/v2\/product\/19202\/revisions"}],"predecessor-version":[{"id":19205,"href":"https:\/\/grandmoto.az\/en\/wp-json\/wp\/v2\/product\/19202\/revisions\/19205"}],"wp:featuredmedia":[{"embeddable":true,"href":"https:\/\/grandmoto.az\/en\/wp-json\/wp\/v2\/media\/19203"}],"wp:attachment":[{"href":"https:\/\/grandmoto.az\/en\/wp-json\/wp\/v2\/media?parent=19202"}],"wp:term":[{"taxonomy":"product_cat","embeddable":true,"href":"https:\/\/grandmoto.az\/en\/wp-json\/wp\/v2\/product_cat?post=19202"},{"taxonomy":"product_tag","embeddable":true,"href":"https:\/\/grandmoto.az\/en\/wp-json\/wp\/v2\/product_tag?post=19202"}],"curies":[{"name":"wp","href":"https:\/\/api.w.org\/{rel}","templated":true}]}}