{"id":19221,"date":"2025-12-08T18:55:11","date_gmt":"2025-12-08T14:55:11","guid":{"rendered":"https:\/\/grandmoto.az\/?post_type=product&#038;p=19221"},"modified":"2025-12-08T20:18:55","modified_gmt":"2025-12-08T16:18:55","slug":"ls2-sepang-man","status":"publish","type":"product","link":"https:\/\/grandmoto.az\/en\/product\/ls2-sepang-man\/","title":{"rendered":"LS2 Sepang Man"},"content":{"rendered":"<p>LS2 Sepang Man modeli, s\u00fcr\u00fcc\u00fcn\u00fcn ehtiyac duydu\u011fu qorunma v\u0259 funksionall\u0131\u011f\u0131 bir araya g\u0259tir\u0259n \u00e7ox y\u00f6nl\u00fc motosiklet geyimidir. Premium materiallardan haz\u0131rlanmas\u0131, ventilyasiya sisteminin g\u00fccl\u00fc olmas\u0131 v\u0259 g\u00fccl\u0259ndirilmi\u015f tiki\u015fl\u0259ri say\u0259sind\u0259 uzun m\u0259saf\u0259l\u0259rd\u0259 bel\u0259 y\u00fcks\u0259k performans g\u00f6st\u0259rir. Model h\u0259m g\u00fcnd\u0259lik istifad\u0259, h\u0259m d\u0259 turistik s\u0259f\u0259rl\u0259r \u00fc\u00e7\u00fcn ideal olaraq haz\u0131rlan\u0131b. T\u0259nziml\u0259n\u0259 bil\u0259n hiss\u0259l\u0259r v\u0259 ergonomik forma, istifad\u0259\u00e7inin b\u0259d\u0259n qurulu\u015funa uy\u011funla\u015fman\u0131 tam \u015f\u0259kild\u0259 t\u0259min edir.<\/p>\n","protected":false},"excerpt":{"rendered":"<p>LS2 Sepang Man \u2014 Y\u00fcks\u0259k T\u0259hl\u00fck\u0259sizlik Standartlar\u0131, Premium Material Keyfiyy\u0259ti v\u0259 Optimal Ventilyasiya Sistemi il\u0259 H\u0259r Hava \u015e\u0259raitind\u0259 Pe\u015f\u0259kar Motosiklet S\u00fcr\u00fc\u015f\u00fc \u00dc\u00e7\u00fcn Dizayn Edilmi\u015f Avadanl\u0131q<\/p>\n<p>Variant 2<\/p>\n","protected":false},"featured_media":19222,"template":"","meta":{"_acf_changed":false},"product_cat":[92,125],"product_tag":[],"class_list":{"0":"post-19221","1":"product","2":"type-product","3":"status-publish","4":"has-post-thumbnail","6":"product_cat-apparel","7":"product_cat-jackets","9":"first","10":"instock","11":"shipping-taxable","12":"purchasable","13":"product-type-simple"},"acf":[],"yoast_head":"<!-- This site is optimized with the Yoast SEO Premium plugin v23.7 (Yoast SEO v24.1) - https:\/\/yoast.com\/wordpress\/plugins\/seo\/ -->\n<title>LS2 Sepang Man - Grandmoto.az<\/title>\n<meta name=\"robots\" content=\"index, follow, max-snippet:-1, max-image-preview:large, max-video-preview:-1\" \/>\n<link rel=\"canonical\" href=\"https:\/\/grandmoto.az\/en\/product\/ls2-sepang-man\/\" \/>\n<meta property=\"og:locale\" content=\"en_US\" \/>\n<meta property=\"og:type\" content=\"article\" \/>\n<meta property=\"og:title\" content=\"LS2 Sepang Man\" \/>\n<meta property=\"og:description\" content=\"LS2 Sepang Man \u2014 Y\u00fcks\u0259k T\u0259hl\u00fck\u0259sizlik Standartlar\u0131, Premium Material Keyfiyy\u0259ti v\u0259 Optimal Ventilyasiya Sistemi il\u0259 H\u0259r Hava \u015e\u0259raitind\u0259 Pe\u015f\u0259kar Motosiklet S\u00fcr\u00fc\u015f\u00fc \u00dc\u00e7\u00fcn Dizayn Edilmi\u015f Avadanl\u0131q  Variant 2\" \/>\n<meta property=\"og:url\" content=\"https:\/\/grandmoto.az\/en\/product\/ls2-sepang-man\/\" \/>\n<meta property=\"og:site_name\" content=\"Grandmoto.az\" \/>\n<meta property=\"article:modified_time\" content=\"2025-12-08T16:18:55+00:00\" \/>\n<meta property=\"og:image\" content=\"https:\/\/grandmoto.az\/wp-content\/uploads\/2025\/12\/sepang_man_jacket_black_dark_grey_64190w0107.webp\" \/>\n\t<meta property=\"og:image:width\" content=\"800\" \/>\n\t<meta property=\"og:image:height\" content=\"800\" \/>\n\t<meta property=\"og:image:type\" content=\"image\/webp\" \/>\n<meta name=\"twitter:card\" content=\"summary_large_image\" \/>\n<meta name=\"twitter:label1\" content=\"Est. reading time\" \/>\n\t<meta name=\"twitter:data1\" content=\"1 minute\" \/>\n<script type=\"application\/ld+json\" class=\"yoast-schema-graph\">{\"@context\":\"https:\/\/schema.org\",\"@graph\":[{\"@type\":\"WebPage\",\"@id\":\"https:\/\/grandmoto.az\/en\/product\/ls2-sepang-man\/\",\"url\":\"https:\/\/grandmoto.az\/en\/product\/ls2-sepang-man\/\",\"name\":\"LS2 Sepang Man - Grandmoto.az\",\"isPartOf\":{\"@id\":\"https:\/\/grandmoto.az\/en\/#website\"},\"primaryImageOfPage\":{\"@id\":\"https:\/\/grandmoto.az\/en\/product\/ls2-sepang-man\/#primaryimage\"},\"image\":{\"@id\":\"https:\/\/grandmoto.az\/en\/product\/ls2-sepang-man\/#primaryimage\"},\"thumbnailUrl\":\"https:\/\/grandmoto.az\/wp-content\/uploads\/2025\/12\/sepang_man_jacket_black_dark_grey_64190w0107.webp\",\"datePublished\":\"2025-12-08T14:55:11+00:00\",\"dateModified\":\"2025-12-08T16:18:55+00:00\",\"breadcrumb\":{\"@id\":\"https:\/\/grandmoto.az\/en\/product\/ls2-sepang-man\/#breadcrumb\"},\"inLanguage\":\"en-US\",\"potentialAction\":[{\"@type\":\"ReadAction\",\"target\":[\"https:\/\/grandmoto.az\/en\/product\/ls2-sepang-man\/\"]}]},{\"@type\":\"ImageObject\",\"inLanguage\":\"en-US\",\"@id\":\"https:\/\/grandmoto.az\/en\/product\/ls2-sepang-man\/#primaryimage\",\"url\":\"https:\/\/grandmoto.az\/wp-content\/uploads\/2025\/12\/sepang_man_jacket_black_dark_grey_64190w0107.webp\",\"contentUrl\":\"https:\/\/grandmoto.az\/wp-content\/uploads\/2025\/12\/sepang_man_jacket_black_dark_grey_64190w0107.webp\",\"width\":800,\"height\":800},{\"@type\":\"BreadcrumbList\",\"@id\":\"https:\/\/grandmoto.az\/en\/product\/ls2-sepang-man\/#breadcrumb\",\"itemListElement\":[{\"@type\":\"ListItem\",\"position\":1,\"name\":\"Ana s\u0259hif\u0259\",\"item\":\"https:\/\/grandmoto.az\/en\/\"},{\"@type\":\"ListItem\",\"position\":2,\"name\":\"Shop\",\"item\":\"https:\/\/grandmoto.az\/shop\/\"},{\"@type\":\"ListItem\",\"position\":3,\"name\":\"LS2 Sepang Man\"}]},{\"@type\":\"WebSite\",\"@id\":\"https:\/\/grandmoto.az\/en\/#website\",\"url\":\"https:\/\/grandmoto.az\/en\/\",\"name\":\"Grandmoto.az\",\"description\":\"Grandmoto.az\",\"publisher\":{\"@id\":\"https:\/\/grandmoto.az\/en\/#organization\"},\"potentialAction\":[{\"@type\":\"SearchAction\",\"target\":{\"@type\":\"EntryPoint\",\"urlTemplate\":\"https:\/\/grandmoto.az\/en\/?s={search_term_string}\"},\"query-input\":{\"@type\":\"PropertyValueSpecification\",\"valueRequired\":true,\"valueName\":\"search_term_string\"}}],\"inLanguage\":\"en-US\"},{\"@type\":\"Organization\",\"@id\":\"https:\/\/grandmoto.az\/en\/#organization\",\"name\":\"Grandmoto\",\"url\":\"https:\/\/grandmoto.az\/en\/\",\"logo\":{\"@type\":\"ImageObject\",\"inLanguage\":\"en-US\",\"@id\":\"https:\/\/grandmoto.az\/en\/#\/schema\/logo\/image\/\",\"url\":\"https:\/\/grandmoto.az\/wp-content\/uploads\/2024\/09\/Grandmoto-Service-Logo.png\",\"contentUrl\":\"https:\/\/grandmoto.az\/wp-content\/uploads\/2024\/09\/Grandmoto-Service-Logo.png\",\"width\":1418,\"height\":495,\"caption\":\"Grandmoto\"},\"image\":{\"@id\":\"https:\/\/grandmoto.az\/en\/#\/schema\/logo\/image\/\"}}]}<\/script>\n<!-- \/ Yoast SEO Premium plugin. -->","yoast_head_json":{"title":"LS2 Sepang Man - Grandmoto.az","robots":{"index":"index","follow":"follow","max-snippet":"max-snippet:-1","max-image-preview":"max-image-preview:large","max-video-preview":"max-video-preview:-1"},"canonical":"https:\/\/grandmoto.az\/en\/product\/ls2-sepang-man\/","og_locale":"en_US","og_type":"article","og_title":"LS2 Sepang Man","og_description":"LS2 Sepang Man \u2014 Y\u00fcks\u0259k T\u0259hl\u00fck\u0259sizlik Standartlar\u0131, Premium Material Keyfiyy\u0259ti v\u0259 Optimal Ventilyasiya Sistemi il\u0259 H\u0259r Hava \u015e\u0259raitind\u0259 Pe\u015f\u0259kar Motosiklet S\u00fcr\u00fc\u015f\u00fc \u00dc\u00e7\u00fcn Dizayn Edilmi\u015f Avadanl\u0131q  Variant 2","og_url":"https:\/\/grandmoto.az\/en\/product\/ls2-sepang-man\/","og_site_name":"Grandmoto.az","article_modified_time":"2025-12-08T16:18:55+00:00","og_image":[{"width":800,"height":800,"url":"https:\/\/grandmoto.az\/wp-content\/uploads\/2025\/12\/sepang_man_jacket_black_dark_grey_64190w0107.webp","type":"image\/webp"}],"twitter_card":"summary_large_image","twitter_misc":{"Est. reading time":"1 minute"},"schema":{"@context":"https:\/\/schema.org","@graph":[{"@type":"WebPage","@id":"https:\/\/grandmoto.az\/en\/product\/ls2-sepang-man\/","url":"https:\/\/grandmoto.az\/en\/product\/ls2-sepang-man\/","name":"LS2 Sepang Man - Grandmoto.az","isPartOf":{"@id":"https:\/\/grandmoto.az\/en\/#website"},"primaryImageOfPage":{"@id":"https:\/\/grandmoto.az\/en\/product\/ls2-sepang-man\/#primaryimage"},"image":{"@id":"https:\/\/grandmoto.az\/en\/product\/ls2-sepang-man\/#primaryimage"},"thumbnailUrl":"https:\/\/grandmoto.az\/wp-content\/uploads\/2025\/12\/sepang_man_jacket_black_dark_grey_64190w0107.webp","datePublished":"2025-12-08T14:55:11+00:00","dateModified":"2025-12-08T16:18:55+00:00","breadcrumb":{"@id":"https:\/\/grandmoto.az\/en\/product\/ls2-sepang-man\/#breadcrumb"},"inLanguage":"en-US","potentialAction":[{"@type":"ReadAction","target":["https:\/\/grandmoto.az\/en\/product\/ls2-sepang-man\/"]}]},{"@type":"ImageObject","inLanguage":"en-US","@id":"https:\/\/grandmoto.az\/en\/product\/ls2-sepang-man\/#primaryimage","url":"https:\/\/grandmoto.az\/wp-content\/uploads\/2025\/12\/sepang_man_jacket_black_dark_grey_64190w0107.webp","contentUrl":"https:\/\/grandmoto.az\/wp-content\/uploads\/2025\/12\/sepang_man_jacket_black_dark_grey_64190w0107.webp","width":800,"height":800},{"@type":"BreadcrumbList","@id":"https:\/\/grandmoto.az\/en\/product\/ls2-sepang-man\/#breadcrumb","itemListElement":[{"@type":"ListItem","position":1,"name":"Ana s\u0259hif\u0259","item":"https:\/\/grandmoto.az\/en\/"},{"@type":"ListItem","position":2,"name":"Shop","item":"https:\/\/grandmoto.az\/shop\/"},{"@type":"ListItem","position":3,"name":"LS2 Sepang Man"}]},{"@type":"WebSite","@id":"https:\/\/grandmoto.az\/en\/#website","url":"https:\/\/grandmoto.az\/en\/","name":"Grandmoto.az","description":"Grandmoto.az","publisher":{"@id":"https:\/\/grandmoto.az\/en\/#organization"},"potentialAction":[{"@type":"SearchAction","target":{"@type":"EntryPoint","urlTemplate":"https:\/\/grandmoto.az\/en\/?s={search_term_string}"},"query-input":{"@type":"PropertyValueSpecification","valueRequired":true,"valueName":"search_term_string"}}],"inLanguage":"en-US"},{"@type":"Organization","@id":"https:\/\/grandmoto.az\/en\/#organization","name":"Grandmoto","url":"https:\/\/grandmoto.az\/en\/","logo":{"@type":"ImageObject","inLanguage":"en-US","@id":"https:\/\/grandmoto.az\/en\/#\/schema\/logo\/image\/","url":"https:\/\/grandmoto.az\/wp-content\/uploads\/2024\/09\/Grandmoto-Service-Logo.png","contentUrl":"https:\/\/grandmoto.az\/wp-content\/uploads\/2024\/09\/Grandmoto-Service-Logo.png","width":1418,"height":495,"caption":"Grandmoto"},"image":{"@id":"https:\/\/grandmoto.az\/en\/#\/schema\/logo\/image\/"}}]}},"_links":{"self":[{"href":"https:\/\/grandmoto.az\/en\/wp-json\/wp\/v2\/product\/19221","targetHints":{"allow":["GET"]}}],"collection":[{"href":"https:\/\/grandmoto.az\/en\/wp-json\/wp\/v2\/product"}],"about":[{"href":"https:\/\/grandmoto.az\/en\/wp-json\/wp\/v2\/types\/product"}],"version-history":[{"count":1,"href":"https:\/\/grandmoto.az\/en\/wp-json\/wp\/v2\/product\/19221\/revisions"}],"predecessor-version":[{"id":19224,"href":"https:\/\/grandmoto.az\/en\/wp-json\/wp\/v2\/product\/19221\/revisions\/19224"}],"wp:featuredmedia":[{"embeddable":true,"href":"https:\/\/grandmoto.az\/en\/wp-json\/wp\/v2\/media\/19222"}],"wp:attachment":[{"href":"https:\/\/grandmoto.az\/en\/wp-json\/wp\/v2\/media?parent=19221"}],"wp:term":[{"taxonomy":"product_cat","embeddable":true,"href":"https:\/\/grandmoto.az\/en\/wp-json\/wp\/v2\/product_cat?post=19221"},{"taxonomy":"product_tag","embeddable":true,"href":"https:\/\/grandmoto.az\/en\/wp-json\/wp\/v2\/product_tag?post=19221"}],"curies":[{"name":"wp","href":"https:\/\/api.w.org\/{rel}","templated":true}]}}