{"id":19225,"date":"2025-12-08T18:59:42","date_gmt":"2025-12-08T14:59:42","guid":{"rendered":"https:\/\/grandmoto.az\/?post_type=product&#038;p=19225"},"modified":"2025-12-08T18:59:43","modified_gmt":"2025-12-08T14:59:43","slug":"ls2-narvik-man-jacket","status":"publish","type":"product","link":"https:\/\/grandmoto.az\/en\/product\/ls2-narvik-man-jacket\/","title":{"rendered":"LS2 Narvik Man Jacket"},"content":{"rendered":"<p>LS2 Narvik Man Jacket motosiklet s\u00fcr\u00fcc\u00fcl\u0259rinin t\u0259hl\u00fck\u0259sizlik, komfort v\u0259 davaml\u0131l\u0131q ehtiyaclar\u0131n\u0131 n\u0259z\u0259r\u0259 alaraq haz\u0131rlanm\u0131\u015f premium s\u0259viyy\u0259li g\u00f6d\u0259kc\u0259dir. Suya v\u0259 k\u00fcl\u0259y\u0259 davaml\u0131 membran ya\u011f\u0131\u015fl\u0131 v\u0259 k\u00fcl\u0259kli havalarda bel\u0259 sizi quru v\u0259 rahat saxlay\u0131r. \u00c7\u0131xar\u0131lan istilik astar\u0131 say\u0259sind\u0259 g\u00f6d\u0259kc\u0259 h\u0259m soyuq, h\u0259m d\u0259 m\u00fclayim havalarda istifad\u0259y\u0259 uy\u011fundur. CE sertifikatl\u0131 \u00e7iyin, dirs\u0259k v\u0259 k\u00fcr\u0259k qoruyucular\u0131 s\u00fcr\u00fc\u015f zaman\u0131 maksimum m\u00fcdafi\u0259 t\u0259min edir. Ventilyasiya panell\u0259ri isti havalarda optimal hava d\u00f6vran\u0131 t\u0259min edir, t\u0259nziml\u0259n\u0259 bil\u0259n qol, bel v\u0259 yaxa hiss\u0259l\u0259ri is\u0259 g\u00f6d\u0259kc\u0259nin b\u0259d\u0259n\u0259 uy\u011fun oturmas\u0131n\u0131 t\u0259min edir. Dayan\u0131ql\u0131 tiki\u015fl\u0259r v\u0259 keyfiyy\u0259tli materiallar uzun\u00f6m\u00fcrl\u00fcl\u00fck t\u0259min edir.<\/p>\n","protected":false},"excerpt":{"rendered":"<p>D\u00f6rd M\u00f6vs\u00fcm \u0130stifad\u0259y\u0259 Tam Uy\u011fun LS2 Narvik Man Jacket \u2014 T\u0259nziml\u0259n\u0259n Panel Sistemi, G\u00fccl\u0259ndirilmi\u015f Qoruyucu Strukturlar v\u0259 Rahat Oturu\u015f il\u0259 H\u0259r Hava \u015e\u0259raitind\u0259 Etibarl\u0131 S\u00fcr\u00fc\u015f T\u0259cr\u00fcb\u0259si<\/p>\n","protected":false},"featured_media":19226,"template":"","meta":{"_acf_changed":false},"product_cat":[92,125],"product_tag":[],"class_list":{"0":"post-19225","1":"product","2":"type-product","3":"status-publish","4":"has-post-thumbnail","6":"product_cat-apparel","7":"product_cat-jackets","9":"first","10":"instock","11":"shipping-taxable","12":"purchasable","13":"product-type-simple"},"acf":[],"yoast_head":"<!-- This site is optimized with the Yoast SEO Premium plugin v23.7 (Yoast SEO v24.1) - https:\/\/yoast.com\/wordpress\/plugins\/seo\/ -->\n<title>LS2 Narvik Man Jacket - Grandmoto.az<\/title>\n<meta name=\"robots\" content=\"index, follow, max-snippet:-1, max-image-preview:large, max-video-preview:-1\" \/>\n<link rel=\"canonical\" href=\"https:\/\/grandmoto.az\/en\/product\/ls2-narvik-man-jacket\/\" \/>\n<meta property=\"og:locale\" content=\"en_US\" \/>\n<meta property=\"og:type\" content=\"article\" \/>\n<meta property=\"og:title\" content=\"LS2 Narvik Man Jacket\" \/>\n<meta property=\"og:description\" content=\"D\u00f6rd M\u00f6vs\u00fcm \u0130stifad\u0259y\u0259 Tam Uy\u011fun LS2 Narvik Man Jacket \u2014 T\u0259nziml\u0259n\u0259n Panel Sistemi, G\u00fccl\u0259ndirilmi\u015f Qoruyucu Strukturlar v\u0259 Rahat Oturu\u015f il\u0259 H\u0259r Hava \u015e\u0259raitind\u0259 Etibarl\u0131 S\u00fcr\u00fc\u015f T\u0259cr\u00fcb\u0259si\" \/>\n<meta property=\"og:url\" content=\"https:\/\/grandmoto.az\/en\/product\/ls2-narvik-man-jacket\/\" \/>\n<meta property=\"og:site_name\" content=\"Grandmoto.az\" \/>\n<meta property=\"article:modified_time\" content=\"2025-12-08T14:59:43+00:00\" \/>\n<meta property=\"og:image\" content=\"https:\/\/grandmoto.az\/wp-content\/uploads\/2025\/12\/64250w0154img_web800.webp\" \/>\n\t<meta property=\"og:image:width\" content=\"800\" \/>\n\t<meta property=\"og:image:height\" content=\"800\" \/>\n\t<meta property=\"og:image:type\" content=\"image\/webp\" \/>\n<meta name=\"twitter:card\" content=\"summary_large_image\" \/>\n<meta name=\"twitter:label1\" content=\"Est. reading time\" \/>\n\t<meta name=\"twitter:data1\" content=\"1 minute\" \/>\n<script type=\"application\/ld+json\" class=\"yoast-schema-graph\">{\"@context\":\"https:\/\/schema.org\",\"@graph\":[{\"@type\":\"WebPage\",\"@id\":\"https:\/\/grandmoto.az\/en\/product\/ls2-narvik-man-jacket\/\",\"url\":\"https:\/\/grandmoto.az\/en\/product\/ls2-narvik-man-jacket\/\",\"name\":\"LS2 Narvik Man Jacket - Grandmoto.az\",\"isPartOf\":{\"@id\":\"https:\/\/grandmoto.az\/en\/#website\"},\"primaryImageOfPage\":{\"@id\":\"https:\/\/grandmoto.az\/en\/product\/ls2-narvik-man-jacket\/#primaryimage\"},\"image\":{\"@id\":\"https:\/\/grandmoto.az\/en\/product\/ls2-narvik-man-jacket\/#primaryimage\"},\"thumbnailUrl\":\"https:\/\/grandmoto.az\/wp-content\/uploads\/2025\/12\/64250w0154img_web800.webp\",\"datePublished\":\"2025-12-08T14:59:42+00:00\",\"dateModified\":\"2025-12-08T14:59:43+00:00\",\"breadcrumb\":{\"@id\":\"https:\/\/grandmoto.az\/en\/product\/ls2-narvik-man-jacket\/#breadcrumb\"},\"inLanguage\":\"en-US\",\"potentialAction\":[{\"@type\":\"ReadAction\",\"target\":[\"https:\/\/grandmoto.az\/en\/product\/ls2-narvik-man-jacket\/\"]}]},{\"@type\":\"ImageObject\",\"inLanguage\":\"en-US\",\"@id\":\"https:\/\/grandmoto.az\/en\/product\/ls2-narvik-man-jacket\/#primaryimage\",\"url\":\"https:\/\/grandmoto.az\/wp-content\/uploads\/2025\/12\/64250w0154img_web800.webp\",\"contentUrl\":\"https:\/\/grandmoto.az\/wp-content\/uploads\/2025\/12\/64250w0154img_web800.webp\",\"width\":800,\"height\":800},{\"@type\":\"BreadcrumbList\",\"@id\":\"https:\/\/grandmoto.az\/en\/product\/ls2-narvik-man-jacket\/#breadcrumb\",\"itemListElement\":[{\"@type\":\"ListItem\",\"position\":1,\"name\":\"Ana s\u0259hif\u0259\",\"item\":\"https:\/\/grandmoto.az\/en\/\"},{\"@type\":\"ListItem\",\"position\":2,\"name\":\"Shop\",\"item\":\"https:\/\/grandmoto.az\/shop\/\"},{\"@type\":\"ListItem\",\"position\":3,\"name\":\"LS2 Narvik Man Jacket\"}]},{\"@type\":\"WebSite\",\"@id\":\"https:\/\/grandmoto.az\/en\/#website\",\"url\":\"https:\/\/grandmoto.az\/en\/\",\"name\":\"Grandmoto.az\",\"description\":\"Grandmoto.az\",\"publisher\":{\"@id\":\"https:\/\/grandmoto.az\/en\/#organization\"},\"potentialAction\":[{\"@type\":\"SearchAction\",\"target\":{\"@type\":\"EntryPoint\",\"urlTemplate\":\"https:\/\/grandmoto.az\/en\/?s={search_term_string}\"},\"query-input\":{\"@type\":\"PropertyValueSpecification\",\"valueRequired\":true,\"valueName\":\"search_term_string\"}}],\"inLanguage\":\"en-US\"},{\"@type\":\"Organization\",\"@id\":\"https:\/\/grandmoto.az\/en\/#organization\",\"name\":\"Grandmoto\",\"url\":\"https:\/\/grandmoto.az\/en\/\",\"logo\":{\"@type\":\"ImageObject\",\"inLanguage\":\"en-US\",\"@id\":\"https:\/\/grandmoto.az\/en\/#\/schema\/logo\/image\/\",\"url\":\"https:\/\/grandmoto.az\/wp-content\/uploads\/2024\/09\/Grandmoto-Service-Logo.png\",\"contentUrl\":\"https:\/\/grandmoto.az\/wp-content\/uploads\/2024\/09\/Grandmoto-Service-Logo.png\",\"width\":1418,\"height\":495,\"caption\":\"Grandmoto\"},\"image\":{\"@id\":\"https:\/\/grandmoto.az\/en\/#\/schema\/logo\/image\/\"}}]}<\/script>\n<!-- \/ Yoast SEO Premium plugin. -->","yoast_head_json":{"title":"LS2 Narvik Man Jacket - Grandmoto.az","robots":{"index":"index","follow":"follow","max-snippet":"max-snippet:-1","max-image-preview":"max-image-preview:large","max-video-preview":"max-video-preview:-1"},"canonical":"https:\/\/grandmoto.az\/en\/product\/ls2-narvik-man-jacket\/","og_locale":"en_US","og_type":"article","og_title":"LS2 Narvik Man Jacket","og_description":"D\u00f6rd M\u00f6vs\u00fcm \u0130stifad\u0259y\u0259 Tam Uy\u011fun LS2 Narvik Man Jacket \u2014 T\u0259nziml\u0259n\u0259n Panel Sistemi, G\u00fccl\u0259ndirilmi\u015f Qoruyucu Strukturlar v\u0259 Rahat Oturu\u015f il\u0259 H\u0259r Hava \u015e\u0259raitind\u0259 Etibarl\u0131 S\u00fcr\u00fc\u015f T\u0259cr\u00fcb\u0259si","og_url":"https:\/\/grandmoto.az\/en\/product\/ls2-narvik-man-jacket\/","og_site_name":"Grandmoto.az","article_modified_time":"2025-12-08T14:59:43+00:00","og_image":[{"width":800,"height":800,"url":"https:\/\/grandmoto.az\/wp-content\/uploads\/2025\/12\/64250w0154img_web800.webp","type":"image\/webp"}],"twitter_card":"summary_large_image","twitter_misc":{"Est. reading time":"1 minute"},"schema":{"@context":"https:\/\/schema.org","@graph":[{"@type":"WebPage","@id":"https:\/\/grandmoto.az\/en\/product\/ls2-narvik-man-jacket\/","url":"https:\/\/grandmoto.az\/en\/product\/ls2-narvik-man-jacket\/","name":"LS2 Narvik Man Jacket - Grandmoto.az","isPartOf":{"@id":"https:\/\/grandmoto.az\/en\/#website"},"primaryImageOfPage":{"@id":"https:\/\/grandmoto.az\/en\/product\/ls2-narvik-man-jacket\/#primaryimage"},"image":{"@id":"https:\/\/grandmoto.az\/en\/product\/ls2-narvik-man-jacket\/#primaryimage"},"thumbnailUrl":"https:\/\/grandmoto.az\/wp-content\/uploads\/2025\/12\/64250w0154img_web800.webp","datePublished":"2025-12-08T14:59:42+00:00","dateModified":"2025-12-08T14:59:43+00:00","breadcrumb":{"@id":"https:\/\/grandmoto.az\/en\/product\/ls2-narvik-man-jacket\/#breadcrumb"},"inLanguage":"en-US","potentialAction":[{"@type":"ReadAction","target":["https:\/\/grandmoto.az\/en\/product\/ls2-narvik-man-jacket\/"]}]},{"@type":"ImageObject","inLanguage":"en-US","@id":"https:\/\/grandmoto.az\/en\/product\/ls2-narvik-man-jacket\/#primaryimage","url":"https:\/\/grandmoto.az\/wp-content\/uploads\/2025\/12\/64250w0154img_web800.webp","contentUrl":"https:\/\/grandmoto.az\/wp-content\/uploads\/2025\/12\/64250w0154img_web800.webp","width":800,"height":800},{"@type":"BreadcrumbList","@id":"https:\/\/grandmoto.az\/en\/product\/ls2-narvik-man-jacket\/#breadcrumb","itemListElement":[{"@type":"ListItem","position":1,"name":"Ana s\u0259hif\u0259","item":"https:\/\/grandmoto.az\/en\/"},{"@type":"ListItem","position":2,"name":"Shop","item":"https:\/\/grandmoto.az\/shop\/"},{"@type":"ListItem","position":3,"name":"LS2 Narvik Man Jacket"}]},{"@type":"WebSite","@id":"https:\/\/grandmoto.az\/en\/#website","url":"https:\/\/grandmoto.az\/en\/","name":"Grandmoto.az","description":"Grandmoto.az","publisher":{"@id":"https:\/\/grandmoto.az\/en\/#organization"},"potentialAction":[{"@type":"SearchAction","target":{"@type":"EntryPoint","urlTemplate":"https:\/\/grandmoto.az\/en\/?s={search_term_string}"},"query-input":{"@type":"PropertyValueSpecification","valueRequired":true,"valueName":"search_term_string"}}],"inLanguage":"en-US"},{"@type":"Organization","@id":"https:\/\/grandmoto.az\/en\/#organization","name":"Grandmoto","url":"https:\/\/grandmoto.az\/en\/","logo":{"@type":"ImageObject","inLanguage":"en-US","@id":"https:\/\/grandmoto.az\/en\/#\/schema\/logo\/image\/","url":"https:\/\/grandmoto.az\/wp-content\/uploads\/2024\/09\/Grandmoto-Service-Logo.png","contentUrl":"https:\/\/grandmoto.az\/wp-content\/uploads\/2024\/09\/Grandmoto-Service-Logo.png","width":1418,"height":495,"caption":"Grandmoto"},"image":{"@id":"https:\/\/grandmoto.az\/en\/#\/schema\/logo\/image\/"}}]}},"_links":{"self":[{"href":"https:\/\/grandmoto.az\/en\/wp-json\/wp\/v2\/product\/19225","targetHints":{"allow":["GET"]}}],"collection":[{"href":"https:\/\/grandmoto.az\/en\/wp-json\/wp\/v2\/product"}],"about":[{"href":"https:\/\/grandmoto.az\/en\/wp-json\/wp\/v2\/types\/product"}],"version-history":[{"count":1,"href":"https:\/\/grandmoto.az\/en\/wp-json\/wp\/v2\/product\/19225\/revisions"}],"predecessor-version":[{"id":19228,"href":"https:\/\/grandmoto.az\/en\/wp-json\/wp\/v2\/product\/19225\/revisions\/19228"}],"wp:featuredmedia":[{"embeddable":true,"href":"https:\/\/grandmoto.az\/en\/wp-json\/wp\/v2\/media\/19226"}],"wp:attachment":[{"href":"https:\/\/grandmoto.az\/en\/wp-json\/wp\/v2\/media?parent=19225"}],"wp:term":[{"taxonomy":"product_cat","embeddable":true,"href":"https:\/\/grandmoto.az\/en\/wp-json\/wp\/v2\/product_cat?post=19225"},{"taxonomy":"product_tag","embeddable":true,"href":"https:\/\/grandmoto.az\/en\/wp-json\/wp\/v2\/product_tag?post=19225"}],"curies":[{"name":"wp","href":"https:\/\/api.w.org\/{rel}","templated":true}]}}