{"id":19233,"date":"2025-12-08T19:11:57","date_gmt":"2025-12-08T15:11:57","guid":{"rendered":"https:\/\/grandmoto.az\/?post_type=product&#038;p=19233"},"modified":"2025-12-15T14:49:25","modified_gmt":"2025-12-15T10:49:25","slug":"ls2-garda-air-2","status":"publish","type":"product","link":"https:\/\/grandmoto.az\/en\/product\/ls2-garda-air-2\/","title":{"rendered":"LS2 Garda Air"},"content":{"rendered":"<p>LS2 Garda Air g\u00f6d\u0259kc\u0259si motosiklet s\u00fcr\u00fcc\u00fcl\u0259ri \u00fc\u00e7\u00fcn yaz v\u0259 yay aylar\u0131nda maksimum komfort v\u0259 t\u0259hl\u00fck\u0259sizlik t\u0259min etm\u0259k \u00fc\u00e7\u00fcn haz\u0131rlanm\u0131\u015f y\u00fcng\u00fcl v\u0259 n\u0259f\u0259salan modeldir. Xarici shell hiss\u0259si ripstop poliester v\u0259 mesh toxumas\u0131ndan ibar\u0259tdir \u2014 bu da h\u0259m material\u0131n davaml\u0131l\u0131\u011f\u0131n\u0131, h\u0259m d\u0259 hava d\u00f6vran\u0131n\u0131 maksimum s\u0259viyy\u0259y\u0259 \u00e7\u0131xar\u0131r. Daxili astar mesh v\u0259 \u201cCool fabric\u201d istifad\u0259 edil\u0259r\u0259k haz\u0131rlanm\u0131\u015fd\u0131r; x\u00fcsusil\u0259 daxili qol hiss\u0259sind\u0259ki astar daha rahat hava d\u00f6vran\u0131 v\u0259 rahatl\u0131q yarad\u0131r.<\/p>\n","protected":false},"excerpt":{"rendered":"<p>LS2 Garda Air yay g\u0259zintil\u0259ri zaman\u0131 rahatl\u0131\u011f\u0131 v\u0259 n\u0259f\u0259s alma\u011f\u0131 t\u0259min ed\u0259n optimal hava ax\u0131n\u0131 \u00fc\u00e7\u00fcn hava buraxma panell\u0259ri olan y\u00fcng\u00fcl yay g\u00f6d\u0259k\u00e7\u0259sidir. Yay g\u0259zintil\u0259ri \u00fc\u00e7\u00fcn m\u00fck\u0259mm\u0259ldir.<\/p>\n","protected":false},"featured_media":19234,"template":"","meta":{"_acf_changed":false},"product_cat":[92,125],"product_tag":[],"class_list":{"0":"post-19233","1":"product","2":"type-product","3":"status-publish","4":"has-post-thumbnail","6":"product_cat-apparel","7":"product_cat-jackets","9":"first","10":"instock","11":"shipping-taxable","12":"purchasable","13":"product-type-simple"},"acf":[],"yoast_head":"<!-- This site is optimized with the Yoast SEO Premium plugin v23.7 (Yoast SEO v24.1) - https:\/\/yoast.com\/wordpress\/plugins\/seo\/ -->\n<title>LS2 Garda Air - Grandmoto.az<\/title>\n<meta name=\"robots\" content=\"index, follow, max-snippet:-1, max-image-preview:large, max-video-preview:-1\" \/>\n<link rel=\"canonical\" href=\"https:\/\/grandmoto.az\/en\/product\/ls2-garda-air-2\/\" \/>\n<meta property=\"og:locale\" content=\"en_US\" \/>\n<meta property=\"og:type\" content=\"article\" \/>\n<meta property=\"og:title\" content=\"LS2 Garda Air\" \/>\n<meta property=\"og:description\" content=\"LS2 Garda Air yay g\u0259zintil\u0259ri zaman\u0131 rahatl\u0131\u011f\u0131 v\u0259 n\u0259f\u0259s alma\u011f\u0131 t\u0259min ed\u0259n optimal hava ax\u0131n\u0131 \u00fc\u00e7\u00fcn hava buraxma panell\u0259ri olan y\u00fcng\u00fcl yay g\u00f6d\u0259k\u00e7\u0259sidir. Yay g\u0259zintil\u0259ri \u00fc\u00e7\u00fcn m\u00fck\u0259mm\u0259ldir.\" \/>\n<meta property=\"og:url\" content=\"https:\/\/grandmoto.az\/en\/product\/ls2-garda-air-2\/\" \/>\n<meta property=\"og:site_name\" content=\"Grandmoto.az\" \/>\n<meta property=\"article:modified_time\" content=\"2025-12-15T10:49:25+00:00\" \/>\n<meta property=\"og:image\" content=\"https:\/\/grandmoto.az\/wp-content\/uploads\/2025\/12\/64260s0132img_web800.jpg\" \/>\n\t<meta property=\"og:image:width\" content=\"800\" \/>\n\t<meta property=\"og:image:height\" content=\"800\" \/>\n\t<meta property=\"og:image:type\" content=\"image\/jpeg\" \/>\n<meta name=\"twitter:card\" content=\"summary_large_image\" \/>\n<meta name=\"twitter:label1\" content=\"Est. reading time\" \/>\n\t<meta name=\"twitter:data1\" content=\"1 minute\" \/>\n<script type=\"application\/ld+json\" class=\"yoast-schema-graph\">{\"@context\":\"https:\/\/schema.org\",\"@graph\":[{\"@type\":\"WebPage\",\"@id\":\"https:\/\/grandmoto.az\/en\/product\/ls2-garda-air-2\/\",\"url\":\"https:\/\/grandmoto.az\/en\/product\/ls2-garda-air-2\/\",\"name\":\"LS2 Garda Air - Grandmoto.az\",\"isPartOf\":{\"@id\":\"https:\/\/grandmoto.az\/en\/#website\"},\"primaryImageOfPage\":{\"@id\":\"https:\/\/grandmoto.az\/en\/product\/ls2-garda-air-2\/#primaryimage\"},\"image\":{\"@id\":\"https:\/\/grandmoto.az\/en\/product\/ls2-garda-air-2\/#primaryimage\"},\"thumbnailUrl\":\"https:\/\/grandmoto.az\/wp-content\/uploads\/2025\/12\/64260s0132img_web800.jpg\",\"datePublished\":\"2025-12-08T15:11:57+00:00\",\"dateModified\":\"2025-12-15T10:49:25+00:00\",\"breadcrumb\":{\"@id\":\"https:\/\/grandmoto.az\/en\/product\/ls2-garda-air-2\/#breadcrumb\"},\"inLanguage\":\"en-US\",\"potentialAction\":[{\"@type\":\"ReadAction\",\"target\":[\"https:\/\/grandmoto.az\/en\/product\/ls2-garda-air-2\/\"]}]},{\"@type\":\"ImageObject\",\"inLanguage\":\"en-US\",\"@id\":\"https:\/\/grandmoto.az\/en\/product\/ls2-garda-air-2\/#primaryimage\",\"url\":\"https:\/\/grandmoto.az\/wp-content\/uploads\/2025\/12\/64260s0132img_web800.jpg\",\"contentUrl\":\"https:\/\/grandmoto.az\/wp-content\/uploads\/2025\/12\/64260s0132img_web800.jpg\",\"width\":800,\"height\":800},{\"@type\":\"BreadcrumbList\",\"@id\":\"https:\/\/grandmoto.az\/en\/product\/ls2-garda-air-2\/#breadcrumb\",\"itemListElement\":[{\"@type\":\"ListItem\",\"position\":1,\"name\":\"Ana s\u0259hif\u0259\",\"item\":\"https:\/\/grandmoto.az\/en\/\"},{\"@type\":\"ListItem\",\"position\":2,\"name\":\"Shop\",\"item\":\"https:\/\/grandmoto.az\/shop\/\"},{\"@type\":\"ListItem\",\"position\":3,\"name\":\"LS2 Garda Air\"}]},{\"@type\":\"WebSite\",\"@id\":\"https:\/\/grandmoto.az\/en\/#website\",\"url\":\"https:\/\/grandmoto.az\/en\/\",\"name\":\"Grandmoto.az\",\"description\":\"Grandmoto.az\",\"publisher\":{\"@id\":\"https:\/\/grandmoto.az\/en\/#organization\"},\"potentialAction\":[{\"@type\":\"SearchAction\",\"target\":{\"@type\":\"EntryPoint\",\"urlTemplate\":\"https:\/\/grandmoto.az\/en\/?s={search_term_string}\"},\"query-input\":{\"@type\":\"PropertyValueSpecification\",\"valueRequired\":true,\"valueName\":\"search_term_string\"}}],\"inLanguage\":\"en-US\"},{\"@type\":\"Organization\",\"@id\":\"https:\/\/grandmoto.az\/en\/#organization\",\"name\":\"Grandmoto\",\"url\":\"https:\/\/grandmoto.az\/en\/\",\"logo\":{\"@type\":\"ImageObject\",\"inLanguage\":\"en-US\",\"@id\":\"https:\/\/grandmoto.az\/en\/#\/schema\/logo\/image\/\",\"url\":\"https:\/\/grandmoto.az\/wp-content\/uploads\/2024\/09\/Grandmoto-Service-Logo.png\",\"contentUrl\":\"https:\/\/grandmoto.az\/wp-content\/uploads\/2024\/09\/Grandmoto-Service-Logo.png\",\"width\":1418,\"height\":495,\"caption\":\"Grandmoto\"},\"image\":{\"@id\":\"https:\/\/grandmoto.az\/en\/#\/schema\/logo\/image\/\"}}]}<\/script>\n<!-- \/ Yoast SEO Premium plugin. -->","yoast_head_json":{"title":"LS2 Garda Air - Grandmoto.az","robots":{"index":"index","follow":"follow","max-snippet":"max-snippet:-1","max-image-preview":"max-image-preview:large","max-video-preview":"max-video-preview:-1"},"canonical":"https:\/\/grandmoto.az\/en\/product\/ls2-garda-air-2\/","og_locale":"en_US","og_type":"article","og_title":"LS2 Garda Air","og_description":"LS2 Garda Air yay g\u0259zintil\u0259ri zaman\u0131 rahatl\u0131\u011f\u0131 v\u0259 n\u0259f\u0259s alma\u011f\u0131 t\u0259min ed\u0259n optimal hava ax\u0131n\u0131 \u00fc\u00e7\u00fcn hava buraxma panell\u0259ri olan y\u00fcng\u00fcl yay g\u00f6d\u0259k\u00e7\u0259sidir. Yay g\u0259zintil\u0259ri \u00fc\u00e7\u00fcn m\u00fck\u0259mm\u0259ldir.","og_url":"https:\/\/grandmoto.az\/en\/product\/ls2-garda-air-2\/","og_site_name":"Grandmoto.az","article_modified_time":"2025-12-15T10:49:25+00:00","og_image":[{"width":800,"height":800,"url":"https:\/\/grandmoto.az\/wp-content\/uploads\/2025\/12\/64260s0132img_web800.jpg","type":"image\/jpeg"}],"twitter_card":"summary_large_image","twitter_misc":{"Est. reading time":"1 minute"},"schema":{"@context":"https:\/\/schema.org","@graph":[{"@type":"WebPage","@id":"https:\/\/grandmoto.az\/en\/product\/ls2-garda-air-2\/","url":"https:\/\/grandmoto.az\/en\/product\/ls2-garda-air-2\/","name":"LS2 Garda Air - Grandmoto.az","isPartOf":{"@id":"https:\/\/grandmoto.az\/en\/#website"},"primaryImageOfPage":{"@id":"https:\/\/grandmoto.az\/en\/product\/ls2-garda-air-2\/#primaryimage"},"image":{"@id":"https:\/\/grandmoto.az\/en\/product\/ls2-garda-air-2\/#primaryimage"},"thumbnailUrl":"https:\/\/grandmoto.az\/wp-content\/uploads\/2025\/12\/64260s0132img_web800.jpg","datePublished":"2025-12-08T15:11:57+00:00","dateModified":"2025-12-15T10:49:25+00:00","breadcrumb":{"@id":"https:\/\/grandmoto.az\/en\/product\/ls2-garda-air-2\/#breadcrumb"},"inLanguage":"en-US","potentialAction":[{"@type":"ReadAction","target":["https:\/\/grandmoto.az\/en\/product\/ls2-garda-air-2\/"]}]},{"@type":"ImageObject","inLanguage":"en-US","@id":"https:\/\/grandmoto.az\/en\/product\/ls2-garda-air-2\/#primaryimage","url":"https:\/\/grandmoto.az\/wp-content\/uploads\/2025\/12\/64260s0132img_web800.jpg","contentUrl":"https:\/\/grandmoto.az\/wp-content\/uploads\/2025\/12\/64260s0132img_web800.jpg","width":800,"height":800},{"@type":"BreadcrumbList","@id":"https:\/\/grandmoto.az\/en\/product\/ls2-garda-air-2\/#breadcrumb","itemListElement":[{"@type":"ListItem","position":1,"name":"Ana s\u0259hif\u0259","item":"https:\/\/grandmoto.az\/en\/"},{"@type":"ListItem","position":2,"name":"Shop","item":"https:\/\/grandmoto.az\/shop\/"},{"@type":"ListItem","position":3,"name":"LS2 Garda Air"}]},{"@type":"WebSite","@id":"https:\/\/grandmoto.az\/en\/#website","url":"https:\/\/grandmoto.az\/en\/","name":"Grandmoto.az","description":"Grandmoto.az","publisher":{"@id":"https:\/\/grandmoto.az\/en\/#organization"},"potentialAction":[{"@type":"SearchAction","target":{"@type":"EntryPoint","urlTemplate":"https:\/\/grandmoto.az\/en\/?s={search_term_string}"},"query-input":{"@type":"PropertyValueSpecification","valueRequired":true,"valueName":"search_term_string"}}],"inLanguage":"en-US"},{"@type":"Organization","@id":"https:\/\/grandmoto.az\/en\/#organization","name":"Grandmoto","url":"https:\/\/grandmoto.az\/en\/","logo":{"@type":"ImageObject","inLanguage":"en-US","@id":"https:\/\/grandmoto.az\/en\/#\/schema\/logo\/image\/","url":"https:\/\/grandmoto.az\/wp-content\/uploads\/2024\/09\/Grandmoto-Service-Logo.png","contentUrl":"https:\/\/grandmoto.az\/wp-content\/uploads\/2024\/09\/Grandmoto-Service-Logo.png","width":1418,"height":495,"caption":"Grandmoto"},"image":{"@id":"https:\/\/grandmoto.az\/en\/#\/schema\/logo\/image\/"}}]}},"_links":{"self":[{"href":"https:\/\/grandmoto.az\/en\/wp-json\/wp\/v2\/product\/19233","targetHints":{"allow":["GET"]}}],"collection":[{"href":"https:\/\/grandmoto.az\/en\/wp-json\/wp\/v2\/product"}],"about":[{"href":"https:\/\/grandmoto.az\/en\/wp-json\/wp\/v2\/types\/product"}],"version-history":[{"count":1,"href":"https:\/\/grandmoto.az\/en\/wp-json\/wp\/v2\/product\/19233\/revisions"}],"predecessor-version":[{"id":19236,"href":"https:\/\/grandmoto.az\/en\/wp-json\/wp\/v2\/product\/19233\/revisions\/19236"}],"wp:featuredmedia":[{"embeddable":true,"href":"https:\/\/grandmoto.az\/en\/wp-json\/wp\/v2\/media\/19234"}],"wp:attachment":[{"href":"https:\/\/grandmoto.az\/en\/wp-json\/wp\/v2\/media?parent=19233"}],"wp:term":[{"taxonomy":"product_cat","embeddable":true,"href":"https:\/\/grandmoto.az\/en\/wp-json\/wp\/v2\/product_cat?post=19233"},{"taxonomy":"product_tag","embeddable":true,"href":"https:\/\/grandmoto.az\/en\/wp-json\/wp\/v2\/product_tag?post=19233"}],"curies":[{"name":"wp","href":"https:\/\/api.w.org\/{rel}","templated":true}]}}