{"id":19273,"date":"2025-12-08T19:53:11","date_gmt":"2025-12-08T15:53:11","guid":{"rendered":"https:\/\/grandmoto.az\/?post_type=product&#038;p=19273"},"modified":"2025-12-08T19:53:12","modified_gmt":"2025-12-08T15:53:12","slug":"ls2-breeze-man-jacket","status":"publish","type":"product","link":"https:\/\/grandmoto.az\/en\/product\/ls2-breeze-man-jacket\/","title":{"rendered":"LS2 Breeze Man Jacket"},"content":{"rendered":"<p>LS2 Breeze Man Jacket motosiklet s\u00fcr\u00fcc\u00fcl\u0259ri \u00fc\u00e7\u00fcn yaz v\u0259 yay aylar\u0131nda maksimum rahatl\u0131q, hava d\u00f6vran\u0131 v\u0259 t\u0259hl\u00fck\u0259sizlik t\u0259min etm\u0259k m\u0259qs\u0259dil\u0259 haz\u0131rlanm\u0131\u015f y\u00fcng\u00fcl, \u201cmesh \/ tekstil\u201d strukturlu moto g\u00f6d\u0259kc\u0259dir. Onun xarici shell\u2011i 600D Oxford polyester v\u0259 geni\u015f hava ke\u00e7ir\u0259n mesh par\u00e7alardan ibar\u0259tdir ki, bu da s\u00fcr\u00fc\u015f zaman\u0131 b\u0259d\u0259nin s\u00fcr\u0259tl\u0259 t\u0259r t\u00f6km\u0259sinin qar\u015f\u0131s\u0131n\u0131 al\u0131r v\u0259 komfortu maksimum d\u0259r\u0259c\u0259d\u0259 saxlay\u0131r. <\/p>\n<p>T\u0259hl\u00fck\u0259sizlik bax\u0131m\u0131ndan, g\u00f6d\u0259kc\u0259 CE sertifikatl\u0131d\u0131r (Class A \u2014 EN\u202f17092\u20114:2020). \u00c7iyin v\u0259 dirs\u0259k \u00fc\u00e7\u00fcn \u00e7\u0131xar\u0131la bil\u0259n qoruyucular (EN1621\u20111:2012 Level\u202f1) standart daxilind\u0259 t\u0259qdim olunur. <\/p>\n<p> H\u0259m\u00e7inin, g\u00f6d\u0259kc\u0259 \u0259lav\u0259 olaraq markan\u0131n sin\u0259 v\u0259 ya k\u00fcr\u0259k qoruyucular\u0131n\u0131 d\u0259st\u0259kl\u0259yir \u2014 bu, s\u00fcr\u00fcc\u00fcn\u00fcn qorunma s\u0259viyy\u0259sini art\u0131rmaq \u00fc\u00e7\u00fcn \u0259lveri\u015flidir.<\/p>\n<p>Funksionall\u0131q bax\u0131m\u0131ndan, Breeze Man Jacket\u2011d\u0259 a\u015fa\u011f\u0131dak\u0131 x\u00fcsusiyy\u0259tl\u0259r vard\u0131r:<\/p>\n<p>Geni\u015f mesh panell\u0259r say\u0259sind\u0259 maksimal ventilyasiya \u2014 isti hava \u015f\u0259raitind\u0259 b\u0259d\u0259n temperaturunu nizamlama\u011fa k\u00f6m\u0259k edir. <\/p>\n<p>Iki \u0259l cibidir \u2014 g\u00fcnd\u0259lik z\u0259ruri ki\u00e7ik \u0259\u015fyalar\u0131 da\u015f\u0131maq \u00fc\u00e7\u00fcn uy\u011fundur. <\/p>\n<p>\u00d6n fermuar \u201ctank qorumas\u0131\u201d \u00fc\u00e7\u00fcn s\u00fcrt\u00fcnm\u0259y\u0259 davaml\u0131 materialla b\u0259rkidilmi\u015fdir \u2014 motosikletin yan yan\u0131 il\u0259 s\u00fcr\u00fc\u015f zaman\u0131 a\u015f\u0131nma riskini azald\u0131r. <\/p>\n<p>Bil\u0259k, qol v\u0259 bel hiss\u0259l\u0259rind\u0259 t\u0259nziml\u0259m\u0259 sisteml\u0259ri var \u2014 bu, g\u00f6d\u0259kc\u0259nin s\u00fcr\u00fcc\u00fcn\u00fcn b\u0259d\u0259n qurulu\u015funa uy\u011fun oturmas\u0131n\u0131 t\u0259min edir v\u0259 rahatl\u0131\u011f\u0131 art\u0131r\u0131r. <\/p>\n<p>Gec\u0259 v\u0259 az i\u015f\u0131ql\u0131 \u015f\u0259rait \u00fc\u00e7\u00fcn reflektor detallar \u2014 g\u00f6r\u00fcn\u00fcrl\u00fc\u011f\u00fc v\u0259 t\u0259hl\u00fck\u0259sizliyi art\u0131r\u0131r. <\/p>\n<p>LS2 Breeze Man Jacket \u2014 \u015f\u0259h\u0259r i\u00e7i s\u00fcr\u00fc\u015fl\u0259r, yaz \/ yay turlar\u0131, g\u00fcnd\u0259lik istifad\u0259 v\u0259 isti hava \u015f\u0259raitind\u0259 motosikletl\u0259 s\u0259yah\u0259tl\u0259r \u00fc\u00e7\u00fcn haz\u0131rlanm\u0131\u015f ideal y\u00fcng\u00fcl v\u0259 rahat g\u00f6d\u0259kc\u0259dir. Onun ventilyasiya, rahatl\u0131q, qoruyucu elementl\u0259r v\u0259 estetik g\u00f6r\u00fcn\u00fc\u015f\u00fc birlikd\u0259 d\u00fc\u015f\u00fcn\u00fclm\u00fc\u015fd\u00fcr, bel\u0259likl\u0259, h\u0259m g\u00fcnd\u0259lik motosiklet\u00e7il\u0259r, h\u0259m d\u0259 yaz turlar\u0131 sev\u0259nl\u0259r \u00fc\u00e7\u00fcn praktik v\u0259 etibarl\u0131 se\u00e7imdir.<\/p>\n","protected":false},"excerpt":{"rendered":"<p>LS2 Breeze Man Jacket \u2014 Tam Mesh \/ Oxford Polyester Xarici Qatl\u0131, Maksimum Ventilyasiyal\u0131, Y\u00fcng\u00fcl Yaz\u2011Yay Moto G\u00f6d\u0259kc\u0259; CE Sertifikatl\u0131 Qoruyucular v\u0259 Reflektor Detallar\u0131 il\u0259 H\u0259r G\u00fcn v\u0259 \u015e\u0259h\u0259r S\u00fcr\u00fc\u015fl\u0259ri \u00fc\u00e7\u00fcn Premium Se\u00e7im<\/p>\n","protected":false},"featured_media":19274,"template":"","meta":{"_acf_changed":false},"product_cat":[92,125],"product_tag":[],"class_list":{"0":"post-19273","1":"product","2":"type-product","3":"status-publish","4":"has-post-thumbnail","6":"product_cat-apparel","7":"product_cat-jackets","9":"first","10":"instock","11":"shipping-taxable","12":"purchasable","13":"product-type-simple"},"acf":[],"yoast_head":"<!-- This site is optimized with the Yoast SEO Premium plugin v23.7 (Yoast SEO v24.1) - https:\/\/yoast.com\/wordpress\/plugins\/seo\/ -->\n<title>LS2 Breeze Man Jacket - Grandmoto.az<\/title>\n<meta name=\"robots\" content=\"index, follow, max-snippet:-1, max-image-preview:large, max-video-preview:-1\" \/>\n<link rel=\"canonical\" href=\"https:\/\/grandmoto.az\/en\/product\/ls2-breeze-man-jacket\/\" \/>\n<meta property=\"og:locale\" content=\"en_US\" \/>\n<meta property=\"og:type\" content=\"article\" \/>\n<meta property=\"og:title\" content=\"LS2 Breeze Man Jacket\" \/>\n<meta property=\"og:description\" content=\"LS2 Breeze Man Jacket \u2014 Tam Mesh \/ Oxford Polyester Xarici Qatl\u0131, Maksimum Ventilyasiyal\u0131, Y\u00fcng\u00fcl Yaz\u2011Yay Moto G\u00f6d\u0259kc\u0259; CE Sertifikatl\u0131 Qoruyucular v\u0259 Reflektor Detallar\u0131 il\u0259 H\u0259r G\u00fcn v\u0259 \u015e\u0259h\u0259r S\u00fcr\u00fc\u015fl\u0259ri \u00fc\u00e7\u00fcn Premium Se\u00e7im\" \/>\n<meta property=\"og:url\" content=\"https:\/\/grandmoto.az\/en\/product\/ls2-breeze-man-jacket\/\" \/>\n<meta property=\"og:site_name\" content=\"Grandmoto.az\" \/>\n<meta property=\"article:modified_time\" content=\"2025-12-08T15:53:12+00:00\" \/>\n<meta property=\"og:image\" content=\"https:\/\/grandmoto.az\/wp-content\/uploads\/2025\/12\/64330s01121747650737_900.webp\" \/>\n\t<meta property=\"og:image:width\" content=\"900\" \/>\n\t<meta property=\"og:image:height\" content=\"900\" \/>\n\t<meta property=\"og:image:type\" content=\"image\/webp\" \/>\n<meta name=\"twitter:card\" content=\"summary_large_image\" \/>\n<meta name=\"twitter:label1\" content=\"Est. reading time\" \/>\n\t<meta name=\"twitter:data1\" content=\"1 minute\" \/>\n<script type=\"application\/ld+json\" class=\"yoast-schema-graph\">{\"@context\":\"https:\/\/schema.org\",\"@graph\":[{\"@type\":\"WebPage\",\"@id\":\"https:\/\/grandmoto.az\/en\/product\/ls2-breeze-man-jacket\/\",\"url\":\"https:\/\/grandmoto.az\/en\/product\/ls2-breeze-man-jacket\/\",\"name\":\"LS2 Breeze Man Jacket - Grandmoto.az\",\"isPartOf\":{\"@id\":\"https:\/\/grandmoto.az\/en\/#website\"},\"primaryImageOfPage\":{\"@id\":\"https:\/\/grandmoto.az\/en\/product\/ls2-breeze-man-jacket\/#primaryimage\"},\"image\":{\"@id\":\"https:\/\/grandmoto.az\/en\/product\/ls2-breeze-man-jacket\/#primaryimage\"},\"thumbnailUrl\":\"https:\/\/grandmoto.az\/wp-content\/uploads\/2025\/12\/64330s01121747650737_900.webp\",\"datePublished\":\"2025-12-08T15:53:11+00:00\",\"dateModified\":\"2025-12-08T15:53:12+00:00\",\"breadcrumb\":{\"@id\":\"https:\/\/grandmoto.az\/en\/product\/ls2-breeze-man-jacket\/#breadcrumb\"},\"inLanguage\":\"en-US\",\"potentialAction\":[{\"@type\":\"ReadAction\",\"target\":[\"https:\/\/grandmoto.az\/en\/product\/ls2-breeze-man-jacket\/\"]}]},{\"@type\":\"ImageObject\",\"inLanguage\":\"en-US\",\"@id\":\"https:\/\/grandmoto.az\/en\/product\/ls2-breeze-man-jacket\/#primaryimage\",\"url\":\"https:\/\/grandmoto.az\/wp-content\/uploads\/2025\/12\/64330s01121747650737_900.webp\",\"contentUrl\":\"https:\/\/grandmoto.az\/wp-content\/uploads\/2025\/12\/64330s01121747650737_900.webp\",\"width\":900,\"height\":900},{\"@type\":\"BreadcrumbList\",\"@id\":\"https:\/\/grandmoto.az\/en\/product\/ls2-breeze-man-jacket\/#breadcrumb\",\"itemListElement\":[{\"@type\":\"ListItem\",\"position\":1,\"name\":\"Ana s\u0259hif\u0259\",\"item\":\"https:\/\/grandmoto.az\/en\/\"},{\"@type\":\"ListItem\",\"position\":2,\"name\":\"Shop\",\"item\":\"https:\/\/grandmoto.az\/shop\/\"},{\"@type\":\"ListItem\",\"position\":3,\"name\":\"LS2 Breeze Man Jacket\"}]},{\"@type\":\"WebSite\",\"@id\":\"https:\/\/grandmoto.az\/en\/#website\",\"url\":\"https:\/\/grandmoto.az\/en\/\",\"name\":\"Grandmoto.az\",\"description\":\"Grandmoto.az\",\"publisher\":{\"@id\":\"https:\/\/grandmoto.az\/en\/#organization\"},\"potentialAction\":[{\"@type\":\"SearchAction\",\"target\":{\"@type\":\"EntryPoint\",\"urlTemplate\":\"https:\/\/grandmoto.az\/en\/?s={search_term_string}\"},\"query-input\":{\"@type\":\"PropertyValueSpecification\",\"valueRequired\":true,\"valueName\":\"search_term_string\"}}],\"inLanguage\":\"en-US\"},{\"@type\":\"Organization\",\"@id\":\"https:\/\/grandmoto.az\/en\/#organization\",\"name\":\"Grandmoto\",\"url\":\"https:\/\/grandmoto.az\/en\/\",\"logo\":{\"@type\":\"ImageObject\",\"inLanguage\":\"en-US\",\"@id\":\"https:\/\/grandmoto.az\/en\/#\/schema\/logo\/image\/\",\"url\":\"https:\/\/grandmoto.az\/wp-content\/uploads\/2024\/09\/Grandmoto-Service-Logo.png\",\"contentUrl\":\"https:\/\/grandmoto.az\/wp-content\/uploads\/2024\/09\/Grandmoto-Service-Logo.png\",\"width\":1418,\"height\":495,\"caption\":\"Grandmoto\"},\"image\":{\"@id\":\"https:\/\/grandmoto.az\/en\/#\/schema\/logo\/image\/\"}}]}<\/script>\n<!-- \/ Yoast SEO Premium plugin. -->","yoast_head_json":{"title":"LS2 Breeze Man Jacket - Grandmoto.az","robots":{"index":"index","follow":"follow","max-snippet":"max-snippet:-1","max-image-preview":"max-image-preview:large","max-video-preview":"max-video-preview:-1"},"canonical":"https:\/\/grandmoto.az\/en\/product\/ls2-breeze-man-jacket\/","og_locale":"en_US","og_type":"article","og_title":"LS2 Breeze Man Jacket","og_description":"LS2 Breeze Man Jacket \u2014 Tam Mesh \/ Oxford Polyester Xarici Qatl\u0131, Maksimum Ventilyasiyal\u0131, Y\u00fcng\u00fcl Yaz\u2011Yay Moto G\u00f6d\u0259kc\u0259; CE Sertifikatl\u0131 Qoruyucular v\u0259 Reflektor Detallar\u0131 il\u0259 H\u0259r G\u00fcn v\u0259 \u015e\u0259h\u0259r S\u00fcr\u00fc\u015fl\u0259ri \u00fc\u00e7\u00fcn Premium Se\u00e7im","og_url":"https:\/\/grandmoto.az\/en\/product\/ls2-breeze-man-jacket\/","og_site_name":"Grandmoto.az","article_modified_time":"2025-12-08T15:53:12+00:00","og_image":[{"width":900,"height":900,"url":"https:\/\/grandmoto.az\/wp-content\/uploads\/2025\/12\/64330s01121747650737_900.webp","type":"image\/webp"}],"twitter_card":"summary_large_image","twitter_misc":{"Est. reading time":"1 minute"},"schema":{"@context":"https:\/\/schema.org","@graph":[{"@type":"WebPage","@id":"https:\/\/grandmoto.az\/en\/product\/ls2-breeze-man-jacket\/","url":"https:\/\/grandmoto.az\/en\/product\/ls2-breeze-man-jacket\/","name":"LS2 Breeze Man Jacket - Grandmoto.az","isPartOf":{"@id":"https:\/\/grandmoto.az\/en\/#website"},"primaryImageOfPage":{"@id":"https:\/\/grandmoto.az\/en\/product\/ls2-breeze-man-jacket\/#primaryimage"},"image":{"@id":"https:\/\/grandmoto.az\/en\/product\/ls2-breeze-man-jacket\/#primaryimage"},"thumbnailUrl":"https:\/\/grandmoto.az\/wp-content\/uploads\/2025\/12\/64330s01121747650737_900.webp","datePublished":"2025-12-08T15:53:11+00:00","dateModified":"2025-12-08T15:53:12+00:00","breadcrumb":{"@id":"https:\/\/grandmoto.az\/en\/product\/ls2-breeze-man-jacket\/#breadcrumb"},"inLanguage":"en-US","potentialAction":[{"@type":"ReadAction","target":["https:\/\/grandmoto.az\/en\/product\/ls2-breeze-man-jacket\/"]}]},{"@type":"ImageObject","inLanguage":"en-US","@id":"https:\/\/grandmoto.az\/en\/product\/ls2-breeze-man-jacket\/#primaryimage","url":"https:\/\/grandmoto.az\/wp-content\/uploads\/2025\/12\/64330s01121747650737_900.webp","contentUrl":"https:\/\/grandmoto.az\/wp-content\/uploads\/2025\/12\/64330s01121747650737_900.webp","width":900,"height":900},{"@type":"BreadcrumbList","@id":"https:\/\/grandmoto.az\/en\/product\/ls2-breeze-man-jacket\/#breadcrumb","itemListElement":[{"@type":"ListItem","position":1,"name":"Ana s\u0259hif\u0259","item":"https:\/\/grandmoto.az\/en\/"},{"@type":"ListItem","position":2,"name":"Shop","item":"https:\/\/grandmoto.az\/shop\/"},{"@type":"ListItem","position":3,"name":"LS2 Breeze Man Jacket"}]},{"@type":"WebSite","@id":"https:\/\/grandmoto.az\/en\/#website","url":"https:\/\/grandmoto.az\/en\/","name":"Grandmoto.az","description":"Grandmoto.az","publisher":{"@id":"https:\/\/grandmoto.az\/en\/#organization"},"potentialAction":[{"@type":"SearchAction","target":{"@type":"EntryPoint","urlTemplate":"https:\/\/grandmoto.az\/en\/?s={search_term_string}"},"query-input":{"@type":"PropertyValueSpecification","valueRequired":true,"valueName":"search_term_string"}}],"inLanguage":"en-US"},{"@type":"Organization","@id":"https:\/\/grandmoto.az\/en\/#organization","name":"Grandmoto","url":"https:\/\/grandmoto.az\/en\/","logo":{"@type":"ImageObject","inLanguage":"en-US","@id":"https:\/\/grandmoto.az\/en\/#\/schema\/logo\/image\/","url":"https:\/\/grandmoto.az\/wp-content\/uploads\/2024\/09\/Grandmoto-Service-Logo.png","contentUrl":"https:\/\/grandmoto.az\/wp-content\/uploads\/2024\/09\/Grandmoto-Service-Logo.png","width":1418,"height":495,"caption":"Grandmoto"},"image":{"@id":"https:\/\/grandmoto.az\/en\/#\/schema\/logo\/image\/"}}]}},"_links":{"self":[{"href":"https:\/\/grandmoto.az\/en\/wp-json\/wp\/v2\/product\/19273","targetHints":{"allow":["GET"]}}],"collection":[{"href":"https:\/\/grandmoto.az\/en\/wp-json\/wp\/v2\/product"}],"about":[{"href":"https:\/\/grandmoto.az\/en\/wp-json\/wp\/v2\/types\/product"}],"version-history":[{"count":1,"href":"https:\/\/grandmoto.az\/en\/wp-json\/wp\/v2\/product\/19273\/revisions"}],"predecessor-version":[{"id":19276,"href":"https:\/\/grandmoto.az\/en\/wp-json\/wp\/v2\/product\/19273\/revisions\/19276"}],"wp:featuredmedia":[{"embeddable":true,"href":"https:\/\/grandmoto.az\/en\/wp-json\/wp\/v2\/media\/19274"}],"wp:attachment":[{"href":"https:\/\/grandmoto.az\/en\/wp-json\/wp\/v2\/media?parent=19273"}],"wp:term":[{"taxonomy":"product_cat","embeddable":true,"href":"https:\/\/grandmoto.az\/en\/wp-json\/wp\/v2\/product_cat?post=19273"},{"taxonomy":"product_tag","embeddable":true,"href":"https:\/\/grandmoto.az\/en\/wp-json\/wp\/v2\/product_tag?post=19273"}],"curies":[{"name":"wp","href":"https:\/\/api.w.org\/{rel}","templated":true}]}}