{"id":19277,"date":"2025-12-08T19:55:56","date_gmt":"2025-12-08T15:55:56","guid":{"rendered":"https:\/\/grandmoto.az\/?post_type=product&#038;p=19277"},"modified":"2025-12-08T20:01:12","modified_gmt":"2025-12-08T16:01:12","slug":"ls2-coast-pant","status":"publish","type":"product","link":"https:\/\/grandmoto.az\/en\/product\/ls2-coast-pant\/","title":{"rendered":"LS2 Coast Pant"},"content":{"rendered":"<p>LS2 Coast Man Pant \u2014 motosiklet\u00e7il\u0259r \u00fc\u00e7\u00fcn t\u0259hl\u00fck\u0259sizlik, komfort v\u0259 g\u00fcnd\u0259lik istifad\u0259 rahatl\u0131\u011f\u0131n\u0131 birl\u0259\u015fdir\u0259n funksional \u015falvard\u0131r. Xarici shell ripstop materialdan haz\u0131rlan\u0131b, daxili qat is\u0259 diz, oturacaq v\u0259 bel arxas\u0131 hiss\u0259l\u0259rind\u0259 Kevlar\u00ae il\u0259 g\u00fccl\u0259ndirilmi\u015fdir; bu da a\u015f\u0131nmaya v\u0259 s\u00fcrt\u00fcnm\u0259y\u0259 qar\u015f\u0131 y\u00fcks\u0259k m\u00fcqavim\u0259t v\u0259 uzun\u00f6m\u00fcrl\u00fcl\u00fck t\u0259min edir. <\/p>\n<p>T\u0259hl\u00fck\u0259sizlik bax\u0131m\u0131ndan, Coast Man Pant CE\u2011sertifikatl\u0131d\u0131r (Class A \u2014 EN\u202f17092\u20114:2020). Dizl\u0259rd\u0259 \u00e7\u0131xar\u0131la bil\u0259n CE\u2011Level\u202f1 qoruyucular (EN1621\u20111:2012) 3 m\u00f6vqed\u0259 t\u0259nziml\u0259n\u0259 bil\u0259r. Omba (kal\u00e7a) qoruyucular\u0131 opsional \u0259lav\u0259 oluna bilir. <\/p>\n<p>Funksionall\u0131q v\u0259 komfort t\u0259r\u0259fd\u0259n is\u0259 \u2014 elastik bel k\u0259m\u0259ri say\u0259sind\u0259 g\u00fcnd\u0259lik istifad\u0259 \u00fc\u00e7\u00fcn rahat oturu\u015f t\u0259min edilir. \u015ealvar iki geni\u015f \u201cANSS\u201d kargo cibin\u0259 malikdir, el\u0259c\u0259 d\u0259 iki \u00f6n cib v\u0259 arxa cibl\u0259r var \u2014 bu, g\u00fcnd\u0259lik ehtiyaclar v\u0259 s\u00fcr\u00fc\u015f zaman\u0131 \u0259\u015fyalar\u0131n da\u015f\u0131nmas\u0131 \u00fc\u00e7\u00fcn \u0259lveri\u015flidir. <\/p>\n<p>Ayaq man\u015fetl\u0259ri t\u0259nziml\u0259n\u0259 bil\u0259r, bu da motosiklet \u00e7\u0259km\u0259l\u0259ri il\u0259 uy\u011funlu\u011fu art\u0131r\u0131r. Q\u0131sa v\u0259 ya uzun s\u00fcr\u00fc\u015fl\u0259r \u00fc\u00e7\u00fcn uy\u011fun olan bu dizayn, eyni zamanda \u201cjeans\u2011g\u00f6r\u00fcn\u00fc\u015fl\u00fc\u201d olmas\u0131 il\u0259 g\u00fcnd\u0259lik geyim kimi d\u0259 rahatl\u0131qla istifad\u0259 oluna bil\u0259r. <\/p>\n<p>\u018fg\u0259r siz, h\u0259m g\u00fcnd\u0259lik istifad\u0259d\u0259 \u201ccasual g\u00f6r\u00fcn\u00fc\u015f + g\u00fcnd\u0259lik rahatl\u0131q\u201d, h\u0259m d\u0259 motosiklet s\u00fcr\u0259rk\u0259n \u201cqoruyucu v\u0259 funksional\u201d bir \u015falvar axtar\u0131rs\u0131n\u0131zsa \u2014 LS2 Coast Man Pant bu balans\u0131 m\u00fck\u0259mm\u0259l \u015f\u0259kild\u0259 t\u0259min edir.<\/p>\n","protected":false},"excerpt":{"rendered":"<p>LS2 Coast Man Pant \u2014 Ripstop &#038; Kevlar\u00ae Toxumal\u0131, CE\u2011Sertifikatl\u0131 Diz Qoruyucular\u0131 v\u0259 Arxa Qoruma Paneli il\u0259 G\u00fcnl\u00fck v\u0259 Touring S\u00fcr\u00fc\u015fl\u0259ri \u00fc\u00e7\u00fcn Maksimum Dayan\u0131ql\u0131l\u0131q v\u0259 Komfort T\u0259klif Ed\u0259n Premium Moto \u015ealvar<\/p>\n","protected":false},"featured_media":19278,"template":"","meta":{"_acf_changed":false},"product_cat":[92,126],"product_tag":[],"class_list":{"0":"post-19277","1":"product","2":"type-product","3":"status-publish","4":"has-post-thumbnail","6":"product_cat-apparel","7":"product_cat-pants","9":"first","10":"instock","11":"shipping-taxable","12":"purchasable","13":"product-type-simple"},"acf":[],"yoast_head":"<!-- This site is optimized with the Yoast SEO Premium plugin v23.7 (Yoast SEO v24.1) - https:\/\/yoast.com\/wordpress\/plugins\/seo\/ -->\n<title>LS2 Coast Pant - Grandmoto.az<\/title>\n<meta name=\"robots\" content=\"index, follow, max-snippet:-1, max-image-preview:large, max-video-preview:-1\" \/>\n<link rel=\"canonical\" href=\"https:\/\/grandmoto.az\/en\/product\/ls2-coast-pant\/\" \/>\n<meta property=\"og:locale\" content=\"en_US\" \/>\n<meta property=\"og:type\" content=\"article\" \/>\n<meta property=\"og:title\" content=\"LS2 Coast Pant\" \/>\n<meta property=\"og:description\" content=\"LS2 Coast Man Pant \u2014 Ripstop &amp; Kevlar\u00ae Toxumal\u0131, CE\u2011Sertifikatl\u0131 Diz Qoruyucular\u0131 v\u0259 Arxa Qoruma Paneli il\u0259 G\u00fcnl\u00fck v\u0259 Touring S\u00fcr\u00fc\u015fl\u0259ri \u00fc\u00e7\u00fcn Maksimum Dayan\u0131ql\u0131l\u0131q v\u0259 Komfort T\u0259klif Ed\u0259n Premium Moto \u015ealvar\" \/>\n<meta property=\"og:url\" content=\"https:\/\/grandmoto.az\/en\/product\/ls2-coast-pant\/\" \/>\n<meta property=\"og:site_name\" content=\"Grandmoto.az\" \/>\n<meta property=\"article:modified_time\" content=\"2025-12-08T16:01:12+00:00\" \/>\n<meta property=\"og:image\" content=\"https:\/\/grandmoto.az\/wp-content\/uploads\/2025\/12\/65140s01121747656053_900.jpg\" \/>\n\t<meta property=\"og:image:width\" content=\"900\" \/>\n\t<meta property=\"og:image:height\" content=\"900\" \/>\n\t<meta property=\"og:image:type\" content=\"image\/jpeg\" \/>\n<meta name=\"twitter:card\" content=\"summary_large_image\" \/>\n<meta name=\"twitter:label1\" content=\"Est. reading time\" \/>\n\t<meta name=\"twitter:data1\" content=\"2 minutes\" \/>\n<script type=\"application\/ld+json\" class=\"yoast-schema-graph\">{\"@context\":\"https:\/\/schema.org\",\"@graph\":[{\"@type\":\"WebPage\",\"@id\":\"https:\/\/grandmoto.az\/en\/product\/ls2-coast-pant\/\",\"url\":\"https:\/\/grandmoto.az\/en\/product\/ls2-coast-pant\/\",\"name\":\"LS2 Coast Pant - Grandmoto.az\",\"isPartOf\":{\"@id\":\"https:\/\/grandmoto.az\/en\/#website\"},\"primaryImageOfPage\":{\"@id\":\"https:\/\/grandmoto.az\/en\/product\/ls2-coast-pant\/#primaryimage\"},\"image\":{\"@id\":\"https:\/\/grandmoto.az\/en\/product\/ls2-coast-pant\/#primaryimage\"},\"thumbnailUrl\":\"https:\/\/grandmoto.az\/wp-content\/uploads\/2025\/12\/65140s01121747656053_900.jpg\",\"datePublished\":\"2025-12-08T15:55:56+00:00\",\"dateModified\":\"2025-12-08T16:01:12+00:00\",\"breadcrumb\":{\"@id\":\"https:\/\/grandmoto.az\/en\/product\/ls2-coast-pant\/#breadcrumb\"},\"inLanguage\":\"en-US\",\"potentialAction\":[{\"@type\":\"ReadAction\",\"target\":[\"https:\/\/grandmoto.az\/en\/product\/ls2-coast-pant\/\"]}]},{\"@type\":\"ImageObject\",\"inLanguage\":\"en-US\",\"@id\":\"https:\/\/grandmoto.az\/en\/product\/ls2-coast-pant\/#primaryimage\",\"url\":\"https:\/\/grandmoto.az\/wp-content\/uploads\/2025\/12\/65140s01121747656053_900.jpg\",\"contentUrl\":\"https:\/\/grandmoto.az\/wp-content\/uploads\/2025\/12\/65140s01121747656053_900.jpg\",\"width\":900,\"height\":900},{\"@type\":\"BreadcrumbList\",\"@id\":\"https:\/\/grandmoto.az\/en\/product\/ls2-coast-pant\/#breadcrumb\",\"itemListElement\":[{\"@type\":\"ListItem\",\"position\":1,\"name\":\"Ana s\u0259hif\u0259\",\"item\":\"https:\/\/grandmoto.az\/en\/\"},{\"@type\":\"ListItem\",\"position\":2,\"name\":\"Shop\",\"item\":\"https:\/\/grandmoto.az\/shop\/\"},{\"@type\":\"ListItem\",\"position\":3,\"name\":\"LS2 Coast Pant\"}]},{\"@type\":\"WebSite\",\"@id\":\"https:\/\/grandmoto.az\/en\/#website\",\"url\":\"https:\/\/grandmoto.az\/en\/\",\"name\":\"Grandmoto.az\",\"description\":\"Grandmoto.az\",\"publisher\":{\"@id\":\"https:\/\/grandmoto.az\/en\/#organization\"},\"potentialAction\":[{\"@type\":\"SearchAction\",\"target\":{\"@type\":\"EntryPoint\",\"urlTemplate\":\"https:\/\/grandmoto.az\/en\/?s={search_term_string}\"},\"query-input\":{\"@type\":\"PropertyValueSpecification\",\"valueRequired\":true,\"valueName\":\"search_term_string\"}}],\"inLanguage\":\"en-US\"},{\"@type\":\"Organization\",\"@id\":\"https:\/\/grandmoto.az\/en\/#organization\",\"name\":\"Grandmoto\",\"url\":\"https:\/\/grandmoto.az\/en\/\",\"logo\":{\"@type\":\"ImageObject\",\"inLanguage\":\"en-US\",\"@id\":\"https:\/\/grandmoto.az\/en\/#\/schema\/logo\/image\/\",\"url\":\"https:\/\/grandmoto.az\/wp-content\/uploads\/2024\/09\/Grandmoto-Service-Logo.png\",\"contentUrl\":\"https:\/\/grandmoto.az\/wp-content\/uploads\/2024\/09\/Grandmoto-Service-Logo.png\",\"width\":1418,\"height\":495,\"caption\":\"Grandmoto\"},\"image\":{\"@id\":\"https:\/\/grandmoto.az\/en\/#\/schema\/logo\/image\/\"}}]}<\/script>\n<!-- \/ Yoast SEO Premium plugin. -->","yoast_head_json":{"title":"LS2 Coast Pant - Grandmoto.az","robots":{"index":"index","follow":"follow","max-snippet":"max-snippet:-1","max-image-preview":"max-image-preview:large","max-video-preview":"max-video-preview:-1"},"canonical":"https:\/\/grandmoto.az\/en\/product\/ls2-coast-pant\/","og_locale":"en_US","og_type":"article","og_title":"LS2 Coast Pant","og_description":"LS2 Coast Man Pant \u2014 Ripstop & Kevlar\u00ae Toxumal\u0131, CE\u2011Sertifikatl\u0131 Diz Qoruyucular\u0131 v\u0259 Arxa Qoruma Paneli il\u0259 G\u00fcnl\u00fck v\u0259 Touring S\u00fcr\u00fc\u015fl\u0259ri \u00fc\u00e7\u00fcn Maksimum Dayan\u0131ql\u0131l\u0131q v\u0259 Komfort T\u0259klif Ed\u0259n Premium Moto \u015ealvar","og_url":"https:\/\/grandmoto.az\/en\/product\/ls2-coast-pant\/","og_site_name":"Grandmoto.az","article_modified_time":"2025-12-08T16:01:12+00:00","og_image":[{"width":900,"height":900,"url":"https:\/\/grandmoto.az\/wp-content\/uploads\/2025\/12\/65140s01121747656053_900.jpg","type":"image\/jpeg"}],"twitter_card":"summary_large_image","twitter_misc":{"Est. reading time":"2 minutes"},"schema":{"@context":"https:\/\/schema.org","@graph":[{"@type":"WebPage","@id":"https:\/\/grandmoto.az\/en\/product\/ls2-coast-pant\/","url":"https:\/\/grandmoto.az\/en\/product\/ls2-coast-pant\/","name":"LS2 Coast Pant - Grandmoto.az","isPartOf":{"@id":"https:\/\/grandmoto.az\/en\/#website"},"primaryImageOfPage":{"@id":"https:\/\/grandmoto.az\/en\/product\/ls2-coast-pant\/#primaryimage"},"image":{"@id":"https:\/\/grandmoto.az\/en\/product\/ls2-coast-pant\/#primaryimage"},"thumbnailUrl":"https:\/\/grandmoto.az\/wp-content\/uploads\/2025\/12\/65140s01121747656053_900.jpg","datePublished":"2025-12-08T15:55:56+00:00","dateModified":"2025-12-08T16:01:12+00:00","breadcrumb":{"@id":"https:\/\/grandmoto.az\/en\/product\/ls2-coast-pant\/#breadcrumb"},"inLanguage":"en-US","potentialAction":[{"@type":"ReadAction","target":["https:\/\/grandmoto.az\/en\/product\/ls2-coast-pant\/"]}]},{"@type":"ImageObject","inLanguage":"en-US","@id":"https:\/\/grandmoto.az\/en\/product\/ls2-coast-pant\/#primaryimage","url":"https:\/\/grandmoto.az\/wp-content\/uploads\/2025\/12\/65140s01121747656053_900.jpg","contentUrl":"https:\/\/grandmoto.az\/wp-content\/uploads\/2025\/12\/65140s01121747656053_900.jpg","width":900,"height":900},{"@type":"BreadcrumbList","@id":"https:\/\/grandmoto.az\/en\/product\/ls2-coast-pant\/#breadcrumb","itemListElement":[{"@type":"ListItem","position":1,"name":"Ana s\u0259hif\u0259","item":"https:\/\/grandmoto.az\/en\/"},{"@type":"ListItem","position":2,"name":"Shop","item":"https:\/\/grandmoto.az\/shop\/"},{"@type":"ListItem","position":3,"name":"LS2 Coast Pant"}]},{"@type":"WebSite","@id":"https:\/\/grandmoto.az\/en\/#website","url":"https:\/\/grandmoto.az\/en\/","name":"Grandmoto.az","description":"Grandmoto.az","publisher":{"@id":"https:\/\/grandmoto.az\/en\/#organization"},"potentialAction":[{"@type":"SearchAction","target":{"@type":"EntryPoint","urlTemplate":"https:\/\/grandmoto.az\/en\/?s={search_term_string}"},"query-input":{"@type":"PropertyValueSpecification","valueRequired":true,"valueName":"search_term_string"}}],"inLanguage":"en-US"},{"@type":"Organization","@id":"https:\/\/grandmoto.az\/en\/#organization","name":"Grandmoto","url":"https:\/\/grandmoto.az\/en\/","logo":{"@type":"ImageObject","inLanguage":"en-US","@id":"https:\/\/grandmoto.az\/en\/#\/schema\/logo\/image\/","url":"https:\/\/grandmoto.az\/wp-content\/uploads\/2024\/09\/Grandmoto-Service-Logo.png","contentUrl":"https:\/\/grandmoto.az\/wp-content\/uploads\/2024\/09\/Grandmoto-Service-Logo.png","width":1418,"height":495,"caption":"Grandmoto"},"image":{"@id":"https:\/\/grandmoto.az\/en\/#\/schema\/logo\/image\/"}}]}},"_links":{"self":[{"href":"https:\/\/grandmoto.az\/en\/wp-json\/wp\/v2\/product\/19277","targetHints":{"allow":["GET"]}}],"collection":[{"href":"https:\/\/grandmoto.az\/en\/wp-json\/wp\/v2\/product"}],"about":[{"href":"https:\/\/grandmoto.az\/en\/wp-json\/wp\/v2\/types\/product"}],"version-history":[{"count":1,"href":"https:\/\/grandmoto.az\/en\/wp-json\/wp\/v2\/product\/19277\/revisions"}],"predecessor-version":[{"id":19280,"href":"https:\/\/grandmoto.az\/en\/wp-json\/wp\/v2\/product\/19277\/revisions\/19280"}],"wp:featuredmedia":[{"embeddable":true,"href":"https:\/\/grandmoto.az\/en\/wp-json\/wp\/v2\/media\/19278"}],"wp:attachment":[{"href":"https:\/\/grandmoto.az\/en\/wp-json\/wp\/v2\/media?parent=19277"}],"wp:term":[{"taxonomy":"product_cat","embeddable":true,"href":"https:\/\/grandmoto.az\/en\/wp-json\/wp\/v2\/product_cat?post=19277"},{"taxonomy":"product_tag","embeddable":true,"href":"https:\/\/grandmoto.az\/en\/wp-json\/wp\/v2\/product_tag?post=19277"}],"curies":[{"name":"wp","href":"https:\/\/api.w.org\/{rel}","templated":true}]}}