{"id":19452,"date":"2026-04-07T16:04:54","date_gmt":"2026-04-07T12:04:54","guid":{"rendered":"https:\/\/grandmoto.az\/?post_type=product&#038;p=19452"},"modified":"2026-04-07T16:04:55","modified_gmt":"2026-04-07T12:04:55","slug":"revit-restless","status":"publish","type":"product","link":"https:\/\/grandmoto.az\/en\/product\/revit-restless\/","title":{"rendered":"REV&#8217;IT! Restless"},"content":{"rendered":"<p>\u018fsas x\u00fcsusiyy\u0259tl\u0259r<br \/>\n100% premium in\u0259k d\u0259risi (cowhide) \u2013 y\u00fcks\u0259k a\u015f\u0131nma m\u00fcqavim\u0259ti<br \/>\nSEESMART\u2122 CE Level 1 qoruyucular \u2013 \u00e7iyin v\u0259 dirs\u0259kl\u0259rd\u0259 maksimum t\u0259hl\u00fck\u0259sizlik<br \/>\n\u00c7\u0131xar\u0131lan termal astar \u2013 f\u0259rqli hava \u015f\u0259raitin\u0259 uy\u011funla\u015fma<br \/>\nArxa qoruyucu \u00fc\u00e7\u00fcn b\u00f6lm\u0259 (SEESOFT\u2122 Level 2 uy\u011fun)<br \/>\nCE AA sertifikat\u0131 \u2013 y\u00fcks\u0259k t\u0259hl\u00fck\u0259sizlik standart\u0131<br \/>\nMaterial v\u0259 konstruksiya<br \/>\nY\u00fcks\u0259k keyfiyy\u0259tli t\u0259bii d\u0259ri \u2013 h\u0259m m\u00f6hk\u0259mlik, h\u0259m premium g\u00f6r\u00fcn\u00fc\u015f<br \/>\n\u201cPre-aged\u201d effekt \u2013 ilk g\u00fcnd\u0259n vintage g\u00f6r\u00fcn\u00fc\u015f<br \/>\nG\u00fccl\u0259ndirilmi\u015f t\u0259hl\u00fck\u0259sizlik tiki\u015fl\u0259ri<br \/>\nPolyester v\u0259 pamb\u0131q qar\u0131\u015f\u0131q daxili astar<br \/>\nKomfort v\u0259 istifad\u0259<br \/>\n\u00c7\u0131xar\u0131lan termal astar \u2013 soyuq v\u0259 m\u00fclayim hava \u00fc\u00e7\u00fcn uy\u011fun<br \/>\nT\u0259nziml\u0259n\u0259n bel v\u0259 manjetl\u0259r \u2013 ideal oturu\u015f<br \/>\nK\u00fcl\u0259k qoruyucu sistem (zip arxas\u0131nda wind-block)<br \/>\n\u00c7oxsayl\u0131 daxili v\u0259 xarici cibl\u0259r<br \/>\nT\u0259hl\u00fck\u0259sizlik<br \/>\nCE sertifikatl\u0131 qoruyucu sistem<br \/>\n\u00c7iyin v\u0259 dirs\u0259kd\u0259 impact qoruma<br \/>\nArxa qoruyucu \u0259lav\u0259 etm\u0259k imkan\u0131<br \/>\nY\u00fcks\u0259k a\u015f\u0131nma v\u0259 s\u00fcrt\u00fcnm\u0259 davaml\u0131l\u0131\u011f\u0131<br \/>\nDizayn v\u0259 stil<br \/>\nVintage \/ retro moto stil<br \/>\nMinimalist v\u0259 \u201cclean\u201d g\u00f6r\u00fcn\u00fc\u015f<br \/>\nG\u00fcnd\u0259lik geyiml\u0259 rahat kombinasiya (jeans, boots v\u0259 s.)<br \/>\n\u015e\u0259h\u0259r v\u0259 urban riding \u00fc\u00e7\u00fcn ideal<br \/>\n\u0130stifad\u0259 sah\u0259si<br \/>\n\u015e\u0259h\u0259r s\u00fcr\u00fc\u015fl\u0259ri (urban riding)<br \/>\nG\u00fcnd\u0259lik istifad\u0259<br \/>\nYaz, pay\u0131z v\u0259 m\u00fclayim hava \u015f\u0259raiti<br \/>\nKlassik v\u0259 retro stil sev\u0259n s\u00fcr\u00fcc\u00fcl\u0259r<\/p>\n","protected":false},"excerpt":{"rendered":"<p>REV&#8217;IT! Restless Blue \u2013 klassik 1940-c\u0131 ill\u0259rin Kaliforniya moto m\u0259d\u0259niyy\u0259tind\u0259n ilhamlanan, vintage stil v\u0259 m\u00fcasir t\u0259hl\u00fck\u0259sizliyi birl\u0259\u015fdir\u0259n premium d\u0259ri g\u00f6d\u0259kc\u0259dir. Sad\u0259, lakin xarakterli dizayn\u0131 il\u0259 \u015f\u0259h\u0259r s\u00fcr\u00fcc\u00fcl\u0259ri \u00fc\u00e7\u00fcn h\u0259m stil, h\u0259m d\u0259 funksionall\u0131q t\u0259qdim edir.<\/p>\n","protected":false},"featured_media":19453,"template":"","meta":{"_acf_changed":false},"product_cat":[92,125],"product_tag":[],"class_list":{"0":"post-19452","1":"product","2":"type-product","3":"status-publish","4":"has-post-thumbnail","6":"product_cat-apparel","7":"product_cat-jackets","9":"first","10":"instock","11":"shipping-taxable","12":"purchasable","13":"product-type-simple"},"acf":[],"yoast_head":"<!-- This site is optimized with the Yoast SEO Premium plugin v23.7 (Yoast SEO v24.1) - https:\/\/yoast.com\/wordpress\/plugins\/seo\/ -->\n<title>REV&#039;IT! Restless - Grandmoto.az<\/title>\n<meta name=\"robots\" content=\"index, follow, max-snippet:-1, max-image-preview:large, max-video-preview:-1\" \/>\n<link rel=\"canonical\" href=\"https:\/\/grandmoto.az\/en\/product\/revit-restless\/\" \/>\n<meta property=\"og:locale\" content=\"en_US\" \/>\n<meta property=\"og:type\" content=\"article\" \/>\n<meta property=\"og:title\" content=\"REV&#039;IT! Restless\" \/>\n<meta property=\"og:description\" content=\"REV&#039;IT! Restless Blue \u2013 klassik 1940-c\u0131 ill\u0259rin Kaliforniya moto m\u0259d\u0259niyy\u0259tind\u0259n ilhamlanan, vintage stil v\u0259 m\u00fcasir t\u0259hl\u00fck\u0259sizliyi birl\u0259\u015fdir\u0259n premium d\u0259ri g\u00f6d\u0259kc\u0259dir. Sad\u0259, lakin xarakterli dizayn\u0131 il\u0259 \u015f\u0259h\u0259r s\u00fcr\u00fcc\u00fcl\u0259ri \u00fc\u00e7\u00fcn h\u0259m stil, h\u0259m d\u0259 funksionall\u0131q t\u0259qdim edir.\" \/>\n<meta property=\"og:url\" content=\"https:\/\/grandmoto.az\/en\/product\/revit-restless\/\" \/>\n<meta property=\"og:site_name\" content=\"Grandmoto.az\" \/>\n<meta property=\"article:modified_time\" content=\"2026-04-07T12:04:55+00:00\" \/>\n<meta property=\"og:image\" content=\"https:\/\/grandmoto.az\/wp-content\/uploads\/2026\/04\/091224092603_83598068083071114_a9d37d6f-11c9-4578-abd1-d11b1aa2965c.webp\" \/>\n\t<meta property=\"og:image:width\" content=\"1920\" \/>\n\t<meta property=\"og:image:height\" content=\"2400\" \/>\n\t<meta property=\"og:image:type\" content=\"image\/webp\" \/>\n<meta name=\"twitter:card\" content=\"summary_large_image\" \/>\n<meta name=\"twitter:label1\" content=\"Est. reading time\" \/>\n\t<meta name=\"twitter:data1\" content=\"1 minute\" \/>\n<script type=\"application\/ld+json\" class=\"yoast-schema-graph\">{\"@context\":\"https:\/\/schema.org\",\"@graph\":[{\"@type\":\"WebPage\",\"@id\":\"https:\/\/grandmoto.az\/en\/product\/revit-restless\/\",\"url\":\"https:\/\/grandmoto.az\/en\/product\/revit-restless\/\",\"name\":\"REV'IT! Restless - Grandmoto.az\",\"isPartOf\":{\"@id\":\"https:\/\/grandmoto.az\/en\/#website\"},\"primaryImageOfPage\":{\"@id\":\"https:\/\/grandmoto.az\/en\/product\/revit-restless\/#primaryimage\"},\"image\":{\"@id\":\"https:\/\/grandmoto.az\/en\/product\/revit-restless\/#primaryimage\"},\"thumbnailUrl\":\"https:\/\/grandmoto.az\/wp-content\/uploads\/2026\/04\/091224092603_83598068083071114_a9d37d6f-11c9-4578-abd1-d11b1aa2965c.webp\",\"datePublished\":\"2026-04-07T12:04:54+00:00\",\"dateModified\":\"2026-04-07T12:04:55+00:00\",\"breadcrumb\":{\"@id\":\"https:\/\/grandmoto.az\/en\/product\/revit-restless\/#breadcrumb\"},\"inLanguage\":\"en-US\",\"potentialAction\":[{\"@type\":\"ReadAction\",\"target\":[\"https:\/\/grandmoto.az\/en\/product\/revit-restless\/\"]}]},{\"@type\":\"ImageObject\",\"inLanguage\":\"en-US\",\"@id\":\"https:\/\/grandmoto.az\/en\/product\/revit-restless\/#primaryimage\",\"url\":\"https:\/\/grandmoto.az\/wp-content\/uploads\/2026\/04\/091224092603_83598068083071114_a9d37d6f-11c9-4578-abd1-d11b1aa2965c.webp\",\"contentUrl\":\"https:\/\/grandmoto.az\/wp-content\/uploads\/2026\/04\/091224092603_83598068083071114_a9d37d6f-11c9-4578-abd1-d11b1aa2965c.webp\",\"width\":1920,\"height\":2400},{\"@type\":\"BreadcrumbList\",\"@id\":\"https:\/\/grandmoto.az\/en\/product\/revit-restless\/#breadcrumb\",\"itemListElement\":[{\"@type\":\"ListItem\",\"position\":1,\"name\":\"Ana s\u0259hif\u0259\",\"item\":\"https:\/\/grandmoto.az\/en\/\"},{\"@type\":\"ListItem\",\"position\":2,\"name\":\"Shop\",\"item\":\"https:\/\/grandmoto.az\/shop\/\"},{\"@type\":\"ListItem\",\"position\":3,\"name\":\"REV&#8217;IT! Restless\"}]},{\"@type\":\"WebSite\",\"@id\":\"https:\/\/grandmoto.az\/en\/#website\",\"url\":\"https:\/\/grandmoto.az\/en\/\",\"name\":\"Grandmoto.az\",\"description\":\"Grandmoto.az\",\"publisher\":{\"@id\":\"https:\/\/grandmoto.az\/en\/#organization\"},\"potentialAction\":[{\"@type\":\"SearchAction\",\"target\":{\"@type\":\"EntryPoint\",\"urlTemplate\":\"https:\/\/grandmoto.az\/en\/?s={search_term_string}\"},\"query-input\":{\"@type\":\"PropertyValueSpecification\",\"valueRequired\":true,\"valueName\":\"search_term_string\"}}],\"inLanguage\":\"en-US\"},{\"@type\":\"Organization\",\"@id\":\"https:\/\/grandmoto.az\/en\/#organization\",\"name\":\"Grandmoto\",\"url\":\"https:\/\/grandmoto.az\/en\/\",\"logo\":{\"@type\":\"ImageObject\",\"inLanguage\":\"en-US\",\"@id\":\"https:\/\/grandmoto.az\/en\/#\/schema\/logo\/image\/\",\"url\":\"https:\/\/grandmoto.az\/wp-content\/uploads\/2024\/09\/Grandmoto-Service-Logo.png\",\"contentUrl\":\"https:\/\/grandmoto.az\/wp-content\/uploads\/2024\/09\/Grandmoto-Service-Logo.png\",\"width\":1418,\"height\":495,\"caption\":\"Grandmoto\"},\"image\":{\"@id\":\"https:\/\/grandmoto.az\/en\/#\/schema\/logo\/image\/\"}}]}<\/script>\n<!-- \/ Yoast SEO Premium plugin. -->","yoast_head_json":{"title":"REV'IT! Restless - Grandmoto.az","robots":{"index":"index","follow":"follow","max-snippet":"max-snippet:-1","max-image-preview":"max-image-preview:large","max-video-preview":"max-video-preview:-1"},"canonical":"https:\/\/grandmoto.az\/en\/product\/revit-restless\/","og_locale":"en_US","og_type":"article","og_title":"REV'IT! Restless","og_description":"REV'IT! Restless Blue \u2013 klassik 1940-c\u0131 ill\u0259rin Kaliforniya moto m\u0259d\u0259niyy\u0259tind\u0259n ilhamlanan, vintage stil v\u0259 m\u00fcasir t\u0259hl\u00fck\u0259sizliyi birl\u0259\u015fdir\u0259n premium d\u0259ri g\u00f6d\u0259kc\u0259dir. Sad\u0259, lakin xarakterli dizayn\u0131 il\u0259 \u015f\u0259h\u0259r s\u00fcr\u00fcc\u00fcl\u0259ri \u00fc\u00e7\u00fcn h\u0259m stil, h\u0259m d\u0259 funksionall\u0131q t\u0259qdim edir.","og_url":"https:\/\/grandmoto.az\/en\/product\/revit-restless\/","og_site_name":"Grandmoto.az","article_modified_time":"2026-04-07T12:04:55+00:00","og_image":[{"width":1920,"height":2400,"url":"https:\/\/grandmoto.az\/wp-content\/uploads\/2026\/04\/091224092603_83598068083071114_a9d37d6f-11c9-4578-abd1-d11b1aa2965c.webp","type":"image\/webp"}],"twitter_card":"summary_large_image","twitter_misc":{"Est. reading time":"1 minute"},"schema":{"@context":"https:\/\/schema.org","@graph":[{"@type":"WebPage","@id":"https:\/\/grandmoto.az\/en\/product\/revit-restless\/","url":"https:\/\/grandmoto.az\/en\/product\/revit-restless\/","name":"REV'IT! Restless - Grandmoto.az","isPartOf":{"@id":"https:\/\/grandmoto.az\/en\/#website"},"primaryImageOfPage":{"@id":"https:\/\/grandmoto.az\/en\/product\/revit-restless\/#primaryimage"},"image":{"@id":"https:\/\/grandmoto.az\/en\/product\/revit-restless\/#primaryimage"},"thumbnailUrl":"https:\/\/grandmoto.az\/wp-content\/uploads\/2026\/04\/091224092603_83598068083071114_a9d37d6f-11c9-4578-abd1-d11b1aa2965c.webp","datePublished":"2026-04-07T12:04:54+00:00","dateModified":"2026-04-07T12:04:55+00:00","breadcrumb":{"@id":"https:\/\/grandmoto.az\/en\/product\/revit-restless\/#breadcrumb"},"inLanguage":"en-US","potentialAction":[{"@type":"ReadAction","target":["https:\/\/grandmoto.az\/en\/product\/revit-restless\/"]}]},{"@type":"ImageObject","inLanguage":"en-US","@id":"https:\/\/grandmoto.az\/en\/product\/revit-restless\/#primaryimage","url":"https:\/\/grandmoto.az\/wp-content\/uploads\/2026\/04\/091224092603_83598068083071114_a9d37d6f-11c9-4578-abd1-d11b1aa2965c.webp","contentUrl":"https:\/\/grandmoto.az\/wp-content\/uploads\/2026\/04\/091224092603_83598068083071114_a9d37d6f-11c9-4578-abd1-d11b1aa2965c.webp","width":1920,"height":2400},{"@type":"BreadcrumbList","@id":"https:\/\/grandmoto.az\/en\/product\/revit-restless\/#breadcrumb","itemListElement":[{"@type":"ListItem","position":1,"name":"Ana s\u0259hif\u0259","item":"https:\/\/grandmoto.az\/en\/"},{"@type":"ListItem","position":2,"name":"Shop","item":"https:\/\/grandmoto.az\/shop\/"},{"@type":"ListItem","position":3,"name":"REV&#8217;IT! Restless"}]},{"@type":"WebSite","@id":"https:\/\/grandmoto.az\/en\/#website","url":"https:\/\/grandmoto.az\/en\/","name":"Grandmoto.az","description":"Grandmoto.az","publisher":{"@id":"https:\/\/grandmoto.az\/en\/#organization"},"potentialAction":[{"@type":"SearchAction","target":{"@type":"EntryPoint","urlTemplate":"https:\/\/grandmoto.az\/en\/?s={search_term_string}"},"query-input":{"@type":"PropertyValueSpecification","valueRequired":true,"valueName":"search_term_string"}}],"inLanguage":"en-US"},{"@type":"Organization","@id":"https:\/\/grandmoto.az\/en\/#organization","name":"Grandmoto","url":"https:\/\/grandmoto.az\/en\/","logo":{"@type":"ImageObject","inLanguage":"en-US","@id":"https:\/\/grandmoto.az\/en\/#\/schema\/logo\/image\/","url":"https:\/\/grandmoto.az\/wp-content\/uploads\/2024\/09\/Grandmoto-Service-Logo.png","contentUrl":"https:\/\/grandmoto.az\/wp-content\/uploads\/2024\/09\/Grandmoto-Service-Logo.png","width":1418,"height":495,"caption":"Grandmoto"},"image":{"@id":"https:\/\/grandmoto.az\/en\/#\/schema\/logo\/image\/"}}]}},"_links":{"self":[{"href":"https:\/\/grandmoto.az\/en\/wp-json\/wp\/v2\/product\/19452","targetHints":{"allow":["GET"]}}],"collection":[{"href":"https:\/\/grandmoto.az\/en\/wp-json\/wp\/v2\/product"}],"about":[{"href":"https:\/\/grandmoto.az\/en\/wp-json\/wp\/v2\/types\/product"}],"version-history":[{"count":1,"href":"https:\/\/grandmoto.az\/en\/wp-json\/wp\/v2\/product\/19452\/revisions"}],"predecessor-version":[{"id":19455,"href":"https:\/\/grandmoto.az\/en\/wp-json\/wp\/v2\/product\/19452\/revisions\/19455"}],"wp:featuredmedia":[{"embeddable":true,"href":"https:\/\/grandmoto.az\/en\/wp-json\/wp\/v2\/media\/19453"}],"wp:attachment":[{"href":"https:\/\/grandmoto.az\/en\/wp-json\/wp\/v2\/media?parent=19452"}],"wp:term":[{"taxonomy":"product_cat","embeddable":true,"href":"https:\/\/grandmoto.az\/en\/wp-json\/wp\/v2\/product_cat?post=19452"},{"taxonomy":"product_tag","embeddable":true,"href":"https:\/\/grandmoto.az\/en\/wp-json\/wp\/v2\/product_tag?post=19452"}],"curies":[{"name":"wp","href":"https:\/\/api.w.org\/{rel}","templated":true}]}}