{"id":19492,"date":"2026-04-07T17:01:59","date_gmt":"2026-04-07T13:01:59","guid":{"rendered":"https:\/\/grandmoto.az\/?post_type=product&#038;p=19492"},"modified":"2026-04-07T17:02:00","modified_gmt":"2026-04-07T13:02:00","slug":"revit-gloves-boxxer-2-h2o","status":"publish","type":"product","link":"https:\/\/grandmoto.az\/en\/product\/revit-gloves-boxxer-2-h2o\/","title":{"rendered":"REV&#8217;IT! Gloves Boxxer 2 H2O"},"content":{"rendered":"<p>\u018fsas x\u00fcsusiyy\u0259tl\u0259r<br \/>\nHydratex\u00ae|Z\u2011liner su ke\u00e7irm\u0259z membran \u2013 ya\u011f\u0131\u015f zaman\u0131 \u0259ll\u0259rin quru qalmas\u0131n\u0131 t\u0259min edir v\u0259 eyni zamanda n\u0259f\u0259s alma x\u00fcsusiyy\u0259ti verir.<br \/>\nFiberfill tri\u2011fleece izolyasiya astar\u0131 \u2013 soyuq hava \u015f\u0259raitind\u0259 istiliyi qoruyur v\u0259 komfortu art\u0131r\u0131r.<br \/>\nGoatskin &#038; s\u00fcet d\u0259risi \u2013 y\u00fcks\u0259k a\u015f\u0131nma v\u0259 z\u0259rb\u0259l\u0259r\u0259 qar\u015f\u0131 davaml\u0131 xarici qorunma.<br \/>\nS\u0259rt knukl (hard\u2011shell) qoruyucu element \u2013 t\u0259sir zaman\u0131 \u0259ll\u0259ri effektiv qoruyur.<br \/>\nPWR|Shield palma qorumas\u0131 + Temperfoam\u00ae palm ictimai s\u00fcr\u00fc\u015f qoruyucusu \u2013 barmaq v\u0259 palmaya \u0259lav\u0259 m\u00fcdafi\u0259 t\u0259min edir.<br \/>\nT\u0259nziml\u0259n\u0259n qolbaq v\u0259 trikot manjet \u2013 k\u00fcl\u0259yin daxil olmas\u0131n\u0131n qar\u015f\u0131s\u0131n\u0131 al\u0131r v\u0259 uy\u011fun oturu\u015f t\u0259min edir.<br \/>\nConnect Finger Tip texnologiyas\u0131 (touchscreen uyumlu) \u2013 telefon v\u0259 naviqasiya ekranlar\u0131n\u0131 \u0259lc\u0259k \u00e7\u0131xarmadan idar\u0259 etm\u0259y\u0259 imkan verir.<br \/>\nReflektiv detallar \u2013 z\u0259if i\u015f\u0131qda g\u00f6r\u00fcn\u00fcrl\u00fc\u011f\u00fc art\u0131r\u0131r.<br \/>\nMaterial v\u0259 komfort<br \/>\nGoatskin d\u0259ri + s\u00fcet d\u0259ri \u2013 balansl\u0131 yum\u015faql\u0131q v\u0259 davaml\u0131l\u0131q.<br \/>\nTri\u2011fleece izolyasiya astar\u0131 \u2013 soyuq hava \u00fc\u00e7\u00fcn \u0259lav\u0259 istilik.<br \/>\nKnitted cuff (trikot manjet) \u2013 qol hiss\u0259sind\u0259 k\u00fcl\u0259k\u00e7iliyin qar\u015f\u0131s\u0131n\u0131 al\u0131r.<br \/>\nT\u0259hl\u00fck\u0259sizlik v\u0259 sertifikat<br \/>\nCE standart\u0131na uy\u011fun \u2013 Level\u202f1 KP (EN\u202f13594:2015) t\u0259hl\u00fck\u0259sizlik sertifikat\u0131.<br \/>\n\u0130stifad\u0259 sah\u0259si<br \/>\nUrban (\u015f\u0259h\u0259r) s\u00fcr\u00fc\u015fl\u0259ri v\u0259 g\u00fcnd\u0259lik istifad\u0259<br \/>\nYa\u011f\u0131\u015fl\u0131 v\u0259 soyuq hava \u015f\u0259raitl\u0259ri<br \/>\nTouring v\u0259 q\u0131sa\u2011orta m\u0259saf\u0259li s\u00fcr\u00fc\u015fl\u0259r<\/p>\n","protected":false},"excerpt":{"rendered":"<p>REV&#8217;IT! Gloves Boxxer 2 H2O \u2013 \u015f\u0259h\u0259r s\u00fcr\u00fc\u015fl\u0259ri v\u0259 d\u0259yi\u015fk\u0259n hava \u015f\u0259raitind\u0259 maksimum qoruma v\u0259 rahatl\u0131q \u00fc\u00e7\u00fcn dizayn edilmi\u015f su ke\u00e7irm\u0259z urban motosiklet \u0259lc\u0259kl\u0259ridir. Bu model ya\u011f\u0131\u015f v\u0259 soyuq hava \u00fc\u00e7\u00fcn ideal qorunma t\u0259min ed\u0259r\u0259k g\u00fcnd\u0259lik s\u00fcr\u00fcc\u00fcl\u0259r \u00fc\u00e7\u00fcn funksional se\u00e7imdir.<\/p>\n","protected":false},"featured_media":19493,"template":"","meta":{"_acf_changed":false},"product_cat":[92,89],"product_tag":[],"class_list":{"0":"post-19492","1":"product","2":"type-product","3":"status-publish","4":"has-post-thumbnail","6":"product_cat-apparel","7":"product_cat-gloves","9":"first","10":"instock","11":"shipping-taxable","12":"purchasable","13":"product-type-simple"},"acf":[],"yoast_head":"<!-- This site is optimized with the Yoast SEO Premium plugin v23.7 (Yoast SEO v24.1) - https:\/\/yoast.com\/wordpress\/plugins\/seo\/ -->\n<title>REV&#039;IT! Gloves Boxxer 2 H2O - Grandmoto.az<\/title>\n<meta name=\"robots\" content=\"index, follow, max-snippet:-1, max-image-preview:large, max-video-preview:-1\" \/>\n<link rel=\"canonical\" href=\"https:\/\/grandmoto.az\/en\/product\/revit-gloves-boxxer-2-h2o\/\" \/>\n<meta property=\"og:locale\" content=\"en_US\" \/>\n<meta property=\"og:type\" content=\"article\" \/>\n<meta property=\"og:title\" content=\"REV&#039;IT! Gloves Boxxer 2 H2O\" \/>\n<meta property=\"og:description\" content=\"REV&#039;IT! Gloves Boxxer 2 H2O \u2013 \u015f\u0259h\u0259r s\u00fcr\u00fc\u015fl\u0259ri v\u0259 d\u0259yi\u015fk\u0259n hava \u015f\u0259raitind\u0259 maksimum qoruma v\u0259 rahatl\u0131q \u00fc\u00e7\u00fcn dizayn edilmi\u015f su ke\u00e7irm\u0259z urban motosiklet \u0259lc\u0259kl\u0259ridir. Bu model ya\u011f\u0131\u015f v\u0259 soyuq hava \u00fc\u00e7\u00fcn ideal qorunma t\u0259min ed\u0259r\u0259k g\u00fcnd\u0259lik s\u00fcr\u00fcc\u00fcl\u0259r \u00fc\u00e7\u00fcn funksional se\u00e7imdir.\" \/>\n<meta property=\"og:url\" content=\"https:\/\/grandmoto.az\/en\/product\/revit-gloves-boxxer-2-h2o\/\" \/>\n<meta property=\"og:site_name\" content=\"Grandmoto.az\" \/>\n<meta property=\"article:modified_time\" content=\"2026-04-07T13:02:00+00:00\" \/>\n<meta property=\"og:image\" content=\"https:\/\/grandmoto.az\/wp-content\/uploads\/2026\/04\/091224092400_83598068083065998_7b01dcff-ec77-4ebd-950a-c9dbb2ea07db.webp\" \/>\n\t<meta property=\"og:image:width\" content=\"1920\" \/>\n\t<meta property=\"og:image:height\" content=\"2400\" \/>\n\t<meta property=\"og:image:type\" content=\"image\/webp\" \/>\n<meta name=\"twitter:card\" content=\"summary_large_image\" \/>\n<meta name=\"twitter:label1\" content=\"Est. reading time\" \/>\n\t<meta name=\"twitter:data1\" content=\"1 minute\" \/>\n<script type=\"application\/ld+json\" class=\"yoast-schema-graph\">{\"@context\":\"https:\/\/schema.org\",\"@graph\":[{\"@type\":\"WebPage\",\"@id\":\"https:\/\/grandmoto.az\/en\/product\/revit-gloves-boxxer-2-h2o\/\",\"url\":\"https:\/\/grandmoto.az\/en\/product\/revit-gloves-boxxer-2-h2o\/\",\"name\":\"REV'IT! Gloves Boxxer 2 H2O - Grandmoto.az\",\"isPartOf\":{\"@id\":\"https:\/\/grandmoto.az\/en\/#website\"},\"primaryImageOfPage\":{\"@id\":\"https:\/\/grandmoto.az\/en\/product\/revit-gloves-boxxer-2-h2o\/#primaryimage\"},\"image\":{\"@id\":\"https:\/\/grandmoto.az\/en\/product\/revit-gloves-boxxer-2-h2o\/#primaryimage\"},\"thumbnailUrl\":\"https:\/\/grandmoto.az\/wp-content\/uploads\/2026\/04\/091224092400_83598068083065998_7b01dcff-ec77-4ebd-950a-c9dbb2ea07db.webp\",\"datePublished\":\"2026-04-07T13:01:59+00:00\",\"dateModified\":\"2026-04-07T13:02:00+00:00\",\"breadcrumb\":{\"@id\":\"https:\/\/grandmoto.az\/en\/product\/revit-gloves-boxxer-2-h2o\/#breadcrumb\"},\"inLanguage\":\"en-US\",\"potentialAction\":[{\"@type\":\"ReadAction\",\"target\":[\"https:\/\/grandmoto.az\/en\/product\/revit-gloves-boxxer-2-h2o\/\"]}]},{\"@type\":\"ImageObject\",\"inLanguage\":\"en-US\",\"@id\":\"https:\/\/grandmoto.az\/en\/product\/revit-gloves-boxxer-2-h2o\/#primaryimage\",\"url\":\"https:\/\/grandmoto.az\/wp-content\/uploads\/2026\/04\/091224092400_83598068083065998_7b01dcff-ec77-4ebd-950a-c9dbb2ea07db.webp\",\"contentUrl\":\"https:\/\/grandmoto.az\/wp-content\/uploads\/2026\/04\/091224092400_83598068083065998_7b01dcff-ec77-4ebd-950a-c9dbb2ea07db.webp\",\"width\":1920,\"height\":2400},{\"@type\":\"BreadcrumbList\",\"@id\":\"https:\/\/grandmoto.az\/en\/product\/revit-gloves-boxxer-2-h2o\/#breadcrumb\",\"itemListElement\":[{\"@type\":\"ListItem\",\"position\":1,\"name\":\"Ana s\u0259hif\u0259\",\"item\":\"https:\/\/grandmoto.az\/en\/\"},{\"@type\":\"ListItem\",\"position\":2,\"name\":\"Shop\",\"item\":\"https:\/\/grandmoto.az\/shop\/\"},{\"@type\":\"ListItem\",\"position\":3,\"name\":\"REV&#8217;IT! Gloves Boxxer 2 H2O\"}]},{\"@type\":\"WebSite\",\"@id\":\"https:\/\/grandmoto.az\/en\/#website\",\"url\":\"https:\/\/grandmoto.az\/en\/\",\"name\":\"Grandmoto.az\",\"description\":\"Grandmoto.az\",\"publisher\":{\"@id\":\"https:\/\/grandmoto.az\/en\/#organization\"},\"potentialAction\":[{\"@type\":\"SearchAction\",\"target\":{\"@type\":\"EntryPoint\",\"urlTemplate\":\"https:\/\/grandmoto.az\/en\/?s={search_term_string}\"},\"query-input\":{\"@type\":\"PropertyValueSpecification\",\"valueRequired\":true,\"valueName\":\"search_term_string\"}}],\"inLanguage\":\"en-US\"},{\"@type\":\"Organization\",\"@id\":\"https:\/\/grandmoto.az\/en\/#organization\",\"name\":\"Grandmoto\",\"url\":\"https:\/\/grandmoto.az\/en\/\",\"logo\":{\"@type\":\"ImageObject\",\"inLanguage\":\"en-US\",\"@id\":\"https:\/\/grandmoto.az\/en\/#\/schema\/logo\/image\/\",\"url\":\"https:\/\/grandmoto.az\/wp-content\/uploads\/2024\/09\/Grandmoto-Service-Logo.png\",\"contentUrl\":\"https:\/\/grandmoto.az\/wp-content\/uploads\/2024\/09\/Grandmoto-Service-Logo.png\",\"width\":1418,\"height\":495,\"caption\":\"Grandmoto\"},\"image\":{\"@id\":\"https:\/\/grandmoto.az\/en\/#\/schema\/logo\/image\/\"}}]}<\/script>\n<!-- \/ Yoast SEO Premium plugin. -->","yoast_head_json":{"title":"REV'IT! Gloves Boxxer 2 H2O - Grandmoto.az","robots":{"index":"index","follow":"follow","max-snippet":"max-snippet:-1","max-image-preview":"max-image-preview:large","max-video-preview":"max-video-preview:-1"},"canonical":"https:\/\/grandmoto.az\/en\/product\/revit-gloves-boxxer-2-h2o\/","og_locale":"en_US","og_type":"article","og_title":"REV'IT! Gloves Boxxer 2 H2O","og_description":"REV'IT! Gloves Boxxer 2 H2O \u2013 \u015f\u0259h\u0259r s\u00fcr\u00fc\u015fl\u0259ri v\u0259 d\u0259yi\u015fk\u0259n hava \u015f\u0259raitind\u0259 maksimum qoruma v\u0259 rahatl\u0131q \u00fc\u00e7\u00fcn dizayn edilmi\u015f su ke\u00e7irm\u0259z urban motosiklet \u0259lc\u0259kl\u0259ridir. Bu model ya\u011f\u0131\u015f v\u0259 soyuq hava \u00fc\u00e7\u00fcn ideal qorunma t\u0259min ed\u0259r\u0259k g\u00fcnd\u0259lik s\u00fcr\u00fcc\u00fcl\u0259r \u00fc\u00e7\u00fcn funksional se\u00e7imdir.","og_url":"https:\/\/grandmoto.az\/en\/product\/revit-gloves-boxxer-2-h2o\/","og_site_name":"Grandmoto.az","article_modified_time":"2026-04-07T13:02:00+00:00","og_image":[{"width":1920,"height":2400,"url":"https:\/\/grandmoto.az\/wp-content\/uploads\/2026\/04\/091224092400_83598068083065998_7b01dcff-ec77-4ebd-950a-c9dbb2ea07db.webp","type":"image\/webp"}],"twitter_card":"summary_large_image","twitter_misc":{"Est. reading time":"1 minute"},"schema":{"@context":"https:\/\/schema.org","@graph":[{"@type":"WebPage","@id":"https:\/\/grandmoto.az\/en\/product\/revit-gloves-boxxer-2-h2o\/","url":"https:\/\/grandmoto.az\/en\/product\/revit-gloves-boxxer-2-h2o\/","name":"REV'IT! Gloves Boxxer 2 H2O - Grandmoto.az","isPartOf":{"@id":"https:\/\/grandmoto.az\/en\/#website"},"primaryImageOfPage":{"@id":"https:\/\/grandmoto.az\/en\/product\/revit-gloves-boxxer-2-h2o\/#primaryimage"},"image":{"@id":"https:\/\/grandmoto.az\/en\/product\/revit-gloves-boxxer-2-h2o\/#primaryimage"},"thumbnailUrl":"https:\/\/grandmoto.az\/wp-content\/uploads\/2026\/04\/091224092400_83598068083065998_7b01dcff-ec77-4ebd-950a-c9dbb2ea07db.webp","datePublished":"2026-04-07T13:01:59+00:00","dateModified":"2026-04-07T13:02:00+00:00","breadcrumb":{"@id":"https:\/\/grandmoto.az\/en\/product\/revit-gloves-boxxer-2-h2o\/#breadcrumb"},"inLanguage":"en-US","potentialAction":[{"@type":"ReadAction","target":["https:\/\/grandmoto.az\/en\/product\/revit-gloves-boxxer-2-h2o\/"]}]},{"@type":"ImageObject","inLanguage":"en-US","@id":"https:\/\/grandmoto.az\/en\/product\/revit-gloves-boxxer-2-h2o\/#primaryimage","url":"https:\/\/grandmoto.az\/wp-content\/uploads\/2026\/04\/091224092400_83598068083065998_7b01dcff-ec77-4ebd-950a-c9dbb2ea07db.webp","contentUrl":"https:\/\/grandmoto.az\/wp-content\/uploads\/2026\/04\/091224092400_83598068083065998_7b01dcff-ec77-4ebd-950a-c9dbb2ea07db.webp","width":1920,"height":2400},{"@type":"BreadcrumbList","@id":"https:\/\/grandmoto.az\/en\/product\/revit-gloves-boxxer-2-h2o\/#breadcrumb","itemListElement":[{"@type":"ListItem","position":1,"name":"Ana s\u0259hif\u0259","item":"https:\/\/grandmoto.az\/en\/"},{"@type":"ListItem","position":2,"name":"Shop","item":"https:\/\/grandmoto.az\/shop\/"},{"@type":"ListItem","position":3,"name":"REV&#8217;IT! Gloves Boxxer 2 H2O"}]},{"@type":"WebSite","@id":"https:\/\/grandmoto.az\/en\/#website","url":"https:\/\/grandmoto.az\/en\/","name":"Grandmoto.az","description":"Grandmoto.az","publisher":{"@id":"https:\/\/grandmoto.az\/en\/#organization"},"potentialAction":[{"@type":"SearchAction","target":{"@type":"EntryPoint","urlTemplate":"https:\/\/grandmoto.az\/en\/?s={search_term_string}"},"query-input":{"@type":"PropertyValueSpecification","valueRequired":true,"valueName":"search_term_string"}}],"inLanguage":"en-US"},{"@type":"Organization","@id":"https:\/\/grandmoto.az\/en\/#organization","name":"Grandmoto","url":"https:\/\/grandmoto.az\/en\/","logo":{"@type":"ImageObject","inLanguage":"en-US","@id":"https:\/\/grandmoto.az\/en\/#\/schema\/logo\/image\/","url":"https:\/\/grandmoto.az\/wp-content\/uploads\/2024\/09\/Grandmoto-Service-Logo.png","contentUrl":"https:\/\/grandmoto.az\/wp-content\/uploads\/2024\/09\/Grandmoto-Service-Logo.png","width":1418,"height":495,"caption":"Grandmoto"},"image":{"@id":"https:\/\/grandmoto.az\/en\/#\/schema\/logo\/image\/"}}]}},"_links":{"self":[{"href":"https:\/\/grandmoto.az\/en\/wp-json\/wp\/v2\/product\/19492","targetHints":{"allow":["GET"]}}],"collection":[{"href":"https:\/\/grandmoto.az\/en\/wp-json\/wp\/v2\/product"}],"about":[{"href":"https:\/\/grandmoto.az\/en\/wp-json\/wp\/v2\/types\/product"}],"version-history":[{"count":1,"href":"https:\/\/grandmoto.az\/en\/wp-json\/wp\/v2\/product\/19492\/revisions"}],"predecessor-version":[{"id":19495,"href":"https:\/\/grandmoto.az\/en\/wp-json\/wp\/v2\/product\/19492\/revisions\/19495"}],"wp:featuredmedia":[{"embeddable":true,"href":"https:\/\/grandmoto.az\/en\/wp-json\/wp\/v2\/media\/19493"}],"wp:attachment":[{"href":"https:\/\/grandmoto.az\/en\/wp-json\/wp\/v2\/media?parent=19492"}],"wp:term":[{"taxonomy":"product_cat","embeddable":true,"href":"https:\/\/grandmoto.az\/en\/wp-json\/wp\/v2\/product_cat?post=19492"},{"taxonomy":"product_tag","embeddable":true,"href":"https:\/\/grandmoto.az\/en\/wp-json\/wp\/v2\/product_tag?post=19492"}],"curies":[{"name":"wp","href":"https:\/\/api.w.org\/{rel}","templated":true}]}}