{"id":19521,"date":"2026-04-20T13:47:26","date_gmt":"2026-04-20T09:47:26","guid":{"rendered":"https:\/\/grandmoto.az\/?post_type=product&#038;p=19521"},"modified":"2026-04-20T13:47:27","modified_gmt":"2026-04-20T09:47:27","slug":"arai-concept-xe-backer-green","status":"publish","type":"product","link":"https:\/\/grandmoto.az\/en\/product\/arai-concept-xe-backer-green\/","title":{"rendered":"Arai Concept-XE Backer Green"},"content":{"rendered":"<p>Arai Concept-XE Backer Green modeli klassik dizayn\u0131 m\u00fcasir texnologiya il\u0259 birl\u0259\u015fdir\u0259n premium motosiklet d\u0259bilq\u0259sidir. Retro \u00fcslubdan ilhamlanan bu model h\u0259m \u015f\u0259h\u0259r s\u00fcr\u00fc\u015fl\u0259ri, h\u0259m d\u0259 uzun m\u0259saf\u0259li s\u0259yah\u0259tl\u0259r \u00fc\u00e7\u00fcn ideal se\u00e7imdir.<\/p>\n<p>\u018fsas x\u00fcsusiyy\u0259tl\u0259r:<\/p>\n<p>Y\u00fcks\u0259k keyfiyy\u0259tli kompozit xarici qab\u0131q \u2013 maksimum qoruma<br \/>\nGeni\u015f g\u00f6r\u00fcn\u00fc\u015f buca\u011f\u0131 \u2013 t\u0259hl\u00fck\u0259siz v\u0259 rahat s\u00fcr\u00fc\u015f<br \/>\nEffektiv havaland\u0131rma sistemi \u2013 uzun m\u00fcdd\u0259tli komfort<br \/>\nDaxili antibakterial v\u0259 \u00e7\u0131xar\u0131la bil\u0259n astar<br \/>\nKlassik Backer Green r\u0259ngi \u2013 f\u0259rqli v\u0259 z\u00f6vql\u00fc g\u00f6r\u00fcn\u00fc\u015f<\/p>\n<p>Bu d\u0259bilq\u0259 h\u0259m stil, h\u0259m d\u0259 t\u0259hl\u00fck\u0259sizlik bax\u0131m\u0131ndan kompromis axtarmayan s\u00fcr\u00fcc\u00fcl\u0259r \u00fc\u00e7\u00fcn haz\u0131rlan\u0131b.<\/p>\n","protected":false},"excerpt":{"rendered":"<p>Arai Concept-XE Backer Green \u2013 Premium Retro Stil v\u0259 Maksimum T\u0259hl\u00fck\u0259sizlik<\/p>\n","protected":false},"featured_media":19524,"template":"","meta":{"_acf_changed":false},"product_cat":[127,90],"product_tag":[],"class_list":{"0":"post-19521","1":"product","2":"type-product","3":"status-publish","4":"has-post-thumbnail","6":"product_cat-full-face","7":"product_cat-helmets","9":"first","10":"instock","11":"shipping-taxable","12":"purchasable","13":"product-type-simple"},"acf":[],"yoast_head":"<!-- This site is optimized with the Yoast SEO Premium plugin v23.7 (Yoast SEO v24.1) - https:\/\/yoast.com\/wordpress\/plugins\/seo\/ -->\n<title>Arai Concept-XE Backer Green - Grandmoto.az<\/title>\n<meta name=\"robots\" content=\"index, follow, max-snippet:-1, max-image-preview:large, max-video-preview:-1\" \/>\n<link rel=\"canonical\" href=\"https:\/\/grandmoto.az\/en\/product\/arai-concept-xe-backer-green\/\" \/>\n<meta property=\"og:locale\" content=\"en_US\" \/>\n<meta property=\"og:type\" content=\"article\" \/>\n<meta property=\"og:title\" content=\"Arai Concept-XE Backer Green\" \/>\n<meta property=\"og:description\" content=\"Arai Concept-XE Backer Green \u2013 Premium Retro Stil v\u0259 Maksimum T\u0259hl\u00fck\u0259sizlik\" \/>\n<meta property=\"og:url\" content=\"https:\/\/grandmoto.az\/en\/product\/arai-concept-xe-backer-green\/\" \/>\n<meta property=\"og:site_name\" content=\"Grandmoto.az\" \/>\n<meta property=\"article:modified_time\" content=\"2026-04-20T09:47:27+00:00\" \/>\n<meta property=\"og:image\" content=\"https:\/\/grandmoto.az\/wp-content\/uploads\/2024\/09\/Grandmoto-Service-Logo.png\" \/>\n\t<meta property=\"og:image:width\" content=\"1418\" \/>\n\t<meta property=\"og:image:height\" content=\"495\" \/>\n\t<meta property=\"og:image:type\" content=\"image\/png\" \/>\n<meta name=\"twitter:card\" content=\"summary_large_image\" \/>\n<meta name=\"twitter:label1\" content=\"Est. reading time\" \/>\n\t<meta name=\"twitter:data1\" content=\"1 minute\" \/>\n<script type=\"application\/ld+json\" class=\"yoast-schema-graph\">{\"@context\":\"https:\/\/schema.org\",\"@graph\":[{\"@type\":\"WebPage\",\"@id\":\"https:\/\/grandmoto.az\/en\/product\/arai-concept-xe-backer-green\/\",\"url\":\"https:\/\/grandmoto.az\/en\/product\/arai-concept-xe-backer-green\/\",\"name\":\"Arai Concept-XE Backer Green - Grandmoto.az\",\"isPartOf\":{\"@id\":\"https:\/\/grandmoto.az\/en\/#website\"},\"primaryImageOfPage\":{\"@id\":\"https:\/\/grandmoto.az\/en\/product\/arai-concept-xe-backer-green\/#primaryimage\"},\"image\":{\"@id\":\"https:\/\/grandmoto.az\/en\/product\/arai-concept-xe-backer-green\/#primaryimage\"},\"thumbnailUrl\":\"https:\/\/grandmoto.az\/wp-content\/uploads\/2026\/04\/arai-concept_x_backer_green-2-m-20005015101.avif\",\"datePublished\":\"2026-04-20T09:47:26+00:00\",\"dateModified\":\"2026-04-20T09:47:27+00:00\",\"breadcrumb\":{\"@id\":\"https:\/\/grandmoto.az\/en\/product\/arai-concept-xe-backer-green\/#breadcrumb\"},\"inLanguage\":\"en-US\",\"potentialAction\":[{\"@type\":\"ReadAction\",\"target\":[\"https:\/\/grandmoto.az\/en\/product\/arai-concept-xe-backer-green\/\"]}]},{\"@type\":\"ImageObject\",\"inLanguage\":\"en-US\",\"@id\":\"https:\/\/grandmoto.az\/en\/product\/arai-concept-xe-backer-green\/#primaryimage\",\"url\":\"https:\/\/grandmoto.az\/wp-content\/uploads\/2026\/04\/arai-concept_x_backer_green-2-m-20005015101.avif\",\"contentUrl\":\"https:\/\/grandmoto.az\/wp-content\/uploads\/2026\/04\/arai-concept_x_backer_green-2-m-20005015101.avif\",\"width\":400,\"height\":400},{\"@type\":\"BreadcrumbList\",\"@id\":\"https:\/\/grandmoto.az\/en\/product\/arai-concept-xe-backer-green\/#breadcrumb\",\"itemListElement\":[{\"@type\":\"ListItem\",\"position\":1,\"name\":\"Ana s\u0259hif\u0259\",\"item\":\"https:\/\/grandmoto.az\/en\/\"},{\"@type\":\"ListItem\",\"position\":2,\"name\":\"Shop\",\"item\":\"https:\/\/grandmoto.az\/shop\/\"},{\"@type\":\"ListItem\",\"position\":3,\"name\":\"Arai Concept-XE Backer Green\"}]},{\"@type\":\"WebSite\",\"@id\":\"https:\/\/grandmoto.az\/en\/#website\",\"url\":\"https:\/\/grandmoto.az\/en\/\",\"name\":\"Grandmoto.az\",\"description\":\"Grandmoto.az\",\"publisher\":{\"@id\":\"https:\/\/grandmoto.az\/en\/#organization\"},\"potentialAction\":[{\"@type\":\"SearchAction\",\"target\":{\"@type\":\"EntryPoint\",\"urlTemplate\":\"https:\/\/grandmoto.az\/en\/?s={search_term_string}\"},\"query-input\":{\"@type\":\"PropertyValueSpecification\",\"valueRequired\":true,\"valueName\":\"search_term_string\"}}],\"inLanguage\":\"en-US\"},{\"@type\":\"Organization\",\"@id\":\"https:\/\/grandmoto.az\/en\/#organization\",\"name\":\"Grandmoto\",\"url\":\"https:\/\/grandmoto.az\/en\/\",\"logo\":{\"@type\":\"ImageObject\",\"inLanguage\":\"en-US\",\"@id\":\"https:\/\/grandmoto.az\/en\/#\/schema\/logo\/image\/\",\"url\":\"https:\/\/grandmoto.az\/wp-content\/uploads\/2024\/09\/Grandmoto-Service-Logo.png\",\"contentUrl\":\"https:\/\/grandmoto.az\/wp-content\/uploads\/2024\/09\/Grandmoto-Service-Logo.png\",\"width\":1418,\"height\":495,\"caption\":\"Grandmoto\"},\"image\":{\"@id\":\"https:\/\/grandmoto.az\/en\/#\/schema\/logo\/image\/\"}}]}<\/script>\n<!-- \/ Yoast SEO Premium plugin. -->","yoast_head_json":{"title":"Arai Concept-XE Backer Green - Grandmoto.az","robots":{"index":"index","follow":"follow","max-snippet":"max-snippet:-1","max-image-preview":"max-image-preview:large","max-video-preview":"max-video-preview:-1"},"canonical":"https:\/\/grandmoto.az\/en\/product\/arai-concept-xe-backer-green\/","og_locale":"en_US","og_type":"article","og_title":"Arai Concept-XE Backer Green","og_description":"Arai Concept-XE Backer Green \u2013 Premium Retro Stil v\u0259 Maksimum T\u0259hl\u00fck\u0259sizlik","og_url":"https:\/\/grandmoto.az\/en\/product\/arai-concept-xe-backer-green\/","og_site_name":"Grandmoto.az","article_modified_time":"2026-04-20T09:47:27+00:00","og_image":[{"width":1418,"height":495,"url":"https:\/\/grandmoto.az\/wp-content\/uploads\/2024\/09\/Grandmoto-Service-Logo.png","type":"image\/png"}],"twitter_card":"summary_large_image","twitter_misc":{"Est. reading time":"1 minute"},"schema":{"@context":"https:\/\/schema.org","@graph":[{"@type":"WebPage","@id":"https:\/\/grandmoto.az\/en\/product\/arai-concept-xe-backer-green\/","url":"https:\/\/grandmoto.az\/en\/product\/arai-concept-xe-backer-green\/","name":"Arai Concept-XE Backer Green - Grandmoto.az","isPartOf":{"@id":"https:\/\/grandmoto.az\/en\/#website"},"primaryImageOfPage":{"@id":"https:\/\/grandmoto.az\/en\/product\/arai-concept-xe-backer-green\/#primaryimage"},"image":{"@id":"https:\/\/grandmoto.az\/en\/product\/arai-concept-xe-backer-green\/#primaryimage"},"thumbnailUrl":"https:\/\/grandmoto.az\/wp-content\/uploads\/2026\/04\/arai-concept_x_backer_green-2-m-20005015101.avif","datePublished":"2026-04-20T09:47:26+00:00","dateModified":"2026-04-20T09:47:27+00:00","breadcrumb":{"@id":"https:\/\/grandmoto.az\/en\/product\/arai-concept-xe-backer-green\/#breadcrumb"},"inLanguage":"en-US","potentialAction":[{"@type":"ReadAction","target":["https:\/\/grandmoto.az\/en\/product\/arai-concept-xe-backer-green\/"]}]},{"@type":"ImageObject","inLanguage":"en-US","@id":"https:\/\/grandmoto.az\/en\/product\/arai-concept-xe-backer-green\/#primaryimage","url":"https:\/\/grandmoto.az\/wp-content\/uploads\/2026\/04\/arai-concept_x_backer_green-2-m-20005015101.avif","contentUrl":"https:\/\/grandmoto.az\/wp-content\/uploads\/2026\/04\/arai-concept_x_backer_green-2-m-20005015101.avif","width":400,"height":400},{"@type":"BreadcrumbList","@id":"https:\/\/grandmoto.az\/en\/product\/arai-concept-xe-backer-green\/#breadcrumb","itemListElement":[{"@type":"ListItem","position":1,"name":"Ana s\u0259hif\u0259","item":"https:\/\/grandmoto.az\/en\/"},{"@type":"ListItem","position":2,"name":"Shop","item":"https:\/\/grandmoto.az\/shop\/"},{"@type":"ListItem","position":3,"name":"Arai Concept-XE Backer Green"}]},{"@type":"WebSite","@id":"https:\/\/grandmoto.az\/en\/#website","url":"https:\/\/grandmoto.az\/en\/","name":"Grandmoto.az","description":"Grandmoto.az","publisher":{"@id":"https:\/\/grandmoto.az\/en\/#organization"},"potentialAction":[{"@type":"SearchAction","target":{"@type":"EntryPoint","urlTemplate":"https:\/\/grandmoto.az\/en\/?s={search_term_string}"},"query-input":{"@type":"PropertyValueSpecification","valueRequired":true,"valueName":"search_term_string"}}],"inLanguage":"en-US"},{"@type":"Organization","@id":"https:\/\/grandmoto.az\/en\/#organization","name":"Grandmoto","url":"https:\/\/grandmoto.az\/en\/","logo":{"@type":"ImageObject","inLanguage":"en-US","@id":"https:\/\/grandmoto.az\/en\/#\/schema\/logo\/image\/","url":"https:\/\/grandmoto.az\/wp-content\/uploads\/2024\/09\/Grandmoto-Service-Logo.png","contentUrl":"https:\/\/grandmoto.az\/wp-content\/uploads\/2024\/09\/Grandmoto-Service-Logo.png","width":1418,"height":495,"caption":"Grandmoto"},"image":{"@id":"https:\/\/grandmoto.az\/en\/#\/schema\/logo\/image\/"}}]}},"_links":{"self":[{"href":"https:\/\/grandmoto.az\/en\/wp-json\/wp\/v2\/product\/19521","targetHints":{"allow":["GET"]}}],"collection":[{"href":"https:\/\/grandmoto.az\/en\/wp-json\/wp\/v2\/product"}],"about":[{"href":"https:\/\/grandmoto.az\/en\/wp-json\/wp\/v2\/types\/product"}],"version-history":[{"count":1,"href":"https:\/\/grandmoto.az\/en\/wp-json\/wp\/v2\/product\/19521\/revisions"}],"predecessor-version":[{"id":19526,"href":"https:\/\/grandmoto.az\/en\/wp-json\/wp\/v2\/product\/19521\/revisions\/19526"}],"wp:featuredmedia":[{"embeddable":true,"href":"https:\/\/grandmoto.az\/en\/wp-json\/wp\/v2\/media\/19524"}],"wp:attachment":[{"href":"https:\/\/grandmoto.az\/en\/wp-json\/wp\/v2\/media?parent=19521"}],"wp:term":[{"taxonomy":"product_cat","embeddable":true,"href":"https:\/\/grandmoto.az\/en\/wp-json\/wp\/v2\/product_cat?post=19521"},{"taxonomy":"product_tag","embeddable":true,"href":"https:\/\/grandmoto.az\/en\/wp-json\/wp\/v2\/product_tag?post=19521"}],"curies":[{"name":"wp","href":"https:\/\/api.w.org\/{rel}","templated":true}]}}