{"id":19527,"date":"2026-04-20T13:52:08","date_gmt":"2026-04-20T09:52:08","guid":{"rendered":"https:\/\/grandmoto.az\/?post_type=product&#038;p=19527"},"modified":"2026-04-20T13:55:39","modified_gmt":"2026-04-20T09:55:39","slug":"arai-concept-xe-backer-white","status":"publish","type":"product","link":"https:\/\/grandmoto.az\/en\/product\/arai-concept-xe-backer-white\/","title":{"rendered":"Arai Concept-XE Backer White"},"content":{"rendered":"<p>Arai Concept-XE Backer White modeli retro 80-ci ill\u0259r stilini \u0259n son t\u0259hl\u00fck\u0259sizlik texnologiyalar\u0131 il\u0259 birl\u0259\u015fdir\u0259n premium motosiklet d\u0259bilq\u0259sidir. Sad\u0259 v\u0259 aqressiv dizayn\u0131 il\u0259 f\u0259rql\u0259n\u0259n bu model, h\u0259m \u015f\u0259h\u0259r s\u00fcr\u00fc\u015fl\u0259ri, h\u0259m d\u0259 uzun m\u0259saf\u0259l\u0259r \u00fc\u00e7\u00fcn y\u00fcks\u0259k komfort t\u0259qdim edir.<\/p>\n<p>\u018fsas x\u00fcsusiyy\u0259tl\u0259r:<\/p>\n<p>PB e-cLc kompozit qab\u0131q \u2013 y\u00fcng\u00fcl v\u0259 y\u00fcks\u0259k m\u00f6hk\u0259mlik<br \/>\nR75 forma konsepti \u2013 z\u0259rb\u0259 enerjisini daha effektiv yay\u0131r<br \/>\nVAS sistemi \u2013 geni\u015f g\u00f6r\u00fcn\u00fc\u015f buca\u011f\u0131 v\u0259 \u0259lav\u0259 t\u0259hl\u00fck\u0259sizlik<br \/>\nGizli \u00e7oxkanall\u0131 havaland\u0131rma sistemi \u2013 maksimum komfort<br \/>\nMaxVision visor + Pinlock \u2013 buxarlanman\u0131n qar\u015f\u0131s\u0131n\u0131 al\u0131r<br \/>\n\u00c7\u0131xar\u0131la bil\u0259n, antibakterial daxili astar<br \/>\nEmergency Release System (ERS) \u2013 q\u0259za zaman\u0131 t\u0259hl\u00fck\u0259siz \u00e7\u0131xar\u0131lma<br \/>\nDouble-D ba\u011flanma sistemi<br \/>\nECE R22-06 sertifikat\u0131 (\u0259n yeni t\u0259hl\u00fck\u0259sizlik standart\u0131)<\/p>\n<p>Dizayn v\u0259 rahatl\u0131q:<br \/>\nBacker White r\u0259ngi klassik v\u0259 minimal g\u00f6r\u00fcn\u00fc\u015f t\u0259qdim edir. D\u0259bilq\u0259nin daxili hiss\u0259si f\u0259rdi uy\u011funla\u015fma \u00fc\u00e7\u00fcn t\u0259nziml\u0259n\u0259 bilir v\u0259 uzun s\u00fcr\u00fc\u015fl\u0259rd\u0259 bel\u0259 y\u00fcks\u0259k rahatl\u0131q t\u0259min edir.<\/p>\n","protected":false},"excerpt":{"rendered":"<p>Arai Concept-XE Backer White \u2013 Klassik Dizayn, M\u00fcasir T\u0259hl\u00fck\u0259sizlik<\/p>\n","protected":false},"featured_media":19530,"template":"","meta":{"_acf_changed":false},"product_cat":[127,90],"product_tag":[],"class_list":{"0":"post-19527","1":"product","2":"type-product","3":"status-publish","4":"has-post-thumbnail","6":"product_cat-full-face","7":"product_cat-helmets","9":"first","10":"instock","11":"shipping-taxable","12":"purchasable","13":"product-type-simple"},"acf":[],"yoast_head":"<!-- This site is optimized with the Yoast SEO Premium plugin v23.7 (Yoast SEO v24.1) - https:\/\/yoast.com\/wordpress\/plugins\/seo\/ -->\n<title>Arai Concept-XE Backer White - Grandmoto.az<\/title>\n<meta name=\"robots\" content=\"index, follow, max-snippet:-1, max-image-preview:large, max-video-preview:-1\" \/>\n<link rel=\"canonical\" href=\"https:\/\/grandmoto.az\/en\/product\/arai-concept-xe-backer-white\/\" \/>\n<meta property=\"og:locale\" content=\"en_US\" \/>\n<meta property=\"og:type\" content=\"article\" \/>\n<meta property=\"og:title\" content=\"Arai Concept-XE Backer White\" \/>\n<meta property=\"og:description\" content=\"Arai Concept-XE Backer White \u2013 Klassik Dizayn, M\u00fcasir T\u0259hl\u00fck\u0259sizlik\" \/>\n<meta property=\"og:url\" content=\"https:\/\/grandmoto.az\/en\/product\/arai-concept-xe-backer-white\/\" \/>\n<meta property=\"og:site_name\" content=\"Grandmoto.az\" \/>\n<meta property=\"article:modified_time\" content=\"2026-04-20T09:55:39+00:00\" \/>\n<meta property=\"og:image\" content=\"https:\/\/grandmoto.az\/wp-content\/uploads\/2026\/04\/arai-concept-x-backer-white_151rpysohlrlxt_600x600.jpg\" \/>\n\t<meta property=\"og:image:width\" content=\"600\" \/>\n\t<meta property=\"og:image:height\" content=\"600\" \/>\n\t<meta property=\"og:image:type\" content=\"image\/jpeg\" \/>\n<meta name=\"twitter:card\" content=\"summary_large_image\" \/>\n<meta name=\"twitter:label1\" content=\"Est. reading time\" \/>\n\t<meta name=\"twitter:data1\" content=\"1 minute\" \/>\n<script type=\"application\/ld+json\" class=\"yoast-schema-graph\">{\"@context\":\"https:\/\/schema.org\",\"@graph\":[{\"@type\":\"WebPage\",\"@id\":\"https:\/\/grandmoto.az\/en\/product\/arai-concept-xe-backer-white\/\",\"url\":\"https:\/\/grandmoto.az\/en\/product\/arai-concept-xe-backer-white\/\",\"name\":\"Arai Concept-XE Backer White - Grandmoto.az\",\"isPartOf\":{\"@id\":\"https:\/\/grandmoto.az\/en\/#website\"},\"primaryImageOfPage\":{\"@id\":\"https:\/\/grandmoto.az\/en\/product\/arai-concept-xe-backer-white\/#primaryimage\"},\"image\":{\"@id\":\"https:\/\/grandmoto.az\/en\/product\/arai-concept-xe-backer-white\/#primaryimage\"},\"thumbnailUrl\":\"https:\/\/grandmoto.az\/wp-content\/uploads\/2026\/04\/arai-concept-x-backer-white_151rpysohlrlxt_600x600.jpg\",\"datePublished\":\"2026-04-20T09:52:08+00:00\",\"dateModified\":\"2026-04-20T09:55:39+00:00\",\"breadcrumb\":{\"@id\":\"https:\/\/grandmoto.az\/en\/product\/arai-concept-xe-backer-white\/#breadcrumb\"},\"inLanguage\":\"en-US\",\"potentialAction\":[{\"@type\":\"ReadAction\",\"target\":[\"https:\/\/grandmoto.az\/en\/product\/arai-concept-xe-backer-white\/\"]}]},{\"@type\":\"ImageObject\",\"inLanguage\":\"en-US\",\"@id\":\"https:\/\/grandmoto.az\/en\/product\/arai-concept-xe-backer-white\/#primaryimage\",\"url\":\"https:\/\/grandmoto.az\/wp-content\/uploads\/2026\/04\/arai-concept-x-backer-white_151rpysohlrlxt_600x600.jpg\",\"contentUrl\":\"https:\/\/grandmoto.az\/wp-content\/uploads\/2026\/04\/arai-concept-x-backer-white_151rpysohlrlxt_600x600.jpg\",\"width\":600,\"height\":600},{\"@type\":\"BreadcrumbList\",\"@id\":\"https:\/\/grandmoto.az\/en\/product\/arai-concept-xe-backer-white\/#breadcrumb\",\"itemListElement\":[{\"@type\":\"ListItem\",\"position\":1,\"name\":\"Ana s\u0259hif\u0259\",\"item\":\"https:\/\/grandmoto.az\/en\/\"},{\"@type\":\"ListItem\",\"position\":2,\"name\":\"Shop\",\"item\":\"https:\/\/grandmoto.az\/shop\/\"},{\"@type\":\"ListItem\",\"position\":3,\"name\":\"Arai Concept-XE Backer White\"}]},{\"@type\":\"WebSite\",\"@id\":\"https:\/\/grandmoto.az\/en\/#website\",\"url\":\"https:\/\/grandmoto.az\/en\/\",\"name\":\"Grandmoto.az\",\"description\":\"Grandmoto.az\",\"publisher\":{\"@id\":\"https:\/\/grandmoto.az\/en\/#organization\"},\"potentialAction\":[{\"@type\":\"SearchAction\",\"target\":{\"@type\":\"EntryPoint\",\"urlTemplate\":\"https:\/\/grandmoto.az\/en\/?s={search_term_string}\"},\"query-input\":{\"@type\":\"PropertyValueSpecification\",\"valueRequired\":true,\"valueName\":\"search_term_string\"}}],\"inLanguage\":\"en-US\"},{\"@type\":\"Organization\",\"@id\":\"https:\/\/grandmoto.az\/en\/#organization\",\"name\":\"Grandmoto\",\"url\":\"https:\/\/grandmoto.az\/en\/\",\"logo\":{\"@type\":\"ImageObject\",\"inLanguage\":\"en-US\",\"@id\":\"https:\/\/grandmoto.az\/en\/#\/schema\/logo\/image\/\",\"url\":\"https:\/\/grandmoto.az\/wp-content\/uploads\/2024\/09\/Grandmoto-Service-Logo.png\",\"contentUrl\":\"https:\/\/grandmoto.az\/wp-content\/uploads\/2024\/09\/Grandmoto-Service-Logo.png\",\"width\":1418,\"height\":495,\"caption\":\"Grandmoto\"},\"image\":{\"@id\":\"https:\/\/grandmoto.az\/en\/#\/schema\/logo\/image\/\"}}]}<\/script>\n<!-- \/ Yoast SEO Premium plugin. -->","yoast_head_json":{"title":"Arai Concept-XE Backer White - Grandmoto.az","robots":{"index":"index","follow":"follow","max-snippet":"max-snippet:-1","max-image-preview":"max-image-preview:large","max-video-preview":"max-video-preview:-1"},"canonical":"https:\/\/grandmoto.az\/en\/product\/arai-concept-xe-backer-white\/","og_locale":"en_US","og_type":"article","og_title":"Arai Concept-XE Backer White","og_description":"Arai Concept-XE Backer White \u2013 Klassik Dizayn, M\u00fcasir T\u0259hl\u00fck\u0259sizlik","og_url":"https:\/\/grandmoto.az\/en\/product\/arai-concept-xe-backer-white\/","og_site_name":"Grandmoto.az","article_modified_time":"2026-04-20T09:55:39+00:00","og_image":[{"width":600,"height":600,"url":"https:\/\/grandmoto.az\/wp-content\/uploads\/2026\/04\/arai-concept-x-backer-white_151rpysohlrlxt_600x600.jpg","type":"image\/jpeg"}],"twitter_card":"summary_large_image","twitter_misc":{"Est. reading time":"1 minute"},"schema":{"@context":"https:\/\/schema.org","@graph":[{"@type":"WebPage","@id":"https:\/\/grandmoto.az\/en\/product\/arai-concept-xe-backer-white\/","url":"https:\/\/grandmoto.az\/en\/product\/arai-concept-xe-backer-white\/","name":"Arai Concept-XE Backer White - Grandmoto.az","isPartOf":{"@id":"https:\/\/grandmoto.az\/en\/#website"},"primaryImageOfPage":{"@id":"https:\/\/grandmoto.az\/en\/product\/arai-concept-xe-backer-white\/#primaryimage"},"image":{"@id":"https:\/\/grandmoto.az\/en\/product\/arai-concept-xe-backer-white\/#primaryimage"},"thumbnailUrl":"https:\/\/grandmoto.az\/wp-content\/uploads\/2026\/04\/arai-concept-x-backer-white_151rpysohlrlxt_600x600.jpg","datePublished":"2026-04-20T09:52:08+00:00","dateModified":"2026-04-20T09:55:39+00:00","breadcrumb":{"@id":"https:\/\/grandmoto.az\/en\/product\/arai-concept-xe-backer-white\/#breadcrumb"},"inLanguage":"en-US","potentialAction":[{"@type":"ReadAction","target":["https:\/\/grandmoto.az\/en\/product\/arai-concept-xe-backer-white\/"]}]},{"@type":"ImageObject","inLanguage":"en-US","@id":"https:\/\/grandmoto.az\/en\/product\/arai-concept-xe-backer-white\/#primaryimage","url":"https:\/\/grandmoto.az\/wp-content\/uploads\/2026\/04\/arai-concept-x-backer-white_151rpysohlrlxt_600x600.jpg","contentUrl":"https:\/\/grandmoto.az\/wp-content\/uploads\/2026\/04\/arai-concept-x-backer-white_151rpysohlrlxt_600x600.jpg","width":600,"height":600},{"@type":"BreadcrumbList","@id":"https:\/\/grandmoto.az\/en\/product\/arai-concept-xe-backer-white\/#breadcrumb","itemListElement":[{"@type":"ListItem","position":1,"name":"Ana s\u0259hif\u0259","item":"https:\/\/grandmoto.az\/en\/"},{"@type":"ListItem","position":2,"name":"Shop","item":"https:\/\/grandmoto.az\/shop\/"},{"@type":"ListItem","position":3,"name":"Arai Concept-XE Backer White"}]},{"@type":"WebSite","@id":"https:\/\/grandmoto.az\/en\/#website","url":"https:\/\/grandmoto.az\/en\/","name":"Grandmoto.az","description":"Grandmoto.az","publisher":{"@id":"https:\/\/grandmoto.az\/en\/#organization"},"potentialAction":[{"@type":"SearchAction","target":{"@type":"EntryPoint","urlTemplate":"https:\/\/grandmoto.az\/en\/?s={search_term_string}"},"query-input":{"@type":"PropertyValueSpecification","valueRequired":true,"valueName":"search_term_string"}}],"inLanguage":"en-US"},{"@type":"Organization","@id":"https:\/\/grandmoto.az\/en\/#organization","name":"Grandmoto","url":"https:\/\/grandmoto.az\/en\/","logo":{"@type":"ImageObject","inLanguage":"en-US","@id":"https:\/\/grandmoto.az\/en\/#\/schema\/logo\/image\/","url":"https:\/\/grandmoto.az\/wp-content\/uploads\/2024\/09\/Grandmoto-Service-Logo.png","contentUrl":"https:\/\/grandmoto.az\/wp-content\/uploads\/2024\/09\/Grandmoto-Service-Logo.png","width":1418,"height":495,"caption":"Grandmoto"},"image":{"@id":"https:\/\/grandmoto.az\/en\/#\/schema\/logo\/image\/"}}]}},"_links":{"self":[{"href":"https:\/\/grandmoto.az\/en\/wp-json\/wp\/v2\/product\/19527","targetHints":{"allow":["GET"]}}],"collection":[{"href":"https:\/\/grandmoto.az\/en\/wp-json\/wp\/v2\/product"}],"about":[{"href":"https:\/\/grandmoto.az\/en\/wp-json\/wp\/v2\/types\/product"}],"version-history":[{"count":2,"href":"https:\/\/grandmoto.az\/en\/wp-json\/wp\/v2\/product\/19527\/revisions"}],"predecessor-version":[{"id":19533,"href":"https:\/\/grandmoto.az\/en\/wp-json\/wp\/v2\/product\/19527\/revisions\/19533"}],"wp:featuredmedia":[{"embeddable":true,"href":"https:\/\/grandmoto.az\/en\/wp-json\/wp\/v2\/media\/19530"}],"wp:attachment":[{"href":"https:\/\/grandmoto.az\/en\/wp-json\/wp\/v2\/media?parent=19527"}],"wp:term":[{"taxonomy":"product_cat","embeddable":true,"href":"https:\/\/grandmoto.az\/en\/wp-json\/wp\/v2\/product_cat?post=19527"},{"taxonomy":"product_tag","embeddable":true,"href":"https:\/\/grandmoto.az\/en\/wp-json\/wp\/v2\/product_tag?post=19527"}],"curies":[{"name":"wp","href":"https:\/\/api.w.org\/{rel}","templated":true}]}}