{"id":19535,"date":"2026-04-20T13:59:14","date_gmt":"2026-04-20T09:59:14","guid":{"rendered":"https:\/\/grandmoto.az\/?post_type=product&#038;p=19535"},"modified":"2026-04-20T13:59:15","modified_gmt":"2026-04-20T09:59:15","slug":"arai-concept-xe-speedblock-yellow","status":"publish","type":"product","link":"https:\/\/grandmoto.az\/en\/product\/arai-concept-xe-speedblock-yellow\/","title":{"rendered":"Arai Concept-XE Speedblock Yellow"},"content":{"rendered":"<p>Arai Concept-XE Speedblock Yellow modeli 80-ci ill\u0259rin ikonik motosiklet stilini m\u00fcasir t\u0259hl\u00fck\u0259sizlik texnologiyalar\u0131 il\u0259 birl\u0259\u015fdir\u0259n premium d\u0259bilq\u0259dir. Parlaq \u201cSpeedblock Yellow\u201d qrafik dizayn\u0131 il\u0259 f\u0259rql\u0259n\u0259n bu model h\u0259m klassik, h\u0259m d\u0259 m\u00fcasir motosikletl\u0259r \u00fc\u00e7\u00fcn ideal se\u00e7imdir.<\/p>\n<p>\u018fsas x\u00fcsusiyy\u0259tl\u0259r:<\/p>\n<p>PB e-cLc kompozit qab\u0131q \u2013 y\u00fcng\u00fcl v\u0259 y\u00fcks\u0259k m\u00f6hk\u0259mlik<br \/>\nR75 forma konsepti \u2013 z\u0259rb\u0259 enerjisinin effektiv yay\u0131lmas\u0131<br \/>\nVAS (Variable Axis System) \u2013 daha geni\u015f v\u0259 t\u0259hl\u00fck\u0259siz g\u00f6r\u00fcn\u00fc\u015f sah\u0259si<br \/>\n\u00c7oxs\u0131xl\u0131ql\u0131 EPS daxili qat \u2013 y\u00fcks\u0259k s\u0259viyy\u0259li qoruma<br \/>\nMaxVision visor + Pinlock \u2013 buxarlanman\u0131n qar\u015f\u0131s\u0131n\u0131 al\u0131r<br \/>\nGizli ventilyasiya sistemi \u2013 optimal hava d\u00f6vran\u0131 v\u0259 komfort<br \/>\n\u00c7\u0131xar\u0131la bil\u0259n v\u0259 yuyula bil\u0259n daxili astar<\/p>\n<p>Dizayn v\u0259 komfort:<br \/>\nSpeedblock Yellow dizayn\u0131 80-ci ill\u0259rin \u201cnaked bike\u201d m\u0259d\u0259niyy\u0259tind\u0259n ilhamlan\u0131b v\u0259 aqressiv, eyni zamanda sad\u0259 g\u00f6r\u00fcn\u00fc\u015f t\u0259qdim edir . D\u0259bilq\u0259 retro g\u00f6r\u00fcn\u00fc\u015f\u00fcn\u00fc qoruyaraq m\u00fcasir s\u00fcr\u00fcc\u00fcl\u0259r \u00fc\u00e7\u00fcn y\u00fcks\u0259k komfort v\u0259 performans t\u0259min edir.<\/p>\n","protected":false},"excerpt":{"rendered":"<p>Arai Concept-XE Speedblock Yellow \u2013 Retro Ruh, Maksimum Performans<\/p>\n","protected":false},"featured_media":19536,"template":"","meta":{"_acf_changed":false},"product_cat":[127,90],"product_tag":[],"class_list":{"0":"post-19535","1":"product","2":"type-product","3":"status-publish","4":"has-post-thumbnail","6":"product_cat-full-face","7":"product_cat-helmets","9":"first","10":"instock","11":"shipping-taxable","12":"purchasable","13":"product-type-simple"},"acf":[],"yoast_head":"<!-- This site is optimized with the Yoast SEO Premium plugin v23.7 (Yoast SEO v24.1) - https:\/\/yoast.com\/wordpress\/plugins\/seo\/ -->\n<title>Arai Concept-XE Speedblock Yellow - Grandmoto.az<\/title>\n<meta name=\"robots\" content=\"index, follow, max-snippet:-1, max-image-preview:large, max-video-preview:-1\" \/>\n<link rel=\"canonical\" href=\"https:\/\/grandmoto.az\/en\/product\/arai-concept-xe-speedblock-yellow\/\" \/>\n<meta property=\"og:locale\" content=\"en_US\" \/>\n<meta property=\"og:type\" content=\"article\" \/>\n<meta property=\"og:title\" content=\"Arai Concept-XE Speedblock Yellow\" \/>\n<meta property=\"og:description\" content=\"Arai Concept-XE Speedblock Yellow \u2013 Retro Ruh, Maksimum Performans\" \/>\n<meta property=\"og:url\" content=\"https:\/\/grandmoto.az\/en\/product\/arai-concept-xe-speedblock-yellow\/\" \/>\n<meta property=\"og:site_name\" content=\"Grandmoto.az\" \/>\n<meta property=\"article:modified_time\" content=\"2026-04-20T09:59:15+00:00\" \/>\n<meta property=\"og:image\" content=\"https:\/\/grandmoto.az\/wp-content\/uploads\/2026\/04\/arai-concept-x-speedblock-yellow.webp\" \/>\n\t<meta property=\"og:image:width\" content=\"800\" \/>\n\t<meta property=\"og:image:height\" content=\"800\" \/>\n\t<meta property=\"og:image:type\" content=\"image\/webp\" \/>\n<meta name=\"twitter:card\" content=\"summary_large_image\" \/>\n<meta name=\"twitter:label1\" content=\"Est. reading time\" \/>\n\t<meta name=\"twitter:data1\" content=\"1 minute\" \/>\n<script type=\"application\/ld+json\" class=\"yoast-schema-graph\">{\"@context\":\"https:\/\/schema.org\",\"@graph\":[{\"@type\":\"WebPage\",\"@id\":\"https:\/\/grandmoto.az\/en\/product\/arai-concept-xe-speedblock-yellow\/\",\"url\":\"https:\/\/grandmoto.az\/en\/product\/arai-concept-xe-speedblock-yellow\/\",\"name\":\"Arai Concept-XE Speedblock Yellow - Grandmoto.az\",\"isPartOf\":{\"@id\":\"https:\/\/grandmoto.az\/en\/#website\"},\"primaryImageOfPage\":{\"@id\":\"https:\/\/grandmoto.az\/en\/product\/arai-concept-xe-speedblock-yellow\/#primaryimage\"},\"image\":{\"@id\":\"https:\/\/grandmoto.az\/en\/product\/arai-concept-xe-speedblock-yellow\/#primaryimage\"},\"thumbnailUrl\":\"https:\/\/grandmoto.az\/wp-content\/uploads\/2026\/04\/arai-concept-x-speedblock-yellow.webp\",\"datePublished\":\"2026-04-20T09:59:14+00:00\",\"dateModified\":\"2026-04-20T09:59:15+00:00\",\"breadcrumb\":{\"@id\":\"https:\/\/grandmoto.az\/en\/product\/arai-concept-xe-speedblock-yellow\/#breadcrumb\"},\"inLanguage\":\"en-US\",\"potentialAction\":[{\"@type\":\"ReadAction\",\"target\":[\"https:\/\/grandmoto.az\/en\/product\/arai-concept-xe-speedblock-yellow\/\"]}]},{\"@type\":\"ImageObject\",\"inLanguage\":\"en-US\",\"@id\":\"https:\/\/grandmoto.az\/en\/product\/arai-concept-xe-speedblock-yellow\/#primaryimage\",\"url\":\"https:\/\/grandmoto.az\/wp-content\/uploads\/2026\/04\/arai-concept-x-speedblock-yellow.webp\",\"contentUrl\":\"https:\/\/grandmoto.az\/wp-content\/uploads\/2026\/04\/arai-concept-x-speedblock-yellow.webp\",\"width\":800,\"height\":800},{\"@type\":\"BreadcrumbList\",\"@id\":\"https:\/\/grandmoto.az\/en\/product\/arai-concept-xe-speedblock-yellow\/#breadcrumb\",\"itemListElement\":[{\"@type\":\"ListItem\",\"position\":1,\"name\":\"Ana s\u0259hif\u0259\",\"item\":\"https:\/\/grandmoto.az\/en\/\"},{\"@type\":\"ListItem\",\"position\":2,\"name\":\"Shop\",\"item\":\"https:\/\/grandmoto.az\/shop\/\"},{\"@type\":\"ListItem\",\"position\":3,\"name\":\"Arai Concept-XE Speedblock Yellow\"}]},{\"@type\":\"WebSite\",\"@id\":\"https:\/\/grandmoto.az\/en\/#website\",\"url\":\"https:\/\/grandmoto.az\/en\/\",\"name\":\"Grandmoto.az\",\"description\":\"Grandmoto.az\",\"publisher\":{\"@id\":\"https:\/\/grandmoto.az\/en\/#organization\"},\"potentialAction\":[{\"@type\":\"SearchAction\",\"target\":{\"@type\":\"EntryPoint\",\"urlTemplate\":\"https:\/\/grandmoto.az\/en\/?s={search_term_string}\"},\"query-input\":{\"@type\":\"PropertyValueSpecification\",\"valueRequired\":true,\"valueName\":\"search_term_string\"}}],\"inLanguage\":\"en-US\"},{\"@type\":\"Organization\",\"@id\":\"https:\/\/grandmoto.az\/en\/#organization\",\"name\":\"Grandmoto\",\"url\":\"https:\/\/grandmoto.az\/en\/\",\"logo\":{\"@type\":\"ImageObject\",\"inLanguage\":\"en-US\",\"@id\":\"https:\/\/grandmoto.az\/en\/#\/schema\/logo\/image\/\",\"url\":\"https:\/\/grandmoto.az\/wp-content\/uploads\/2024\/09\/Grandmoto-Service-Logo.png\",\"contentUrl\":\"https:\/\/grandmoto.az\/wp-content\/uploads\/2024\/09\/Grandmoto-Service-Logo.png\",\"width\":1418,\"height\":495,\"caption\":\"Grandmoto\"},\"image\":{\"@id\":\"https:\/\/grandmoto.az\/en\/#\/schema\/logo\/image\/\"}}]}<\/script>\n<!-- \/ Yoast SEO Premium plugin. -->","yoast_head_json":{"title":"Arai Concept-XE Speedblock Yellow - Grandmoto.az","robots":{"index":"index","follow":"follow","max-snippet":"max-snippet:-1","max-image-preview":"max-image-preview:large","max-video-preview":"max-video-preview:-1"},"canonical":"https:\/\/grandmoto.az\/en\/product\/arai-concept-xe-speedblock-yellow\/","og_locale":"en_US","og_type":"article","og_title":"Arai Concept-XE Speedblock Yellow","og_description":"Arai Concept-XE Speedblock Yellow \u2013 Retro Ruh, Maksimum Performans","og_url":"https:\/\/grandmoto.az\/en\/product\/arai-concept-xe-speedblock-yellow\/","og_site_name":"Grandmoto.az","article_modified_time":"2026-04-20T09:59:15+00:00","og_image":[{"width":800,"height":800,"url":"https:\/\/grandmoto.az\/wp-content\/uploads\/2026\/04\/arai-concept-x-speedblock-yellow.webp","type":"image\/webp"}],"twitter_card":"summary_large_image","twitter_misc":{"Est. reading time":"1 minute"},"schema":{"@context":"https:\/\/schema.org","@graph":[{"@type":"WebPage","@id":"https:\/\/grandmoto.az\/en\/product\/arai-concept-xe-speedblock-yellow\/","url":"https:\/\/grandmoto.az\/en\/product\/arai-concept-xe-speedblock-yellow\/","name":"Arai Concept-XE Speedblock Yellow - Grandmoto.az","isPartOf":{"@id":"https:\/\/grandmoto.az\/en\/#website"},"primaryImageOfPage":{"@id":"https:\/\/grandmoto.az\/en\/product\/arai-concept-xe-speedblock-yellow\/#primaryimage"},"image":{"@id":"https:\/\/grandmoto.az\/en\/product\/arai-concept-xe-speedblock-yellow\/#primaryimage"},"thumbnailUrl":"https:\/\/grandmoto.az\/wp-content\/uploads\/2026\/04\/arai-concept-x-speedblock-yellow.webp","datePublished":"2026-04-20T09:59:14+00:00","dateModified":"2026-04-20T09:59:15+00:00","breadcrumb":{"@id":"https:\/\/grandmoto.az\/en\/product\/arai-concept-xe-speedblock-yellow\/#breadcrumb"},"inLanguage":"en-US","potentialAction":[{"@type":"ReadAction","target":["https:\/\/grandmoto.az\/en\/product\/arai-concept-xe-speedblock-yellow\/"]}]},{"@type":"ImageObject","inLanguage":"en-US","@id":"https:\/\/grandmoto.az\/en\/product\/arai-concept-xe-speedblock-yellow\/#primaryimage","url":"https:\/\/grandmoto.az\/wp-content\/uploads\/2026\/04\/arai-concept-x-speedblock-yellow.webp","contentUrl":"https:\/\/grandmoto.az\/wp-content\/uploads\/2026\/04\/arai-concept-x-speedblock-yellow.webp","width":800,"height":800},{"@type":"BreadcrumbList","@id":"https:\/\/grandmoto.az\/en\/product\/arai-concept-xe-speedblock-yellow\/#breadcrumb","itemListElement":[{"@type":"ListItem","position":1,"name":"Ana s\u0259hif\u0259","item":"https:\/\/grandmoto.az\/en\/"},{"@type":"ListItem","position":2,"name":"Shop","item":"https:\/\/grandmoto.az\/shop\/"},{"@type":"ListItem","position":3,"name":"Arai Concept-XE Speedblock Yellow"}]},{"@type":"WebSite","@id":"https:\/\/grandmoto.az\/en\/#website","url":"https:\/\/grandmoto.az\/en\/","name":"Grandmoto.az","description":"Grandmoto.az","publisher":{"@id":"https:\/\/grandmoto.az\/en\/#organization"},"potentialAction":[{"@type":"SearchAction","target":{"@type":"EntryPoint","urlTemplate":"https:\/\/grandmoto.az\/en\/?s={search_term_string}"},"query-input":{"@type":"PropertyValueSpecification","valueRequired":true,"valueName":"search_term_string"}}],"inLanguage":"en-US"},{"@type":"Organization","@id":"https:\/\/grandmoto.az\/en\/#organization","name":"Grandmoto","url":"https:\/\/grandmoto.az\/en\/","logo":{"@type":"ImageObject","inLanguage":"en-US","@id":"https:\/\/grandmoto.az\/en\/#\/schema\/logo\/image\/","url":"https:\/\/grandmoto.az\/wp-content\/uploads\/2024\/09\/Grandmoto-Service-Logo.png","contentUrl":"https:\/\/grandmoto.az\/wp-content\/uploads\/2024\/09\/Grandmoto-Service-Logo.png","width":1418,"height":495,"caption":"Grandmoto"},"image":{"@id":"https:\/\/grandmoto.az\/en\/#\/schema\/logo\/image\/"}}]}},"_links":{"self":[{"href":"https:\/\/grandmoto.az\/en\/wp-json\/wp\/v2\/product\/19535","targetHints":{"allow":["GET"]}}],"collection":[{"href":"https:\/\/grandmoto.az\/en\/wp-json\/wp\/v2\/product"}],"about":[{"href":"https:\/\/grandmoto.az\/en\/wp-json\/wp\/v2\/types\/product"}],"version-history":[{"count":1,"href":"https:\/\/grandmoto.az\/en\/wp-json\/wp\/v2\/product\/19535\/revisions"}],"predecessor-version":[{"id":19538,"href":"https:\/\/grandmoto.az\/en\/wp-json\/wp\/v2\/product\/19535\/revisions\/19538"}],"wp:featuredmedia":[{"embeddable":true,"href":"https:\/\/grandmoto.az\/en\/wp-json\/wp\/v2\/media\/19536"}],"wp:attachment":[{"href":"https:\/\/grandmoto.az\/en\/wp-json\/wp\/v2\/media?parent=19535"}],"wp:term":[{"taxonomy":"product_cat","embeddable":true,"href":"https:\/\/grandmoto.az\/en\/wp-json\/wp\/v2\/product_cat?post=19535"},{"taxonomy":"product_tag","embeddable":true,"href":"https:\/\/grandmoto.az\/en\/wp-json\/wp\/v2\/product_tag?post=19535"}],"curies":[{"name":"wp","href":"https:\/\/api.w.org\/{rel}","templated":true}]}}